{"id":11319,"date":"2026-03-13T17:53:35","date_gmt":"2026-03-13T17:53:35","guid":{"rendered":"https:\/\/keyzy.net\/?post_type=product&#038;p=11319"},"modified":"2026-04-16T11:20:03","modified_gmt":"2026-04-16T11:20:03","slug":"chave-de-ativacao-do-microsoft-office-2024-home-business","status":"publish","type":"product","link":"https:\/\/keyzy.net\/pt\/product\/microsoft-office-2024-home-business-activation-key\/","title":{"rendered":"Chave de ativa\u00e7\u00e3o do Microsoft Office 2024 Home &amp; Business - Licen\u00e7a vital\u00edcia - Windows \/ Mac"},"content":{"rendered":"<p data-section-id=\"u0ybrq\" data-start=\"1100\" data-end=\"1114\">Microsoft Office 2024 Home &amp; Business Activation Key \u2013 Lifetime License \u2013 Windows \/ Mac<\/p>\n<h2 data-section-id=\"u0ybrq\" data-start=\"1100\" data-end=\"1114\">Carater\u00edsticas principais<\/h2>\n<p data-start=\"1116\" data-end=\"1448\">- Inclui Word, Excel, PowerPoint, Outlook e OneNote<br data-start=\"1172\" data-end=\"1175\" \/>- Concebido para profissionais e pequenas empresas<br data-start=\"1224\" data-end=\"1227\" \/>- Ferramentas avan\u00e7adas para documentos, folhas de c\u00e1lculo e apresenta\u00e7\u00f5es<br data-start=\"1290\" data-end=\"1293\" \/>- Desempenho optimizado para Windows e macOS<br data-start=\"1338\" data-end=\"1341\" \/>- Interface moderna e funcionalidades de produtividade melhoradas<br data-start=\"1394\" data-end=\"1397\" \/>- Compra \u00fanica, sem necessidade de subscri\u00e7\u00e3o<\/p>\n<hr data-start=\"1450\" data-end=\"1453\" \/>\n<h2 data-section-id=\"g7i1d1\" data-start=\"1455\" data-end=\"1465\">Vis\u00e3o geral<\/h2>\n<p data-start=\"1467\" data-end=\"1632\"><strong data-start=\"1467\" data-end=\"1523\">Chave de ativa\u00e7\u00e3o do Microsoft Office 2024 Home &amp; Business<\/strong> desbloqueia a vers\u00e3o completa da mais recente suite de produtividade da Microsoft concebida para profissionais e empresas.<\/p>\n<p data-start=\"1634\" data-end=\"1854\"><strong data-start=\"1634\" data-end=\"1675\">Microsoft Office 2024 Home &amp; Business<\/strong> inclui aplica\u00e7\u00f5es poderosas que permitem aos utilizadores criar documentos profissionais, analisar dados complexos, conceber apresenta\u00e7\u00f5es, gerir e-mails e organizar informa\u00e7\u00f5es de forma eficiente.<\/p>\n<p data-start=\"1856\" data-end=\"2022\">O conjunto inclui <strong data-start=\"1875\" data-end=\"1924\">Word, Excel, PowerPoint, Outlook e OneNote<\/strong>, O software de gest\u00e3o de projectos da Microsoft, que fornece um conjunto completo de ferramentas de produtividade que apoiam o trabalho pessoal e profissional.<\/p>\n<p data-start=\"2024\" data-end=\"2184\">Concebido para funcionar sem problemas em <strong data-start=\"2055\" data-end=\"2076\">Windows e macOS<\/strong>, Esta vers\u00e3o do Office garante uma excelente compatibilidade e um desempenho optimizado em diferentes dispositivos.<\/p>\n<p data-start=\"2186\" data-end=\"2345\">Com a sua interface moderna e funcionalidades poderosas, <strong data-start=\"2235\" data-end=\"2276\">Microsoft Office 2024 Home &amp; Business<\/strong> ajuda os utilizadores a trabalhar de forma mais eficiente e a gerir as tarefas de forma mais eficaz.<\/p>\n<hr data-start=\"2347\" data-end=\"2350\" \/>\n<h3 data-section-id=\"19h94m9\" data-start=\"2352\" data-end=\"2391\">Aplica\u00e7\u00f5es essenciais de produtividade<\/h3>\n<p data-start=\"2393\" data-end=\"2518\"><strong data-start=\"2393\" data-end=\"2434\">Microsoft Office 2024 Home &amp; Business<\/strong> inclui v\u00e1rias aplica\u00e7\u00f5es poderosas que cobrem todas as necessidades essenciais de produtividade:<\/p>\n<p data-start=\"2520\" data-end=\"2956\">\u2022 <strong data-start=\"2522\" data-end=\"2540\">Microsoft Word<\/strong> - Criar e editar documentos profissionais com ferramentas de formata\u00e7\u00e3o avan\u00e7adas<br data-start=\"2612\" data-end=\"2615\" \/>\u2022 <strong data-start=\"2617\" data-end=\"2636\">Microsoft Excel<\/strong> - Efetuar c\u00e1lculos avan\u00e7ados e analisar conjuntos de dados complexos<br data-start=\"2697\" data-end=\"2700\" \/>\u2022 <strong data-start=\"2702\" data-end=\"2726\">Microsoft PowerPoint<\/strong> - Conceba apresenta\u00e7\u00f5es cativantes com efeitos visuais modernos<br data-start=\"2785\" data-end=\"2788\" \/>\u2022 <strong data-start=\"2790\" data-end=\"2811\">Microsoft Outlook<\/strong> - Gerir e-mails, contactos e calend\u00e1rios num \u00fanico local<br data-start=\"2865\" data-end=\"2868\" \/>\u2022 <strong data-start=\"2870\" data-end=\"2891\">Microsoft OneNote<\/strong> - Organizar notas, ideias e informa\u00e7\u00f5es num bloco de notas digital<\/p>\n<p data-start=\"2958\" data-end=\"3049\">Estas ferramentas permitem aos profissionais e \u00e0s empresas gerir mais eficazmente o seu trabalho quotidiano.<\/p>\n<hr data-start=\"3051\" data-end=\"3054\" \/>\n<h3 data-section-id=\"gusaef\" data-start=\"3056\" data-end=\"3091\">Optimizado para Windows e macOS<\/h3>\n<p data-start=\"3093\" data-end=\"3202\"><strong data-start=\"3093\" data-end=\"3134\">Microsoft Office 2024 Home &amp; Business<\/strong> est\u00e1 optimizado para funcionar sem problemas em ambos os <strong data-start=\"3172\" data-end=\"3193\">Windows e macOS<\/strong> sistemas.<\/p>\n<p data-start=\"3204\" data-end=\"3324\">O software tira partido do desempenho do hardware moderno para proporcionar tempos de carregamento mais r\u00e1pidos e uma melhor capacidade de resposta.<\/p>\n<p data-start=\"3326\" data-end=\"3437\">Os utilizadores beneficiam de uma interface familiar e de uma compatibilidade perfeita com os formatos de documentos do Office utilizados em todo o mundo.<\/p>\n<p data-start=\"3439\" data-end=\"3555\">Isto faz do Office 2024 uma excelente escolha para profissionais que trabalham em v\u00e1rios dispositivos e sistemas operativos.<\/p>\n<hr data-start=\"3557\" data-end=\"3560\" \/>\n<h2 data-section-id=\"136hq9m\" data-start=\"3562\" data-end=\"3585\">O que ir\u00e1 receber<\/h2>\n<p data-start=\"3587\" data-end=\"3733\">\u2714 <strong data-start=\"3589\" data-end=\"3645\">Chave de ativa\u00e7\u00e3o do Microsoft Office 2024 Home &amp; Business<\/strong><br data-start=\"3645\" data-end=\"3648\" \/>Link oficial de transfer\u00eancia da Microsoft<br data-start=\"3682\" data-end=\"3685\" \/>Licen\u00e7a vital\u00edcia<br data-start=\"3703\" data-end=\"3706\" \/>Instru\u00e7\u00f5es de ativa\u00e7\u00e3o<\/p>\n<p data-start=\"3735\" data-end=\"3880\">Depois de concluir a sua compra, a sua chave de ativa\u00e7\u00e3o ser\u00e1 entregue digitalmente para que possa descarregar e ativar o software de forma r\u00e1pida e f\u00e1cil.<\/p>\n<hr data-start=\"3882\" data-end=\"3885\" \/>\n<h2 data-section-id=\"15uen7i\" data-start=\"3887\" data-end=\"3904\">Porqu\u00ea comprar connosco<\/h2>\n<p data-start=\"3906\" data-end=\"3992\">\u2714 <strong data-start=\"3908\" data-end=\"3936\">Fast Digital Delivery<\/strong> - Receba a sua chave de ativa\u00e7\u00e3o rapidamente ap\u00f3s a compra.<\/p>\n<p data-start=\"3994\" data-end=\"4063\">\u2714 <strong data-start=\"3996\" data-end=\"4016\">Licen\u00e7a vital\u00edcia<\/strong> - Compra \u00fanica sem data de expira\u00e7\u00e3o.<\/p>\n<p data-start=\"4065\" data-end=\"4126\">\u2714 <strong data-start=\"4067\" data-end=\"4085\">Pagamento seguro<\/strong> - Processo de checkout seguro e protegido.<\/p>\n<p data-start=\"4128\" data-end=\"4212\">\u2714 <strong data-start=\"4130\" data-end=\"4154\">Apoio profissional<\/strong> - A nossa equipa de apoio est\u00e1 dispon\u00edvel se necessitar de assist\u00eancia.<\/p>\n<p data-start=\"4214\" data-end=\"4289\">\u2714 <strong data-start=\"4216\" data-end=\"4236\">Software de confian\u00e7a<\/strong> - Ativar a vers\u00e3o oficial do Microsoft Office.<\/p>\n<hr data-start=\"4291\" data-end=\"4294\" \/>\n<h2 data-section-id=\"tdp9n3\" data-start=\"4296\" data-end=\"4317\">Requisitos do sistema<\/h2>\n<p data-start=\"4319\" data-end=\"4542\">Sistema operativo: Windows 10 \/ Windows 11 ou macOS<br data-start=\"4369\" data-end=\"4372\" \/>Processador: Processador de 1,6 GHz ou mais r\u00e1pido<br data-start=\"4410\" data-end=\"4413\" \/>RAM: M\u00ednimo de 4 GB (8 GB recomendado)<br data-start=\"4449\" data-end=\"4452\" \/>Armazenamento: M\u00ednimo de 10 GB de espa\u00e7o dispon\u00edvel em disco<br data-start=\"4495\" data-end=\"4498\" \/>\u00c9 necess\u00e1ria uma liga\u00e7\u00e3o \u00e0 Internet para a ativa\u00e7\u00e3o.<\/p>\n<hr data-start=\"4544\" data-end=\"4547\" \/>\n<h2 data-section-id=\"15qw8x\" data-start=\"4549\" data-end=\"4570\">Informa\u00e7\u00f5es sobre o produto<\/h2>\n<p data-start=\"4572\" data-end=\"4780\">Nome do produto: <strong data-start=\"4586\" data-end=\"4627\">Microsoft Office 2024 Home &amp; Business<\/strong><br data-start=\"4627\" data-end=\"4630\" \/>Tipo de licen\u00e7a: Licen\u00e7a vital\u00edcia<br data-start=\"4660\" data-end=\"4663\" \/>M\u00e9todo de ativa\u00e7\u00e3o: Chave de ativa\u00e7\u00e3o<br data-start=\"4696\" data-end=\"4699\" \/>Plataforma: Windows \/ macOS<br data-start=\"4724\" data-end=\"4727\" \/>Entrega: Entrega digital<br data-start=\"4753\" data-end=\"4756\" \/>L\u00edngua: Multilingue<\/p>\n<hr data-start=\"4782\" data-end=\"4785\" \/>\n<h2 data-section-id=\"85kjbu\" data-start=\"4787\" data-end=\"4797\">Entrega<\/h2>\n<p data-start=\"4799\" data-end=\"4971\">Ap\u00f3s a compra, o seu <strong data-start=\"4820\" data-end=\"4876\">Chave de ativa\u00e7\u00e3o do Microsoft Office 2024 Home &amp; Business<\/strong> ser\u00e1 entregue digitalmente por correio eletr\u00f3nico, juntamente com instru\u00e7\u00f5es de instala\u00e7\u00e3o e ativa\u00e7\u00e3o.<\/p>\n<p data-start=\"4973\" data-end=\"5009\">N\u00e3o ser\u00e1 enviado qualquer produto f\u00edsico.<\/p>\n<hr data-start=\"5011\" data-end=\"5014\" \/>\n<h2 data-section-id=\"8ukl95\" data-start=\"5016\" data-end=\"5041\">Instru\u00e7\u00f5es de ativa\u00e7\u00e3o<\/h2>\n<ol data-start=\"5043\" data-end=\"5288\">\n<li data-section-id=\"1r3ob1a\" data-start=\"5043\" data-end=\"5131\">\n<p data-start=\"5046\" data-end=\"5131\">Descarregue o Microsoft Office 2024 Home &amp; Business a partir do s\u00edtio Web oficial da Microsoft.<\/p>\n<\/li>\n<li data-section-id=\"f3yz13\" data-start=\"5132\" data-end=\"5175\">\n<p data-start=\"5135\" data-end=\"5175\">Instale o software no seu computador.<\/p>\n<\/li>\n<li data-section-id=\"alppj0\" data-start=\"5176\" data-end=\"5230\">\n<p data-start=\"5179\" data-end=\"5230\">Introduza a chave de ativa\u00e7\u00e3o fornecida ap\u00f3s a compra.<\/p>\n<\/li>\n<li data-section-id=\"1tsit7s\" data-start=\"5231\" data-end=\"5288\">\n<p data-start=\"5234\" data-end=\"5288\">Come\u00e7ar a utilizar <strong data-start=\"5246\" data-end=\"5287\">Microsoft Office 2024 Home &amp; Business<\/strong>.<\/p>\n<\/li>\n<\/ol>\n<hr data-start=\"5290\" data-end=\"5293\" \/>\n<h2 data-section-id=\"hkd5a4\" data-start=\"5295\" data-end=\"5323\">Perguntas mais frequentes<\/h2>\n<p data-start=\"5325\" data-end=\"5432\"><strong data-start=\"5325\" data-end=\"5366\">Como \u00e9 que vou receber a minha chave de ativa\u00e7\u00e3o?<\/strong><br data-start=\"5366\" data-end=\"5369\" \/>A sua chave de ativa\u00e7\u00e3o ser\u00e1 entregue digitalmente ap\u00f3s a compra.<\/p>\n<p data-start=\"5434\" data-end=\"5501\"><strong data-start=\"5434\" data-end=\"5465\">Esta \u00e9 uma licen\u00e7a vital\u00edcia?<\/strong><br data-start=\"5465\" data-end=\"5468\" \/>Sim, a licen\u00e7a n\u00e3o expira.<\/p>\n<p data-start=\"5503\" data-end=\"5599\"><strong data-start=\"5503\" data-end=\"5546\">Posso reinstalar o Microsoft Office mais tarde?<\/strong><br data-start=\"5546\" data-end=\"5549\" \/>Sim, o software pode ser reinstalado, se necess\u00e1rio.<\/p>","protected":false},"excerpt":{"rendered":"<p data-start=\"630\" data-end=\"958\"><strong data-start=\"630\" data-end=\"686\">Chave de ativa\u00e7\u00e3o do Microsoft Office 2024 Home &amp; Business<\/strong> d\u00e1-lhe acesso \u00e0 mais recente suite de produtividade da Microsoft, concebida para profissionais, freelancers e pequenas empresas. Inclui Word, Excel, PowerPoint, Outlook e OneNote, fornecendo ferramentas poderosas para gerir documentos, dados, apresenta\u00e7\u00f5es e comunica\u00e7\u00f5es.<\/p>\n<p data-start=\"960\" data-end=\"1093\">Licen\u00e7a vital\u00edcia<br data-start=\"978\" data-end=\"981\" \/>\u2714 Fast Digital Delivery<br data-start=\"1007\" data-end=\"1010\" \/>Compat\u00edvel com Windows e macOS<br data-start=\"1045\" data-end=\"1048\" \/>Perfeito para uso profissional e empresarial<\/p>","protected":false},"featured_media":11320,"comment_status":"open","ping_status":"closed","template":"","meta":{"rs_blank_template":"","rs_page_bg_color":"","slide_template_v7":""},"product_brand":[],"product_cat":[135,136,142],"product_tag":[347],"class_list":{"0":"post-11319","1":"product","2":"type-product","3":"status-publish","4":"has-post-thumbnail","6":"product_cat-microsoft-office","7":"product_cat-office-for-mac","8":"product_cat-office-for-pc","9":"product_tag-microsoft-office-2024-home-business-for-mac-and-windows","11":"first","12":"instock","13":"virtual","14":"purchasable","15":"product-type-simple"},"jetpack_sharing_enabled":true,"_links":{"self":[{"href":"https:\/\/keyzy.net\/pt\/wp-json\/wp\/v2\/product\/11319","targetHints":{"allow":["GET"]}}],"collection":[{"href":"https:\/\/keyzy.net\/pt\/wp-json\/wp\/v2\/product"}],"about":[{"href":"https:\/\/keyzy.net\/pt\/wp-json\/wp\/v2\/types\/product"}],"replies":[{"embeddable":true,"href":"https:\/\/keyzy.net\/pt\/wp-json\/wp\/v2\/comments?post=11319"}],"version-history":[{"count":4,"href":"https:\/\/keyzy.net\/pt\/wp-json\/wp\/v2\/product\/11319\/revisions"}],"predecessor-version":[{"id":11793,"href":"https:\/\/keyzy.net\/pt\/wp-json\/wp\/v2\/product\/11319\/revisions\/11793"}],"wp:featuredmedia":[{"embeddable":true,"href":"https:\/\/keyzy.net\/pt\/wp-json\/wp\/v2\/media\/11320"}],"wp:attachment":[{"href":"https:\/\/keyzy.net\/pt\/wp-json\/wp\/v2\/media?parent=11319"}],"wp:term":[{"taxonomy":"product_brand","embeddable":true,"href":"https:\/\/keyzy.net\/pt\/wp-json\/wp\/v2\/product_brand?post=11319"},{"taxonomy":"product_cat","embeddable":true,"href":"https:\/\/keyzy.net\/pt\/wp-json\/wp\/v2\/product_cat?post=11319"},{"taxonomy":"product_tag","embeddable":true,"href":"https:\/\/keyzy.net\/pt\/wp-json\/wp\/v2\/product_tag?post=11319"}],"curies":[{"name":"wp","href":"https:\/\/api.w.org\/{rel}","templated":true}]}}