{"id":11316,"date":"2026-03-13T17:49:16","date_gmt":"2026-03-13T17:49:16","guid":{"rendered":"https:\/\/keyzy.net\/?post_type=product&#038;p=11316"},"modified":"2026-03-16T17:56:01","modified_gmt":"2026-03-16T17:56:01","slug":"microsoft-office-2019-standard-activation-key","status":"publish","type":"product","link":"https:\/\/keyzy.net\/pt\/product\/microsoft-office-2019-standard-activation-key\/","title":{"rendered":"Chave de ativa\u00e7\u00e3o do Microsoft Office 2019 Standard - Licen\u00e7a vital\u00edcia - Windows - Transfer\u00eancia digital"},"content":{"rendered":"<h2 data-section-id=\"u0ybrq\" data-start=\"1060\" data-end=\"1074\">Carater\u00edsticas principais<\/h2>\n<p data-start=\"1076\" data-end=\"1399\">\u2022 Includes Word, Excel, PowerPoint, Outlook, and Publisher<br data-start=\"1134\" data-end=\"1137\" \/>\u2022 Powerful tools for documents, spreadsheets, and presentations<br data-start=\"1200\" data-end=\"1203\" \/>\u2022 Smart email management with Outlook<br data-start=\"1240\" data-end=\"1243\" \/>\u2022 Improved security features with Data Loss Prevention<br data-start=\"1297\" data-end=\"1300\" \/>\u2022 Professional publishing tools with Publisher<br data-start=\"1346\" data-end=\"1349\" \/>\u2022 Compatible with modern Office document formats<\/p>\n<hr data-start=\"1401\" data-end=\"1404\" \/>\n<h2 data-section-id=\"g7i1d1\" data-start=\"1406\" data-end=\"1416\">Vis\u00e3o geral<\/h2>\n<p data-start=\"1418\" data-end=\"1584\"><strong data-start=\"1418\" data-end=\"1467\">Microsoft Office 2019 Standard Activation Key<\/strong> unlocks the full version of Microsoft\u2019s reliable productivity suite designed for everyday business and office tasks.<\/p>\n<p data-start=\"1586\" data-end=\"1781\"><strong data-start=\"1586\" data-end=\"1620\">Microsoft Office 2019 Standard<\/strong> provides a complete set of tools that allow users to create documents, analyze data, design presentations, manage emails, and produce professional publications.<\/p>\n<p data-start=\"1783\" data-end=\"1980\">The suite includes essential applications such as <strong data-start=\"1833\" data-end=\"1884\">Word, Excel, PowerPoint, Outlook, and Publisher<\/strong>, making it an ideal solution for home offices, small businesses, and professional environments.<\/p>\n<p data-start=\"1982\" data-end=\"2153\">With its modern interface and powerful productivity tools, Office 2019 helps users complete tasks faster while maintaining compatibility with widely used document formats.<\/p>\n<hr data-start=\"2155\" data-end=\"2158\" \/>\n<h3 data-section-id=\"mcj969\" data-start=\"2160\" data-end=\"2193\">Essential Office Applications<\/h3>\n<p data-start=\"2195\" data-end=\"2282\"><strong data-start=\"2195\" data-end=\"2229\">Microsoft Office 2019 Standard<\/strong> includes several powerful productivity applications:<\/p>\n<p data-start=\"2284\" data-end=\"2694\">\u2022 <strong data-start=\"2286\" data-end=\"2309\">Microsoft Word 2019<\/strong> \u2013 Create and edit professional documents and reports<br data-start=\"2362\" data-end=\"2365\" \/>\u2022 <strong data-start=\"2367\" data-end=\"2391\">Microsoft Excel 2019<\/strong> \u2013 Analyze data and manage spreadsheets efficiently<br data-start=\"2442\" data-end=\"2445\" \/>\u2022 <strong data-start=\"2447\" data-end=\"2476\">Microsoft PowerPoint 2019<\/strong> \u2013 Create engaging presentations with visual effects<br data-start=\"2528\" data-end=\"2531\" \/>\u2022 <strong data-start=\"2533\" data-end=\"2559\">Microsoft Outlook 2019<\/strong> \u2013 Manage emails, contacts, and calendars<br data-start=\"2600\" data-end=\"2603\" \/>\u2022 <strong data-start=\"2605\" data-end=\"2633\">Microsoft Publisher 2019<\/strong> \u2013 Design professional publications and marketing materials<\/p>\n<p data-start=\"2696\" data-end=\"2786\">These applications provide a complete working environment for managing daily office tasks.<\/p>\n<hr data-start=\"2788\" data-end=\"2791\" \/>\n<h3 data-section-id=\"119yuwb\" data-start=\"2793\" data-end=\"2832\">Smart Email Management with Outlook<\/h3>\n<p data-start=\"2834\" data-end=\"2923\"><strong data-start=\"2834\" data-end=\"2860\">Microsoft Outlook 2019<\/strong> helps users manage their email communication more efficiently.<\/p>\n<p data-start=\"2925\" data-end=\"3046\">The improved email management system automatically detects irrelevant messages and organizes your inbox more effectively.<\/p>\n<p data-start=\"3048\" data-end=\"3171\">This allows users to focus on important messages and tasks, improving productivity and reducing time spent managing emails.<\/p>\n<hr data-start=\"3173\" data-end=\"3176\" \/>\n<h3 data-section-id=\"yl66bq\" data-start=\"3178\" data-end=\"3219\">Enhanced Security and Data Protection<\/h3>\n<p data-start=\"3221\" data-end=\"3334\"><strong data-start=\"3221\" data-end=\"3255\">Microsoft Office 2019 Standard<\/strong> introduces improved security features that help protect sensitive information.<\/p>\n<p data-start=\"3336\" data-end=\"3479\">The <strong data-start=\"3340\" data-end=\"3364\">Data Loss Prevention<\/strong> system allows administrators and users to control what information can be shared or transmitted through documents.<\/p>\n<p data-start=\"3481\" data-end=\"3578\">Users are also notified when potential risks are detected, helping prevent accidental data leaks.<\/p>\n<p data-start=\"3580\" data-end=\"3741\">In addition, integration with cloud services such as <strong data-start=\"3633\" data-end=\"3645\">OneDrive<\/strong> allows users to access and edit documents from anywhere while keeping files securely backed up.<\/p>\n<hr data-start=\"3743\" data-end=\"3746\" \/>\n<h2 data-section-id=\"136hq9m\" data-start=\"3748\" data-end=\"3771\">O que ir\u00e1 receber<\/h2>\n<p data-start=\"3773\" data-end=\"3912\">\u2714 <strong data-start=\"3775\" data-end=\"3824\">Microsoft Office 2019 Standard Activation Key<\/strong><br data-start=\"3824\" data-end=\"3827\" \/>Link oficial de transfer\u00eancia da Microsoft<br data-start=\"3861\" data-end=\"3864\" \/>Licen\u00e7a vital\u00edcia<br data-start=\"3882\" data-end=\"3885\" \/>Instru\u00e7\u00f5es de ativa\u00e7\u00e3o<\/p>\n<p data-start=\"3914\" data-end=\"4059\">Depois de concluir a sua compra, a sua chave de ativa\u00e7\u00e3o ser\u00e1 entregue digitalmente para que possa descarregar e ativar o software de forma r\u00e1pida e f\u00e1cil.<\/p>\n<hr data-start=\"4061\" data-end=\"4064\" \/>\n<h2 data-section-id=\"15uen7i\" data-start=\"4066\" data-end=\"4083\">Porqu\u00ea comprar connosco<\/h2>\n<p data-start=\"4085\" data-end=\"4171\">\u2714 <strong data-start=\"4087\" data-end=\"4115\">Entrega digital instant\u00e2nea<\/strong> - Receba a sua chave de ativa\u00e7\u00e3o rapidamente ap\u00f3s a compra.<\/p>\n<p data-start=\"4173\" data-end=\"4242\">\u2714 <strong data-start=\"4175\" data-end=\"4195\">Licen\u00e7a vital\u00edcia<\/strong> - Compra \u00fanica sem data de expira\u00e7\u00e3o.<\/p>\n<p data-start=\"4244\" data-end=\"4305\">\u2714 <strong data-start=\"4246\" data-end=\"4264\">Pagamento seguro<\/strong> - Processo de checkout seguro e protegido.<\/p>\n<p data-start=\"4307\" data-end=\"4391\">\u2714 <strong data-start=\"4309\" data-end=\"4333\">Apoio profissional<\/strong> - A nossa equipa de apoio est\u00e1 dispon\u00edvel se necessitar de assist\u00eancia.<\/p>\n<p data-start=\"4393\" data-end=\"4468\">\u2714 <strong data-start=\"4395\" data-end=\"4415\">Software de confian\u00e7a<\/strong> - Ativar a vers\u00e3o oficial do Microsoft Office.<\/p>\n<hr data-start=\"4470\" data-end=\"4473\" \/>\n<h2 data-section-id=\"tdp9n3\" data-start=\"4475\" data-end=\"4496\">Requisitos do sistema<\/h2>\n<p data-start=\"4498\" data-end=\"4851\">Operating System: Windows 10 \/ Windows 11<br data-start=\"4539\" data-end=\"4542\" \/>Processador: Processador de 1,6 GHz ou mais r\u00e1pido<br data-start=\"4580\" data-end=\"4583\" \/>RAM: Minimum 2 GB RAM<br data-start=\"4604\" data-end=\"4607\" \/>Storage: Minimum 3 GB available disk space<br data-start=\"4649\" data-end=\"4652\" \/>Display: 1024 \u00d7 768 resolution<br data-start=\"4682\" data-end=\"4685\" \/>Graphics: DirectX 10 compatible graphics card<br data-start=\"4730\" data-end=\"4733\" \/>Browser: Latest version of Chrome, Edge, Firefox, Safari or Internet Explorer<br data-start=\"4810\" data-end=\"4813\" \/>.NET Framework: Version 3.5 or later<\/p>\n<hr data-start=\"4853\" data-end=\"4856\" \/>\n<h2 data-section-id=\"15qw8x\" data-start=\"4858\" data-end=\"4879\">Informa\u00e7\u00f5es sobre o produto<\/h2>\n<p data-start=\"4881\" data-end=\"5077\">Nome do produto: <strong data-start=\"4895\" data-end=\"4929\">Microsoft Office 2019 Standard<\/strong><br data-start=\"4929\" data-end=\"4932\" \/>Tipo de licen\u00e7a: Licen\u00e7a vital\u00edcia<br data-start=\"4962\" data-end=\"4965\" \/>M\u00e9todo de ativa\u00e7\u00e3o: Chave de ativa\u00e7\u00e3o<br data-start=\"4998\" data-end=\"5001\" \/>Platform: Windows PC<br data-start=\"5021\" data-end=\"5024\" \/>Entrega: Entrega digital<br data-start=\"5050\" data-end=\"5053\" \/>L\u00edngua: Multilingue<\/p>\n<hr data-start=\"5079\" data-end=\"5082\" \/>\n<h2 data-section-id=\"85kjbu\" data-start=\"5084\" data-end=\"5094\">Entrega<\/h2>\n<p data-start=\"5096\" data-end=\"5261\">Ap\u00f3s a compra, o seu <strong data-start=\"5117\" data-end=\"5166\">Microsoft Office 2019 Standard Activation Key<\/strong> ser\u00e1 entregue digitalmente por correio eletr\u00f3nico, juntamente com instru\u00e7\u00f5es de instala\u00e7\u00e3o e ativa\u00e7\u00e3o.<\/p>\n<p data-start=\"5263\" data-end=\"5299\">N\u00e3o ser\u00e1 enviado qualquer produto f\u00edsico.<\/p>\n<hr data-start=\"5301\" data-end=\"5304\" \/>\n<h2 data-section-id=\"8ukl95\" data-start=\"5306\" data-end=\"5331\">Instru\u00e7\u00f5es de ativa\u00e7\u00e3o<\/h2>\n<ol data-start=\"5333\" data-end=\"5564\">\n<li data-section-id=\"1pk8qzo\" data-start=\"5333\" data-end=\"5414\">\n<p data-start=\"5336\" data-end=\"5414\">Download Microsoft Office 2019 Standard from the official Microsoft website.<\/p>\n<\/li>\n<li data-section-id=\"f3yz13\" data-start=\"5415\" data-end=\"5458\">\n<p data-start=\"5418\" data-end=\"5458\">Instale o software no seu computador.<\/p>\n<\/li>\n<li data-section-id=\"alppj0\" data-start=\"5459\" data-end=\"5513\">\n<p data-start=\"5462\" data-end=\"5513\">Introduza a chave de ativa\u00e7\u00e3o fornecida ap\u00f3s a compra.<\/p>\n<\/li>\n<li data-section-id=\"hqqcmq\" data-start=\"5514\" data-end=\"5564\">\n<p data-start=\"5517\" data-end=\"5564\">Come\u00e7ar a utilizar <strong data-start=\"5529\" data-end=\"5563\">Microsoft Office 2019 Standard<\/strong>.<\/p>\n<\/li>\n<\/ol>\n<hr data-start=\"5566\" data-end=\"5569\" \/>\n<h2 data-section-id=\"hkd5a4\" data-start=\"5571\" data-end=\"5599\">Perguntas mais frequentes<\/h2>\n<p data-start=\"5601\" data-end=\"5708\"><strong data-start=\"5601\" data-end=\"5642\">Como \u00e9 que vou receber a minha chave de ativa\u00e7\u00e3o?<\/strong><br data-start=\"5642\" data-end=\"5645\" \/>A sua chave de ativa\u00e7\u00e3o ser\u00e1 entregue digitalmente ap\u00f3s a compra.<\/p>\n<p data-start=\"5710\" data-end=\"5777\"><strong data-start=\"5710\" data-end=\"5741\">Esta \u00e9 uma licen\u00e7a vital\u00edcia?<\/strong><br data-start=\"5741\" data-end=\"5744\" \/>Sim, a licen\u00e7a n\u00e3o expira.<\/p>\n<p data-start=\"5779\" data-end=\"5875\"><strong data-start=\"5779\" data-end=\"5822\">Posso reinstalar o Microsoft Office mais tarde?<\/strong><br data-start=\"5822\" data-end=\"5825\" \/>Sim, o software pode ser reinstalado, se necess\u00e1rio.<\/p>","protected":false},"excerpt":{"rendered":"<p data-start=\"606\" data-end=\"923\"><strong data-start=\"606\" data-end=\"655\">Microsoft Office 2019 Standard Activation Key<\/strong> gives you access to Microsoft\u2019s classic productivity suite designed for home users, small businesses, and professional environments. It includes Word, Excel, PowerPoint, Outlook, and Publisher to help you manage documents, data, emails, and presentations efficiently.<\/p>\n<p data-start=\"925\" data-end=\"1053\">Licen\u00e7a vital\u00edcia<br data-start=\"943\" data-end=\"946\" \/>Entrega digital instant\u00e2nea<br data-start=\"972\" data-end=\"975\" \/>\u2714 Professional Office Applications<br data-start=\"1009\" data-end=\"1012\" \/>\u2714 Ideal for Home and Small Business Use<\/p>","protected":false},"featured_media":11317,"comment_status":"open","ping_status":"closed","template":"","meta":[],"product_cat":[135,142],"product_tag":[346],"class_list":{"0":"post-11316","1":"product","2":"type-product","3":"status-publish","4":"has-post-thumbnail","6":"product_cat-microsoft-office","7":"product_cat-office-for-pc","8":"product_tag-microsoft-office-2019-standard","10":"first","11":"instock","12":"virtual","13":"purchasable","14":"product-type-simple"},"jetpack_sharing_enabled":true,"_links":{"self":[{"href":"https:\/\/keyzy.net\/pt\/wp-json\/wp\/v2\/product\/11316"}],"collection":[{"href":"https:\/\/keyzy.net\/pt\/wp-json\/wp\/v2\/product"}],"about":[{"href":"https:\/\/keyzy.net\/pt\/wp-json\/wp\/v2\/types\/product"}],"replies":[{"embeddable":true,"href":"https:\/\/keyzy.net\/pt\/wp-json\/wp\/v2\/comments?post=11316"}],"version-history":[{"count":2,"href":"https:\/\/keyzy.net\/pt\/wp-json\/wp\/v2\/product\/11316\/revisions"}],"predecessor-version":[{"id":11410,"href":"https:\/\/keyzy.net\/pt\/wp-json\/wp\/v2\/product\/11316\/revisions\/11410"}],"wp:featuredmedia":[{"embeddable":true,"href":"https:\/\/keyzy.net\/pt\/wp-json\/wp\/v2\/media\/11317"}],"wp:attachment":[{"href":"https:\/\/keyzy.net\/pt\/wp-json\/wp\/v2\/media?parent=11316"}],"wp:term":[{"taxonomy":"product_cat","embeddable":true,"href":"https:\/\/keyzy.net\/pt\/wp-json\/wp\/v2\/product_cat?post=11316"},{"taxonomy":"product_tag","embeddable":true,"href":"https:\/\/keyzy.net\/pt\/wp-json\/wp\/v2\/product_tag?post=11316"}],"curies":[{"name":"wp","href":"https:\/\/api.w.org\/{rel}","templated":true}]}}