{"id":11313,"date":"2026-03-13T17:43:02","date_gmt":"2026-03-13T17:43:02","guid":{"rendered":"https:\/\/keyzy.net\/?post_type=product&#038;p=11313"},"modified":"2026-04-18T15:46:17","modified_gmt":"2026-04-18T15:46:17","slug":"chave-de-ativacao-do-microsoft-office-2013-professional-plus","status":"publish","type":"product","link":"https:\/\/keyzy.net\/pt\/product\/microsoft-office-2013-professional-plus-activation-key\/","title":{"rendered":"Chave de ativa\u00e7\u00e3o do Microsoft Office 2013 Professional Plus - Licen\u00e7a vital\u00edcia - Windows - Transfer\u00eancia digital"},"content":{"rendered":"<div class=\"elementor-element elementor-element-20d1250a wd-single-title text-left elementor-widget elementor-widget-wd_single_product_title\" data-id=\"20d1250a\" data-element_type=\"widget\" data-e-type=\"widget\" data-widget_type=\"wd_single_product_title.default\">\n<div class=\"elementor-widget-container\">\n<h1 data-section-id=\"u0ybrq\" data-start=\"1134\" data-end=\"1148\">Chave de ativa\u00e7\u00e3o do Microsoft Office 2013 Professional Plus<\/h1>\n<h2 data-section-id=\"u0ybrq\" data-start=\"1134\" data-end=\"1148\">Carater\u00edsticas principais<\/h2>\n<p data-start=\"1150\" data-end=\"1529\">\u2022 Includes Word, Excel, PowerPoint, Outlook, Access, Publisher, OneNote, and Skype for Business<br data-start=\"1245\" data-end=\"1248\" \/>\u2022 Professional tools for documents, spreadsheets, presentations, and communication<br data-start=\"1330\" data-end=\"1333\" \/>\u2022 Lightweight performance suitable for older PCs<br data-start=\"1381\" data-end=\"1384\" \/>\u2022 Modern and easy-to-use interface<br data-start=\"1418\" data-end=\"1421\" \/>\u2022 Advanced data analysis and database management tools<br data-start=\"1475\" data-end=\"1478\" \/>- Compra \u00fanica, sem necessidade de subscri\u00e7\u00e3o<\/p>\n<hr data-start=\"1531\" data-end=\"1534\" \/>\n<h2 data-section-id=\"g7i1d1\" data-start=\"1536\" data-end=\"1546\">Vis\u00e3o geral<\/h2>\n<p data-start=\"1548\" data-end=\"1732\"><strong data-start=\"1548\" data-end=\"1606\">Chave de ativa\u00e7\u00e3o do Microsoft Office 2013 Professional Plus<\/strong> unlocks the full version of Microsoft\u2019s comprehensive productivity suite designed for professional and business environments.<\/p>\n<p data-start=\"1734\" data-end=\"1903\"><strong data-start=\"1734\" data-end=\"1777\">Microsoft Office 2013 Professional Plus<\/strong> provides a complete set of tools for document creation, data analysis, presentations, communication, and database management.<\/p>\n<p data-start=\"1905\" data-end=\"2106\">The suite includes powerful applications such as <strong data-start=\"1954\" data-end=\"2042\">Word, Excel, PowerPoint, Outlook, Access, Publisher, OneNote, and Skype for Business<\/strong>, offering everything needed to manage office tasks efficiently.<\/p>\n<p data-start=\"2108\" data-end=\"2282\">With its intuitive interface and optimized performance, Office 2013 allows users to work quickly and efficiently while maintaining compatibility with modern document formats.<\/p>\n<hr data-start=\"2284\" data-end=\"2287\" \/>\n<h3 data-section-id=\"18961k6\" data-start=\"2289\" data-end=\"2321\">Complete Office Applications<\/h3>\n<p data-start=\"2323\" data-end=\"2416\"><strong data-start=\"2323\" data-end=\"2366\">Microsoft Office 2013 Professional Plus<\/strong> includes a full collection of productivity tools:<\/p>\n<p data-start=\"2418\" data-end=\"3049\">\u2022 <strong data-start=\"2420\" data-end=\"2443\">Microsoft Word 2013<\/strong> \u2013 Create and edit professional documents<br data-start=\"2484\" data-end=\"2487\" \/>\u2022 <strong data-start=\"2489\" data-end=\"2513\">Microsoft Excel 2013<\/strong> \u2013 Perform advanced calculations and analyze data<br data-start=\"2562\" data-end=\"2565\" \/>\u2022 <strong data-start=\"2567\" data-end=\"2596\">Microsoft PowerPoint 2013<\/strong> \u2013 Design modern presentations and visual reports<br data-start=\"2645\" data-end=\"2648\" \/>\u2022 <strong data-start=\"2650\" data-end=\"2676\">Microsoft Outlook 2013<\/strong> \u2013 Manage emails, contacts, tasks, and calendars<br data-start=\"2724\" data-end=\"2727\" \/>\u2022 <strong data-start=\"2729\" data-end=\"2754\">Microsoft Access 2013<\/strong> \u2013 Create and manage professional databases<br data-start=\"2797\" data-end=\"2800\" \/>\u2022 <strong data-start=\"2802\" data-end=\"2830\">Microsoft Publisher 2013<\/strong> \u2013 Design brochures, flyers, and marketing materials<br data-start=\"2882\" data-end=\"2885\" \/>\u2022 <strong data-start=\"2887\" data-end=\"2913\">Microsoft OneNote 2013<\/strong> \u2013 Organize notes and ideas in a digital notebook<br data-start=\"2962\" data-end=\"2965\" \/>\u2022 <strong data-start=\"2967\" data-end=\"2996\">Skype for Business (Lync)<\/strong> \u2013 Improve business communication and collaboration<\/p>\n<p data-start=\"3051\" data-end=\"3160\">These applications provide a powerful environment for managing business tasks, documents, and communications.<\/p>\n<hr data-start=\"3162\" data-end=\"3165\" \/>\n<h3 data-section-id=\"1k51odv\" data-start=\"3167\" data-end=\"3207\">Lightweight and Reliable Performance<\/h3>\n<p data-start=\"3209\" data-end=\"3306\"><strong data-start=\"3209\" data-end=\"3252\">Microsoft Office 2013 Professional Plus<\/strong> is known for its stability and efficient performance.<\/p>\n<p data-start=\"3308\" data-end=\"3509\">The software is optimized to run smoothly even on older computers, making it a practical choice for businesses and users who require reliable productivity tools without demanding hardware requirements.<\/p>\n<p data-start=\"3511\" data-end=\"3616\">The modern interface also improves usability and makes navigation between applications faster and easier.<\/p>\n<hr data-start=\"3618\" data-end=\"3621\" \/>\n<h3 data-section-id=\"1lmdxl7\" data-start=\"3623\" data-end=\"3668\">Perfect for Professional and Business Use<\/h3>\n<p data-start=\"3670\" data-end=\"3813\"><strong data-start=\"3670\" data-end=\"3713\">Microsoft Office 2013 Professional Plus<\/strong> is ideal for offices, schools, freelancers, and businesses that need a complete productivity suite.<\/p>\n<p data-start=\"3815\" data-end=\"3955\">Users can create professional documents, analyze data, manage communications, and design marketing materials from a single software package.<\/p>\n<p data-start=\"3957\" data-end=\"4037\">This makes Office 2013 a cost-effective and reliable solution for everyday work.<\/p>\n<hr data-start=\"4039\" data-end=\"4042\" \/>\n<h2 data-section-id=\"136hq9m\" data-start=\"4044\" data-end=\"4067\">O que ir\u00e1 receber<\/h2>\n<p data-start=\"4069\" data-end=\"4217\">\u2714 <strong data-start=\"4071\" data-end=\"4129\">Chave de ativa\u00e7\u00e3o do Microsoft Office 2013 Professional Plus<\/strong><br data-start=\"4129\" data-end=\"4132\" \/>Link oficial de transfer\u00eancia da Microsoft<br data-start=\"4166\" data-end=\"4169\" \/>Licen\u00e7a vital\u00edcia<br data-start=\"4187\" data-end=\"4190\" \/>Instru\u00e7\u00f5es de ativa\u00e7\u00e3o<\/p>\n<p data-start=\"4219\" data-end=\"4364\">Depois de concluir a sua compra, a sua chave de ativa\u00e7\u00e3o ser\u00e1 entregue digitalmente para que possa descarregar e ativar o software de forma r\u00e1pida e f\u00e1cil.<\/p>\n<hr data-start=\"4366\" data-end=\"4369\" \/>\n<h2 data-section-id=\"15uen7i\" data-start=\"4371\" data-end=\"4388\">Porqu\u00ea comprar connosco<\/h2>\n<p data-start=\"4390\" data-end=\"4476\">\u2714 <strong data-start=\"4392\" data-end=\"4420\">Fast Digital Delivery<\/strong> - Receba a sua chave de ativa\u00e7\u00e3o rapidamente ap\u00f3s a compra.<\/p>\n<p data-start=\"4478\" data-end=\"4547\">\u2714 <strong data-start=\"4480\" data-end=\"4500\">Licen\u00e7a vital\u00edcia<\/strong> - Compra \u00fanica sem data de expira\u00e7\u00e3o.<\/p>\n<p data-start=\"4549\" data-end=\"4610\">\u2714 <strong data-start=\"4551\" data-end=\"4569\">Pagamento seguro<\/strong> - Processo de checkout seguro e protegido.<\/p>\n<p data-start=\"4612\" data-end=\"4696\">\u2714 <strong data-start=\"4614\" data-end=\"4638\">Apoio profissional<\/strong> - A nossa equipa de apoio est\u00e1 dispon\u00edvel se necessitar de assist\u00eancia.<\/p>\n<p data-start=\"4698\" data-end=\"4773\">\u2714 <strong data-start=\"4700\" data-end=\"4720\">Software de confian\u00e7a<\/strong> - Ativar a vers\u00e3o oficial do Microsoft Office.<\/p>\n<hr data-start=\"4775\" data-end=\"4778\" \/>\n<h2 data-section-id=\"tdp9n3\" data-start=\"4780\" data-end=\"4801\">Requisitos do sistema<\/h2>\n<p data-start=\"4803\" data-end=\"5070\">Operating System: Windows 7 \/ Windows 8 \/ Windows 8.1 \/ Windows 10 \/ Windows 11<br data-start=\"4882\" data-end=\"4885\" \/>Processor: 1 GHz or faster processor<br data-start=\"4921\" data-end=\"4924\" \/>RAM: Minimum 2 GB RAM<br data-start=\"4945\" data-end=\"4948\" \/>Storage: Minimum 3 GB available disk space<br data-start=\"4990\" data-end=\"4993\" \/>Display: 1024 \u00d7 768 resolution<br data-start=\"5023\" data-end=\"5026\" \/>\u00c9 necess\u00e1ria uma liga\u00e7\u00e3o \u00e0 Internet para a ativa\u00e7\u00e3o.<\/p>\n<hr data-start=\"5072\" data-end=\"5075\" \/>\n<h2 data-section-id=\"15qw8x\" data-start=\"5077\" data-end=\"5098\">Informa\u00e7\u00f5es sobre o produto<\/h2>\n<p data-start=\"5100\" data-end=\"5305\">Nome do produto: <strong data-start=\"5114\" data-end=\"5157\">Microsoft Office 2013 Professional Plus<\/strong><br data-start=\"5157\" data-end=\"5160\" \/>Tipo de licen\u00e7a: Licen\u00e7a vital\u00edcia<br data-start=\"5190\" data-end=\"5193\" \/>M\u00e9todo de ativa\u00e7\u00e3o: Chave de ativa\u00e7\u00e3o<br data-start=\"5226\" data-end=\"5229\" \/>Platform: Windows PC<br data-start=\"5249\" data-end=\"5252\" \/>Entrega: Entrega digital<br data-start=\"5278\" data-end=\"5281\" \/>L\u00edngua: Multilingue<\/p>\n<hr data-start=\"5307\" data-end=\"5310\" \/>\n<h2 data-section-id=\"85kjbu\" data-start=\"5312\" data-end=\"5322\">Entrega<\/h2>\n<p data-start=\"5324\" data-end=\"5498\">Ap\u00f3s a compra, o seu <strong data-start=\"5345\" data-end=\"5403\">Chave de ativa\u00e7\u00e3o do Microsoft Office 2013 Professional Plus<\/strong> ser\u00e1 entregue digitalmente por correio eletr\u00f3nico, juntamente com instru\u00e7\u00f5es de instala\u00e7\u00e3o e ativa\u00e7\u00e3o.<\/p>\n<p data-start=\"5500\" data-end=\"5536\">N\u00e3o ser\u00e1 enviado qualquer produto f\u00edsico.<\/p>\n<hr data-start=\"5538\" data-end=\"5541\" \/>\n<h2 data-section-id=\"8ukl95\" data-start=\"5543\" data-end=\"5568\">Instru\u00e7\u00f5es de ativa\u00e7\u00e3o<\/h2>\n<ol data-start=\"5570\" data-end=\"5819\">\n<li data-section-id=\"1j9xxz8\" data-start=\"5570\" data-end=\"5660\">\n<p data-start=\"5573\" data-end=\"5660\">Download Microsoft Office 2013 Professional Plus from the official Microsoft website.<\/p>\n<\/li>\n<li data-section-id=\"f3yz13\" data-start=\"5661\" data-end=\"5704\">\n<p data-start=\"5664\" data-end=\"5704\">Instale o software no seu computador.<\/p>\n<\/li>\n<li data-section-id=\"alppj0\" data-start=\"5705\" data-end=\"5759\">\n<p data-start=\"5708\" data-end=\"5759\">Introduza a chave de ativa\u00e7\u00e3o fornecida ap\u00f3s a compra.<\/p>\n<\/li>\n<li data-section-id=\"13a7qpe\" data-start=\"5760\" data-end=\"5819\">\n<p data-start=\"5763\" data-end=\"5819\">Come\u00e7ar a utilizar <strong data-start=\"5775\" data-end=\"5818\">Microsoft Office 2013 Professional Plus<\/strong>.<\/p>\n<\/li>\n<\/ol>\n<hr data-start=\"5821\" data-end=\"5824\" \/>\n<h2 data-section-id=\"hkd5a4\" data-start=\"5826\" data-end=\"5854\">Perguntas mais frequentes<\/h2>\n<p data-start=\"5856\" data-end=\"5963\"><strong data-start=\"5856\" data-end=\"5897\">Como \u00e9 que vou receber a minha chave de ativa\u00e7\u00e3o?<\/strong><br data-start=\"5897\" data-end=\"5900\" \/>A sua chave de ativa\u00e7\u00e3o ser\u00e1 entregue digitalmente ap\u00f3s a compra.<\/p>\n<p data-start=\"5965\" data-end=\"6032\"><strong data-start=\"5965\" data-end=\"5996\">Esta \u00e9 uma licen\u00e7a vital\u00edcia?<\/strong><br data-start=\"5996\" data-end=\"5999\" \/>Sim, a licen\u00e7a n\u00e3o expira.<\/p>\n<p data-start=\"6034\" data-end=\"6130\"><strong data-start=\"6034\" data-end=\"6077\">Posso reinstalar o Microsoft Office mais tarde?<\/strong><br data-start=\"6077\" data-end=\"6080\" \/>Sim, o software pode ser reinstalado, se necess\u00e1rio.<\/p>\n<\/div>\n<\/div>","protected":false},"excerpt":{"rendered":"<p data-start=\"643\" data-end=\"996\"><strong data-start=\"643\" data-end=\"701\">Chave de ativa\u00e7\u00e3o do Microsoft Office 2013 Professional Plus<\/strong> gives you access to the complete Microsoft Office suite designed for professionals, businesses, and everyday productivity. This version includes Word, Excel, PowerPoint, Outlook, Access, Publisher, OneNote, and Skype for Business, providing all the essential tools needed for professional work.<\/p>\n<p data-start=\"998\" data-end=\"1127\">Licen\u00e7a vital\u00edcia<br data-start=\"1016\" data-end=\"1019\" \/>\u2714 Fast Digital Delivery<br data-start=\"1045\" data-end=\"1048\" \/>\u2714 Complete Microsoft Office Suite<br data-start=\"1081\" data-end=\"1084\" \/>\u2714 Compatible with Windows 7 \/ 8 \/ 10 \/ 11<\/p>","protected":false},"featured_media":11857,"comment_status":"open","ping_status":"closed","template":"","meta":{"rs_blank_template":"","rs_page_bg_color":"","slide_template_v7":""},"product_brand":[],"product_cat":[142,135],"product_tag":[345],"class_list":{"0":"post-11313","1":"product","2":"type-product","3":"status-publish","4":"has-post-thumbnail","6":"product_cat-office-for-pc","7":"product_cat-microsoft-office","8":"product_tag-microsoft-office-2013-professional-plus","10":"first","11":"instock","12":"virtual","13":"purchasable","14":"product-type-simple"},"jetpack_sharing_enabled":true,"_links":{"self":[{"href":"https:\/\/keyzy.net\/pt\/wp-json\/wp\/v2\/product\/11313","targetHints":{"allow":["GET"]}}],"collection":[{"href":"https:\/\/keyzy.net\/pt\/wp-json\/wp\/v2\/product"}],"about":[{"href":"https:\/\/keyzy.net\/pt\/wp-json\/wp\/v2\/types\/product"}],"replies":[{"embeddable":true,"href":"https:\/\/keyzy.net\/pt\/wp-json\/wp\/v2\/comments?post=11313"}],"version-history":[{"count":3,"href":"https:\/\/keyzy.net\/pt\/wp-json\/wp\/v2\/product\/11313\/revisions"}],"predecessor-version":[{"id":11795,"href":"https:\/\/keyzy.net\/pt\/wp-json\/wp\/v2\/product\/11313\/revisions\/11795"}],"wp:featuredmedia":[{"embeddable":true,"href":"https:\/\/keyzy.net\/pt\/wp-json\/wp\/v2\/media\/11857"}],"wp:attachment":[{"href":"https:\/\/keyzy.net\/pt\/wp-json\/wp\/v2\/media?parent=11313"}],"wp:term":[{"taxonomy":"product_brand","embeddable":true,"href":"https:\/\/keyzy.net\/pt\/wp-json\/wp\/v2\/product_brand?post=11313"},{"taxonomy":"product_cat","embeddable":true,"href":"https:\/\/keyzy.net\/pt\/wp-json\/wp\/v2\/product_cat?post=11313"},{"taxonomy":"product_tag","embeddable":true,"href":"https:\/\/keyzy.net\/pt\/wp-json\/wp\/v2\/product_tag?post=11313"}],"curies":[{"name":"wp","href":"https:\/\/api.w.org\/{rel}","templated":true}]}}