{"id":11293,"date":"2026-03-13T16:26:26","date_gmt":"2026-03-13T16:26:26","guid":{"rendered":"https:\/\/keyzy.net\/?post_type=product&#038;p=11293"},"modified":"2026-04-18T15:23:49","modified_gmt":"2026-04-18T15:23:49","slug":"chave-de-ativacao-do-microsoft-excel-word-2024","status":"publish","type":"product","link":"https:\/\/keyzy.net\/pt\/product\/microsoft-excel-word-2024-activation-key\/","title":{"rendered":"Chave de Ativa\u00e7\u00e3o do Microsoft Excel + Word 2024 - Licen\u00e7a Vital\u00edcia - Windows"},"content":{"rendered":"<h2 data-section-id=\"u0ybrq\" data-start=\"1085\" data-end=\"1099\">Carater\u00edsticas principais<\/h2>\n<p data-start=\"1101\" data-end=\"1453\">\u2022 Includes <strong data-start=\"1112\" data-end=\"1135\">Microsoft Word 2024<\/strong> and <strong data-start=\"1140\" data-end=\"1164\">Microsoft Excel 2024<\/strong><br data-start=\"1164\" data-end=\"1167\" \/>\u2022 Create professional documents, reports, and letters with Word<br data-start=\"1230\" data-end=\"1233\" \/>\u2022 Manage data, formulas, charts, and spreadsheets with Excel<br data-start=\"1293\" data-end=\"1296\" \/>\u2022 Modern and intuitive interface for better productivity<br data-start=\"1352\" data-end=\"1355\" \/>\u2022 Compatible with modern Office file formats<br data-start=\"1399\" data-end=\"1402\" \/>- Compra \u00fanica, sem necessidade de subscri\u00e7\u00e3o<\/p>\n<hr data-start=\"1455\" data-end=\"1458\" \/>\n<h2 data-section-id=\"1hwdguv\" data-start=\"1460\" data-end=\"1483\">Included Applications<\/h2>\n<p data-start=\"1485\" data-end=\"1534\">This license includes the following applications:<\/p>\n<p data-start=\"1536\" data-end=\"1561\">\u2714 <strong data-start=\"1538\" data-end=\"1561\">Microsoft Word 2024<\/strong><\/p>\n<p data-start=\"1563\" data-end=\"1754\">Create and edit professional documents, reports, resumes, letters, and academic papers. Word includes powerful formatting tools, templates, and compatibility with all common document formats.<\/p>\n<p data-start=\"1756\" data-end=\"1782\">\u2714 <strong data-start=\"1758\" data-end=\"1782\">Microsoft Excel 2024<\/strong><\/p>\n<p data-start=\"1784\" data-end=\"1957\">Manage data efficiently with advanced spreadsheet tools. Create tables, formulas, charts, and automate calculations for business analysis, accounting, and personal projects.<\/p>\n<hr data-start=\"1959\" data-end=\"1962\" \/>\n<h2 data-section-id=\"g7i1d1\" data-start=\"1964\" data-end=\"1974\">Vis\u00e3o geral<\/h2>\n<p data-start=\"1976\" data-end=\"2121\"><strong data-start=\"1976\" data-end=\"2022\">Chave de ativa\u00e7\u00e3o do Microsoft Excel + Word 2024<\/strong> provides two of the most essential productivity tools used by millions of people around the world.<\/p>\n<p data-start=\"2123\" data-end=\"2356\">With <strong data-start=\"2128\" data-end=\"2151\">Microsoft Word 2024<\/strong>, users can easily create professional documents for business, school, or personal use. The software includes advanced formatting tools, built-in templates, and compatibility with popular document formats.<\/p>\n<p data-start=\"2358\" data-end=\"2534\"><strong data-start=\"2358\" data-end=\"2382\">Microsoft Excel 2024<\/strong> provides powerful spreadsheet capabilities that allow users to organize data, perform complex calculations, and create professional charts and reports.<\/p>\n<p data-start=\"2536\" data-end=\"2640\">Together, these applications provide a powerful yet lightweight productivity solution for everyday work.<\/p>\n<hr data-start=\"2642\" data-end=\"2645\" \/>\n<h3 data-section-id=\"14giqej\" data-start=\"2647\" data-end=\"2677\">Perfect for Work and Study<\/h3>\n<p data-start=\"2679\" data-end=\"2751\">The combination of <strong data-start=\"2698\" data-end=\"2721\">Word and Excel 2024<\/strong> makes this license ideal for:<\/p>\n<p data-start=\"2753\" data-end=\"2969\">\u2022 Students preparing assignments and reports<br data-start=\"2797\" data-end=\"2800\" \/>\u2022 Professionals creating documents and presentations<br data-start=\"2852\" data-end=\"2855\" \/>\u2022 Businesses managing spreadsheets and financial data<br data-start=\"2908\" data-end=\"2911\" \/>\u2022 Freelancers organizing projects and client information<\/p>\n<p data-start=\"2971\" data-end=\"3050\">These applications help users stay organized and productive in any environment.<\/p>\n<hr data-start=\"3052\" data-end=\"3055\" \/>\n<h2 data-section-id=\"136hq9m\" data-start=\"3057\" data-end=\"3080\">O que ir\u00e1 receber<\/h2>\n<p data-start=\"3082\" data-end=\"3229\">\u2714 <strong data-start=\"3084\" data-end=\"3130\">Chave de ativa\u00e7\u00e3o do Microsoft Excel + Word 2024<\/strong><br data-start=\"3130\" data-end=\"3133\" \/>\u2714 Official Microsoft Download Links<br data-start=\"3168\" data-end=\"3171\" \/>\u2714 Installation and Activation Guide<br data-start=\"3206\" data-end=\"3209\" \/>Licen\u00e7a vital\u00edcia<\/p>\n<p data-start=\"3231\" data-end=\"3353\">After purchase, your activation key will be delivered digitally, allowing you to download and activate the software immediately.<\/p>\n<hr data-start=\"3355\" data-end=\"3358\" \/>\n<h2 data-section-id=\"15uen7i\" data-start=\"3360\" data-end=\"3377\">Porqu\u00ea comprar connosco<\/h2>\n<p data-start=\"3379\" data-end=\"3465\">\u2714 <strong data-start=\"3381\" data-end=\"3409\">Fast Digital Delivery<\/strong> - Receba a sua chave de ativa\u00e7\u00e3o rapidamente ap\u00f3s a compra.<\/p>\n<p data-start=\"3467\" data-end=\"3536\">\u2714 <strong data-start=\"3469\" data-end=\"3489\">Licen\u00e7a vital\u00edcia<\/strong> - Compra \u00fanica sem data de expira\u00e7\u00e3o.<\/p>\n<p data-start=\"3538\" data-end=\"3599\">\u2714 <strong data-start=\"3540\" data-end=\"3558\">Pagamento seguro<\/strong> - Processo de checkout seguro e protegido.<\/p>\n<p data-start=\"3601\" data-end=\"3683\">\u2714 <strong data-start=\"3603\" data-end=\"3627\">Apoio profissional<\/strong> - A nossa equipa de apoio est\u00e1 dispon\u00edvel se necessitar de assist\u00eancia.<\/p>\n<hr data-start=\"3685\" data-end=\"3688\" \/>\n<h2 data-section-id=\"tdp9n3\" data-start=\"3690\" data-end=\"3711\">Requisitos do sistema<\/h2>\n<p data-start=\"3713\" data-end=\"3911\">Operating System: Windows 10 \/ Windows 11<br data-start=\"3754\" data-end=\"3757\" \/>Processador: Processador de 1,6 GHz ou mais r\u00e1pido<br data-start=\"3795\" data-end=\"3798\" \/>RAM: Minimum 4 GB RAM<br data-start=\"3819\" data-end=\"3822\" \/>Storage: Minimum 4 GB available disk space<br data-start=\"3864\" data-end=\"3867\" \/>\u00c9 necess\u00e1ria uma liga\u00e7\u00e3o \u00e0 Internet para a ativa\u00e7\u00e3o.<\/p>\n<hr data-start=\"3913\" data-end=\"3916\" \/>\n<h2 data-section-id=\"15qw8x\" data-start=\"3918\" data-end=\"3939\">Informa\u00e7\u00f5es sobre o produto<\/h2>\n<p data-start=\"3941\" data-end=\"4213\">Nome do produto: <strong data-start=\"3955\" data-end=\"3986\">Microsoft Excel + Word 2024<\/strong><br data-start=\"3986\" data-end=\"3989\" \/>Tipo de licen\u00e7a: Licen\u00e7a vital\u00edcia<br data-start=\"4019\" data-end=\"4022\" \/>M\u00e9todo de ativa\u00e7\u00e3o: Chave de ativa\u00e7\u00e3o<br data-start=\"4055\" data-end=\"4058\" \/>Platform: Windows PC<br data-start=\"4078\" data-end=\"4081\" \/>Applications Included: Word 2024, Excel 2024<br data-start=\"4125\" data-end=\"4128\" \/>Region: <strong data-start=\"4136\" data-end=\"4157\">Global Activation<\/strong><br data-start=\"4157\" data-end=\"4160\" \/>Entrega: Entrega digital<br data-start=\"4186\" data-end=\"4189\" \/>L\u00edngua: Multilingue<\/p>\n<hr data-start=\"4215\" data-end=\"4218\" \/>\n<h2 data-section-id=\"85kjbu\" data-start=\"4220\" data-end=\"4230\">Entrega<\/h2>\n<p data-start=\"4232\" data-end=\"4394\">Ap\u00f3s a compra, o seu <strong data-start=\"4253\" data-end=\"4299\">Chave de ativa\u00e7\u00e3o do Microsoft Excel + Word 2024<\/strong> ser\u00e1 entregue digitalmente por correio eletr\u00f3nico, juntamente com instru\u00e7\u00f5es de instala\u00e7\u00e3o e ativa\u00e7\u00e3o.<\/p>\n<p data-start=\"4396\" data-end=\"4432\">N\u00e3o ser\u00e1 enviado qualquer produto f\u00edsico.<\/p>\n<hr data-start=\"4434\" data-end=\"4437\" \/>\n<h2 data-section-id=\"8ukl95\" data-start=\"4439\" data-end=\"4464\">Instru\u00e7\u00f5es de ativa\u00e7\u00e3o<\/h2>\n<ol data-start=\"4466\" data-end=\"4695\">\n<li data-section-id=\"p1qn43\" data-start=\"4466\" data-end=\"4546\">\n<p data-start=\"4469\" data-end=\"4546\">Download Microsoft Word and Excel 2024 from the official Microsoft website.<\/p>\n<\/li>\n<li data-section-id=\"f3yz13\" data-start=\"4547\" data-end=\"4590\">\n<p data-start=\"4550\" data-end=\"4590\">Instale o software no seu computador.<\/p>\n<\/li>\n<li data-section-id=\"alppj0\" data-start=\"4591\" data-end=\"4645\">\n<p data-start=\"4594\" data-end=\"4645\">Introduza a chave de ativa\u00e7\u00e3o fornecida ap\u00f3s a compra.<\/p>\n<\/li>\n<li data-section-id=\"167lgfp\" data-start=\"4646\" data-end=\"4695\">\n<p data-start=\"4649\" data-end=\"4695\">Come\u00e7ar a utilizar <strong data-start=\"4661\" data-end=\"4694\">Microsoft Word and Excel 2024<\/strong>.<\/p>\n<\/li>\n<\/ol>\n<hr data-start=\"4697\" data-end=\"4700\" \/>\n<h2 data-section-id=\"hkd5a4\" data-start=\"4702\" data-end=\"4730\">Perguntas mais frequentes<\/h2>\n<p data-start=\"4732\" data-end=\"4857\"><strong data-start=\"4732\" data-end=\"4794\">Does this license include the full Microsoft Office suite?<\/strong><br data-start=\"4794\" data-end=\"4797\" \/>No, this license includes <b>only Word 2024 and Excel 2024<\/b>.<\/p>\n<p data-start=\"4859\" data-end=\"4926\"><strong data-start=\"4859\" data-end=\"4890\">Esta \u00e9 uma licen\u00e7a vital\u00edcia?<\/strong><br data-start=\"4890\" data-end=\"4893\" \/>Sim, a licen\u00e7a n\u00e3o expira.<\/p>\n<p data-start=\"4928\" data-end=\"5020\"><strong data-start=\"4928\" data-end=\"4967\">Can I reinstall the software later?<\/strong><br data-start=\"4967\" data-end=\"4970\" \/>Sim, o software pode ser reinstalado, se necess\u00e1rio.<\/p>","protected":false},"excerpt":{"rendered":"<p data-start=\"710\" data-end=\"947\"><strong data-start=\"710\" data-end=\"756\">Chave de ativa\u00e7\u00e3o do Microsoft Excel + Word 2024<\/strong> gives you lifetime access to two of the most powerful Microsoft productivity applications. Create professional documents with Word and analyze data efficiently with Excel on your Windows PC.<\/p>\n<p data-start=\"949\" data-end=\"1078\">Licen\u00e7a vital\u00edcia<br data-start=\"967\" data-end=\"970\" \/>\u2714 Fast Digital Delivery<br data-start=\"996\" data-end=\"999\" \/>\u2714 Includes Word 2024 &amp; Excel 2024<br data-start=\"1032\" data-end=\"1035\" \/>\u2714 Compatible with Windows 10 &amp; Windows 11<\/p>","protected":false},"featured_media":11855,"comment_status":"open","ping_status":"closed","template":"","meta":{"rs_blank_template":"","rs_page_bg_color":"","slide_template_v7":""},"product_brand":[],"product_cat":[135,142],"product_tag":[339],"class_list":{"0":"post-11293","1":"product","2":"type-product","3":"status-publish","4":"has-post-thumbnail","6":"product_cat-microsoft-office","7":"product_cat-office-for-pc","8":"product_tag-microsoft-excel-word-2024","10":"first","11":"instock","12":"virtual","13":"purchasable","14":"product-type-simple"},"jetpack_sharing_enabled":true,"_links":{"self":[{"href":"https:\/\/keyzy.net\/pt\/wp-json\/wp\/v2\/product\/11293","targetHints":{"allow":["GET"]}}],"collection":[{"href":"https:\/\/keyzy.net\/pt\/wp-json\/wp\/v2\/product"}],"about":[{"href":"https:\/\/keyzy.net\/pt\/wp-json\/wp\/v2\/types\/product"}],"replies":[{"embeddable":true,"href":"https:\/\/keyzy.net\/pt\/wp-json\/wp\/v2\/comments?post=11293"}],"version-history":[{"count":3,"href":"https:\/\/keyzy.net\/pt\/wp-json\/wp\/v2\/product\/11293\/revisions"}],"predecessor-version":[{"id":11801,"href":"https:\/\/keyzy.net\/pt\/wp-json\/wp\/v2\/product\/11293\/revisions\/11801"}],"wp:featuredmedia":[{"embeddable":true,"href":"https:\/\/keyzy.net\/pt\/wp-json\/wp\/v2\/media\/11855"}],"wp:attachment":[{"href":"https:\/\/keyzy.net\/pt\/wp-json\/wp\/v2\/media?parent=11293"}],"wp:term":[{"taxonomy":"product_brand","embeddable":true,"href":"https:\/\/keyzy.net\/pt\/wp-json\/wp\/v2\/product_brand?post=11293"},{"taxonomy":"product_cat","embeddable":true,"href":"https:\/\/keyzy.net\/pt\/wp-json\/wp\/v2\/product_cat?post=11293"},{"taxonomy":"product_tag","embeddable":true,"href":"https:\/\/keyzy.net\/pt\/wp-json\/wp\/v2\/product_tag?post=11293"}],"curies":[{"name":"wp","href":"https:\/\/api.w.org\/{rel}","templated":true}]}}