{"id":10630,"date":"2026-03-03T17:27:20","date_gmt":"2026-03-03T17:27:20","guid":{"rendered":"https:\/\/keyzy.net\/?page_id=10630"},"modified":"2026-04-14T11:33:49","modified_gmt":"2026-04-14T11:33:49","slug":"sobre-nos","status":"publish","type":"page","link":"https:\/\/keyzy.net\/pt\/about-us\/","title":{"rendered":"Sobre n\u00f3s"},"content":{"rendered":"<h1 class=\"wp-block-heading\"><strong>Liberte o seu potencial com chaves genu\u00ednas - os melhores pre\u00e7os, ativa\u00e7\u00e3o perfeita.<\/strong><\/h1>\n\n\n\n<p>Oferecemos chaves de software genu\u00ednas a pre\u00e7os imbat\u00edveis, proporcionando-lhe v\u00e1rias vantagens importantes:<\/p>\n\n\n\n<p><strong>Autenticidade<\/strong>: As nossas chaves s\u00e3o 100% originais e provenientes diretamente de fornecedores de confian\u00e7a. Isto garante que recebe software genu\u00edno que funciona de forma fi\u00e1vel e cumpre todos os requisitos de licenciamento.<\/p>\n\n\n\n<p><strong>Garantia do melhor pre\u00e7o<\/strong>: Comprometemo-nos a oferecer os melhores pre\u00e7os do mercado. O nosso aprovisionamento eficaz e as compras a granel permitem-nos fazer economias significativas sem comprometer a qualidade.<\/p>\n\n\n\n<p><strong>Ativa\u00e7\u00e3o sem falhas<\/strong>: Desfrute de uma experi\u00eancia sem complica\u00e7\u00f5es com uma ativa\u00e7\u00e3o f\u00e1cil. As nossas chaves t\u00eam a garantia de funcionar perfeitamente, dando-lhe acesso imediato ao seu software e a todas as suas funcionalidades.<\/p>\n\n\n\n<p><strong>Apoio ao cliente<\/strong>: A nossa equipa de apoio dedicada est\u00e1 aqui para o ajudar com quaisquer problemas ou quest\u00f5es que possa ter, garantindo uma experi\u00eancia tranquila e satisfat\u00f3ria com a sua compra.<\/p>","protected":false},"excerpt":{"rendered":"<p>Unlock Your Potential with Genuine Keys\u2014Best Prices, Seamless Activation. We offer genuine software keys at unbeatable prices, providing you with<\/p>","protected":false},"author":4,"featured_media":0,"parent":0,"menu_order":0,"comment_status":"closed","ping_status":"closed","template":"","meta":{"rs_blank_template":"","rs_page_bg_color":"","slide_template_v7":"","footnotes":""},"class_list":["post-10630","page","type-page","status-publish","hentry"],"jetpack_sharing_enabled":true,"_links":{"self":[{"href":"https:\/\/keyzy.net\/pt\/wp-json\/wp\/v2\/pages\/10630","targetHints":{"allow":["GET"]}}],"collection":[{"href":"https:\/\/keyzy.net\/pt\/wp-json\/wp\/v2\/pages"}],"about":[{"href":"https:\/\/keyzy.net\/pt\/wp-json\/wp\/v2\/types\/page"}],"author":[{"embeddable":true,"href":"https:\/\/keyzy.net\/pt\/wp-json\/wp\/v2\/users\/4"}],"replies":[{"embeddable":true,"href":"https:\/\/keyzy.net\/pt\/wp-json\/wp\/v2\/comments?post=10630"}],"version-history":[{"count":2,"href":"https:\/\/keyzy.net\/pt\/wp-json\/wp\/v2\/pages\/10630\/revisions"}],"predecessor-version":[{"id":11696,"href":"https:\/\/keyzy.net\/pt\/wp-json\/wp\/v2\/pages\/10630\/revisions\/11696"}],"wp:attachment":[{"href":"https:\/\/keyzy.net\/pt\/wp-json\/wp\/v2\/media?parent=10630"}],"curies":[{"name":"wp","href":"https:\/\/api.w.org\/{rel}","templated":true}]}}