{"id":11343,"date":"2026-03-14T13:59:08","date_gmt":"2026-03-14T13:59:08","guid":{"rendered":"https:\/\/keyzy.net\/?post_type=product&#038;p=11343"},"modified":"2026-04-16T11:03:27","modified_gmt":"2026-04-16T11:03:27","slug":"microsoft-office-2021-professional-plus-klucz-aktywacyjny-dozywotnia-licencja-windows-5-szt","status":"publish","type":"product","link":"https:\/\/keyzy.net\/pl\/product\/microsoft-office-2021-professional-plus-activation-key-lifetime-license-windows-5-pcs\/","title":{"rendered":"Klucz aktywacyjny Microsoft Office 2021 Professional Plus - do\u017cywotnia licencja - Windows - 5 komputer\u00f3w"},"content":{"rendered":"<h2 data-section-id=\"u0ybrq\" data-start=\"1292\" data-end=\"1306\">Kluczowe cechy<\/h2>\n<p data-start=\"1308\" data-end=\"1691\">- Kompletny pakiet Office, w tym Word, Excel, PowerPoint, Outlook, Access i Publisher.<br data-start=\"1397\" data-end=\"1400\" \/>- Aktywacja online z szybk\u0105 i bezpieczn\u0105 konfiguracj\u0105<br data-start=\"1446\" data-end=\"1449\" \/>- Zaawansowane narz\u0119dzia do obs\u0142ugi dokument\u00f3w, arkuszy kalkulacyjnych, prezentacji i wiadomo\u015bci e-mail<br data-start=\"1520\" data-end=\"1523\" \/>- Zoptymalizowana wydajno\u015b\u0107 i ulepszone funkcje wsp\u00f3\u0142pracy<br data-start=\"1582\" data-end=\"1585\" \/>- Przejrzysty i intuicyjny interfejs zapewniaj\u0105cy profesjonaln\u0105 produktywno\u015b\u0107<br data-start=\"1646\" data-end=\"1649\" \/>- Obs\u0142uguje instalacj\u0119 na maksymalnie <strong data-start=\"1682\" data-end=\"1691\">5 komputer\u00f3w<\/strong><\/p>\n<h2 data-section-id=\"g7i1d1\" data-start=\"1698\" data-end=\"1708\">Przegl\u0105d<\/h2>\n<p data-start=\"1710\" data-end=\"1870\"><strong data-start=\"1710\" data-end=\"1768\">Klucz aktywacyjny Microsoft Office 2021 Professional Plus<\/strong> odblokowuje pe\u0142n\u0105 wersj\u0119 jednego z najpot\u0119\u017cniejszych pakiet\u00f3w produktywno\u015bci dost\u0119pnych dla u\u017cytkownik\u00f3w systemu Windows.<\/p>\n<p data-start=\"1872\" data-end=\"2121\"><strong data-start=\"1872\" data-end=\"1915\">Microsoft Office 2021 Professional Plus<\/strong> zosta\u0142 zaprojektowany, aby pom\u00f3c osobom fizycznym i firmom pracowa\u0107 wydajniej, zapewniaj\u0105c kompletny zestaw profesjonalnych narz\u0119dzi do tworzenia dokument\u00f3w, analizowania danych, zarz\u0105dzania wiadomo\u015bciami e-mail i dostarczania prezentacji.<\/p>\n<p data-start=\"2123\" data-end=\"2330\">Pakiet zawiera niezb\u0119dne aplikacje, takie jak <strong data-start=\"2173\" data-end=\"2232\">Word, Excel, PowerPoint, Outlook, Access i Publisher<\/strong>, Ka\u017cda z nich zosta\u0142a zaprojektowana do obs\u0142ugi r\u00f3\u017cnych zada\u0144 zawodowych i poprawy wydajno\u015bci w codziennej pracy.<\/p>\n<p data-start=\"2332\" data-end=\"2510\">Dzi\u0119ki nowoczesnemu interfejsowi i zwi\u0119kszonej wydajno\u015bci, <strong data-start=\"2384\" data-end=\"2427\">Microsoft Office 2021 Professional Plus<\/strong> zapewnia stabilne i niezawodne \u015brodowisko zar\u00f3wno do u\u017cytku osobistego, jak i profesjonalnego.<\/p>\n<hr data-start=\"2512\" data-end=\"2515\" \/>\n<h3 data-section-id=\"mcj969\" data-start=\"2517\" data-end=\"2550\">Podstawowe aplikacje biurowe<\/h3>\n<p data-start=\"2552\" data-end=\"2661\"><strong data-start=\"2552\" data-end=\"2595\">Microsoft Office 2021 Professional Plus<\/strong> zawiera pe\u0142n\u0105 kolekcj\u0119 pot\u0119\u017cnych aplikacji zwi\u0119kszaj\u0105cych produktywno\u015b\u0107:<\/p>\n<p data-start=\"2663\" data-end=\"3119\">\u2022 <strong data-start=\"2665\" data-end=\"2683\">Microsoft Word<\/strong> - Tworzenie profesjonalnych dokument\u00f3w i raport\u00f3w<br data-start=\"2727\" data-end=\"2730\" \/>\u2022 <strong data-start=\"2732\" data-end=\"2751\">Microsoft Excel<\/strong> - Wykonywanie zaawansowanych analiz danych i oblicze\u0144 finansowych<br data-start=\"2811\" data-end=\"2814\" \/>\u2022 <strong data-start=\"2816\" data-end=\"2840\">Microsoft PowerPoint<\/strong> - Projektowanie anga\u017cuj\u0105cych prezentacji i raport\u00f3w wizualnych<br data-start=\"2891\" data-end=\"2894\" \/>\u2022 <strong data-start=\"2896\" data-end=\"2917\">Microsoft Outlook<\/strong> - Efektywne zarz\u0105dzanie wiadomo\u015bciami e-mail, kalendarzami i kontaktami<br data-start=\"2970\" data-end=\"2973\" \/>\u2022 <strong data-start=\"2975\" data-end=\"2995\">Microsoft Access<\/strong> - Tworzenie profesjonalnych baz danych i zarz\u0105dzanie nimi<br data-start=\"3037\" data-end=\"3040\" \/>\u2022 <strong data-start=\"3042\" data-end=\"3065\">Microsoft Publisher<\/strong> - Tworzenie materia\u0142\u00f3w marketingowych i profesjonalnych layout\u00f3w<\/p>\n<p data-start=\"3121\" data-end=\"3218\">Narz\u0119dzia te zapewniaj\u0105 wszystko, co potrzebne do zarz\u0105dzania operacjami biznesowymi i codziennymi zadaniami zwi\u0105zanymi z produktywno\u015bci\u0105.<\/p>\n<hr data-start=\"3220\" data-end=\"3223\" \/>\n<h3 data-section-id=\"kx22gc\" data-start=\"3225\" data-end=\"3268\">Lepsza produktywno\u015b\u0107 i wsp\u00f3\u0142praca<\/h3>\n<p data-start=\"3270\" data-end=\"3422\">Najnowsza wersja <strong data-start=\"3292\" data-end=\"3335\">Microsoft Office 2021 Professional Plus<\/strong> wprowadza kilka ulepsze\u0144 maj\u0105cych na celu optymalizacj\u0119 przep\u0142ywu pracy i zwi\u0119kszenie wydajno\u015bci.<\/p>\n<p data-start=\"3424\" data-end=\"3539\">U\u017cytkownicy korzystaj\u0105 z szybszej wydajno\u015bci, ulepszonych narz\u0119dzi do wsp\u00f3\u0142pracy i ulepszonych funkcji we wszystkich aplikacjach.<\/p>\n<p data-start=\"3541\" data-end=\"3715\">Oprogramowanie jest zoptymalizowane do pracy z du\u017cymi dokumentami, z\u0142o\u017conymi arkuszami kalkulacyjnymi i profesjonalnymi prezentacjami, dzi\u0119ki czemu jest idealne dla firm, student\u00f3w i profesjonalist\u00f3w.<\/p>\n<hr data-start=\"3717\" data-end=\"3720\" \/>\n<h2 data-section-id=\"136hq9m\" data-start=\"3722\" data-end=\"3745\">Co otrzymasz<\/h2>\n<p data-start=\"3747\" data-end=\"3895\">\u2714 <strong data-start=\"3749\" data-end=\"3807\">Klucz aktywacyjny Microsoft Office 2021 Professional Plus<\/strong><br data-start=\"3807\" data-end=\"3810\" \/>Oficjalny link do pobrania Microsoft<br data-start=\"3844\" data-end=\"3847\" \/>Do\u017cywotnia licencja<br data-start=\"3865\" data-end=\"3868\" \/>Instrukcje dotycz\u0105ce aktywacji<\/p>\n<p data-start=\"3897\" data-end=\"4041\">Po sfinalizowaniu zakupu klucz aktywacyjny zostanie dostarczony w formie cyfrowej, dzi\u0119ki czemu mo\u017cna szybko i \u0142atwo pobra\u0107 i aktywowa\u0107 oprogramowanie.<\/p>\n<hr data-start=\"4043\" data-end=\"4046\" \/>\n<h2 data-section-id=\"15uen7i\" data-start=\"4048\" data-end=\"4065\">Dlaczego warto u nas kupowa\u0107<\/h2>\n<p data-start=\"4067\" data-end=\"4153\">\u2714 <strong data-start=\"4069\" data-end=\"4097\">Szybka dostawa cyfrowa<\/strong> - Klucz aktywacyjny otrzymasz szybko po zakupie.<\/p>\n<p data-start=\"4155\" data-end=\"4224\">\u2714 <strong data-start=\"4157\" data-end=\"4177\">Do\u017cywotnia licencja<\/strong> - Jednorazowy zakup bez daty wyga\u015bni\u0119cia.<\/p>\n<p data-start=\"4226\" data-end=\"4287\">\u2714 <strong data-start=\"4228\" data-end=\"4246\">Bezpieczna p\u0142atno\u015b\u0107<\/strong> - Bezpieczny i chroniony proces p\u0142atno\u015bci.<\/p>\n<p data-start=\"4289\" data-end=\"4373\">\u2714 <strong data-start=\"4291\" data-end=\"4315\">Profesjonalne wsparcie<\/strong> - Nasz zesp\u00f3\u0142 wsparcia jest dost\u0119pny, je\u015bli potrzebujesz pomocy.<\/p>\n<p data-start=\"4375\" data-end=\"4446\">\u2714 <strong data-start=\"4377\" data-end=\"4397\">Zaufane oprogramowanie<\/strong> - Aktywuj oficjaln\u0105 wersj\u0119.<\/p>\n<hr data-start=\"4448\" data-end=\"4451\" \/>\n<h2 data-section-id=\"tdp9n3\" data-start=\"4453\" data-end=\"4474\">Wymagania systemowe<\/h2>\n<p data-start=\"4476\" data-end=\"4689\">System operacyjny: Windows 10 \/ Windows 11<br data-start=\"4517\" data-end=\"4520\" \/>Procesor: Procesor 1,6 GHz lub szybszy<br data-start=\"4558\" data-end=\"4561\" \/>PAMI\u0118\u0106 RAM: Minimum 4 GB (zalecane 8 GB)<br data-start=\"4597\" data-end=\"4600\" \/>Pami\u0119\u0107 masowa: Minimum 4 GB dost\u0119pnego miejsca na dysku<br data-start=\"4642\" data-end=\"4645\" \/>Do aktywacji wymagane jest po\u0142\u0105czenie z Internetem.<\/p>\n<hr data-start=\"4691\" data-end=\"4694\" \/>\n<h2 data-section-id=\"15qw8x\" data-start=\"4696\" data-end=\"4717\">Informacje o produkcie<\/h2>\n<p data-start=\"4719\" data-end=\"4958\">Nazwa produktu: <strong data-start=\"4733\" data-end=\"4776\">Microsoft Office 2021 Professional Plus<\/strong><br data-start=\"4776\" data-end=\"4779\" \/>Typ licencji: Licencja do\u017cywotnia<br data-start=\"4809\" data-end=\"4812\" \/>Metoda aktywacji: Klucz aktywacyjny online<br data-start=\"4852\" data-end=\"4855\" \/>Platforma: Windows PC<br data-start=\"4875\" data-end=\"4878\" \/>Liczba urz\u0105dze\u0144: 5 komputer\u00f3w PC<br data-start=\"4902\" data-end=\"4905\" \/>Dostawa: Dostawa cyfrowa<br data-start=\"4931\" data-end=\"4934\" \/>J\u0119zyk: Wieloj\u0119zyczny<\/p>\n<hr data-start=\"4960\" data-end=\"4963\" \/>\n<h2 data-section-id=\"85kjbu\" data-start=\"4965\" data-end=\"4975\">Dostawa<\/h2>\n<p data-start=\"4977\" data-end=\"5141\">Po dokonaniu zakupu <strong data-start=\"4998\" data-end=\"5056\">Klucz aktywacyjny Microsoft Office 2021 Professional Plus<\/strong> zostanie dostarczona w formie cyfrowej wraz z instrukcjami instalacji i aktywacji.<\/p>\n<p data-start=\"5143\" data-end=\"5179\">\u017baden fizyczny produkt nie zostanie wys\u0142any.<\/p>\n<hr data-start=\"5181\" data-end=\"5184\" \/>\n<h2 data-section-id=\"8ukl95\" data-start=\"5186\" data-end=\"5211\">Instrukcje aktywacji<\/h2>\n<ol data-start=\"5213\" data-end=\"5495\">\n<li data-section-id=\"1lg7sg5\" data-start=\"5213\" data-end=\"5303\">\n<p data-start=\"5216\" data-end=\"5303\">Pobierz Microsoft Office 2021 Professional Plus z oficjalnej strony Microsoft.<\/p>\n<\/li>\n<li data-section-id=\"f3yz13\" data-start=\"5304\" data-end=\"5347\">\n<p data-start=\"5307\" data-end=\"5347\">Zainstaluj oprogramowanie na komputerze.<\/p>\n<\/li>\n<li data-section-id=\"alppj0\" data-start=\"5348\" data-end=\"5402\">\n<p data-start=\"5351\" data-end=\"5402\">Wprowad\u017a klucz aktywacyjny dostarczony po zakupie.<\/p>\n<\/li>\n<li data-section-id=\"awpf7c\" data-start=\"5403\" data-end=\"5495\">\n<p data-start=\"5406\" data-end=\"5495\">Aktywuj oprogramowanie online i rozpocznij korzystanie <strong data-start=\"5451\" data-end=\"5494\">Microsoft Office 2021 Professional Plus<\/strong>.<\/p>\n<\/li>\n<\/ol>\n<hr data-start=\"5497\" data-end=\"5500\" \/>\n<h2 data-section-id=\"hkd5a4\" data-start=\"5502\" data-end=\"5530\">Cz\u0119sto zadawane pytania<\/h2>\n<p data-start=\"5532\" data-end=\"5639\"><strong data-start=\"5532\" data-end=\"5573\">Jak otrzymam klucz aktywacyjny?<\/strong><br data-start=\"5573\" data-end=\"5576\" \/>Klucz aktywacyjny zostanie dostarczony cyfrowo po zakupie.<\/p>\n<p data-start=\"5641\" data-end=\"5708\"><strong data-start=\"5641\" data-end=\"5672\">Czy jest to licencja do\u017cywotnia?<\/strong><br data-start=\"5672\" data-end=\"5675\" \/>Tak, licencja nie wygasa.<\/p>\n<p data-start=\"5710\" data-end=\"5825\"><strong data-start=\"5710\" data-end=\"5763\">Czy mog\u0119 zainstalowa\u0107 oprogramowanie na wielu komputerach?<\/strong><br data-start=\"5763\" data-end=\"5766\" \/>Tak, ta licencja obs\u0142uguje instalacj\u0119 na maksymalnie <strong data-start=\"5815\" data-end=\"5824\">5 komputer\u00f3w<\/strong>.<\/p>","protected":false},"excerpt":{"rendered":"<p data-start=\"868\" data-end=\"1187\"><strong data-start=\"868\" data-end=\"926\">Klucz aktywacyjny Microsoft Office 2021 Professional Plus<\/strong> zapewnia dost\u0119p do pe\u0142nego pakietu Microsoft Office dla systemu Windows. Ten pot\u0119\u017cny pakiet produktywno\u015bci obejmuje programy Word, Excel, PowerPoint, Outlook, Access i Publisher, zapewniaj\u0105c wszystko, co potrzebne do profesjonalnej pracy, zada\u0144 biznesowych i codziennej produktywno\u015bci.<\/p>\n<p data-start=\"1189\" data-end=\"1285\">Do\u017cywotnia licencja<br data-start=\"1207\" data-end=\"1210\" \/>Aktywacja online<br data-start=\"1229\" data-end=\"1232\" \/>Natychmiastowa dostawa cyfrowa<br data-start=\"1258\" data-end=\"1261\" \/>Obs\u0142uga do 5 komputer\u00f3w PC<\/p>","protected":false},"featured_media":11344,"comment_status":"open","ping_status":"closed","template":"","meta":[],"product_brand":[],"product_cat":[135,142],"product_tag":[355],"class_list":{"0":"post-11343","1":"product","2":"type-product","3":"status-publish","4":"has-post-thumbnail","6":"product_cat-microsoft-office","7":"product_cat-office-for-pc","8":"product_tag-microsoft-office-2021-professional-plus","10":"first","11":"instock","12":"virtual","13":"purchasable","14":"product-type-simple"},"jetpack_sharing_enabled":true,"_links":{"self":[{"href":"https:\/\/keyzy.net\/pl\/wp-json\/wp\/v2\/product\/11343","targetHints":{"allow":["GET"]}}],"collection":[{"href":"https:\/\/keyzy.net\/pl\/wp-json\/wp\/v2\/product"}],"about":[{"href":"https:\/\/keyzy.net\/pl\/wp-json\/wp\/v2\/types\/product"}],"replies":[{"embeddable":true,"href":"https:\/\/keyzy.net\/pl\/wp-json\/wp\/v2\/comments?post=11343"}],"version-history":[{"count":4,"href":"https:\/\/keyzy.net\/pl\/wp-json\/wp\/v2\/product\/11343\/revisions"}],"predecessor-version":[{"id":11783,"href":"https:\/\/keyzy.net\/pl\/wp-json\/wp\/v2\/product\/11343\/revisions\/11783"}],"wp:featuredmedia":[{"embeddable":true,"href":"https:\/\/keyzy.net\/pl\/wp-json\/wp\/v2\/media\/11344"}],"wp:attachment":[{"href":"https:\/\/keyzy.net\/pl\/wp-json\/wp\/v2\/media?parent=11343"}],"wp:term":[{"taxonomy":"product_brand","embeddable":true,"href":"https:\/\/keyzy.net\/pl\/wp-json\/wp\/v2\/product_brand?post=11343"},{"taxonomy":"product_cat","embeddable":true,"href":"https:\/\/keyzy.net\/pl\/wp-json\/wp\/v2\/product_cat?post=11343"},{"taxonomy":"product_tag","embeddable":true,"href":"https:\/\/keyzy.net\/pl\/wp-json\/wp\/v2\/product_tag?post=11343"}],"curies":[{"name":"wp","href":"https:\/\/api.w.org\/{rel}","templated":true}]}}