{"id":11337,"date":"2026-03-13T18:16:07","date_gmt":"2026-03-13T18:16:07","guid":{"rendered":"https:\/\/keyzy.net\/?post_type=product&#038;p=11337"},"modified":"2026-04-16T11:07:19","modified_gmt":"2026-04-16T11:07:19","slug":"microsoft-office-2021-home-student-mac-klucz-aktywacyjny-dozywotnia-licencja-macos","status":"publish","type":"product","link":"https:\/\/keyzy.net\/pl\/product\/microsoft-office-2021-home-student-mac-activation-key-lifetime-license-macos\/","title":{"rendered":"Klucz aktywacyjny Microsoft Office 2021 Home &amp; Student Mac - do\u017cywotnia licencja - macOS"},"content":{"rendered":"<h2 data-section-id=\"u0ybrq\" data-start=\"1085\" data-end=\"1099\">Kluczowe cechy<\/h2>\n<p data-start=\"1101\" data-end=\"1385\">- Obejmuje programy Word, Excel, PowerPoint i OneNote<br data-start=\"1148\" data-end=\"1151\" \/>- Zaprojektowany specjalnie dla systemu macOS<br data-start=\"1184\" data-end=\"1187\" \/>- Nowoczesny interfejs i lepsza wydajno\u015b\u0107<br data-start=\"1230\" data-end=\"1233\" \/>- Zaawansowane narz\u0119dzia do edycji dokument\u00f3w i analizy danych<br data-start=\"1284\" data-end=\"1287\" \/>- Ulepszone mo\u017cliwo\u015bci wsp\u00f3\u0142pracy i udost\u0119pniania<br data-start=\"1336\" data-end=\"1339\" \/>- Zgodno\u015b\u0107 z nowoczesnymi formatami plik\u00f3w pakietu Office<\/p>\n<hr data-start=\"1387\" data-end=\"1390\" \/>\n<h2 data-section-id=\"g7i1d1\" data-start=\"1392\" data-end=\"1402\">Przegl\u0105d<\/h2>\n<p data-start=\"1404\" data-end=\"1571\"><strong data-start=\"1404\" data-end=\"1463\">Klucz aktywacyjny Microsoft Office 2021 dla U\u017cytkownik\u00f3w Domowych i Uczni\u00f3w Mac<\/strong> odblokowuje pe\u0142n\u0105 wersj\u0119 niezb\u0119dnego pakietu produktywno\u015bci firmy Microsoft zaprojektowanego specjalnie dla u\u017cytkownik\u00f3w systemu macOS.<\/p>\n<p data-start=\"1573\" data-end=\"1921\"><strong data-start=\"1573\" data-end=\"1621\">Microsoft Office 2021 dla U\u017cytkownik\u00f3w Domowych i Uczni\u00f3w dla komputer\u00f3w Mac<\/strong> zapewnia zaawansowane narz\u0119dzia, kt\u00f3re pomagaj\u0105 u\u017cytkownikom tworzy\u0107 dokumenty, analizowa\u0107 dane i projektowa\u0107 profesjonalne prezentacje. Niezale\u017cnie od tego, czy jeste\u015b studentem przygotowuj\u0105cym zadania, u\u017cytkownikiem domowym zarz\u0105dzaj\u0105cym dokumentami osobistymi, czy profesjonalist\u0105 tworz\u0105cym raporty, ten pakiet Office oferuje wszystko, co jest potrzebne do zachowania produktywno\u015bci.<\/p>\n<p data-start=\"1923\" data-end=\"2085\">Pakiet zawiera najnowsze wersje <strong data-start=\"1965\" data-end=\"2005\">Word, Excel, PowerPoint i OneNote<\/strong>, Ka\u017cda z nich zosta\u0142a zoptymalizowana pod k\u0105tem systemu macOS, aby zapewni\u0107 p\u0142ynn\u0105 i wydajn\u0105 prac\u0119.<\/p>\n<p data-start=\"2087\" data-end=\"2311\">Poprawiona wydajno\u015b\u0107 i zwi\u0119kszona kompatybilno\u015b\u0107 z nowoczesnymi formatami dokument\u00f3w, <strong data-start=\"2170\" data-end=\"2203\">Microsoft Office 2021 dla komputer\u00f3w Mac<\/strong> umo\u017cliwia u\u017cytkownikom wydajn\u0105 prac\u0119 przy zachowaniu pe\u0142nej zgodno\u015bci z dokumentami Office u\u017cywanymi na ca\u0142ym \u015bwiecie.<\/p>\n<hr data-start=\"2313\" data-end=\"2316\" \/>\n<h3 data-section-id=\"azlzyd\" data-start=\"2318\" data-end=\"2359\">Podstawowe aplikacje biurowe dla komputer\u00f3w Mac<\/h3>\n<p data-start=\"2361\" data-end=\"2462\"><strong data-start=\"2361\" data-end=\"2409\">Microsoft Office 2021 dla U\u017cytkownik\u00f3w Domowych i Uczni\u00f3w dla komputer\u00f3w Mac<\/strong> zawiera kilka pot\u0119\u017cnych aplikacji zwi\u0119kszaj\u0105cych produktywno\u015b\u0107:<\/p>\n<p data-start=\"2464\" data-end=\"2809\">\u2022 <strong data-start=\"2466\" data-end=\"2489\">Microsoft Word 2021<\/strong> - Tworzenie profesjonalnych dokument\u00f3w, raport\u00f3w i list\u00f3w<br data-start=\"2543\" data-end=\"2546\" \/>\u2022 <strong data-start=\"2548\" data-end=\"2572\">Microsoft Excel 2021<\/strong> - Analizowanie danych, tworzenie arkuszy kalkulacyjnych i zarz\u0105dzanie obliczeniami<br data-start=\"2633\" data-end=\"2636\" \/>\u2022 <strong data-start=\"2638\" data-end=\"2667\">Microsoft PowerPoint 2021<\/strong> - Projektowanie anga\u017cuj\u0105cych prezentacji i raport\u00f3w wizualnych<br data-start=\"2718\" data-end=\"2721\" \/>\u2022 <strong data-start=\"2723\" data-end=\"2744\">Microsoft OneNote<\/strong> - Organizowanie notatek, pomys\u0142\u00f3w i informacji w cyfrowym notatniku<\/p>\n<p data-start=\"2811\" data-end=\"2950\">Aplikacje te zapewniaj\u0105 kompletne \u015brodowisko produktywno\u015bci, u\u0142atwiaj\u0105c prac\u0119 nad dokumentami, arkuszami kalkulacyjnymi i prezentacjami.<\/p>\n<hr data-start=\"2952\" data-end=\"2955\" \/>\n<h3 data-section-id=\"1tlz07n\" data-start=\"2957\" data-end=\"2980\">Zoptymalizowany dla macOS<\/h3>\n<p data-start=\"2982\" data-end=\"3090\"><strong data-start=\"2982\" data-end=\"3030\">Microsoft Office 2021 dla U\u017cytkownik\u00f3w Domowych i Uczni\u00f3w dla komputer\u00f3w Mac<\/strong> zosta\u0142a zaprojektowana specjalnie z my\u015bl\u0105 o p\u0142ynnej pracy na urz\u0105dzeniach Apple.<\/p>\n<p data-start=\"3092\" data-end=\"3203\">Interfejs jest zgodny z wytycznymi projektowymi macOS, zapewniaj\u0105c znane i intuicyjne wra\u017cenia u\u017cytkownikom komputer\u00f3w Mac.<\/p>\n<p data-start=\"3205\" data-end=\"3320\">U\u017cytkownicy korzystaj\u0105 z lepszej wydajno\u015bci, wi\u0119kszej stabilno\u015bci i p\u0142ynnej kompatybilno\u015bci z nowoczesnymi wersjami systemu macOS.<\/p>\n<p data-start=\"3322\" data-end=\"3442\">Oprogramowanie obs\u0142uguje r\u00f3wnie\u017c integracj\u0119 z chmur\u0105 i udost\u0119pnianie dokument\u00f3w, u\u0142atwiaj\u0105c wsp\u00f3\u0142prac\u0119 mi\u0119dzy urz\u0105dzeniami i zespo\u0142ami.<\/p>\n<hr data-start=\"3444\" data-end=\"3447\" \/>\n<h2 data-section-id=\"136hq9m\" data-start=\"3449\" data-end=\"3472\">Co otrzymasz<\/h2>\n<p data-start=\"3474\" data-end=\"3623\">\u2714 <strong data-start=\"3476\" data-end=\"3535\">Klucz aktywacyjny Microsoft Office 2021 dla U\u017cytkownik\u00f3w Domowych i Uczni\u00f3w Mac<\/strong><br data-start=\"3535\" data-end=\"3538\" \/>Oficjalny link do pobrania Microsoft<br data-start=\"3572\" data-end=\"3575\" \/>Do\u017cywotnia licencja<br data-start=\"3593\" data-end=\"3596\" \/>Instrukcje dotycz\u0105ce aktywacji<\/p>\n<p data-start=\"3625\" data-end=\"3842\">Po dokonaniu zakupu otrzymasz <strong data-start=\"3660\" data-end=\"3679\">kod wykupu<\/strong> kt\u00f3re mo\u017cna zrealizowa\u0107 na koncie Microsoft. Po wykupieniu licencja pakietu Office zostanie po\u0142\u0105czona bezpo\u015brednio z kontem u\u017cytkownika w celu aktywacji i przysz\u0142ych instalacji.<\/p>\n<hr data-start=\"3844\" data-end=\"3847\" \/>\n<h2 data-section-id=\"15uen7i\" data-start=\"3849\" data-end=\"3866\">Dlaczego warto u nas kupowa\u0107<\/h2>\n<p data-start=\"3868\" data-end=\"3954\">\u2714 <strong data-start=\"3870\" data-end=\"3898\">Szybka dostawa cyfrowa<\/strong> - Klucz aktywacyjny otrzymasz szybko po zakupie.<\/p>\n<p data-start=\"3956\" data-end=\"4025\">\u2714 <strong data-start=\"3958\" data-end=\"3978\">Do\u017cywotnia licencja<\/strong> - Jednorazowy zakup bez daty wyga\u015bni\u0119cia.<\/p>\n<p data-start=\"4027\" data-end=\"4088\">\u2714 <strong data-start=\"4029\" data-end=\"4047\">Bezpieczna p\u0142atno\u015b\u0107<\/strong> - Bezpieczny i chroniony proces p\u0142atno\u015bci.<\/p>\n<p data-start=\"4090\" data-end=\"4174\">\u2714 <strong data-start=\"4092\" data-end=\"4116\">Profesjonalne wsparcie<\/strong> - Nasz zesp\u00f3\u0142 wsparcia jest dost\u0119pny, je\u015bli potrzebujesz pomocy.<\/p>\n<p data-start=\"4176\" data-end=\"4251\">\u2714 <strong data-start=\"4178\" data-end=\"4198\">Zaufane oprogramowanie<\/strong> - Aktywuj oficjaln\u0105 wersj\u0119 pakietu Microsoft Office.<\/p>\n<hr data-start=\"4253\" data-end=\"4256\" \/>\n<h2 data-section-id=\"tdp9n3\" data-start=\"4258\" data-end=\"4279\">Wymagania systemowe<\/h2>\n<p data-start=\"4281\" data-end=\"4528\">System operacyjny: macOS Ventura (13), macOS Monterey (12), macOS Big Sur (11)<br data-start=\"4358\" data-end=\"4361\" \/>Procesor: Procesor Intel lub Apple Silicon obs\u0142ugiwany przez macOS<br data-start=\"4423\" data-end=\"4426\" \/>RAM: Minimum 4 GB RAM<br data-start=\"4447\" data-end=\"4450\" \/>Pami\u0119\u0107 masowa: Minimum 10 GB dost\u0119pnego miejsca na dysku<br data-start=\"4493\" data-end=\"4496\" \/>Wy\u015bwietlacz: Rozdzielczo\u015b\u0107 1280 \u00d7 800<\/p>\n<hr data-start=\"4530\" data-end=\"4533\" \/>\n<h2 data-section-id=\"15qw8x\" data-start=\"4535\" data-end=\"4556\">Informacje o produkcie<\/h2>\n<p data-start=\"4558\" data-end=\"4778\">Nazwa produktu: <strong data-start=\"4572\" data-end=\"4616\">Microsoft Office 2021 dla U\u017cytkownik\u00f3w Domowych i Uczni\u00f3w Mac<\/strong><br data-start=\"4616\" data-end=\"4619\" \/>Typ licencji: Licencja do\u017cywotnia<br data-start=\"4649\" data-end=\"4652\" \/>Metoda aktywacji: Kod realizacji konta Microsoft<br data-start=\"4704\" data-end=\"4707\" \/>Platforma: macOS<br data-start=\"4722\" data-end=\"4725\" \/>Dostawa: Dostawa cyfrowa<br data-start=\"4751\" data-end=\"4754\" \/>J\u0119zyk: Wieloj\u0119zyczny<\/p>\n<hr data-start=\"4780\" data-end=\"4783\" \/>\n<h2 data-section-id=\"85kjbu\" data-start=\"4785\" data-end=\"4795\">Dostawa<\/h2>\n<p data-start=\"4797\" data-end=\"4945\">Po dokonaniu zakupu <strong data-start=\"4818\" data-end=\"4877\">Klucz aktywacyjny Microsoft Office 2021 dla U\u017cytkownik\u00f3w Domowych i Uczni\u00f3w Mac<\/strong> zostan\u0105 dostarczone w formie cyfrowej wraz z instrukcjami aktywacji.<\/p>\n<p data-start=\"4947\" data-end=\"4983\">\u017baden fizyczny produkt nie zostanie wys\u0142any.<\/p>\n<hr data-start=\"4985\" data-end=\"4988\" \/>\n<h2 data-section-id=\"8ukl95\" data-start=\"4990\" data-end=\"5015\">Instrukcje aktywacji<\/h2>\n<ol data-start=\"5017\" data-end=\"5238\">\n<li data-section-id=\"12r673\" data-start=\"5017\" data-end=\"5056\">\n<p data-start=\"5020\" data-end=\"5056\">Zaloguj si\u0119 na swoje konto Microsoft.<\/p>\n<\/li>\n<li data-section-id=\"s0q4tb\" data-start=\"5057\" data-end=\"5123\">\n<p data-start=\"5060\" data-end=\"5123\">Zrealizuj kod aktywacyjny na oficjalnej stronie Microsoft.<\/p>\n<\/li>\n<li data-section-id=\"r8bwxv\" data-start=\"5124\" data-end=\"5168\">\n<p data-start=\"5127\" data-end=\"5168\">Pobierz pakiet Microsoft Office 2021 dla komputer\u00f3w Mac.<\/p>\n<\/li>\n<li data-section-id=\"dohzbf\" data-start=\"5169\" data-end=\"5238\">\n<p data-start=\"5172\" data-end=\"5238\">Zainstaluj oprogramowanie i aktywuj je za pomoc\u0105 konta Microsoft.<\/p>\n<\/li>\n<\/ol>\n<hr data-start=\"5240\" data-end=\"5243\" \/>\n<h2 data-section-id=\"hkd5a4\" data-start=\"5245\" data-end=\"5273\">Cz\u0119sto zadawane pytania<\/h2>\n<p data-start=\"5275\" data-end=\"5379\"><strong data-start=\"5275\" data-end=\"5316\">Jak otrzymam klucz aktywacyjny?<\/strong><br data-start=\"5316\" data-end=\"5319\" \/>Po dokonaniu zakupu otrzymasz kod realizacji w formie cyfrowej.<\/p>\n<p data-start=\"5381\" data-end=\"5448\"><strong data-start=\"5381\" data-end=\"5412\">Czy jest to licencja do\u017cywotnia?<\/strong><br data-start=\"5412\" data-end=\"5415\" \/>Tak, licencja nie wygasa.<\/p>\n<p data-start=\"5450\" data-end=\"5580\"><strong data-start=\"5450\" data-end=\"5489\">Czy mog\u0119 p\u00f3\u017aniej ponownie zainstalowa\u0107 oprogramowanie?<\/strong><br data-start=\"5489\" data-end=\"5492\" \/>Tak, licencja jest powi\u0105zana z kontem Microsoft i mo\u017ce zosta\u0107 ponownie zainstalowana w razie potrzeby.<\/p>","protected":false},"excerpt":{"rendered":"<p data-start=\"651\" data-end=\"967\"><strong data-start=\"651\" data-end=\"710\">Klucz aktywacyjny Microsoft Office 2021 dla U\u017cytkownik\u00f3w Domowych i Uczni\u00f3w Mac<\/strong> zapewnia dost\u0119p do najwa\u017cniejszych aplikacji pakietu Microsoft Office dla systemu macOS. Ten pakiet produktywno\u015bci obejmuje programy Word, Excel, PowerPoint i OneNote, zapewniaj\u0105c pot\u0119\u017cne narz\u0119dzia dla student\u00f3w, u\u017cytkownik\u00f3w domowych i profesjonalist\u00f3w, kt\u00f3rzy potrzebuj\u0105 niezawodnego oprogramowania Office na komputerze Mac.<\/p>\n<p data-start=\"969\" data-end=\"1078\">Do\u017cywotnia licencja<br data-start=\"987\" data-end=\"990\" \/>Oficjalna aktywacja Microsoft<br data-start=\"1021\" data-end=\"1024\" \/>Szybka dostawa cyfrowa<br data-start=\"1050\" data-end=\"1053\" \/>Kompatybilno\u015b\u0107 z systemem macOS<\/p>","protected":false},"featured_media":11338,"comment_status":"open","ping_status":"closed","template":"","meta":[],"product_brand":[],"product_cat":[136,135],"product_tag":[353],"class_list":{"0":"post-11337","1":"product","2":"type-product","3":"status-publish","4":"has-post-thumbnail","6":"product_cat-office-for-mac","7":"product_cat-microsoft-office","8":"product_tag-microsoft-office-2021-home-student-mac","10":"first","11":"instock","12":"virtual","13":"purchasable","14":"product-type-simple"},"jetpack_sharing_enabled":true,"_links":{"self":[{"href":"https:\/\/keyzy.net\/pl\/wp-json\/wp\/v2\/product\/11337","targetHints":{"allow":["GET"]}}],"collection":[{"href":"https:\/\/keyzy.net\/pl\/wp-json\/wp\/v2\/product"}],"about":[{"href":"https:\/\/keyzy.net\/pl\/wp-json\/wp\/v2\/types\/product"}],"replies":[{"embeddable":true,"href":"https:\/\/keyzy.net\/pl\/wp-json\/wp\/v2\/comments?post=11337"}],"version-history":[{"count":3,"href":"https:\/\/keyzy.net\/pl\/wp-json\/wp\/v2\/product\/11337\/revisions"}],"predecessor-version":[{"id":11785,"href":"https:\/\/keyzy.net\/pl\/wp-json\/wp\/v2\/product\/11337\/revisions\/11785"}],"wp:featuredmedia":[{"embeddable":true,"href":"https:\/\/keyzy.net\/pl\/wp-json\/wp\/v2\/media\/11338"}],"wp:attachment":[{"href":"https:\/\/keyzy.net\/pl\/wp-json\/wp\/v2\/media?parent=11337"}],"wp:term":[{"taxonomy":"product_brand","embeddable":true,"href":"https:\/\/keyzy.net\/pl\/wp-json\/wp\/v2\/product_brand?post=11337"},{"taxonomy":"product_cat","embeddable":true,"href":"https:\/\/keyzy.net\/pl\/wp-json\/wp\/v2\/product_cat?post=11337"},{"taxonomy":"product_tag","embeddable":true,"href":"https:\/\/keyzy.net\/pl\/wp-json\/wp\/v2\/product_tag?post=11337"}],"curies":[{"name":"wp","href":"https:\/\/api.w.org\/{rel}","templated":true}]}}