{"id":10195,"date":"2024-08-29T14:31:49","date_gmt":"2024-08-29T14:31:49","guid":{"rendered":"https:\/\/digitalfinal-digitalfinal.tq1nfc.easypanel.host\/?post_type=product&#038;p=10195"},"modified":"2026-03-27T10:42:17","modified_gmt":"2026-03-27T10:42:17","slug":"quickbooks-desktop-enterprise-silver-2024-licencja-dozywotnia","status":"publish","type":"product","link":"https:\/\/keyzy.net\/pl\/product\/quickbooks-desktop-enterprise-silver-2024-lifetime-license\/","title":{"rendered":"Do\u017cywotnia licencja QuickBooks Desktop Enterprise Silver 2024 - wersja ameryka\u0144ska"},"content":{"rendered":"<h2>QuickBooks Desktop Enterprise Silver 2024 - do\u017cywotnia licencja (wersja ameryka\u0144ska)<\/h2>\n<p>QuickBooks Desktop Enterprise Silver 2024 Lifetime License to pot\u0119\u017cne rozwi\u0105zanie ksi\u0119gowe przeznaczone dla firm w Stanach Zjednoczonych do efektywnego zarz\u0105dzania finansami, raportowania, fakturowania i inwentaryzacji za pomoc\u0105 zaawansowanych narz\u0119dzi.<\/p>\n<h3>Kluczowe cechy<\/h3>\n<ul>\n<li>Zaawansowana ksi\u0119gowo\u015b\u0107 i zarz\u0105dzanie finansami<\/li>\n<li>Kompleksowe raportowanie i analizy<\/li>\n<li>Tworzenie faktur i \u015bledzenie p\u0142atno\u015bci<\/li>\n<li>\u015aledzenie zapas\u00f3w i zarz\u0105dzanie zakupami<\/li>\n<li>Przypomnienia o p\u0142acach i narz\u0119dzia do automatyzacji<\/li>\n<li>Obs\u0142uga wielu monitor\u00f3w dla wi\u0119kszej produktywno\u015bci<\/li>\n<\/ul>\n<h3>Wa\u017cna informacja o produkcie<\/h3>\n<ul>\n<li>To jest do\u017cywotnia licencja QuickBooks Desktop Enterprise Silver 2024<\/li>\n<li>Tylko wersja ameryka\u0144ska (obowi\u0105zuj\u0105 funkcje regionalne)<\/li>\n<li>Wa\u017cne tylko dla 1 u\u017cytkownika<\/li>\n<li>Zawiera licencj\u0119, numer produktu i kod walidacyjny<\/li>\n<li>Do aktywacji wymagane jest po\u0142\u0105czenie z Internetem<\/li>\n<\/ul>\n<h3>Przegl\u0105d<\/h3>\n<h4>Ksi\u0119gowo\u015b\u0107 i zarz\u0105dzanie finansami<\/h4>\n<p>Do\u017cywotnia licencja QuickBooks Desktop Enterprise Silver 2024 pomaga zarz\u0105dza\u0107 przychodami, wydatkami i raportami finansowymi z du\u017c\u0105 dok\u0142adno\u015bci\u0105 i wydajno\u015bci\u0105.<\/p>\n<h4>Sprawozdawczo\u015b\u0107 biznesowa<\/h4>\n<p>Generuj szczeg\u00f3\u0142owe raporty i zyskaj cenny wgl\u0105d w wydajno\u015b\u0107 swojej firmy dzi\u0119ki zaawansowanym narz\u0119dziom analitycznym.<\/p>\n<h4>Zarz\u0105dzanie zapasami<\/h4>\n<p>\u015aled\u017a poziomy zapas\u00f3w, efektywnie zarz\u0105dzaj zapasami i z \u0142atwo\u015bci\u0105 tw\u00f3rz zam\u00f3wienia zakupu.<\/p>\n<h4>Fakturowanie i p\u0142atno\u015bci<\/h4>\n<p>Tw\u00f3rz profesjonalne faktury, \u015bled\u017a p\u0142atno\u015bci klient\u00f3w i efektywnie zarz\u0105dzaj przep\u0142ywami pracy zwi\u0105zanymi z rozliczeniami.<\/p>\n<h4>Narz\u0119dzia zwi\u0119kszaj\u0105ce produktywno\u015b\u0107<\/h4>\n<p>Zwi\u0119ksz produktywno\u015b\u0107 dzi\u0119ki funkcjom automatyzacji, widokowi kalendarza i obs\u0142udze wielu monitor\u00f3w.<\/p>\n<h3>Wymagania systemowe<\/h3>\n<ul>\n<li>Windows 10\/11 (64-bit)<\/li>\n<li>Minimum 8 GB pami\u0119ci RAM<\/li>\n<li>Procesor 2,5 GHz lub szybszy<\/li>\n<li>Wymagane po\u0142\u0105czenie z Internetem<\/li>\n<\/ul>\n<h3>Co otrzymasz<\/h3>\n<ul>\n<li>Do\u017cywotni klucz licencyjny QuickBooks Desktop Enterprise Silver 2024<\/li>\n<li>Numer licencji, numer produktu i kod walidacyjny<\/li>\n<li>Instrukcje pobierania<\/li>\n<li>Instrukcja instalacji<\/li>\n<li>Obs\u0142uga klienta<\/li>\n<\/ul>\n<h3>Dlaczego warto u nas kupowa\u0107<\/h3>\n<ul>\n<li>Oryginalna licencja 100%<\/li>\n<li>Dostawa w ci\u0105gu 1 do 24 godzin<\/li>\n<li>Przyst\u0119pne ceny<\/li>\n<li>Niezawodne wsparcie<\/li>\n<\/ul>\n<h3>Informacje o produkcie<\/h3>\n<ul>\n<li>Produkt: QuickBooks Desktop Enterprise Silver 2024<\/li>\n<li>Licencja: Do\u017cywotnia<\/li>\n<li>U\u017cytkownicy: 1 U\u017cytkownik<\/li>\n<li>Region: Wersja USA<\/li>\n<li>Platforma: Windows<\/li>\n<\/ul>\n<h3>Dostawa<\/h3>\n<p>Do\u017cywotnia licencja QuickBooks Desktop Enterprise Silver 2024 zostanie dostarczona w ci\u0105gu 1 do 24 godzin po zakupie za po\u015brednictwem poczty elektronicznej.<\/p>\n<h3>Instrukcje aktywacji<\/h3>\n<ol>\n<li>Pobierz QuickBooks z oficjalnej strony internetowej<\/li>\n<li>Instalacja oprogramowania<\/li>\n<li>Wprowad\u017a szczeg\u00f3\u0142y licencji<\/li>\n<li>Aktywacja produktu<\/li>\n<\/ol>\n<h3>FAQ<\/h3>\n<p><strong>Czy jest to licencja do\u017cywotnia?<\/strong><br \/>\nTak, jednorazowy zakup.<\/p>\n<p><strong>Czy to wersja ameryka\u0144ska?<\/strong><br \/>\nTak, zaprojektowany dla ameryka\u0144skich firm.<\/p>\n<p><strong>Ilu u\u017cytkownik\u00f3w jest obs\u0142ugiwanych?<\/strong><br \/>\nTylko 1 u\u017cytkownik.<\/p>\n<p><strong>Jak szybka jest dostawa?<\/strong><br \/>\nDostawa jest realizowana w ci\u0105gu 1 do 24 godzin za po\u015brednictwem poczty elektronicznej.<\/p>","protected":false},"excerpt":{"rendered":"<p>QuickBooks Desktop Enterprise Silver 2024 do\u017cywotnia licencja na wersj\u0119 ameryka\u0144sk\u0105. Zaawansowane narz\u0119dzia do ksi\u0119gowania, raportowania i zarz\u0105dzania firm\u0105.<\/p>\n<ul>\n<li>Do\u017cywotnia licencja (zakup jednorazowy)<\/li>\n<li>Zaprojektowany dla ameryka\u0144skich firm<\/li>\n<li>Zaawansowane narz\u0119dzia do ksi\u0119gowania i raportowania<\/li>\n<\/ul>","protected":false},"featured_media":10258,"comment_status":"closed","ping_status":"closed","template":"","meta":[],"product_brand":[],"product_cat":[149],"product_tag":[150,151,152,153,154,155,156,157,158,159,160,161,162,163,164,165,166,382,167,168,169,170,171,172,173,174,175],"class_list":{"0":"post-10195","1":"product","2":"type-product","3":"status-publish","4":"has-post-thumbnail","6":"product_cat-quickbooks","7":"product_tag-150","8":"product_tag-accounting-software-for-businesses","9":"product_tag-accounting-software-subscription","10":"product_tag-affordable-finance-software","11":"product_tag-best-desktop-accounting-solution","12":"product_tag-business-financial-management","13":"product_tag-desktop-accounting-software","14":"product_tag-desktop-bookkeeping-tools","15":"product_tag-desktop-finance-tools-overview","16":"product_tag-enterprise","17":"product_tag-enterprise-edition-benefits","18":"product_tag-enterprise-edition-software-reviews","19":"product_tag-enterprise-edition-subscription-plans","20":"product_tag-quickbooks-2024-subscription-plans","21":"product_tag-quickbooks-desktop-enterprise-2024-subscription","22":"product_tag-quickbooks-desktop-enterprise-advantages","23":"product_tag-quickbooks-desktop-enterprise-plus-2024-lifetime-activation","24":"product_tag-quickbooks-desktop-enterprise-silver-2024-lifetime-license","25":"product_tag-quickbooks-desktop-enterprise-subscription","26":"product_tag-quickbooks-enterprise-advantages","27":"product_tag-quickbooks-enterprise-features","28":"product_tag-quickbooks-enterprise-pricing","29":"product_tag-quickbooks-enterprise-software-support","30":"product_tag-quickbooks-for-professional-use","31":"product_tag-secure-desktop-accounting","32":"product_tag-small-business-finance-solutions","33":"product_tag-subscription-based-bookkeeping","35":"first","36":"instock","37":"sale","38":"virtual","39":"sold-individually","40":"purchasable","41":"product-type-simple"},"jetpack_sharing_enabled":true,"_links":{"self":[{"href":"https:\/\/keyzy.net\/pl\/wp-json\/wp\/v2\/product\/10195","targetHints":{"allow":["GET"]}}],"collection":[{"href":"https:\/\/keyzy.net\/pl\/wp-json\/wp\/v2\/product"}],"about":[{"href":"https:\/\/keyzy.net\/pl\/wp-json\/wp\/v2\/types\/product"}],"replies":[{"embeddable":true,"href":"https:\/\/keyzy.net\/pl\/wp-json\/wp\/v2\/comments?post=10195"}],"version-history":[{"count":3,"href":"https:\/\/keyzy.net\/pl\/wp-json\/wp\/v2\/product\/10195\/revisions"}],"predecessor-version":[{"id":11563,"href":"https:\/\/keyzy.net\/pl\/wp-json\/wp\/v2\/product\/10195\/revisions\/11563"}],"wp:featuredmedia":[{"embeddable":true,"href":"https:\/\/keyzy.net\/pl\/wp-json\/wp\/v2\/media\/10258"}],"wp:attachment":[{"href":"https:\/\/keyzy.net\/pl\/wp-json\/wp\/v2\/media?parent=10195"}],"wp:term":[{"taxonomy":"product_brand","embeddable":true,"href":"https:\/\/keyzy.net\/pl\/wp-json\/wp\/v2\/product_brand?post=10195"},{"taxonomy":"product_cat","embeddable":true,"href":"https:\/\/keyzy.net\/pl\/wp-json\/wp\/v2\/product_cat?post=10195"},{"taxonomy":"product_tag","embeddable":true,"href":"https:\/\/keyzy.net\/pl\/wp-json\/wp\/v2\/product_tag?post=10195"}],"curies":[{"name":"wp","href":"https:\/\/api.w.org\/{rel}","templated":true}]}}