{"id":10054,"date":"2024-08-29T14:05:40","date_gmt":"2024-08-29T14:05:40","guid":{"rendered":"https:\/\/digitalfinal-digitalfinal.tq1nfc.easypanel.host\/?post_type=product&#038;p=10054"},"modified":"2026-03-28T17:24:24","modified_gmt":"2026-03-28T17:24:24","slug":"standardowa-licencja-cyfrowa-windows-server-2022","status":"publish","type":"product","link":"https:\/\/keyzy.net\/pl\/product\/windows-server-2022-standard-digital-license\/","title":{"rendered":"Windows Server 2022 Standard Digital License - do\u017cywotni klucz na 1 serwer"},"content":{"rendered":"<h2>Standardowa licencja cyfrowa systemu Windows Server 2022<\/h2>\n<p>Licencja cyfrowa Windows Server 2022 Standard to niezawodne i skalowalne rozwi\u0105zanie dla firm, kt\u00f3re chc\u0105 kupi\u0107 system Windows Server 2022 Standard z oryginalnym kluczem aktywacyjnym. Ten klucz Windows Server 2022 Standard zapewnia do\u017cywotni\u0105 licencj\u0119 na jeden serwer, zapewniaj\u0105c zwi\u0119kszone bezpiecze\u0144stwo, mo\u017cliwo\u015bci chmury hybrydowej i zoptymalizowan\u0105 wydajno\u015b\u0107. Dzi\u0119ki temu kluczowi aktywacyjnemu Windows Server mo\u017cna \u0142atwo aktywowa\u0107 serwer i wydajnie zarz\u0105dza\u0107 infrastruktur\u0105 biznesow\u0105.<\/p>\n<h3>Kluczowe cechy<\/h3>\n<ul>\n<li>Zaawansowana wielowarstwowa ochrona bezpiecze\u0144stwa<\/li>\n<li>Integracja chmury hybrydowej z platform\u0105 Azure<\/li>\n<li>Obs\u0142uga kontener\u00f3w i nowoczesnych aplikacji<\/li>\n<li>Do 2 maszyn wirtualnych (OSE)<\/li>\n<li>Ulepszona wydajno\u015b\u0107 i praca w sieci<\/li>\n<li>Elastyczne licencjonowanie oparte na rdzeniu<\/li>\n<li>\u0141atwa aktywacja serwera za pomoc\u0105 klucza aktywacyjnego Windows Server<\/li>\n<\/ul>\n<h3>Wa\u017cna informacja o produkcie<\/h3>\n<ul>\n<li>Typ produktu: Cyfrowy klucz licencyjny<\/li>\n<li>Typ licencji: Do\u017cywotnia (zakup jednorazowy)<\/li>\n<li>Aktywacja: 1 serwer \/ 1 u\u017cytkownik admin<\/li>\n<li>Region: Globalny (dzia\u0142a na ca\u0142ym \u015bwiecie)<\/li>\n<li>Limit urz\u0105dze\u0144: instalacja na jednym serwerze<\/li>\n<li>Licencjonowanie oparte na rdzeniach (rdzenie mog\u0105 si\u0119 r\u00f3\u017cni\u0107: 16\/20\/24)<\/li>\n<li>To NIE jest konto - tylko klucz licencyjny<\/li>\n<\/ul>\n<h3>Przegl\u0105d<\/h3>\n<h4>Zoptymalizowany do u\u017cytku biznesowego<\/h4>\n<p>Standardowa licencja cyfrowa systemu Windows Server 2022 jest przeznaczona dla \u015brodowisk fizycznych lub minimalnie zwirtualizowanych, dzi\u0119ki czemu jest idealna dla ma\u0142ych i \u015brednich firm.<\/p>\n<h4>Gotowo\u015b\u0107 na chmur\u0119 hybrydow\u0105<\/h4>\n<p>P\u0142ynna integracja z Microsoft Azure w celu rozszerzenia infrastruktury i wydajnego zarz\u0105dzania zasobami.<\/p>\n<h4>Zwi\u0119kszone bezpiecze\u0144stwo<\/h4>\n<p>Chro\u0144 swoje dane dzi\u0119ki wbudowanym wielowarstwowym funkcjom bezpiecze\u0144stwa zaprojektowanym do ochrony przed nowoczesnymi zagro\u017ceniami.<\/p>\n<h4>Wsparcie dla wirtualizacji<\/h4>\n<p>Je\u015bli planujesz zakup Windows Server 2022 Standard, ta edycja pozwala na maksymalnie dwie maszyny wirtualne w celu elastycznego wdro\u017cenia.<\/p>\n<h4>Nowoczesna infrastruktura<\/h4>\n<p>Uruchamiaj nowoczesne aplikacje z obs\u0142ug\u0105 kontener\u00f3w i ulepszonymi mo\u017cliwo\u015bciami sieciowymi.<\/p>\n<h3>Wymagania systemowe<\/h3>\n<ul>\n<li>Procesor: 64-bitowy procesor 1,4 GHz<\/li>\n<li>PAMI\u0118\u0106 RAM: Minimum 2 GB (zalecane 4 GB)<\/li>\n<li>Pami\u0119\u0107 masowa: Co najmniej 32 GB<\/li>\n<li>Sie\u0107: Zalecany Gigabit Ethernet<\/li>\n<li>Wymagane po\u0142\u0105czenie z Internetem<\/li>\n<\/ul>\n<h3>Co otrzymasz<\/h3>\n<ul>\n<li>Oryginalny cyfrowy klucz licencyjny Windows Server 2022 Standard<\/li>\n<li>Oficjalne instrukcje pobierania<\/li>\n<li>Przewodnik aktywacji<\/li>\n<li>Faktura zakupu<\/li>\n<\/ul>\n<h3>Dlaczego warto u nas kupowa\u0107<\/h3>\n<ul>\n<li>Dostawa w ci\u0105gu 1 do 24 godzin po dokonaniu p\u0142atno\u015bci<\/li>\n<li>Oryginalna licencja 100%<\/li>\n<li>Do\u017cywotnia gwarancja<\/li>\n<li>Konkurencyjne ceny<\/li>\n<li>Obs\u0142uga klienta 24\/7<\/li>\n<\/ul>\n<h3>Informacje o produkcie<\/h3>\n<ul>\n<li>Nazwa produktu: Windows Server 2022 Standard<\/li>\n<li>Typ licencji: Licencja cyfrowa<\/li>\n<li>Wa\u017cno\u015b\u0107: Do\u017cywotnia<\/li>\n<li>Aktywacja: 1 Serwer<\/li>\n<li>J\u0119zyk: Obs\u0142ugiwane wszystkie j\u0119zyki<\/li>\n<li>Dostawa: Pobranie cyfrowe<\/li>\n<\/ul>\n<h3>Dostawa<\/h3>\n<p>Licencja cyfrowa Windows Server 2022 Standard zostanie dostarczona w ci\u0105gu 1 do 24 godzin poczt\u0105 elektroniczn\u0105 po pomy\u015blnym dokonaniu p\u0142atno\u015bci.<\/p>\n<h3>Instrukcje aktywacji<\/h3>\n<ol>\n<li>Pobierz Windows Server 2022 Standard z oficjalnego \u017ar\u00f3d\u0142a<\/li>\n<li>Instalacja na serwerze<\/li>\n<li>Wprowad\u017a dostarczony klucz produktu<\/li>\n<li>Pe\u0142na aktywacja online<\/li>\n<\/ol>\n<h3>FAQ<\/h3>\n<p><strong>1. Czy jest to licencja do\u017cywotnia?<\/strong><br \/>\nTak, jest to jednorazowy zakup z do\u017cywotni\u0105 wa\u017cno\u015bci\u0105.<\/p>\n<p><strong>2. Ile serwer\u00f3w mog\u0119 aktywowa\u0107?<\/strong><br \/>\nTa licencja jest wa\u017cna tylko dla jednego serwera.<\/p>\n<p><strong>3. Czy obs\u0142uguje wirtualizacj\u0119?<\/strong><br \/>\nTak, do 2 maszyn wirtualnych.<\/p>\n<p><strong>4. Czy to jest konto?<\/strong><br \/>\nNie, jest to cyfrowy klucz licencyjny.<\/p>\n<p><strong>5. Czy otrzymam go natychmiast?<\/strong><br \/>\nDostawa jest realizowana w ci\u0105gu 1 do 24 godzin za po\u015brednictwem poczty elektronicznej po dokonaniu p\u0142atno\u015bci.<\/p>","protected":false},"excerpt":{"rendered":"<p>Standardowa licencja cyfrowa systemu Windows Server 2022 oferuje bezpieczne, skalowalne i wydajne funkcje serwera dla nowoczesnych firm.<\/p>\n<ul>\n<li>Do\u017cywotnia aktywacja - bez subskrypcji<\/li>\n<li>Obowi\u0105zuje dla instalacji na 1 serwerze<\/li>\n<li>Wsparcie integracji z chmur\u0105 hybrydow\u0105<\/li>\n<li>Szybka dostawa cyfrowa<\/li>\n<\/ul>\n<p>&nbsp;<\/p>","protected":false},"featured_media":10089,"comment_status":"closed","ping_status":"closed","template":"","meta":[],"product_brand":[],"product_cat":[123,124],"product_tag":[411],"class_list":{"0":"post-10054","1":"product","2":"type-product","3":"status-publish","4":"has-post-thumbnail","6":"product_cat-microsoft-windows","7":"product_cat-windows-server","8":"product_tag-windows-server-2022-standard-digital-license","10":"first","11":"instock","12":"shipping-taxable","13":"purchasable","14":"product-type-variable"},"jetpack_sharing_enabled":true,"_links":{"self":[{"href":"https:\/\/keyzy.net\/pl\/wp-json\/wp\/v2\/product\/10054","targetHints":{"allow":["GET"]}}],"collection":[{"href":"https:\/\/keyzy.net\/pl\/wp-json\/wp\/v2\/product"}],"about":[{"href":"https:\/\/keyzy.net\/pl\/wp-json\/wp\/v2\/types\/product"}],"replies":[{"embeddable":true,"href":"https:\/\/keyzy.net\/pl\/wp-json\/wp\/v2\/comments?post=10054"}],"version-history":[{"count":3,"href":"https:\/\/keyzy.net\/pl\/wp-json\/wp\/v2\/product\/10054\/revisions"}],"predecessor-version":[{"id":11624,"href":"https:\/\/keyzy.net\/pl\/wp-json\/wp\/v2\/product\/10054\/revisions\/11624"}],"wp:featuredmedia":[{"embeddable":true,"href":"https:\/\/keyzy.net\/pl\/wp-json\/wp\/v2\/media\/10089"}],"wp:attachment":[{"href":"https:\/\/keyzy.net\/pl\/wp-json\/wp\/v2\/media?parent=10054"}],"wp:term":[{"taxonomy":"product_brand","embeddable":true,"href":"https:\/\/keyzy.net\/pl\/wp-json\/wp\/v2\/product_brand?post=10054"},{"taxonomy":"product_cat","embeddable":true,"href":"https:\/\/keyzy.net\/pl\/wp-json\/wp\/v2\/product_cat?post=10054"},{"taxonomy":"product_tag","embeddable":true,"href":"https:\/\/keyzy.net\/pl\/wp-json\/wp\/v2\/product_tag?post=10054"}],"curies":[{"name":"wp","href":"https:\/\/api.w.org\/{rel}","templated":true}]}}