{"id":10630,"date":"2026-03-03T17:27:20","date_gmt":"2026-03-03T17:27:20","guid":{"rendered":"https:\/\/keyzy.net\/?page_id=10630"},"modified":"2026-04-14T11:33:49","modified_gmt":"2026-04-14T11:33:49","slug":"o-nas","status":"publish","type":"page","link":"https:\/\/keyzy.net\/pl\/about-us\/","title":{"rendered":"O nas"},"content":{"rendered":"<h1 class=\"wp-block-heading\"><strong>Odblokuj sw\u00f3j potencja\u0142 dzi\u0119ki oryginalnym kluczom - najlepsze ceny, bezproblemowa aktywacja.<\/strong><\/h1>\n\n\n\n<p>Oferujemy oryginalne klucze oprogramowania w bezkonkurencyjnych cenach, zapewniaj\u0105c kilka kluczowych korzy\u015bci:<\/p>\n\n\n\n<p><strong>Autentyczno\u015b\u0107<\/strong>: Nasze klucze s\u0105 100% oryginalne i pochodz\u0105 bezpo\u015brednio od zaufanych dostawc\u00f3w. Gwarantuje to otrzymanie oryginalnego oprogramowania, kt\u00f3re dzia\u0142a niezawodnie i spe\u0142nia wszystkie wymagania licencyjne.<\/p>\n\n\n\n<p><strong>Gwarancja najlepszej ceny<\/strong>: Naszym celem jest oferowanie najlepszych cen na rynku. Nasze wydajne zaopatrzenie i zakupy hurtowe pozwalaj\u0105 nam przekazywa\u0107 znaczne oszcz\u0119dno\u015bci bez uszczerbku dla jako\u015bci.<\/p>\n\n\n\n<p><strong>P\u0142ynna aktywacja<\/strong>: Ciesz si\u0119 bezproblemow\u0105 aktywacj\u0105. Nasze klucze gwarantuj\u0105 doskona\u0142e dzia\u0142anie, zapewniaj\u0105c natychmiastowy dost\u0119p do oprogramowania i wszystkich jego funkcji.<\/p>\n\n\n\n<p><strong>Obs\u0142uga klienta<\/strong>: Nasz dedykowany zesp\u00f3\u0142 wsparcia jest tutaj, aby pom\u00f3c Ci we wszelkich kwestiach lub pytaniach, zapewniaj\u0105c p\u0142ynne i satysfakcjonuj\u0105ce do\u015bwiadczenie z zakupem.<\/p>","protected":false},"excerpt":{"rendered":"<p>Unlock Your Potential with Genuine Keys\u2014Best Prices, Seamless Activation. We offer genuine software keys at unbeatable prices, providing you with<\/p>","protected":false},"author":4,"featured_media":0,"parent":0,"menu_order":0,"comment_status":"closed","ping_status":"closed","template":"","meta":{"footnotes":""},"class_list":["post-10630","page","type-page","status-publish","hentry"],"jetpack_sharing_enabled":true,"_links":{"self":[{"href":"https:\/\/keyzy.net\/pl\/wp-json\/wp\/v2\/pages\/10630","targetHints":{"allow":["GET"]}}],"collection":[{"href":"https:\/\/keyzy.net\/pl\/wp-json\/wp\/v2\/pages"}],"about":[{"href":"https:\/\/keyzy.net\/pl\/wp-json\/wp\/v2\/types\/page"}],"author":[{"embeddable":true,"href":"https:\/\/keyzy.net\/pl\/wp-json\/wp\/v2\/users\/4"}],"replies":[{"embeddable":true,"href":"https:\/\/keyzy.net\/pl\/wp-json\/wp\/v2\/comments?post=10630"}],"version-history":[{"count":2,"href":"https:\/\/keyzy.net\/pl\/wp-json\/wp\/v2\/pages\/10630\/revisions"}],"predecessor-version":[{"id":11696,"href":"https:\/\/keyzy.net\/pl\/wp-json\/wp\/v2\/pages\/10630\/revisions\/11696"}],"wp:attachment":[{"href":"https:\/\/keyzy.net\/pl\/wp-json\/wp\/v2\/media?parent=10630"}],"curies":[{"name":"wp","href":"https:\/\/api.w.org\/{rel}","templated":true}]}}