{"id":11346,"date":"2026-03-14T14:18:55","date_gmt":"2026-03-14T14:18:55","guid":{"rendered":"https:\/\/keyzy.net\/?post_type=product&#038;p=11346"},"modified":"2026-04-18T15:44:19","modified_gmt":"2026-04-18T15:44:19","slug":"microsoft-excel-2021-activation-key-lifetime-license-pc-digital-download","status":"publish","type":"product","link":"https:\/\/keyzy.net\/fr\/product\/microsoft-excel-2021-activation-key-lifetime-license-pc-digital-download\/","title":{"rendered":"Microsoft Excel 2021 Cl\u00e9 d'activation - Licence \u00e0 vie - PC - T\u00e9l\u00e9chargement num\u00e9rique"},"content":{"rendered":"<h1 data-section-id=\"u0ybrq\" data-start=\"922\" data-end=\"936\">Caract\u00e9ristiques principales<\/h1>\n<p data-start=\"938\" data-end=\"1212\">- Des outils puissants de feuilles de calcul et d'analyse de donn\u00e9es<br data-start=\"984\" data-end=\"987\" \/>- Nouvelles fonctions, notamment <strong data-start=\"1013\" data-end=\"1024\">XLOOKUP<\/strong> et <strong data-start=\"1029\" data-end=\"1036\">LET<\/strong><br data-start=\"1036\" data-end=\"1039\" \/>- Des graphiques modernes et des tableaux de bord professionnels<br data-start=\"1082\" data-end=\"1085\" \/>- Performances optimis\u00e9es pour les grands ensembles de donn\u00e9es<br data-start=\"1127\" data-end=\"1130\" \/>- Am\u00e9lioration de la collaboration et du partage des fichiers<br data-start=\"1171\" data-end=\"1174\" \/>- Interface utilisateur claire et intuitive<\/p>\n<hr data-start=\"1029\" data-end=\"1032\" \/>\n<h1 data-section-id=\"g7i1d1\" data-start=\"1219\" data-end=\"1229\">Vue d'ensemble<\/h1>\n<p data-start=\"1231\" data-end=\"1378\"><strong data-start=\"1231\" data-end=\"1270\">Cl\u00e9 d'activation de Microsoft Excel 2021<\/strong> vous permet de d\u00e9bloquer la version compl\u00e8te de l'un des tableurs les plus utilis\u00e9s au monde.<\/p>\n<p data-start=\"1380\" data-end=\"1711\"><strong data-start=\"1380\" data-end=\"1404\">Microsoft Excel 2021<\/strong> est con\u00e7u pour les professionnels et les particuliers qui ont besoin d'outils puissants pour organiser, analyser et visualiser efficacement les donn\u00e9es. Que vous g\u00e9riez des rapports financiers, construisiez des tableaux de bord ou travailliez avec des ensembles de donn\u00e9es complexes, Excel fournit les outils n\u00e9cessaires pour transformer des donn\u00e9es brutes en informations pr\u00e9cieuses.<\/p>\n<p data-start=\"1713\" data-end=\"2007\">Le logiciel offre des performances am\u00e9lior\u00e9es et des fonctionnalit\u00e9s avanc\u00e9es, permettant aux utilisateurs de traiter des ensembles de donn\u00e9es plus importants de mani\u00e8re plus efficace. Il offre des fonctions de calcul am\u00e9lior\u00e9es et des outils modernes de visualisation des donn\u00e9es, <strong data-start=\"1914\" data-end=\"1938\">Microsoft Excel 2021<\/strong> aide les utilisateurs \u00e0 cr\u00e9er des feuilles de calcul professionnelles rapidement et avec pr\u00e9cision.<\/p>\n<hr data-start=\"1764\" data-end=\"1767\" \/>\n<h3 data-section-id=\"5jcvcf\" data-start=\"2014\" data-end=\"2046\">Outils puissants d'analyse des donn\u00e9es<\/h3>\n<p data-start=\"2048\" data-end=\"2147\">L'un des principaux avantages de la <strong data-start=\"2079\" data-end=\"2103\">Microsoft Excel 2021<\/strong> est sa puissante capacit\u00e9 d'analyse des donn\u00e9es.<\/p>\n<p data-start=\"2149\" data-end=\"2309\">La derni\u00e8re version introduit de nouvelles fonctions telles que <strong data-start=\"2201\" data-end=\"2212\">XLOOKUP<\/strong> et <strong data-start=\"2217\" data-end=\"2224\">LET<\/strong>, qui simplifient les formules complexes et rendent le traitement des donn\u00e9es plus rapide et plus efficace.<\/p>\n<p data-start=\"2311\" data-end=\"2433\">Les utilisateurs peuvent automatiser les calculs, cr\u00e9er des formules avanc\u00e9es et analyser de grands ensembles de donn\u00e9es avec une rapidit\u00e9 et une fiabilit\u00e9 accrues.<\/p>\n<p data-start=\"2435\" data-end=\"2520\">Le moteur de performance optimis\u00e9 garantit que m\u00eame les feuilles de calcul complexes s'ex\u00e9cutent sans probl\u00e8me.<\/p>\n<hr data-start=\"2285\" data-end=\"2288\" \/>\n<h3 data-section-id=\"1ecrpxq\" data-start=\"2527\" data-end=\"2565\">Graphiques et tableaux de bord professionnels<\/h3>\n<p data-start=\"2567\" data-end=\"2714\"><strong data-start=\"2567\" data-end=\"2591\">Microsoft Excel 2021<\/strong> comprend des outils modernes de repr\u00e9sentation graphique et de visualisation qui aident les utilisateurs \u00e0 pr\u00e9senter les donn\u00e9es de mani\u00e8re claire et professionnelle.<\/p>\n<p data-start=\"2716\" data-end=\"2864\">Gr\u00e2ce \u00e0 des tableaux de bord am\u00e9lior\u00e9s et \u00e0 des graphiques dynamiques, les utilisateurs peuvent facilement surveiller les indicateurs de performance, suivre les donn\u00e9es financi\u00e8res et g\u00e9n\u00e9rer des rapports pertinents.<\/p>\n<p data-start=\"2866\" data-end=\"2973\">Ces fonctionnalit\u00e9s font d'Excel un outil essentiel pour les entreprises, les comptables, les ing\u00e9nieurs, les analystes et les \u00e9tudiants.<\/p>\n<hr data-start=\"2730\" data-end=\"2733\" \/>\n<h2 data-section-id=\"136hq9m\" data-start=\"2980\" data-end=\"3003\">Ce que vous recevrez<\/h2>\n<p data-start=\"3005\" data-end=\"3134\">\u2714 <strong data-start=\"3007\" data-end=\"3046\">Cl\u00e9 d'activation de Microsoft Excel 2021<\/strong><br data-start=\"3046\" data-end=\"3049\" \/>\u2714 Lien officiel de t\u00e9l\u00e9chargement Microsoft<br data-start=\"3083\" data-end=\"3086\" \/>Licence \u00e0 vie<br data-start=\"3104\" data-end=\"3107\" \/>\u2714 Instructions d'activation<\/p>\n<p data-start=\"3136\" data-end=\"3280\">Apr\u00e8s avoir effectu\u00e9 votre achat, la cl\u00e9 d'activation vous sera livr\u00e9e sous forme num\u00e9rique, ce qui vous permettra de t\u00e9l\u00e9charger et d'activer le logiciel rapidement et facilement.<\/p>\n<hr data-start=\"3037\" data-end=\"3040\" \/>\n<h2 data-section-id=\"15uen7i\" data-start=\"3287\" data-end=\"3304\">Pourquoi acheter chez nous ?<\/h2>\n<p data-start=\"3306\" data-end=\"3392\">\u2714 <strong data-start=\"3308\" data-end=\"3336\">Livraison num\u00e9rique rapide<\/strong> - Recevez votre cl\u00e9 d'activation rapidement apr\u00e8s l'achat.<\/p>\n<p data-start=\"3394\" data-end=\"3463\">\u2714 <strong data-start=\"3396\" data-end=\"3416\">Licence \u00e0 vie<\/strong> - Achat unique sans date d'expiration.<\/p>\n<p data-start=\"3465\" data-end=\"3526\">\u2714 <strong data-start=\"3467\" data-end=\"3485\">Paiement s\u00e9curis\u00e9<\/strong> - Processus de paiement s\u00fbr et prot\u00e9g\u00e9.<\/p>\n<p data-start=\"3528\" data-end=\"3612\">\u2714 <strong data-start=\"3530\" data-end=\"3554\">Soutien professionnel<\/strong> - Notre \u00e9quipe d'assistance est \u00e0 votre disposition si vous avez besoin d'aide.<\/p>\n<p data-start=\"3614\" data-end=\"3685\">\u2714 <strong data-start=\"3616\" data-end=\"3636\">Logiciel de confiance<\/strong> - Activer la version officielle.<\/p>\n<hr data-start=\"3442\" data-end=\"3445\" \/>\n<h2 data-section-id=\"tdp9n3\" data-start=\"3692\" data-end=\"3713\">Configuration requise<\/h2>\n<p data-start=\"3715\" data-end=\"3928\">Syst\u00e8me d'exploitation : Windows 10 \/ Windows 11<br data-start=\"3756\" data-end=\"3759\" \/>Processeur : 1,6 GHz ou plus rapide<br data-start=\"3797\" data-end=\"3800\" \/>M\u00c9MOIRE VIVE (RAM) : Minimum 4 Go (8 Go recommand\u00e9s)<br data-start=\"3836\" data-end=\"3839\" \/>Espace de stockage : Minimum 4 Go d'espace disque disponible<br data-start=\"3881\" data-end=\"3884\" \/>Une connexion Internet est n\u00e9cessaire pour l'activation.<\/p>\n<hr data-start=\"3685\" data-end=\"3688\" \/>\n<h2 data-section-id=\"15qw8x\" data-start=\"3935\" data-end=\"3956\">Informations sur le produit<\/h2>\n<p data-start=\"3958\" data-end=\"4144\">Nom du produit : <strong data-start=\"3972\" data-end=\"3996\">Microsoft Excel 2021<\/strong><br data-start=\"3996\" data-end=\"3999\" \/>Type de licence : Licence \u00e0 vie<br data-start=\"4029\" data-end=\"4032\" \/>M\u00e9thode d'activation : Cl\u00e9 d'activation<br data-start=\"4065\" data-end=\"4068\" \/>Plate-forme : Windows PC<br data-start=\"4088\" data-end=\"4091\" \/>Livraison : Livraison num\u00e9rique<br data-start=\"4117\" data-end=\"4120\" \/>Langue : Multilingue<\/p>\n<hr data-start=\"3901\" data-end=\"3904\" \/>\n<h2 data-section-id=\"85kjbu\" data-start=\"4151\" data-end=\"4161\">Livraison<\/h2>\n<p data-start=\"4163\" data-end=\"4308\">Apr\u00e8s l'achat, votre <strong data-start=\"4184\" data-end=\"4223\">Cl\u00e9 d'activation de Microsoft Excel 2021<\/strong> sera livr\u00e9 sous forme num\u00e9rique, accompagn\u00e9 d'instructions pour l'installation et l'activation.<\/p>\n<p data-start=\"4310\" data-end=\"4346\">Aucun produit physique ne sera exp\u00e9di\u00e9.<\/p>\n<hr data-start=\"4078\" data-end=\"4081\" \/>\n<h1 data-section-id=\"8ukl95\" data-start=\"4353\" data-end=\"4378\">Instructions d'activation<\/h1>\n<ol data-start=\"4380\" data-end=\"4591\">\n<li data-section-id=\"114nukj\" data-start=\"4380\" data-end=\"4451\">\n<p data-start=\"4383\" data-end=\"4451\">T\u00e9l\u00e9chargez Microsoft Excel 2021 \u00e0 partir du site officiel de Microsoft.<\/p>\n<\/li>\n<li data-section-id=\"f3yz13\" data-start=\"4452\" data-end=\"4495\">\n<p data-start=\"4455\" data-end=\"4495\">Installez le logiciel sur votre ordinateur.<\/p>\n<\/li>\n<li data-section-id=\"alppj0\" data-start=\"4496\" data-end=\"4550\">\n<p data-start=\"4499\" data-end=\"4550\">Saisir la cl\u00e9 d'activation fournie apr\u00e8s l'achat.<\/p>\n<\/li>\n<li data-section-id=\"19uyr2t\" data-start=\"4551\" data-end=\"4591\">\n<p data-start=\"4554\" data-end=\"4591\">Commencer \u00e0 utiliser <strong data-start=\"4566\" data-end=\"4590\">Microsoft Excel 2021<\/strong>.<\/p>\n<\/li>\n<\/ol>\n<hr data-start=\"4302\" data-end=\"4305\" \/>\n<h1 data-section-id=\"hkd5a4\" data-start=\"4598\" data-end=\"4626\">Questions fr\u00e9quemment pos\u00e9es<\/h1>\n<p data-start=\"4628\" data-end=\"4756\"><strong data-start=\"4628\" data-end=\"4669\">Comment vais-je recevoir ma cl\u00e9 d'activation ?<\/strong><br data-start=\"4669\" data-end=\"4672\" \/>Votre cl\u00e9 d'activation Microsoft Excel 2021 vous sera livr\u00e9e num\u00e9riquement apr\u00e8s l'achat.<\/p>\n<p data-start=\"4758\" data-end=\"4825\"><strong data-start=\"4758\" data-end=\"4789\">S'agit-il d'une licence \u00e0 vie ?<\/strong><br data-start=\"4789\" data-end=\"4792\" \/>Oui, la licence n'expire pas.<\/p>\n<p data-start=\"4827\" data-end=\"4927\"><strong data-start=\"4827\" data-end=\"4874\">Puis-je r\u00e9installer Microsoft Excel 2021 ult\u00e9rieurement ?<\/strong><br data-start=\"4874\" data-end=\"4877\" \/>Oui, le logiciel peut \u00eatre r\u00e9install\u00e9 si n\u00e9cessaire.<\/p>","protected":false},"excerpt":{"rendered":"<p data-start=\"458\" data-end=\"782\"><strong data-start=\"458\" data-end=\"497\">Cl\u00e9 d'activation de Microsoft Excel 2021<\/strong> vous donne acc\u00e8s \u00e0 l'une des applications de tableur les plus puissantes pour l'analyse de donn\u00e9es, la gestion financi\u00e8re et les rapports professionnels. Excel 2021 comprend des performances am\u00e9lior\u00e9es, des graphiques modernes et des fonctions avanc\u00e9es con\u00e7ues pour les professionnels, les \u00e9tudiants et les analystes de donn\u00e9es.<\/p>\n<p data-start=\"784\" data-end=\"915\">Licence \u00e0 vie<br data-start=\"802\" data-end=\"805\" \/>\u2714 Livraison num\u00e9rique rapide<br data-start=\"831\" data-end=\"834\" \/>\u2714 Outils avanc\u00e9s d'analyse des donn\u00e9es<br data-start=\"864\" data-end=\"867\" \/>\u2714 Parfait pour les affaires, la finance et l'\u00e9ducation<\/p>","protected":false},"featured_media":11856,"comment_status":"open","ping_status":"closed","template":"","meta":[],"product_brand":[],"product_cat":[142,135],"product_tag":[356],"class_list":{"0":"post-11346","1":"product","2":"type-product","3":"status-publish","4":"has-post-thumbnail","6":"product_cat-office-for-pc","7":"product_cat-microsoft-office","8":"product_tag-microsoft-excel-2021","10":"first","11":"instock","12":"virtual","13":"purchasable","14":"product-type-simple"},"jetpack_sharing_enabled":true,"_links":{"self":[{"href":"https:\/\/keyzy.net\/fr\/wp-json\/wp\/v2\/product\/11346","targetHints":{"allow":["GET"]}}],"collection":[{"href":"https:\/\/keyzy.net\/fr\/wp-json\/wp\/v2\/product"}],"about":[{"href":"https:\/\/keyzy.net\/fr\/wp-json\/wp\/v2\/types\/product"}],"replies":[{"embeddable":true,"href":"https:\/\/keyzy.net\/fr\/wp-json\/wp\/v2\/comments?post=11346"}],"version-history":[{"count":5,"href":"https:\/\/keyzy.net\/fr\/wp-json\/wp\/v2\/product\/11346\/revisions"}],"predecessor-version":[{"id":11782,"href":"https:\/\/keyzy.net\/fr\/wp-json\/wp\/v2\/product\/11346\/revisions\/11782"}],"wp:featuredmedia":[{"embeddable":true,"href":"https:\/\/keyzy.net\/fr\/wp-json\/wp\/v2\/media\/11856"}],"wp:attachment":[{"href":"https:\/\/keyzy.net\/fr\/wp-json\/wp\/v2\/media?parent=11346"}],"wp:term":[{"taxonomy":"product_brand","embeddable":true,"href":"https:\/\/keyzy.net\/fr\/wp-json\/wp\/v2\/product_brand?post=11346"},{"taxonomy":"product_cat","embeddable":true,"href":"https:\/\/keyzy.net\/fr\/wp-json\/wp\/v2\/product_cat?post=11346"},{"taxonomy":"product_tag","embeddable":true,"href":"https:\/\/keyzy.net\/fr\/wp-json\/wp\/v2\/product_tag?post=11346"}],"curies":[{"name":"wp","href":"https:\/\/api.w.org\/{rel}","templated":true}]}}