{"id":11343,"date":"2026-03-14T13:59:08","date_gmt":"2026-03-14T13:59:08","guid":{"rendered":"https:\/\/keyzy.net\/?post_type=product&#038;p=11343"},"modified":"2026-04-16T11:03:27","modified_gmt":"2026-04-16T11:03:27","slug":"cle-dactivation-microsoft-office-2021-professional-plus-licence-a-vie-windows-5-pcs","status":"publish","type":"product","link":"https:\/\/keyzy.net\/fr\/product\/microsoft-office-2021-professional-plus-activation-key-lifetime-license-windows-5-pcs\/","title":{"rendered":"Microsoft Office 2021 Professional Plus Activation Key - Lifetime License - Windows - 5 PCs"},"content":{"rendered":"<h2 data-section-id=\"u0ybrq\" data-start=\"1292\" data-end=\"1306\">Caract\u00e9ristiques principales<\/h2>\n<p data-start=\"1308\" data-end=\"1691\">- Suite Office compl\u00e8te comprenant Word, Excel, PowerPoint, Outlook, Access et Publisher<br data-start=\"1397\" data-end=\"1400\" \/>- Activation en ligne avec installation rapide et s\u00e9curis\u00e9e<br data-start=\"1446\" data-end=\"1449\" \/>- Outils puissants pour les documents, les feuilles de calcul, les pr\u00e9sentations et les courriers \u00e9lectroniques<br data-start=\"1520\" data-end=\"1523\" \/>- Optimisation des performances et am\u00e9lioration des fonctions de collaboration<br data-start=\"1582\" data-end=\"1585\" \/>- Interface propre et intuitive pour une productivit\u00e9 professionnelle<br data-start=\"1646\" data-end=\"1649\" \/>- Il est possible d'installer jusqu'\u00e0 <strong data-start=\"1682\" data-end=\"1691\">5 PC<\/strong><\/p>\n<h2 data-section-id=\"g7i1d1\" data-start=\"1698\" data-end=\"1708\">Vue d'ensemble<\/h2>\n<p data-start=\"1710\" data-end=\"1870\"><strong data-start=\"1710\" data-end=\"1768\">Cl\u00e9 d'activation de Microsoft Office 2021 Professional Plus<\/strong> d\u00e9bloque la version compl\u00e8te de l'une des suites de productivit\u00e9 les plus puissantes disponibles pour les utilisateurs de Windows.<\/p>\n<p data-start=\"1872\" data-end=\"2121\"><strong data-start=\"1872\" data-end=\"1915\">Microsoft Office 2021 Professionnel Plus<\/strong> est con\u00e7u pour aider les particuliers et les entreprises \u00e0 travailler plus efficacement en fournissant un ensemble complet d'outils professionnels pour la cr\u00e9ation de documents, l'analyse de donn\u00e9es, la gestion des courriers \u00e9lectroniques et la r\u00e9alisation de pr\u00e9sentations.<\/p>\n<p data-start=\"2123\" data-end=\"2330\">La suite comprend des applications essentielles telles que <strong data-start=\"2173\" data-end=\"2232\">Word, Excel, PowerPoint, Outlook, Access et Publisher<\/strong>, Chacun d'entre eux est con\u00e7u pour soutenir diff\u00e9rentes t\u00e2ches professionnelles et am\u00e9liorer la productivit\u00e9 au quotidien.<\/p>\n<p data-start=\"2332\" data-end=\"2510\">Avec son interface moderne et ses performances am\u00e9lior\u00e9es, <strong data-start=\"2384\" data-end=\"2427\">Microsoft Office 2021 Professionnel Plus<\/strong> fournit un environnement stable et fiable pour une utilisation personnelle et professionnelle.<\/p>\n<hr data-start=\"2512\" data-end=\"2515\" \/>\n<h3 data-section-id=\"mcj969\" data-start=\"2517\" data-end=\"2550\">Applications bureautiques essentielles<\/h3>\n<p data-start=\"2552\" data-end=\"2661\"><strong data-start=\"2552\" data-end=\"2595\">Microsoft Office 2021 Professionnel Plus<\/strong> comprend une collection compl\u00e8te d'applications de productivit\u00e9 puissantes :<\/p>\n<p data-start=\"2663\" data-end=\"3119\">\u2022 <strong data-start=\"2665\" data-end=\"2683\">Microsoft Word<\/strong> - Cr\u00e9er des documents et des rapports professionnels<br data-start=\"2727\" data-end=\"2730\" \/>\u2022 <strong data-start=\"2732\" data-end=\"2751\">Microsoft Excel<\/strong> - Effectuer des analyses de donn\u00e9es et des calculs financiers avanc\u00e9s<br data-start=\"2811\" data-end=\"2814\" \/>\u2022 <strong data-start=\"2816\" data-end=\"2840\">Microsoft PowerPoint<\/strong> - Concevoir des pr\u00e9sentations et des rapports visuels attrayants<br data-start=\"2891\" data-end=\"2894\" \/>\u2022 <strong data-start=\"2896\" data-end=\"2917\">Microsoft Outlook<\/strong> - G\u00e9rer efficacement les courriels, les calendriers et les contacts<br data-start=\"2970\" data-end=\"2973\" \/>\u2022 <strong data-start=\"2975\" data-end=\"2995\">Microsoft Access<\/strong> - Construire et g\u00e9rer des bases de donn\u00e9es professionnelles<br data-start=\"3037\" data-end=\"3040\" \/>\u2022 <strong data-start=\"3042\" data-end=\"3065\">Microsoft Publisher<\/strong> - Cr\u00e9er du mat\u00e9riel de marketing et des mises en page professionnelles<\/p>\n<p data-start=\"3121\" data-end=\"3218\">Ces outils fournissent tout ce qui est n\u00e9cessaire pour g\u00e9rer les op\u00e9rations commerciales et les t\u00e2ches de productivit\u00e9 quotidiennes.<\/p>\n<hr data-start=\"3220\" data-end=\"3223\" \/>\n<h3 data-section-id=\"kx22gc\" data-start=\"3225\" data-end=\"3268\">Am\u00e9lioration de la productivit\u00e9 et de la collaboration<\/h3>\n<p data-start=\"3270\" data-end=\"3422\">La derni\u00e8re version de <strong data-start=\"3292\" data-end=\"3335\">Microsoft Office 2021 Professionnel Plus<\/strong> introduit plusieurs am\u00e9liorations destin\u00e9es \u00e0 optimiser le flux de travail et \u00e0 accro\u00eetre l'efficacit\u00e9.<\/p>\n<p data-start=\"3424\" data-end=\"3539\">Les utilisateurs b\u00e9n\u00e9ficient de performances plus rapides, d'outils de collaboration am\u00e9lior\u00e9s et de fonctionnalit\u00e9s plus performantes dans toutes les applications.<\/p>\n<p data-start=\"3541\" data-end=\"3715\">Le logiciel est optimis\u00e9 pour travailler avec des documents volumineux, des feuilles de calcul complexes et des pr\u00e9sentations professionnelles, ce qui le rend id\u00e9al pour les entreprises, les \u00e9tudiants et les professionnels.<\/p>\n<hr data-start=\"3717\" data-end=\"3720\" \/>\n<h2 data-section-id=\"136hq9m\" data-start=\"3722\" data-end=\"3745\">Ce que vous recevrez<\/h2>\n<p data-start=\"3747\" data-end=\"3895\">\u2714 <strong data-start=\"3749\" data-end=\"3807\">Cl\u00e9 d'activation de Microsoft Office 2021 Professional Plus<\/strong><br data-start=\"3807\" data-end=\"3810\" \/>\u2714 Lien officiel de t\u00e9l\u00e9chargement Microsoft<br data-start=\"3844\" data-end=\"3847\" \/>Licence \u00e0 vie<br data-start=\"3865\" data-end=\"3868\" \/>\u2714 Instructions d'activation<\/p>\n<p data-start=\"3897\" data-end=\"4041\">Apr\u00e8s avoir effectu\u00e9 votre achat, la cl\u00e9 d'activation vous sera livr\u00e9e num\u00e9riquement afin que vous puissiez t\u00e9l\u00e9charger et activer le logiciel rapidement et facilement.<\/p>\n<hr data-start=\"4043\" data-end=\"4046\" \/>\n<h2 data-section-id=\"15uen7i\" data-start=\"4048\" data-end=\"4065\">Pourquoi acheter chez nous ?<\/h2>\n<p data-start=\"4067\" data-end=\"4153\">\u2714 <strong data-start=\"4069\" data-end=\"4097\">Livraison num\u00e9rique rapide<\/strong> - Recevez votre cl\u00e9 d'activation rapidement apr\u00e8s l'achat.<\/p>\n<p data-start=\"4155\" data-end=\"4224\">\u2714 <strong data-start=\"4157\" data-end=\"4177\">Licence \u00e0 vie<\/strong> - Achat unique sans date d'expiration.<\/p>\n<p data-start=\"4226\" data-end=\"4287\">\u2714 <strong data-start=\"4228\" data-end=\"4246\">Paiement s\u00e9curis\u00e9<\/strong> - Processus de paiement s\u00fbr et prot\u00e9g\u00e9.<\/p>\n<p data-start=\"4289\" data-end=\"4373\">\u2714 <strong data-start=\"4291\" data-end=\"4315\">Soutien professionnel<\/strong> - Notre \u00e9quipe d'assistance est \u00e0 votre disposition si vous avez besoin d'aide.<\/p>\n<p data-start=\"4375\" data-end=\"4446\">\u2714 <strong data-start=\"4377\" data-end=\"4397\">Logiciel de confiance<\/strong> - Activer la version officielle.<\/p>\n<hr data-start=\"4448\" data-end=\"4451\" \/>\n<h2 data-section-id=\"tdp9n3\" data-start=\"4453\" data-end=\"4474\">Configuration requise<\/h2>\n<p data-start=\"4476\" data-end=\"4689\">Syst\u00e8me d'exploitation : Windows 10 \/ Windows 11<br data-start=\"4517\" data-end=\"4520\" \/>Processeur : 1,6 GHz ou plus rapide<br data-start=\"4558\" data-end=\"4561\" \/>M\u00c9MOIRE VIVE (RAM) : Minimum 4 Go (8 Go recommand\u00e9s)<br data-start=\"4597\" data-end=\"4600\" \/>Espace de stockage : Minimum 4 Go d'espace disque disponible<br data-start=\"4642\" data-end=\"4645\" \/>Une connexion Internet est n\u00e9cessaire pour l'activation.<\/p>\n<hr data-start=\"4691\" data-end=\"4694\" \/>\n<h2 data-section-id=\"15qw8x\" data-start=\"4696\" data-end=\"4717\">Informations sur le produit<\/h2>\n<p data-start=\"4719\" data-end=\"4958\">Nom du produit : <strong data-start=\"4733\" data-end=\"4776\">Microsoft Office 2021 Professionnel Plus<\/strong><br data-start=\"4776\" data-end=\"4779\" \/>Type de licence : Licence \u00e0 vie<br data-start=\"4809\" data-end=\"4812\" \/>M\u00e9thode d'activation : Cl\u00e9 d'activation en ligne<br data-start=\"4852\" data-end=\"4855\" \/>Plate-forme : Windows PC<br data-start=\"4875\" data-end=\"4878\" \/>Nombre d'appareils : 5 PC<br data-start=\"4902\" data-end=\"4905\" \/>Livraison : Livraison num\u00e9rique<br data-start=\"4931\" data-end=\"4934\" \/>Langue : Multilingue<\/p>\n<hr data-start=\"4960\" data-end=\"4963\" \/>\n<h2 data-section-id=\"85kjbu\" data-start=\"4965\" data-end=\"4975\">Livraison<\/h2>\n<p data-start=\"4977\" data-end=\"5141\">Apr\u00e8s l'achat, votre <strong data-start=\"4998\" data-end=\"5056\">Cl\u00e9 d'activation de Microsoft Office 2021 Professional Plus<\/strong> sera livr\u00e9 sous forme num\u00e9rique, accompagn\u00e9 d'instructions pour l'installation et l'activation.<\/p>\n<p data-start=\"5143\" data-end=\"5179\">Aucun produit physique ne sera exp\u00e9di\u00e9.<\/p>\n<hr data-start=\"5181\" data-end=\"5184\" \/>\n<h2 data-section-id=\"8ukl95\" data-start=\"5186\" data-end=\"5211\">Instructions d'activation<\/h2>\n<ol data-start=\"5213\" data-end=\"5495\">\n<li data-section-id=\"1lg7sg5\" data-start=\"5213\" data-end=\"5303\">\n<p data-start=\"5216\" data-end=\"5303\">T\u00e9l\u00e9chargez Microsoft Office 2021 Professional Plus \u00e0 partir du site officiel de Microsoft.<\/p>\n<\/li>\n<li data-section-id=\"f3yz13\" data-start=\"5304\" data-end=\"5347\">\n<p data-start=\"5307\" data-end=\"5347\">Installez le logiciel sur votre ordinateur.<\/p>\n<\/li>\n<li data-section-id=\"alppj0\" data-start=\"5348\" data-end=\"5402\">\n<p data-start=\"5351\" data-end=\"5402\">Saisir la cl\u00e9 d'activation fournie apr\u00e8s l'achat.<\/p>\n<\/li>\n<li data-section-id=\"awpf7c\" data-start=\"5403\" data-end=\"5495\">\n<p data-start=\"5406\" data-end=\"5495\">Activez le logiciel en ligne et commencez \u00e0 l'utiliser <strong data-start=\"5451\" data-end=\"5494\">Microsoft Office 2021 Professionnel Plus<\/strong>.<\/p>\n<\/li>\n<\/ol>\n<hr data-start=\"5497\" data-end=\"5500\" \/>\n<h2 data-section-id=\"hkd5a4\" data-start=\"5502\" data-end=\"5530\">Questions fr\u00e9quemment pos\u00e9es<\/h2>\n<p data-start=\"5532\" data-end=\"5639\"><strong data-start=\"5532\" data-end=\"5573\">Comment vais-je recevoir ma cl\u00e9 d'activation ?<\/strong><br data-start=\"5573\" data-end=\"5576\" \/>Votre cl\u00e9 d'activation vous sera d\u00e9livr\u00e9e num\u00e9riquement apr\u00e8s l'achat.<\/p>\n<p data-start=\"5641\" data-end=\"5708\"><strong data-start=\"5641\" data-end=\"5672\">S'agit-il d'une licence \u00e0 vie ?<\/strong><br data-start=\"5672\" data-end=\"5675\" \/>Oui, la licence n'expire pas.<\/p>\n<p data-start=\"5710\" data-end=\"5825\"><strong data-start=\"5710\" data-end=\"5763\">Puis-je installer le logiciel sur plusieurs ordinateurs ?<\/strong><br data-start=\"5763\" data-end=\"5766\" \/>Oui, cette licence permet d'installer jusqu'\u00e0 <strong data-start=\"5815\" data-end=\"5824\">5 PC<\/strong>.<\/p>","protected":false},"excerpt":{"rendered":"<p data-start=\"868\" data-end=\"1187\"><strong data-start=\"868\" data-end=\"926\">Cl\u00e9 d'activation de Microsoft Office 2021 Professional Plus<\/strong> vous donne acc\u00e8s \u00e0 la suite Microsoft Office compl\u00e8te pour Windows. Ce puissant ensemble de productivit\u00e9 comprend Word, Excel, PowerPoint, Outlook, Access et Publisher, fournissant tout ce qui est n\u00e9cessaire au travail professionnel, aux t\u00e2ches commerciales et \u00e0 la productivit\u00e9 quotidienne.<\/p>\n<p data-start=\"1189\" data-end=\"1285\">Licence \u00e0 vie<br data-start=\"1207\" data-end=\"1210\" \/>Activation en ligne<br data-start=\"1229\" data-end=\"1232\" \/>Livraison num\u00e9rique instantan\u00e9e<br data-start=\"1258\" data-end=\"1261\" \/>\u2714 Supporte jusqu'\u00e0 5 PC<\/p>","protected":false},"featured_media":11344,"comment_status":"open","ping_status":"closed","template":"","meta":[],"product_brand":[],"product_cat":[135,142],"product_tag":[355],"class_list":{"0":"post-11343","1":"product","2":"type-product","3":"status-publish","4":"has-post-thumbnail","6":"product_cat-microsoft-office","7":"product_cat-office-for-pc","8":"product_tag-microsoft-office-2021-professional-plus","10":"first","11":"instock","12":"virtual","13":"purchasable","14":"product-type-simple"},"jetpack_sharing_enabled":true,"_links":{"self":[{"href":"https:\/\/keyzy.net\/fr\/wp-json\/wp\/v2\/product\/11343","targetHints":{"allow":["GET"]}}],"collection":[{"href":"https:\/\/keyzy.net\/fr\/wp-json\/wp\/v2\/product"}],"about":[{"href":"https:\/\/keyzy.net\/fr\/wp-json\/wp\/v2\/types\/product"}],"replies":[{"embeddable":true,"href":"https:\/\/keyzy.net\/fr\/wp-json\/wp\/v2\/comments?post=11343"}],"version-history":[{"count":4,"href":"https:\/\/keyzy.net\/fr\/wp-json\/wp\/v2\/product\/11343\/revisions"}],"predecessor-version":[{"id":11783,"href":"https:\/\/keyzy.net\/fr\/wp-json\/wp\/v2\/product\/11343\/revisions\/11783"}],"wp:featuredmedia":[{"embeddable":true,"href":"https:\/\/keyzy.net\/fr\/wp-json\/wp\/v2\/media\/11344"}],"wp:attachment":[{"href":"https:\/\/keyzy.net\/fr\/wp-json\/wp\/v2\/media?parent=11343"}],"wp:term":[{"taxonomy":"product_brand","embeddable":true,"href":"https:\/\/keyzy.net\/fr\/wp-json\/wp\/v2\/product_brand?post=11343"},{"taxonomy":"product_cat","embeddable":true,"href":"https:\/\/keyzy.net\/fr\/wp-json\/wp\/v2\/product_cat?post=11343"},{"taxonomy":"product_tag","embeddable":true,"href":"https:\/\/keyzy.net\/fr\/wp-json\/wp\/v2\/product_tag?post=11343"}],"curies":[{"name":"wp","href":"https:\/\/api.w.org\/{rel}","templated":true}]}}