{"id":11723,"date":"2026-04-15T13:25:28","date_gmt":"2026-04-15T13:25:28","guid":{"rendered":"https:\/\/keyzy.net\/?page_id=11723"},"modified":"2026-04-15T14:16:19","modified_gmt":"2026-04-15T14:16:19","slug":"politique-en-matiere-de-cookies","status":"publish","type":"page","link":"https:\/\/keyzy.net\/fr\/cookies-policy\/","title":{"rendered":"Politique en mati\u00e8re de cookies"},"content":{"rendered":"<h4 class=\"wp-block-heading\">Derni\u00e8re mise \u00e0 jour : 15-04-2026<\/h4>\n\n\n\n<p>La pr\u00e9sente politique en mati\u00e8re de cookies explique comment <strong>Keyzy<\/strong> (\u201cnous\u201d, \u201cnotre\u201d ou \u201cnos\u201d) utilise des cookies et des technologies similaires lorsque vous visitez notre site web <a href=\"https:\/\/keyzy.net\/fr\/\">https:\/\/keyzy.net\/<\/a>.<\/p>\n\n\n\n<p>Cette politique est con\u00e7ue pour se conformer \u00e0 <strong>GDPR<\/strong> et les exigences de la <strong>Annonces Google<\/strong> et <strong>M\u00e9ta-annonces<\/strong>.<\/p>\n\n\n\n<hr class=\"wp-block-separator has-alpha-channel-opacity\"\/>\n\n\n\n<h2 class=\"wp-block-heading\">1. Qu'est-ce qu'un cookie ?<\/h2>\n\n\n\n<p>Les cookies sont de petits fichiers texte qui sont stock\u00e9s sur votre appareil (ordinateur, smartphone ou tablette) lorsque vous visitez un site web.<\/p>\n\n\n\n<p>Ils permettent aux sites web de fonctionner correctement, d'am\u00e9liorer l'exp\u00e9rience des utilisateurs et de fournir des donn\u00e9es analytiques et publicitaires.<\/p>\n\n\n\n<hr class=\"wp-block-separator has-alpha-channel-opacity\"\/>\n\n\n\n<h2 class=\"wp-block-heading\">2. Types de cookies que nous utilisons<\/h2>\n\n\n\n<h3 class=\"wp-block-heading\">2.1 Cookies essentiels<\/h3>\n\n\n\n<p>Ces cookies sont n\u00e9cessaires au bon fonctionnement du site web.<\/p>\n\n\n\n<p>Ils permettent des fonctionnalit\u00e9s de base telles que<\/p>\n\n\n\n<ul class=\"wp-block-list\">\n<li>Acc\u00e8s s\u00e9curis\u00e9<\/li>\n\n\n\n<li>V\u00e9rification et traitement des paiements<\/li>\n\n\n\n<li>Navigation dans les pages<\/li>\n<\/ul>\n\n\n\n<p>Sans ces cookies, le site Web ne peut pas fonctionner correctement.<\/p>\n\n\n\n<hr class=\"wp-block-separator has-alpha-channel-opacity\"\/>\n\n\n\n<h3 class=\"wp-block-heading\">2.2 Cookies analytiques<\/h3>\n\n\n\n<p>Ces cookies nous aident \u00e0 comprendre comment les visiteurs interagissent avec notre site web en collectant des informations telles que :<\/p>\n\n\n\n<ul class=\"wp-block-list\">\n<li>Pages visit\u00e9es<\/li>\n\n\n\n<li>Temps pass\u00e9 sur les pages<\/li>\n\n\n\n<li>Sources de trafic<\/li>\n<\/ul>\n\n\n\n<p>Ces donn\u00e9es nous aident \u00e0 am\u00e9liorer le site Web et les services.<\/p>\n\n\n\n<hr class=\"wp-block-separator has-alpha-channel-opacity\"\/>\n\n\n\n<h3 class=\"wp-block-heading\">2.3 Cookies de marketing et de publicit\u00e9<\/h3>\n\n\n\n<p>Ces cookies sont utilis\u00e9s pour :<\/p>\n\n\n\n<ul class=\"wp-block-list\">\n<li>Proposer des publicit\u00e9s pertinentes<\/li>\n\n\n\n<li>Mesurer l'efficacit\u00e9 des campagnes publicitaires<\/li>\n\n\n\n<li>Activer le remarketing et le retargeting<\/li>\n<\/ul>\n\n\n\n<p>Nous pouvons utiliser des cookies provenant de services tiers tels que :<\/p>\n\n\n\n<ul class=\"wp-block-list\">\n<li>Annonces Google<\/li>\n\n\n\n<li>Meta Ads (Facebook\/Instagram)<\/li>\n<\/ul>\n\n\n\n<hr class=\"wp-block-separator has-alpha-channel-opacity\"\/>\n\n\n\n<h2 class=\"wp-block-heading\">3. Cookies de tiers<\/h2>\n\n\n\n<p>Nous pouvons autoriser des services tiers \u00e0 placer des cookies sur votre appareil, notamment :<\/p>\n\n\n\n<ul class=\"wp-block-list\">\n<li>Fournisseurs d'analyses<\/li>\n\n\n\n<li>Plates-formes publicitaires<\/li>\n\n\n\n<li>Processeurs de paiement<\/li>\n<\/ul>\n\n\n\n<p>Ces tiers peuvent collecter et traiter vos donn\u00e9es conform\u00e9ment \u00e0 leurs propres politiques de confidentialit\u00e9.<\/p>\n\n\n\n<hr class=\"wp-block-separator has-alpha-channel-opacity\"\/>\n\n\n\n<h2 class=\"wp-block-heading\">4. Comment nous utilisons les cookies<\/h2>\n\n\n\n<p>Nous utilisons des cookies pour :<\/p>\n\n\n\n<ul class=\"wp-block-list\">\n<li>Assurer le bon fonctionnement du site web<\/li>\n\n\n\n<li>Analyser les performances du site web<\/li>\n\n\n\n<li>Am\u00e9liorer l'exp\u00e9rience des utilisateurs<\/li>\n\n\n\n<li>Personnaliser le contenu et les publicit\u00e9s<\/li>\n<\/ul>\n\n\n\n<hr class=\"wp-block-separator has-alpha-channel-opacity\"\/>\n\n\n\n<h2 class=\"wp-block-heading\">5. Gestion des cookies<\/h2>\n\n\n\n<p>Vous pouvez contr\u00f4ler ou d\u00e9sactiver les cookies \u00e0 tout moment par le biais des param\u00e8tres de votre navigateur.<\/p>\n\n\n\n<p>Veuillez noter que la d\u00e9sactivation de certains cookies peut affecter la fonctionnalit\u00e9 du site web.<\/p>\n\n\n\n<p>Vous pouvez \u00e9galement g\u00e9rer vos pr\u00e9f\u00e9rences en mati\u00e8re de publicit\u00e9 :<\/p>\n\n\n\n<ul class=\"wp-block-list\">\n<li>Param\u00e8tres des annonces Google<\/li>\n\n\n\n<li>Pr\u00e9f\u00e9rences publicitaires de Facebook<\/li>\n<\/ul>\n\n\n\n<hr class=\"wp-block-separator has-alpha-channel-opacity\"\/>\n\n\n\n<h2 class=\"wp-block-heading\">6. Consentement \u00e0 l'utilisation de cookies<\/h2>\n\n\n\n<p>En utilisant notre site web, vous consentez \u00e0 l'utilisation de cookies conform\u00e9ment \u00e0 la pr\u00e9sente politique.<\/p>\n\n\n\n<p>Lorsque la loi l'exige, nous vous demanderons votre consentement avant de placer des cookies non essentiels.<\/p>\n\n\n\n<hr class=\"wp-block-separator has-alpha-channel-opacity\"\/>\n\n\n\n<h2 class=\"wp-block-heading\">7. Mises \u00e0 jour de la pr\u00e9sente politique<\/h2>\n\n\n\n<p>Nous pouvons mettre \u00e0 jour la pr\u00e9sente politique en mati\u00e8re de cookies \u00e0 tout moment.<\/p>\n\n\n\n<p>Les modifications seront affich\u00e9es sur cette page avec une date de mise \u00e0 jour.<\/p>\n\n\n\n<hr class=\"wp-block-separator has-alpha-channel-opacity\"\/>\n\n\n\n<h2 class=\"wp-block-heading\">8. Informations sur les contacts<\/h2>\n\n\n\n<p>Si vous avez des questions sur notre utilisation des cookies, veuillez nous contacter :<\/p>\n\n\n\n<ul class=\"wp-block-list\">\n<li>\ud83d\udce7 Courriel : <a href=\"mailto:support@keyzy.net\">support@keyzy.net<\/a><\/li>\n\n\n\n<li>\ud83c\udf10 Site web : <a href=\"https:\/\/keyzy.net\/fr\/\">https:\/\/keyzy.net<\/a><\/li>\n<\/ul>\n\n\n\n<hr class=\"wp-block-separator has-alpha-channel-opacity\"\/>\n\n\n\n<p><strong>Keyzy - Des solutions num\u00e9riques s\u00e9curis\u00e9es en toute confiance<\/strong><\/p>","protected":false},"excerpt":{"rendered":"<p>Last updated: 15-04-2026 This Cookies Policy explains how Keyzy (&#8220;we&#8221;, &#8220;our&#8221;, or &#8220;us&#8221;) uses cookies and similar technologies when you<\/p>","protected":false},"author":4,"featured_media":0,"parent":0,"menu_order":0,"comment_status":"closed","ping_status":"closed","template":"","meta":{"footnotes":""},"class_list":["post-11723","page","type-page","status-publish","hentry"],"jetpack_sharing_enabled":true,"_links":{"self":[{"href":"https:\/\/keyzy.net\/fr\/wp-json\/wp\/v2\/pages\/11723","targetHints":{"allow":["GET"]}}],"collection":[{"href":"https:\/\/keyzy.net\/fr\/wp-json\/wp\/v2\/pages"}],"about":[{"href":"https:\/\/keyzy.net\/fr\/wp-json\/wp\/v2\/types\/page"}],"author":[{"embeddable":true,"href":"https:\/\/keyzy.net\/fr\/wp-json\/wp\/v2\/users\/4"}],"replies":[{"embeddable":true,"href":"https:\/\/keyzy.net\/fr\/wp-json\/wp\/v2\/comments?post=11723"}],"version-history":[{"count":4,"href":"https:\/\/keyzy.net\/fr\/wp-json\/wp\/v2\/pages\/11723\/revisions"}],"predecessor-version":[{"id":11741,"href":"https:\/\/keyzy.net\/fr\/wp-json\/wp\/v2\/pages\/11723\/revisions\/11741"}],"wp:attachment":[{"href":"https:\/\/keyzy.net\/fr\/wp-json\/wp\/v2\/media?parent=11723"}],"curies":[{"name":"wp","href":"https:\/\/api.w.org\/{rel}","templated":true}]}}