{"id":10630,"date":"2026-03-03T17:27:20","date_gmt":"2026-03-03T17:27:20","guid":{"rendered":"https:\/\/keyzy.net\/?page_id=10630"},"modified":"2026-04-14T11:33:49","modified_gmt":"2026-04-14T11:33:49","slug":"a-propos-de-nous","status":"publish","type":"page","link":"https:\/\/keyzy.net\/fr\/about-us\/","title":{"rendered":"A propos de nous"},"content":{"rendered":"<h1 class=\"wp-block-heading\"><strong>D\u00e9bloquez votre potentiel avec des cl\u00e9s authentiques - les meilleurs prix, une activation sans faille.<\/strong><\/h1>\n\n\n\n<p>Nous proposons des cl\u00e9s logicielles authentiques \u00e0 des prix imbattables, ce qui vous offre plusieurs avantages cl\u00e9s :<\/p>\n\n\n\n<p><strong>Authenticit\u00e9<\/strong>: Nos cl\u00e9s sont 100% originales et proviennent directement de fournisseurs de confiance. Vous \u00eates ainsi assur\u00e9 de recevoir un logiciel authentique qui fonctionne de mani\u00e8re fiable et r\u00e9pond \u00e0 toutes les exigences en mati\u00e8re de licence.<\/p>\n\n\n\n<p><strong>Garantie du meilleur prix<\/strong>: Nous nous engageons \u00e0 offrir les meilleurs prix du march\u00e9. Notre approvisionnement efficace et nos achats en gros nous permettent de vous faire b\u00e9n\u00e9ficier d'\u00e9conomies significatives sans compromettre la qualit\u00e9.<\/p>\n\n\n\n<p><strong>Activation transparente<\/strong>: Profitez d'une exp\u00e9rience sans tracas gr\u00e2ce \u00e0 une activation facile. Nos cl\u00e9s sont garanties pour fonctionner parfaitement, vous donnant un acc\u00e8s imm\u00e9diat \u00e0 votre logiciel et \u00e0 toutes ses fonctionnalit\u00e9s.<\/p>\n\n\n\n<p><strong>Soutien \u00e0 la client\u00e8le<\/strong>: Notre \u00e9quipe d'assistance est l\u00e0 pour vous aider \u00e0 r\u00e9soudre tout probl\u00e8me ou question que vous pourriez avoir, afin de vous garantir une exp\u00e9rience d'achat fluide et satisfaisante.<\/p>","protected":false},"excerpt":{"rendered":"<p>Unlock Your Potential with Genuine Keys\u2014Best Prices, Seamless Activation. We offer genuine software keys at unbeatable prices, providing you with<\/p>","protected":false},"author":4,"featured_media":0,"parent":0,"menu_order":0,"comment_status":"closed","ping_status":"closed","template":"","meta":{"rs_blank_template":"","rs_page_bg_color":"","slide_template_v7":"","footnotes":""},"class_list":["post-10630","page","type-page","status-publish","hentry"],"jetpack_sharing_enabled":true,"_links":{"self":[{"href":"https:\/\/keyzy.net\/fr\/wp-json\/wp\/v2\/pages\/10630","targetHints":{"allow":["GET"]}}],"collection":[{"href":"https:\/\/keyzy.net\/fr\/wp-json\/wp\/v2\/pages"}],"about":[{"href":"https:\/\/keyzy.net\/fr\/wp-json\/wp\/v2\/types\/page"}],"author":[{"embeddable":true,"href":"https:\/\/keyzy.net\/fr\/wp-json\/wp\/v2\/users\/4"}],"replies":[{"embeddable":true,"href":"https:\/\/keyzy.net\/fr\/wp-json\/wp\/v2\/comments?post=10630"}],"version-history":[{"count":2,"href":"https:\/\/keyzy.net\/fr\/wp-json\/wp\/v2\/pages\/10630\/revisions"}],"predecessor-version":[{"id":11696,"href":"https:\/\/keyzy.net\/fr\/wp-json\/wp\/v2\/pages\/10630\/revisions\/11696"}],"wp:attachment":[{"href":"https:\/\/keyzy.net\/fr\/wp-json\/wp\/v2\/media?parent=10630"}],"curies":[{"name":"wp","href":"https:\/\/api.w.org\/{rel}","templated":true}]}}