{"id":10,"date":"2024-08-29T11:17:47","date_gmt":"2024-08-29T11:17:47","guid":{"rendered":"https:\/\/digitalfinal-digitalfinal.tq1nfc.easypanel.host\/cart\/"},"modified":"2024-08-29T14:11:55","modified_gmt":"2024-08-29T14:11:55","slug":"chariot","status":"publish","type":"page","link":"https:\/\/keyzy.net\/fr\/cart\/","title":{"rendered":"Cart"},"content":{"rendered":"<div data-block-name=\"woocommerce\/cart\" class=\"wp-block-woocommerce-cart alignwide is-loading\">\n<div data-block-name=\"woocommerce\/filled-cart-block\" class=\"wp-block-woocommerce-filled-cart-block\">\n<div data-block-name=\"woocommerce\/cart-items-block\" class=\"wp-block-woocommerce-cart-items-block\">\n<div data-block-name=\"woocommerce\/cart-line-items-block\" class=\"wp-block-woocommerce-cart-line-items-block\"><\/div>\n\n\n\n<div data-block-name=\"woocommerce\/cart-cross-sells-block\" class=\"wp-block-woocommerce-cart-cross-sells-block\">\n<h2 class=\"wp-block-heading has-large-font-size\">Vous pourriez \u00eatre int\u00e9ress\u00e9 par...<\/h2>\n\n\n\n<div data-block-name=\"woocommerce\/cart-cross-sells-products-block\" class=\"wp-block-woocommerce-cart-cross-sells-products-block\"><\/div>\n<\/div>\n<\/div>\n\n\n\n<div data-block-name=\"woocommerce\/cart-totals-block\" class=\"wp-block-woocommerce-cart-totals-block\">\n<div data-block-name=\"woocommerce\/cart-order-summary-block\" class=\"wp-block-woocommerce-cart-order-summary-block\">\n<div data-block-name=\"woocommerce\/cart-order-summary-heading-block\" class=\"wp-block-woocommerce-cart-order-summary-heading-block\"><\/div><div data-block-name=\"woocommerce\/cart-order-summary-coupon-form-block\" class=\"wp-block-woocommerce-cart-order-summary-coupon-form-block\"><\/div><div data-block-name=\"woocommerce\/cart-order-summary-totals-block\" class=\"wp-block-woocommerce-cart-order-summary-totals-block\">\n<div data-block-name=\"woocommerce\/cart-order-summary-subtotal-block\" class=\"wp-block-woocommerce-cart-order-summary-subtotal-block\"><\/div>\n<div data-block-name=\"woocommerce\/cart-order-summary-discount-block\" class=\"wp-block-woocommerce-cart-order-summary-discount-block\"><\/div>\n<div data-block-name=\"woocommerce\/cart-order-summary-fee-block\" class=\"wp-block-woocommerce-cart-order-summary-fee-block\"><\/div>\n<div data-block-name=\"woocommerce\/cart-order-summary-shipping-block\" class=\"wp-block-woocommerce-cart-order-summary-shipping-block\"><\/div>\n<div data-block-name=\"woocommerce\/cart-order-summary-taxes-block\" class=\"wp-block-woocommerce-cart-order-summary-taxes-block\"><\/div><\/div>\n<\/div>\n\n\n\n<div data-block-name=\"woocommerce\/cart-express-payment-block\" class=\"wp-block-woocommerce-cart-express-payment-block\"><\/div>\n\n\n\n<div data-block-name=\"woocommerce\/proceed-to-checkout-block\" class=\"wp-block-woocommerce-proceed-to-checkout-block\"><\/div>\n\n\n\n<div data-block-name=\"woocommerce\/cart-accepted-payment-methods-block\" class=\"wp-block-woocommerce-cart-accepted-payment-methods-block\"><\/div>\n<\/div>\n<\/div>\n\n\n\n<div data-block-name=\"woocommerce\/empty-cart-block\" class=\"wp-block-woocommerce-empty-cart-block\">\n<h2 class=\"wp-block-heading has-text-align-center with-empty-cart-icon wc-block-cart__empty-cart__title\">Votre panier est actuellement vide !<\/h2>\n\n\n\n<hr class=\"wp-block-separator has-alpha-channel-opacity is-style-dots\"\/>\n\n\n\n<h2 class=\"wp-block-heading has-text-align-center\">Nouveau en magasin<\/h2>\n\n\n<div data-block-name=\"woocommerce\/product-new\" data-columns=\"4\" data-rows=\"1\" class=\"wc-block-grid wp-block-product-new wp-block-woocommerce-product-new wc-block-product-new has-4-columns\"><ul class=\"wc-block-grid__products\"><li class=\"wc-block-grid__product\">\n\t\t\t\t<a href=\"https:\/\/keyzy.net\/fr\/product\/forza-horizon-5-xbox-live-key-global-xbox-pc-digital-code\/\" class=\"wc-block-grid__product-link\">\n\t\t\t\t\t\n\t\t\t\t\t<div class=\"wc-block-grid__product-image\"><img loading=\"lazy\" decoding=\"async\" width=\"600\" height=\"600\" src=\"https:\/\/keyzy.net\/wp-content\/uploads\/2026\/03\/Forza-Horizon-5-Xbox-Live-Key-GLOBAL-600x600.jpg\" class=\"attachment-woocommerce_thumbnail size-woocommerce_thumbnail\" alt=\"Forza Horizon 5 Cl\u00e9 Xbox Live GLOBAL\" srcset=\"https:\/\/keyzy.net\/wp-content\/uploads\/2026\/03\/Forza-Horizon-5-Xbox-Live-Key-GLOBAL-600x600.jpg 600w, https:\/\/keyzy.net\/wp-content\/uploads\/2026\/03\/Forza-Horizon-5-Xbox-Live-Key-GLOBAL-300x300.jpg 300w, https:\/\/keyzy.net\/wp-content\/uploads\/2026\/03\/Forza-Horizon-5-Xbox-Live-Key-GLOBAL-150x150.jpg 150w, https:\/\/keyzy.net\/wp-content\/uploads\/2026\/03\/Forza-Horizon-5-Xbox-Live-Key-GLOBAL-768x768.jpg 768w, https:\/\/keyzy.net\/wp-content\/uploads\/2026\/03\/Forza-Horizon-5-Xbox-Live-Key-GLOBAL-64x64.jpg 64w, https:\/\/keyzy.net\/wp-content\/uploads\/2026\/03\/Forza-Horizon-5-Xbox-Live-Key-GLOBAL.jpg 800w\" sizes=\"auto, (max-width: 600px) 100vw, 600px\" \/><\/div>\n\t\t\t\t\t<div class=\"wc-block-grid__product-title\">Forza Horizon 5 Xbox Live Key GLOBAL - Code num\u00e9rique Xbox et PC<\/div>\n\t\t\t\t<\/a>\n\t\t\t\t<div class=\"wc-block-grid__product-price price\"><span class=\"woocommerce-Price-amount amount\"><span class=\"woocommerce-Price-currencySymbol\">$<\/span>82.34<\/span><\/div>\n\t\t\t\t\n\t\t\t\t<div class=\"wp-block-button wc-block-grid__product-add-to-cart\"><a href=\"\/fr\/wp-json\/wp\/v2\/pages\/10?add-to-cart=11529\" aria-label=\"Ajouter au panier\u00a0: \u201cForza Horizon 5 Xbox Live Key GLOBAL \u2013 Xbox &amp; PC Digital Code\u201d\" data-quantity=\"1\" data-product_id=\"11529\" data-product_sku=\"\" data-price=\"82.34\" rel=\"nofollow\" class=\"wp-block-button__link  add_to_cart_button ajax_add_to_cart\" data-no-translation=\"\" data-trp-gettext=\"\" data-no-translation-aria-label=\"\">Ajouter au panier<\/a><\/div>\n\t\t\t<\/li><li class=\"wc-block-grid__product\">\n\t\t\t\t<a href=\"https:\/\/keyzy.net\/fr\/product\/discord-nitro-trial-3-months-global-digital-code\/\" class=\"wc-block-grid__product-link\">\n\t\t\t\t\t\n\t\t\t\t\t<div class=\"wc-block-grid__product-image\"><img loading=\"lazy\" decoding=\"async\" width=\"600\" height=\"600\" src=\"https:\/\/keyzy.net\/wp-content\/uploads\/2026\/03\/Discord-Nitro-Trial-3-Months-600x600.jpg\" class=\"attachment-woocommerce_thumbnail size-woocommerce_thumbnail\" alt=\"Essai Discord Nitro 3 mois\" srcset=\"https:\/\/keyzy.net\/wp-content\/uploads\/2026\/03\/Discord-Nitro-Trial-3-Months-600x600.jpg 600w, https:\/\/keyzy.net\/wp-content\/uploads\/2026\/03\/Discord-Nitro-Trial-3-Months-300x300.jpg 300w, https:\/\/keyzy.net\/wp-content\/uploads\/2026\/03\/Discord-Nitro-Trial-3-Months-150x150.jpg 150w, https:\/\/keyzy.net\/wp-content\/uploads\/2026\/03\/Discord-Nitro-Trial-3-Months-768x768.jpg 768w, https:\/\/keyzy.net\/wp-content\/uploads\/2026\/03\/Discord-Nitro-Trial-3-Months-64x64.jpg 64w, https:\/\/keyzy.net\/wp-content\/uploads\/2026\/03\/Discord-Nitro-Trial-3-Months.jpg 800w\" sizes=\"auto, (max-width: 600px) 100vw, 600px\" \/><\/div>\n\t\t\t\t\t<div class=\"wc-block-grid__product-title\">Discord Nitro Trial 3 Months - Global Digital Code<\/div>\n\t\t\t\t<\/a>\n\t\t\t\t<div class=\"wc-block-grid__product-price price\"><span class=\"woocommerce-Price-amount amount\"><span class=\"woocommerce-Price-currencySymbol\">$<\/span>9.40<\/span><\/div>\n\t\t\t\t\n\t\t\t\t<div class=\"wp-block-button wc-block-grid__product-add-to-cart\"><a href=\"\/fr\/wp-json\/wp\/v2\/pages\/10?add-to-cart=11526\" aria-label=\"Ajouter au panier\u00a0: \u201cDiscord Nitro Trial 3 Months \u2013 Global Digital Code\u201d\" data-quantity=\"1\" data-product_id=\"11526\" data-product_sku=\"\" data-price=\"9.4\" rel=\"nofollow\" class=\"wp-block-button__link  add_to_cart_button ajax_add_to_cart\" data-no-translation=\"\" data-trp-gettext=\"\" data-no-translation-aria-label=\"\">Ajouter au panier<\/a><\/div>\n\t\t\t<\/li><li class=\"wc-block-grid__product\">\n\t\t\t\t<a href=\"https:\/\/keyzy.net\/fr\/product\/visual-studio-2019-professional-activation-key\/\" class=\"wc-block-grid__product-link\">\n\t\t\t\t\t\n\t\t\t\t\t<div class=\"wc-block-grid__product-image\"><img loading=\"lazy\" decoding=\"async\" width=\"600\" height=\"600\" src=\"https:\/\/keyzy.net\/wp-content\/uploads\/2026\/03\/VISUAL-STUDIO-2019-PROFESSIONAL-ACTIVATION-KEY-\u2013-PC-\u2013-Lifetime-License-600x600.webp\" class=\"attachment-woocommerce_thumbnail size-woocommerce_thumbnail\" alt=\"VISUAL STUDIO 2019 PROFESSIONAL ACTIVATION KEY - (PC)\" srcset=\"https:\/\/keyzy.net\/wp-content\/uploads\/2026\/03\/VISUAL-STUDIO-2019-PROFESSIONAL-ACTIVATION-KEY-\u2013-PC-\u2013-Lifetime-License-600x600.webp 600w, https:\/\/keyzy.net\/wp-content\/uploads\/2026\/03\/VISUAL-STUDIO-2019-PROFESSIONAL-ACTIVATION-KEY-\u2013-PC-\u2013-Lifetime-License-300x300.webp 300w, https:\/\/keyzy.net\/wp-content\/uploads\/2026\/03\/VISUAL-STUDIO-2019-PROFESSIONAL-ACTIVATION-KEY-\u2013-PC-\u2013-Lifetime-License-150x150.webp 150w, https:\/\/keyzy.net\/wp-content\/uploads\/2026\/03\/VISUAL-STUDIO-2019-PROFESSIONAL-ACTIVATION-KEY-\u2013-PC-\u2013-Lifetime-License-768x768.webp 768w, https:\/\/keyzy.net\/wp-content\/uploads\/2026\/03\/VISUAL-STUDIO-2019-PROFESSIONAL-ACTIVATION-KEY-\u2013-PC-\u2013-Lifetime-License-64x64.webp 64w, https:\/\/keyzy.net\/wp-content\/uploads\/2026\/03\/VISUAL-STUDIO-2019-PROFESSIONAL-ACTIVATION-KEY-\u2013-PC-\u2013-Lifetime-License.webp 783w\" sizes=\"auto, (max-width: 600px) 100vw, 600px\" \/><\/div>\n\t\t\t\t\t<div class=\"wc-block-grid__product-title\">VISUAL STUDIO 2019 PROFESSIONAL ACTIVATION KEY - (PC) - Licence \u00e0 vie<\/div>\n\t\t\t\t<\/a>\n\t\t\t\t<div class=\"wc-block-grid__product-price price\"><span class=\"woocommerce-Price-amount amount\"><span class=\"woocommerce-Price-currencySymbol\">$<\/span>11.46<\/span><\/div>\n\t\t\t\t\n\t\t\t\t<div class=\"wp-block-button wc-block-grid__product-add-to-cart\"><a href=\"\/fr\/wp-json\/wp\/v2\/pages\/10?add-to-cart=11352\" aria-label=\"Ajouter au panier\u00a0: \u201cVISUAL STUDIO 2019 PROFESSIONAL ACTIVATION KEY \u2013 (PC) \u2013 Lifetime License\u201d\" data-quantity=\"1\" data-product_id=\"11352\" data-product_sku=\"549873\" data-price=\"11.46\" rel=\"nofollow\" class=\"wp-block-button__link  add_to_cart_button ajax_add_to_cart\" data-no-translation=\"\" data-trp-gettext=\"\" data-no-translation-aria-label=\"\">Ajouter au panier<\/a><\/div>\n\t\t\t<\/li><li class=\"wc-block-grid__product\">\n\t\t\t\t<a href=\"https:\/\/keyzy.net\/fr\/product\/visual-studio-2019-enterprise-activation-key-pc-lifetime-license\/\" class=\"wc-block-grid__product-link\">\n\t\t\t\t\t\n\t\t\t\t\t<div class=\"wc-block-grid__product-image\"><img loading=\"lazy\" decoding=\"async\" width=\"600\" height=\"600\" src=\"https:\/\/keyzy.net\/wp-content\/uploads\/2026\/03\/VISUAL-STUDIO-2019-ENTERPRISE-ACTIVATION-KEY-\u2013-PC-\u2013-Lifetime-License-600x600.webp\" class=\"attachment-woocommerce_thumbnail size-woocommerce_thumbnail\" alt=\"VISUAL STUDIO 2019 ENTERPRISE ACTIVATION KEY - (PC)\" srcset=\"https:\/\/keyzy.net\/wp-content\/uploads\/2026\/03\/VISUAL-STUDIO-2019-ENTERPRISE-ACTIVATION-KEY-\u2013-PC-\u2013-Lifetime-License-600x600.webp 600w, https:\/\/keyzy.net\/wp-content\/uploads\/2026\/03\/VISUAL-STUDIO-2019-ENTERPRISE-ACTIVATION-KEY-\u2013-PC-\u2013-Lifetime-License-300x300.webp 300w, https:\/\/keyzy.net\/wp-content\/uploads\/2026\/03\/VISUAL-STUDIO-2019-ENTERPRISE-ACTIVATION-KEY-\u2013-PC-\u2013-Lifetime-License-150x150.webp 150w, https:\/\/keyzy.net\/wp-content\/uploads\/2026\/03\/VISUAL-STUDIO-2019-ENTERPRISE-ACTIVATION-KEY-\u2013-PC-\u2013-Lifetime-License-768x768.webp 768w, https:\/\/keyzy.net\/wp-content\/uploads\/2026\/03\/VISUAL-STUDIO-2019-ENTERPRISE-ACTIVATION-KEY-\u2013-PC-\u2013-Lifetime-License-64x64.webp 64w, https:\/\/keyzy.net\/wp-content\/uploads\/2026\/03\/VISUAL-STUDIO-2019-ENTERPRISE-ACTIVATION-KEY-\u2013-PC-\u2013-Lifetime-License.webp 783w\" sizes=\"auto, (max-width: 600px) 100vw, 600px\" \/><\/div>\n\t\t\t\t\t<div class=\"wc-block-grid__product-title\">VISUAL STUDIO 2019 ENTERPRISE - Cl\u00e9 d'activation - PC - Licence \u00e0 vie<\/div>\n\t\t\t\t<\/a>\n\t\t\t\t<div class=\"wc-block-grid__product-price price\"><span class=\"woocommerce-Price-amount amount\"><span class=\"woocommerce-Price-currencySymbol\">$<\/span>13.69<\/span><\/div>\n\t\t\t\t\n\t\t\t\t<div class=\"wp-block-button wc-block-grid__product-add-to-cart\"><a href=\"\/fr\/wp-json\/wp\/v2\/pages\/10?add-to-cart=11349\" aria-label=\"Ajouter au panier\u00a0: \u201cVISUAL STUDIO 2019 ENTERPRISE \u2013 Activation Key \u2013 PC \u2013 Lifetime License\u201d\" data-quantity=\"1\" data-product_id=\"11349\" data-product_sku=\"305618\" data-price=\"13.69\" rel=\"nofollow\" class=\"wp-block-button__link  add_to_cart_button ajax_add_to_cart\" data-no-translation=\"\" data-trp-gettext=\"\" data-no-translation-aria-label=\"\">Ajouter au panier<\/a><\/div>\n\t\t\t<\/li><\/ul><\/div><\/div>\n<\/div>","protected":false},"excerpt":{"rendered":"","protected":false},"author":4,"featured_media":0,"parent":0,"menu_order":0,"comment_status":"closed","ping_status":"closed","template":"","meta":{"rs_blank_template":"","rs_page_bg_color":"","slide_template_v7":"","footnotes":""},"class_list":["post-10","page","type-page","status-publish","hentry"],"jetpack_sharing_enabled":true,"_links":{"self":[{"href":"https:\/\/keyzy.net\/fr\/wp-json\/wp\/v2\/pages\/10","targetHints":{"allow":["GET"]}}],"collection":[{"href":"https:\/\/keyzy.net\/fr\/wp-json\/wp\/v2\/pages"}],"about":[{"href":"https:\/\/keyzy.net\/fr\/wp-json\/wp\/v2\/types\/page"}],"author":[{"embeddable":true,"href":"https:\/\/keyzy.net\/fr\/wp-json\/wp\/v2\/users\/4"}],"replies":[{"embeddable":true,"href":"https:\/\/keyzy.net\/fr\/wp-json\/wp\/v2\/comments?post=10"}],"version-history":[{"count":0,"href":"https:\/\/keyzy.net\/fr\/wp-json\/wp\/v2\/pages\/10\/revisions"}],"wp:attachment":[{"href":"https:\/\/keyzy.net\/fr\/wp-json\/wp\/v2\/media?parent=10"}],"curies":[{"name":"wp","href":"https:\/\/api.w.org\/{rel}","templated":true}]}}