{"id":11346,"date":"2026-03-14T14:18:55","date_gmt":"2026-03-14T14:18:55","guid":{"rendered":"https:\/\/keyzy.net\/?post_type=product&#038;p=11346"},"modified":"2026-04-18T15:44:19","modified_gmt":"2026-04-18T15:44:19","slug":"microsoft-excel-2021-activation-key-lifetime-license-pc-digital-download","status":"publish","type":"product","link":"https:\/\/keyzy.net\/es\/product\/microsoft-excel-2021-activation-key-lifetime-license-pc-digital-download\/","title":{"rendered":"Clave de activaci\u00f3n de Microsoft Excel 2021 - Licencia de por vida - PC - Descarga digital"},"content":{"rendered":"<h1 data-section-id=\"u0ybrq\" data-start=\"922\" data-end=\"936\">Caracter\u00edsticas principales<\/h1>\n<p data-start=\"938\" data-end=\"1212\">- Potentes herramientas de hoja de c\u00e1lculo y an\u00e1lisis de datos<br data-start=\"984\" data-end=\"987\" \/>- Nuevas funciones <strong data-start=\"1013\" data-end=\"1024\">XLOOKUP<\/strong> y <strong data-start=\"1029\" data-end=\"1036\">LET<\/strong><br data-start=\"1036\" data-end=\"1039\" \/>- Gr\u00e1ficos modernos y cuadros de mando profesionales<br data-start=\"1082\" data-end=\"1085\" \/>- Rendimiento optimizado para grandes conjuntos de datos<br data-start=\"1127\" data-end=\"1130\" \/>- Mejor colaboraci\u00f3n e intercambio de archivos<br data-start=\"1171\" data-end=\"1174\" \/>- Interfaz de usuario limpia e intuitiva<\/p>\n<hr data-start=\"1029\" data-end=\"1032\" \/>\n<h1 data-section-id=\"g7i1d1\" data-start=\"1219\" data-end=\"1229\">Visi\u00f3n general<\/h1>\n<p data-start=\"1231\" data-end=\"1378\"><strong data-start=\"1231\" data-end=\"1270\">Clave de activaci\u00f3n de Microsoft Excel 2021<\/strong> le permite desbloquear la versi\u00f3n completa de una de las aplicaciones de hojas de c\u00e1lculo m\u00e1s utilizadas del mundo.<\/p>\n<p data-start=\"1380\" data-end=\"1711\"><strong data-start=\"1380\" data-end=\"1404\">Microsoft Excel 2021<\/strong> est\u00e1 dise\u00f1ado para profesionales y particulares que necesitan herramientas potentes para organizar, analizar y visualizar datos de forma eficaz. Tanto si gestiona informes financieros como si crea cuadros de mando empresariales o trabaja con conjuntos de datos complejos, Excel le proporciona las herramientas necesarias para convertir datos sin procesar en informaci\u00f3n valiosa.<\/p>\n<p data-start=\"1713\" data-end=\"2007\">El software ofrece un rendimiento mejorado y funciones avanzadas, lo que permite a los usuarios manejar conjuntos de datos m\u00e1s grandes con mayor eficacia. Con funciones de c\u00e1lculo mejoradas y modernas herramientas de visualizaci\u00f3n de datos, <strong data-start=\"1914\" data-end=\"1938\">Microsoft Excel 2021<\/strong> ayuda a los usuarios a crear hojas de c\u00e1lculo profesionales con rapidez y precisi\u00f3n.<\/p>\n<hr data-start=\"1764\" data-end=\"1767\" \/>\n<h3 data-section-id=\"5jcvcf\" data-start=\"2014\" data-end=\"2046\">Potentes herramientas de an\u00e1lisis de datos<\/h3>\n<p data-start=\"2048\" data-end=\"2147\">Una de las principales ventajas de <strong data-start=\"2079\" data-end=\"2103\">Microsoft Excel 2021<\/strong> es su potente capacidad de an\u00e1lisis de datos.<\/p>\n<p data-start=\"2149\" data-end=\"2309\">La \u00faltima versi\u00f3n introduce nuevas funciones como <strong data-start=\"2201\" data-end=\"2212\">XLOOKUP<\/strong> y <strong data-start=\"2217\" data-end=\"2224\">LET<\/strong>, que simplifican las f\u00f3rmulas complejas y hacen que el tratamiento de datos sea m\u00e1s r\u00e1pido y eficaz.<\/p>\n<p data-start=\"2311\" data-end=\"2433\">Los usuarios pueden automatizar c\u00e1lculos, crear f\u00f3rmulas avanzadas y analizar grandes conjuntos de datos con mayor rapidez y fiabilidad.<\/p>\n<p data-start=\"2435\" data-end=\"2520\">El motor de rendimiento optimizado garantiza que incluso las hojas de c\u00e1lculo complejas funcionen sin problemas.<\/p>\n<hr data-start=\"2285\" data-end=\"2288\" \/>\n<h3 data-section-id=\"1ecrpxq\" data-start=\"2527\" data-end=\"2565\">Gr\u00e1ficos y cuadros de mando profesionales<\/h3>\n<p data-start=\"2567\" data-end=\"2714\"><strong data-start=\"2567\" data-end=\"2591\">Microsoft Excel 2021<\/strong> incluye modernas herramientas de gr\u00e1ficos y visualizaci\u00f3n que ayudan a los usuarios a presentar los datos de forma clara y profesional.<\/p>\n<p data-start=\"2716\" data-end=\"2864\">Con cuadros de mando mejorados y gr\u00e1ficos din\u00e1micos, los usuarios pueden supervisar f\u00e1cilmente los indicadores de rendimiento, realizar un seguimiento de los datos financieros y generar informes perspicaces.<\/p>\n<p data-start=\"2866\" data-end=\"2973\">Estas funciones hacen de Excel una herramienta esencial para empresas, contables, ingenieros, analistas y estudiantes.<\/p>\n<hr data-start=\"2730\" data-end=\"2733\" \/>\n<h2 data-section-id=\"136hq9m\" data-start=\"2980\" data-end=\"3003\">Lo que recibir\u00e1<\/h2>\n<p data-start=\"3005\" data-end=\"3134\">\u2714 <strong data-start=\"3007\" data-end=\"3046\">Clave de activaci\u00f3n de Microsoft Excel 2021<\/strong><br data-start=\"3046\" data-end=\"3049\" \/>\u2714 Enlace de descarga oficial de Microsoft<br data-start=\"3083\" data-end=\"3086\" \/>\u2714 Licencia de por vida<br data-start=\"3104\" data-end=\"3107\" \/>\u2714 Instrucciones de activaci\u00f3n<\/p>\n<p data-start=\"3136\" data-end=\"3280\">Tras completar su compra, recibir\u00e1 la clave de activaci\u00f3n en formato digital, lo que le permitir\u00e1 descargar y activar el software de forma r\u00e1pida y sencilla.<\/p>\n<hr data-start=\"3037\" data-end=\"3040\" \/>\n<h2 data-section-id=\"15uen7i\" data-start=\"3287\" data-end=\"3304\">Por qu\u00e9 comprarnos<\/h2>\n<p data-start=\"3306\" data-end=\"3392\">\u2714 <strong data-start=\"3308\" data-end=\"3336\">Entrega digital r\u00e1pida<\/strong> - Reciba su clave de activaci\u00f3n r\u00e1pidamente despu\u00e9s de la compra.<\/p>\n<p data-start=\"3394\" data-end=\"3463\">\u2714 <strong data-start=\"3396\" data-end=\"3416\">Licencia de por vida<\/strong> - Compra \u00fanica sin fecha de caducidad.<\/p>\n<p data-start=\"3465\" data-end=\"3526\">\u2714 <strong data-start=\"3467\" data-end=\"3485\">Pago seguro<\/strong> - Proceso de pago seguro y protegido.<\/p>\n<p data-start=\"3528\" data-end=\"3612\">\u2714 <strong data-start=\"3530\" data-end=\"3554\">Apoyo profesional<\/strong> - Nuestro equipo de asistencia est\u00e1 a su disposici\u00f3n si necesita ayuda.<\/p>\n<p data-start=\"3614\" data-end=\"3685\">\u2714 <strong data-start=\"3616\" data-end=\"3636\">Software de confianza<\/strong> - Activar la versi\u00f3n oficial.<\/p>\n<hr data-start=\"3442\" data-end=\"3445\" \/>\n<h2 data-section-id=\"tdp9n3\" data-start=\"3692\" data-end=\"3713\">Requisitos del sistema<\/h2>\n<p data-start=\"3715\" data-end=\"3928\">Sistema operativo: Windows 10 \/ Windows 11<br data-start=\"3756\" data-end=\"3759\" \/>Procesador: 1,6 GHz o superior<br data-start=\"3797\" data-end=\"3800\" \/>RAM: M\u00ednimo 4 GB (se recomiendan 8 GB)<br data-start=\"3836\" data-end=\"3839\" \/>Almacenamiento: M\u00ednimo 4 GB de espacio disponible en disco<br data-start=\"3881\" data-end=\"3884\" \/>Se requiere conexi\u00f3n a Internet para la activaci\u00f3n.<\/p>\n<hr data-start=\"3685\" data-end=\"3688\" \/>\n<h2 data-section-id=\"15qw8x\" data-start=\"3935\" data-end=\"3956\">Informaci\u00f3n sobre el producto<\/h2>\n<p data-start=\"3958\" data-end=\"4144\">Nombre del producto: <strong data-start=\"3972\" data-end=\"3996\">Microsoft Excel 2021<\/strong><br data-start=\"3996\" data-end=\"3999\" \/>Tipo de licencia: Licencia de por vida<br data-start=\"4029\" data-end=\"4032\" \/>M\u00e9todo de activaci\u00f3n: Clave de activaci\u00f3n<br data-start=\"4065\" data-end=\"4068\" \/>Plataforma: Windows PC<br data-start=\"4088\" data-end=\"4091\" \/>Entrega: Entrega digital<br data-start=\"4117\" data-end=\"4120\" \/>Idioma: Multiling\u00fce<\/p>\n<hr data-start=\"3901\" data-end=\"3904\" \/>\n<h2 data-section-id=\"85kjbu\" data-start=\"4151\" data-end=\"4161\">Entrega<\/h2>\n<p data-start=\"4163\" data-end=\"4308\">Tras la compra, su <strong data-start=\"4184\" data-end=\"4223\">Clave de activaci\u00f3n de Microsoft Excel 2021<\/strong> se entregar\u00e1 en formato digital junto con las instrucciones para su instalaci\u00f3n y activaci\u00f3n.<\/p>\n<p data-start=\"4310\" data-end=\"4346\">No se enviar\u00e1 ning\u00fan producto f\u00edsico.<\/p>\n<hr data-start=\"4078\" data-end=\"4081\" \/>\n<h1 data-section-id=\"8ukl95\" data-start=\"4353\" data-end=\"4378\">Instrucciones de activaci\u00f3n<\/h1>\n<ol data-start=\"4380\" data-end=\"4591\">\n<li data-section-id=\"114nukj\" data-start=\"4380\" data-end=\"4451\">\n<p data-start=\"4383\" data-end=\"4451\">Descargue Microsoft Excel 2021 desde el sitio web oficial de Microsoft.<\/p>\n<\/li>\n<li data-section-id=\"f3yz13\" data-start=\"4452\" data-end=\"4495\">\n<p data-start=\"4455\" data-end=\"4495\">Instale el software en su ordenador.<\/p>\n<\/li>\n<li data-section-id=\"alppj0\" data-start=\"4496\" data-end=\"4550\">\n<p data-start=\"4499\" data-end=\"4550\">Introduzca la clave de activaci\u00f3n proporcionada tras la compra.<\/p>\n<\/li>\n<li data-section-id=\"19uyr2t\" data-start=\"4551\" data-end=\"4591\">\n<p data-start=\"4554\" data-end=\"4591\">Empezar a utilizar <strong data-start=\"4566\" data-end=\"4590\">Microsoft Excel 2021<\/strong>.<\/p>\n<\/li>\n<\/ol>\n<hr data-start=\"4302\" data-end=\"4305\" \/>\n<h1 data-section-id=\"hkd5a4\" data-start=\"4598\" data-end=\"4626\">Preguntas frecuentes<\/h1>\n<p data-start=\"4628\" data-end=\"4756\"><strong data-start=\"4628\" data-end=\"4669\">\u00bfC\u00f3mo recibir\u00e9 mi clave de activaci\u00f3n?<\/strong><br data-start=\"4669\" data-end=\"4672\" \/>Su clave de activaci\u00f3n de Microsoft Excel 2021 se entregar\u00e1 digitalmente despu\u00e9s de la compra.<\/p>\n<p data-start=\"4758\" data-end=\"4825\"><strong data-start=\"4758\" data-end=\"4789\">\u00bfEs una licencia vitalicia?<\/strong><br data-start=\"4789\" data-end=\"4792\" \/>S\u00ed, la licencia no caduca.<\/p>\n<p data-start=\"4827\" data-end=\"4927\"><strong data-start=\"4827\" data-end=\"4874\">\u00bfPuedo volver a instalar Microsoft Excel 2021 m\u00e1s adelante?<\/strong><br data-start=\"4874\" data-end=\"4877\" \/>S\u00ed, el software puede reinstalarse si es necesario.<\/p>","protected":false},"excerpt":{"rendered":"<p data-start=\"458\" data-end=\"782\"><strong data-start=\"458\" data-end=\"497\">Clave de activaci\u00f3n de Microsoft Excel 2021<\/strong> le da acceso a una de las aplicaciones de hoja de c\u00e1lculo m\u00e1s potentes para el an\u00e1lisis de datos, la gesti\u00f3n financiera y la elaboraci\u00f3n de informes profesionales. Excel 2021 incluye un rendimiento mejorado, gr\u00e1ficos modernos y funciones avanzadas dise\u00f1adas para profesionales de la empresa, estudiantes y analistas de datos.<\/p>\n<p data-start=\"784\" data-end=\"915\">\u2714 Licencia de por vida<br data-start=\"802\" data-end=\"805\" \/>\u2714 Entrega digital r\u00e1pida<br data-start=\"831\" data-end=\"834\" \/>\u2714 Herramientas avanzadas de an\u00e1lisis de datos<br data-start=\"864\" data-end=\"867\" \/>\u2714 Perfecto para los negocios, las finanzas y la educaci\u00f3n<\/p>","protected":false},"featured_media":11856,"comment_status":"open","ping_status":"closed","template":"","meta":{"rs_blank_template":"","rs_page_bg_color":"","slide_template_v7":""},"product_brand":[],"product_cat":[142,135],"product_tag":[356],"class_list":{"0":"post-11346","1":"product","2":"type-product","3":"status-publish","4":"has-post-thumbnail","6":"product_cat-office-for-pc","7":"product_cat-microsoft-office","8":"product_tag-microsoft-excel-2021","10":"first","11":"instock","12":"virtual","13":"purchasable","14":"product-type-simple"},"jetpack_sharing_enabled":true,"_links":{"self":[{"href":"https:\/\/keyzy.net\/es\/wp-json\/wp\/v2\/product\/11346","targetHints":{"allow":["GET"]}}],"collection":[{"href":"https:\/\/keyzy.net\/es\/wp-json\/wp\/v2\/product"}],"about":[{"href":"https:\/\/keyzy.net\/es\/wp-json\/wp\/v2\/types\/product"}],"replies":[{"embeddable":true,"href":"https:\/\/keyzy.net\/es\/wp-json\/wp\/v2\/comments?post=11346"}],"version-history":[{"count":5,"href":"https:\/\/keyzy.net\/es\/wp-json\/wp\/v2\/product\/11346\/revisions"}],"predecessor-version":[{"id":11782,"href":"https:\/\/keyzy.net\/es\/wp-json\/wp\/v2\/product\/11346\/revisions\/11782"}],"wp:featuredmedia":[{"embeddable":true,"href":"https:\/\/keyzy.net\/es\/wp-json\/wp\/v2\/media\/11856"}],"wp:attachment":[{"href":"https:\/\/keyzy.net\/es\/wp-json\/wp\/v2\/media?parent=11346"}],"wp:term":[{"taxonomy":"product_brand","embeddable":true,"href":"https:\/\/keyzy.net\/es\/wp-json\/wp\/v2\/product_brand?post=11346"},{"taxonomy":"product_cat","embeddable":true,"href":"https:\/\/keyzy.net\/es\/wp-json\/wp\/v2\/product_cat?post=11346"},{"taxonomy":"product_tag","embeddable":true,"href":"https:\/\/keyzy.net\/es\/wp-json\/wp\/v2\/product_tag?post=11346"}],"curies":[{"name":"wp","href":"https:\/\/api.w.org\/{rel}","templated":true}]}}