{"id":11328,"date":"2026-03-13T18:05:02","date_gmt":"2026-03-13T18:05:02","guid":{"rendered":"https:\/\/keyzy.net\/?post_type=product&#038;p=11328"},"modified":"2026-04-16T11:11:22","modified_gmt":"2026-04-16T11:11:22","slug":"clave-de-activacion-de-visual-studio-2022-professional","status":"publish","type":"product","link":"https:\/\/keyzy.net\/es\/product\/visual-studio-2022-professional-activation-key\/","title":{"rendered":"Clave de activaci\u00f3n de Visual Studio 2022 Professional - Licencia de por vida - PC - Descarga digital"},"content":{"rendered":"<h2 data-section-id=\"u0ybrq\" data-start=\"1044\" data-end=\"1058\">Caracter\u00edsticas principales<\/h2>\n<p data-start=\"1060\" data-end=\"1404\">- IDE completo de 64 bits para gestionar proyectos grandes y complejos<br data-start=\"1117\" data-end=\"1120\" \/>- Completado de c\u00f3digo mediante inteligencia artificial y sugerencias inteligentes<br data-start=\"1176\" data-end=\"1179\" \/>- Colaboraci\u00f3n en tiempo real con sesiones de codificaci\u00f3n compartidas<br data-start=\"1232\" data-end=\"1235\" \/>- Herramientas avanzadas de depuraci\u00f3n y diagn\u00f3stico<br data-start=\"1277\" data-end=\"1280\" \/>- Soporte para desarrollo .NET, C++, web, escritorio y m\u00f3vil<br data-start=\"1341\" data-end=\"1344\" \/>- Herramientas integradas para repositorios Git y flujos de trabajo DevOps<\/p>\n<hr data-start=\"1406\" data-end=\"1409\" \/>\n<h2 data-section-id=\"g7i1d1\" data-start=\"1411\" data-end=\"1421\">Visi\u00f3n general<\/h2>\n<p data-start=\"1423\" data-end=\"1605\"><strong data-start=\"1423\" data-end=\"1473\">Clave de activaci\u00f3n de Visual Studio 2022 Professional<\/strong> desbloquea la versi\u00f3n completa del entorno de desarrollo integrado avanzado de Microsoft, dise\u00f1ado para el desarrollo profesional de software.<\/p>\n<p data-start=\"1607\" data-end=\"1782\"><strong data-start=\"1607\" data-end=\"1642\">Visual Studio 2022 Profesional<\/strong> permite a los desarrolladores crear potentes aplicaciones, sitios web, servicios web y aplicaciones m\u00f3viles utilizando las plataformas de desarrollo de Microsoft.<\/p>\n<p data-start=\"1784\" data-end=\"2006\">El IDE es compatible con m\u00faltiples marcos de desarrollo como <strong data-start=\"1841\" data-end=\"1938\">.NET, API de Windows, Windows Forms, Windows Presentation Foundation (WPF) y tecnolog\u00edas web<\/strong>, que permite a los desarrolladores crear aplicaciones tanto nativas como gestionadas.<\/p>\n<p data-start=\"2008\" data-end=\"2203\">Con su moderna arquitectura y sus potentes herramientas, <strong data-start=\"2057\" data-end=\"2092\">Visual Studio 2022 Profesional<\/strong> proporciona un entorno de desarrollo r\u00e1pido y fiable que ayuda a los desarrolladores a centrarse en escribir c\u00f3digo de alta calidad.<\/p>\n<hr data-start=\"2205\" data-end=\"2208\" \/>\n<h3 data-section-id=\"129gwds\" data-start=\"2210\" data-end=\"2253\">Potente entorno de desarrollo de 64 bits<\/h3>\n<p data-start=\"2255\" data-end=\"2464\">Una de las mayores mejoras en <strong data-start=\"2290\" data-end=\"2325\">Visual Studio 2022 Profesional<\/strong> es su plena <strong data-start=\"2339\" data-end=\"2362\">Arquitectura de 64 bits<\/strong>, que permite a los desarrolladores trabajar en proyectos m\u00e1s grandes y complejos sin limitaciones de rendimiento.<\/p>\n<p data-start=\"2466\" data-end=\"2587\">Tareas como navegar por el c\u00f3digo, cambiar de rama y compilar proyectos son m\u00e1s fluidas y r\u00e1pidas que en versiones anteriores.<\/p>\n<p data-start=\"2589\" data-end=\"2712\">Esta mejora reduce significativamente las limitaciones de memoria y permite a los desarrolladores manejar grandes bases de c\u00f3digo de forma m\u00e1s eficiente.<\/p>\n<hr data-start=\"2714\" data-end=\"2717\" \/>\n<h3 data-section-id=\"v5o2ox\" data-start=\"2719\" data-end=\"2747\">Herramientas de desarrollo modernas<\/h3>\n<p data-start=\"2749\" data-end=\"2871\"><strong data-start=\"2749\" data-end=\"2784\">Visual Studio 2022 Profesional<\/strong> incluye modernas herramientas de desarrollo que admiten el desarrollo de aplicaciones multiplataforma.<\/p>\n<p data-start=\"2873\" data-end=\"3062\">Los desarrolladores pueden crear aplicaciones m\u00f3viles y de escritorio con <strong data-start=\"2932\" data-end=\"2945\">.NET MAUI<\/strong>, Crear interfaces web con capacidad de respuesta <strong data-start=\"2985\" data-end=\"2995\">Blazor<\/strong>, y desarrollar aplicaciones de alto rendimiento con <strong data-start=\"3045\" data-end=\"3061\">.NET y C++<\/strong>.<\/p>\n<p data-start=\"3064\" data-end=\"3223\">El IDE tambi\u00e9n incluye potentes herramientas de depuraci\u00f3n, analizadores de c\u00f3digo y funciones de recarga en caliente que permiten a los desarrolladores probar y modificar aplicaciones en tiempo real.<\/p>\n<hr data-start=\"3225\" data-end=\"3228\" \/>\n<h3 data-section-id=\"gxwg7b\" data-start=\"3230\" data-end=\"3270\">Colaboraci\u00f3n e integraci\u00f3n de DevOps<\/h3>\n<p data-start=\"3272\" data-end=\"3389\">La plataforma tambi\u00e9n incluye herramientas integradas de colaboraci\u00f3n y DevOps que ayudan a los equipos de desarrollo a trabajar de forma m\u00e1s eficiente.<\/p>\n<p data-start=\"3391\" data-end=\"3506\">Los desarrolladores pueden clonar repositorios, gestionar proyectos Git, revisar confirmaciones y organizar tareas directamente dentro del IDE.<\/p>\n<p data-start=\"3508\" data-end=\"3639\">La plataforma tambi\u00e9n permite automatizar <strong data-start=\"3545\" data-end=\"3564\">Flujos de trabajo CI\/CD<\/strong>, facilitando el despliegue de aplicaciones y la gesti\u00f3n de los procesos de desarrollo.<\/p>\n<hr data-start=\"3641\" data-end=\"3644\" \/>\n<h2 data-section-id=\"136hq9m\" data-start=\"3646\" data-end=\"3669\">Lo que recibir\u00e1<\/h2>\n<p data-start=\"3671\" data-end=\"3811\">\u2714 <strong data-start=\"3673\" data-end=\"3723\">Clave de activaci\u00f3n de Visual Studio 2022 Professional<\/strong><br data-start=\"3723\" data-end=\"3726\" \/>\u2714 Enlace de descarga oficial de Microsoft<br data-start=\"3760\" data-end=\"3763\" \/>\u2714 Licencia de por vida<br data-start=\"3781\" data-end=\"3784\" \/>\u2714 Instrucciones de activaci\u00f3n<\/p>\n<p data-start=\"3813\" data-end=\"3958\">Tras completar su compra, recibir\u00e1 su clave de activaci\u00f3n en formato digital para que pueda descargar y activar el software de forma r\u00e1pida y sencilla.<\/p>\n<hr data-start=\"3960\" data-end=\"3963\" \/>\n<h2 data-section-id=\"15uen7i\" data-start=\"3965\" data-end=\"3982\">Por qu\u00e9 comprarnos<\/h2>\n<p data-start=\"3984\" data-end=\"4070\">\u2714 <strong data-start=\"3986\" data-end=\"4014\">Entrega digital r\u00e1pida<\/strong> - Reciba su clave de activaci\u00f3n r\u00e1pidamente despu\u00e9s de la compra.<\/p>\n<p data-start=\"4072\" data-end=\"4141\">\u2714 <strong data-start=\"4074\" data-end=\"4094\">Licencia de por vida<\/strong> - Compra \u00fanica sin fecha de caducidad.<\/p>\n<p data-start=\"4143\" data-end=\"4204\">\u2714 <strong data-start=\"4145\" data-end=\"4163\">Pago seguro<\/strong> - Proceso de pago seguro y protegido.<\/p>\n<p data-start=\"4206\" data-end=\"4290\">\u2714 <strong data-start=\"4208\" data-end=\"4232\">Apoyo profesional<\/strong> - Nuestro equipo de asistencia est\u00e1 a su disposici\u00f3n si necesita ayuda.<\/p>\n<p data-start=\"4292\" data-end=\"4364\">\u2714 <strong data-start=\"4294\" data-end=\"4314\">Software de confianza<\/strong> - Active la versi\u00f3n oficial de Visual Studio.<\/p>\n<hr data-start=\"4366\" data-end=\"4369\" \/>\n<h2 data-section-id=\"tdp9n3\" data-start=\"4371\" data-end=\"4392\">Requisitos del sistema<\/h2>\n<p data-start=\"4394\" data-end=\"4608\">Sistema operativo: Windows 10 \/ Windows 11<br data-start=\"4435\" data-end=\"4438\" \/>Procesador: 1,8 GHz o superior<br data-start=\"4476\" data-end=\"4479\" \/>RAM: M\u00ednimo 4 GB (se recomiendan 8 GB)<br data-start=\"4515\" data-end=\"4518\" \/>Almacenamiento: M\u00ednimo 20 GB de espacio disponible en disco<br data-start=\"4561\" data-end=\"4564\" \/>Se requiere conexi\u00f3n a Internet para la activaci\u00f3n.<\/p>\n<hr data-start=\"4610\" data-end=\"4613\" \/>\n<h2 data-section-id=\"15qw8x\" data-start=\"4615\" data-end=\"4636\">Informaci\u00f3n sobre el producto<\/h2>\n<p data-start=\"4638\" data-end=\"4835\">Nombre del producto: <strong data-start=\"4652\" data-end=\"4687\">Visual Studio 2022 Profesional<\/strong><br data-start=\"4687\" data-end=\"4690\" \/>Tipo de licencia: Licencia de por vida<br data-start=\"4720\" data-end=\"4723\" \/>M\u00e9todo de activaci\u00f3n: Clave de activaci\u00f3n<br data-start=\"4756\" data-end=\"4759\" \/>Plataforma: Windows PC<br data-start=\"4779\" data-end=\"4782\" \/>Entrega: Entrega digital<br data-start=\"4808\" data-end=\"4811\" \/>Idioma: Multiling\u00fce<\/p>\n<hr data-start=\"4837\" data-end=\"4840\" \/>\n<h2 data-section-id=\"85kjbu\" data-start=\"4842\" data-end=\"4852\">Entrega<\/h2>\n<p data-start=\"4854\" data-end=\"5020\">Tras la compra, su <strong data-start=\"4875\" data-end=\"4925\">Clave de activaci\u00f3n de Visual Studio 2022 Professional<\/strong> se enviar\u00e1 digitalmente por correo electr\u00f3nico junto con las instrucciones para su instalaci\u00f3n y activaci\u00f3n.<\/p>\n<p data-start=\"5022\" data-end=\"5058\">No se enviar\u00e1 ning\u00fan producto f\u00edsico.<\/p>\n<hr data-start=\"5060\" data-end=\"5063\" \/>\n<h2 data-section-id=\"8ukl95\" data-start=\"5065\" data-end=\"5090\">Instrucciones de activaci\u00f3n<\/h2>\n<ol data-start=\"5092\" data-end=\"5349\">\n<li data-section-id=\"1vdq4vg\" data-start=\"5092\" data-end=\"5174\">\n<p data-start=\"5095\" data-end=\"5174\">Descarga Visual Studio 2022 Professional desde el sitio web oficial de Microsoft.<\/p>\n<\/li>\n<li data-section-id=\"f3yz13\" data-start=\"5175\" data-end=\"5218\">\n<p data-start=\"5178\" data-end=\"5218\">Instale el software en su ordenador.<\/p>\n<\/li>\n<li data-section-id=\"alppj0\" data-start=\"5219\" data-end=\"5273\">\n<p data-start=\"5222\" data-end=\"5273\">Introduzca la clave de activaci\u00f3n proporcionada tras la compra.<\/p>\n<\/li>\n<li data-section-id=\"s85qpe\" data-start=\"5274\" data-end=\"5349\">\n<p data-start=\"5277\" data-end=\"5349\">Empieza a desarrollar aplicaciones con <strong data-start=\"5313\" data-end=\"5348\">Visual Studio 2022 Profesional<\/strong>.<\/p>\n<\/li>\n<\/ol>\n<hr data-start=\"5351\" data-end=\"5354\" \/>\n<h2 data-section-id=\"hkd5a4\" data-start=\"5356\" data-end=\"5384\">Preguntas frecuentes<\/h2>\n<p data-start=\"5386\" data-end=\"5493\"><strong data-start=\"5386\" data-end=\"5427\">\u00bfC\u00f3mo recibir\u00e9 mi clave de activaci\u00f3n?<\/strong><br data-start=\"5427\" data-end=\"5430\" \/>Su clave de activaci\u00f3n se entregar\u00e1 digitalmente despu\u00e9s de la compra.<\/p>\n<p data-start=\"5495\" data-end=\"5562\"><strong data-start=\"5495\" data-end=\"5526\">\u00bfEs una licencia vitalicia?<\/strong><br data-start=\"5526\" data-end=\"5529\" \/>S\u00ed, la licencia no caduca.<\/p>\n<p data-start=\"5564\" data-end=\"5662\"><strong data-start=\"5564\" data-end=\"5609\">\u00bfPuedo volver a instalar Visual Studio 2022 m\u00e1s adelante?<\/strong><br data-start=\"5609\" data-end=\"5612\" \/>S\u00ed, el software puede reinstalarse si es necesario.<\/p>","protected":false},"excerpt":{"rendered":"<p data-start=\"583\" data-end=\"927\"><strong data-start=\"583\" data-end=\"633\">Clave de activaci\u00f3n de Visual Studio 2022 Professional<\/strong> proporciona acceso al potente entorno de desarrollo integrado (IDE) de 64 bits de Microsoft, dise\u00f1ado para desarrolladores profesionales y peque\u00f1os equipos de desarrollo. Con herramientas avanzadas de codificaci\u00f3n, depuraci\u00f3n y pruebas, Visual Studio 2022 le ayuda a crear aplicaciones modernas de forma m\u00e1s r\u00e1pida y eficaz.<\/p>\n<p data-start=\"929\" data-end=\"1037\">\u2714 Licencia de por vida<br data-start=\"947\" data-end=\"950\" \/>\u2714 Entrega digital r\u00e1pida<br data-start=\"976\" data-end=\"979\" \/>\u2714 Herramientas de desarrollo profesional<br data-start=\"1011\" data-end=\"1014\" \/>Potente IDE de 64 bits<\/p>","protected":false},"featured_media":11329,"comment_status":"open","ping_status":"closed","template":"","meta":[],"product_brand":[],"product_cat":[142,135],"product_tag":[350],"class_list":{"0":"post-11328","1":"product","2":"type-product","3":"status-publish","4":"has-post-thumbnail","6":"product_cat-office-for-pc","7":"product_cat-microsoft-office","8":"product_tag-visual-studio-2022-professional","10":"first","11":"instock","12":"virtual","13":"purchasable","14":"product-type-simple"},"jetpack_sharing_enabled":true,"_links":{"self":[{"href":"https:\/\/keyzy.net\/es\/wp-json\/wp\/v2\/product\/11328","targetHints":{"allow":["GET"]}}],"collection":[{"href":"https:\/\/keyzy.net\/es\/wp-json\/wp\/v2\/product"}],"about":[{"href":"https:\/\/keyzy.net\/es\/wp-json\/wp\/v2\/types\/product"}],"replies":[{"embeddable":true,"href":"https:\/\/keyzy.net\/es\/wp-json\/wp\/v2\/comments?post=11328"}],"version-history":[{"count":3,"href":"https:\/\/keyzy.net\/es\/wp-json\/wp\/v2\/product\/11328\/revisions"}],"predecessor-version":[{"id":11788,"href":"https:\/\/keyzy.net\/es\/wp-json\/wp\/v2\/product\/11328\/revisions\/11788"}],"wp:featuredmedia":[{"embeddable":true,"href":"https:\/\/keyzy.net\/es\/wp-json\/wp\/v2\/media\/11329"}],"wp:attachment":[{"href":"https:\/\/keyzy.net\/es\/wp-json\/wp\/v2\/media?parent=11328"}],"wp:term":[{"taxonomy":"product_brand","embeddable":true,"href":"https:\/\/keyzy.net\/es\/wp-json\/wp\/v2\/product_brand?post=11328"},{"taxonomy":"product_cat","embeddable":true,"href":"https:\/\/keyzy.net\/es\/wp-json\/wp\/v2\/product_cat?post=11328"},{"taxonomy":"product_tag","embeddable":true,"href":"https:\/\/keyzy.net\/es\/wp-json\/wp\/v2\/product_tag?post=11328"}],"curies":[{"name":"wp","href":"https:\/\/api.w.org\/{rel}","templated":true}]}}