{"id":11322,"date":"2026-03-13T17:57:20","date_gmt":"2026-03-13T17:57:20","guid":{"rendered":"https:\/\/keyzy.net\/?post_type=product&#038;p=11322"},"modified":"2026-04-16T11:16:09","modified_gmt":"2026-04-16T11:16:09","slug":"clave-de-activacion-de-microsoft-visio-professional-2019","status":"publish","type":"product","link":"https:\/\/keyzy.net\/es\/product\/microsoft-visio-professional-2019-activation-key\/","title":{"rendered":"Clave de activaci\u00f3n de Microsoft Visio Professional 2019 - Licencia de por vida - PC - Descarga digital"},"content":{"rendered":"<section class=\"wd-negative-gap elementor-section elementor-top-section elementor-element elementor-element-262ec8be elementor-reverse-mobile elementor-section-boxed elementor-section-height-default elementor-section-height-default\" data-id=\"262ec8be\" data-element_type=\"section\" data-e-type=\"section\">\n<div class=\"elementor-container elementor-column-gap-default\">\n<div class=\"elementor-column elementor-col-100 elementor-top-column elementor-element elementor-element-4c96aecc\" data-id=\"4c96aecc\" data-element_type=\"column\" data-e-type=\"column\" data-settings=\"{&quot;background_background&quot;:&quot;classic&quot;}\">\n<div class=\"elementor-widget-wrap elementor-element-populated\">\n<div class=\"elementor-element elementor-element-5b23a881 wd-single-content elementor-widget elementor-widget-wd_single_product_content\" data-id=\"5b23a881\" data-element_type=\"widget\" data-e-type=\"widget\" data-widget_type=\"wd_single_product_content.default\">\n<div class=\"elementor-widget-container\">\n<h1 data-section-id=\"u0ybrq\" data-start=\"1048\" data-end=\"1062\">Comprar clave de activaci\u00f3n de Microsoft Visio Professional 2019<\/h1>\n<h1 data-section-id=\"u0ybrq\" data-start=\"1048\" data-end=\"1062\">Caracter\u00edsticas principales<\/h1>\n<p data-start=\"1064\" data-end=\"1430\">- Cree organigramas, diagramas y mapas de procesos visuales profesionales<br data-start=\"1131\" data-end=\"1134\" \/>- Amplia biblioteca de formas, plantillas y estilos<br data-start=\"1186\" data-end=\"1189\" \/>- Colaboraci\u00f3n avanzada en diagramas para equipos<br data-start=\"1231\" data-end=\"1234\" \/>- Vincule diagramas directamente a fuentes de datos como Excel y SharePoint<br data-start=\"1303\" data-end=\"1306\" \/>- Compatibilidad con est\u00e1ndares del sector como BPMN, UML y diagramas de flujo de trabajo<br data-start=\"1376\" data-end=\"1379\" \/>- Moderna interfaz tipo Office para un uso intuitivo<\/p>\n<hr data-start=\"1432\" data-end=\"1435\" \/>\n<h1 data-section-id=\"g7i1d1\" data-start=\"1437\" data-end=\"1447\">Visi\u00f3n general<\/h1>\n<p data-start=\"1449\" data-end=\"1657\"><strong data-start=\"1449\" data-end=\"1501\">Clave de activaci\u00f3n de Microsoft Visio Professional 2019<\/strong> proporciona acceso a una de las herramientas de diagramaci\u00f3n y visualizaci\u00f3n m\u00e1s potentes dise\u00f1adas para empresas, ingenieros, gestores de proyectos y profesionales de TI.<\/p>\n<p data-start=\"1659\" data-end=\"1827\"><strong data-start=\"1659\" data-end=\"1696\">Microsoft Visio Professional 2019<\/strong> permite a los usuarios transformar ideas, sistemas y procesos complejos en diagramas visuales claros, f\u00e1ciles de entender y de gestionar.<\/p>\n<p data-start=\"1829\" data-end=\"2038\">Con una amplia colecci\u00f3n de plantillas y formas, los usuarios pueden crear r\u00e1pidamente diagramas profesionales, incluidos flujos de procesos empresariales, organigramas, diagramas de redes inform\u00e1ticas, planos de ingenier\u00eda y distribuciones de planta.<\/p>\n<p data-start=\"2040\" data-end=\"2208\">La conocida interfaz de Office facilita a los usuarios la navegaci\u00f3n y el trabajo eficaz, mientras que funciones como la funci\u00f3n <strong data-start=\"2158\" data-end=\"2181\">\u201cAsistente \u201dTell Me<\/strong> ayudan a localizar r\u00e1pidamente las herramientas.<\/p>\n<hr data-start=\"2210\" data-end=\"2213\" \/>\n<h3 data-section-id=\"1od2w3v\" data-start=\"2215\" data-end=\"2245\">Herramientas avanzadas de diagramaci\u00f3n<\/h3>\n<p data-start=\"2247\" data-end=\"2384\"><strong data-start=\"2247\" data-end=\"2284\">Microsoft Visio Professional 2019<\/strong> incluye funciones avanzadas que permiten a los usuarios crear diagramas profesionales con s\u00f3lo unos clics.<\/p>\n<p data-start=\"2386\" data-end=\"2523\">El software incluye una amplia colecci\u00f3n de formas, patrones y plantillas actualizados, dise\u00f1ados para diferentes industrias y necesidades empresariales.<\/p>\n<p data-start=\"2525\" data-end=\"2579\">Los usuarios pueden crear una gran variedad de diagramas:<\/p>\n<p data-start=\"2581\" data-end=\"2745\">- Diagramas de procesos de negocio<br data-start=\"2608\" data-end=\"2611\" \/>- Diagramas de redes inform\u00e1ticas<br data-start=\"2632\" data-end=\"2635\" \/>- Software y diagramas de bases de datos<br data-start=\"2667\" data-end=\"2670\" \/>- Diagramas t\u00e9cnicos y de ingenier\u00eda<br data-start=\"2706\" data-end=\"2709\" \/>- Planos y distribuci\u00f3n del edificio<\/p>\n<p data-start=\"2747\" data-end=\"2903\">El programa tambi\u00e9n es compatible con normas industriales como <strong data-start=\"2801\" data-end=\"2846\">BPMN 2.0, UML, IEEE y Windows Workflow<\/strong>, lo que la hace adecuada para uso profesional y empresarial.<\/p>\n<hr data-start=\"2905\" data-end=\"2908\" \/>\n<h3 data-section-id=\"xnodwc\" data-start=\"2910\" data-end=\"2934\">Diagramas vinculados a datos<\/h3>\n<p data-start=\"2936\" data-end=\"3080\">Una de las funciones m\u00e1s potentes de <strong data-start=\"2973\" data-end=\"3010\">Microsoft Visio Professional 2019<\/strong> es la posibilidad de conectar los diagramas directamente a fuentes de datos externas.<\/p>\n<p data-start=\"3082\" data-end=\"3119\">Los usuarios pueden vincular diagramas a datos de:<\/p>\n<p data-start=\"3121\" data-end=\"3211\">- Microsoft Excel<br data-start=\"3138\" data-end=\"3141\" \/>- Directorio Activo<br data-start=\"3159\" data-end=\"3162\" \/>- Microsoft SQL Server<br data-start=\"3184\" data-end=\"3187\" \/>- Microsoft SharePoint<\/p>\n<p data-start=\"3213\" data-end=\"3359\">Esto permite que los diagramas se actualicen autom\u00e1ticamente cuando cambian los datos conectados, proporcionando una visualizaci\u00f3n en tiempo real de los procesos y sistemas empresariales.<\/p>\n<hr data-start=\"3361\" data-end=\"3364\" \/>\n<h3 data-section-id=\"fjv3hw\" data-start=\"3366\" data-end=\"3388\">Colaboraci\u00f3n en equipo<\/h3>\n<p data-start=\"3390\" data-end=\"3517\"><strong data-start=\"3390\" data-end=\"3427\">Microsoft Visio Professional 2019<\/strong> tambi\u00e9n mejora la colaboraci\u00f3n en equipo al permitir que varios usuarios trabajen juntos en los diagramas.<\/p>\n<p data-start=\"3519\" data-end=\"3624\">Los miembros del equipo pueden editar diagramas, a\u00f1adir comentarios y compartir actualizaciones sin preocuparse por los conflictos de versiones.<\/p>\n<p data-start=\"3626\" data-end=\"3763\">Los usuarios tambi\u00e9n pueden comunicarse directamente dentro de la aplicaci\u00f3n utilizando herramientas de colaboraci\u00f3n cuando la aplicaci\u00f3n est\u00e1 integrada con los servicios de comunicaci\u00f3n de Microsoft.<\/p>\n<p data-start=\"3765\" data-end=\"3861\">Estas funciones hacen de Visio una soluci\u00f3n ideal para equipos de proyecto, ingenieros y analistas empresariales.<\/p>\n<hr data-start=\"3863\" data-end=\"3866\" \/>\n<h1 data-section-id=\"136hq9m\" data-start=\"3868\" data-end=\"3891\">Lo que recibir\u00e1<\/h1>\n<p data-start=\"3893\" data-end=\"4035\">\u2714 <strong data-start=\"3895\" data-end=\"3947\">Clave de activaci\u00f3n de Microsoft Visio Professional 2019<\/strong><br data-start=\"3947\" data-end=\"3950\" \/>\u2714 Enlace de descarga oficial de Microsoft<br data-start=\"3984\" data-end=\"3987\" \/>\u2714 Licencia de por vida<br data-start=\"4005\" data-end=\"4008\" \/>\u2714 Instrucciones de activaci\u00f3n<\/p>\n<p data-start=\"4037\" data-end=\"4182\">Tras completar su compra, recibir\u00e1 su clave de activaci\u00f3n en formato digital para que pueda descargar y activar el software de forma r\u00e1pida y sencilla.<\/p>\n<hr data-start=\"4184\" data-end=\"4187\" \/>\n<h1 data-section-id=\"15uen7i\" data-start=\"4189\" data-end=\"4206\">Por qu\u00e9 comprarnos<\/h1>\n<p data-start=\"4208\" data-end=\"4294\">\u2714 <strong data-start=\"4210\" data-end=\"4238\">Entrega digital r\u00e1pida<\/strong> - Reciba su clave de activaci\u00f3n r\u00e1pidamente despu\u00e9s de la compra.<\/p>\n<p data-start=\"4296\" data-end=\"4365\">\u2714 <strong data-start=\"4298\" data-end=\"4318\">Licencia de por vida<\/strong> - Compra \u00fanica sin fecha de caducidad.<\/p>\n<p data-start=\"4367\" data-end=\"4428\">\u2714 <strong data-start=\"4369\" data-end=\"4387\">Pago seguro<\/strong> - Proceso de pago seguro y protegido.<\/p>\n<p data-start=\"4430\" data-end=\"4514\">\u2714 <strong data-start=\"4432\" data-end=\"4456\">Apoyo profesional<\/strong> - Nuestro equipo de asistencia est\u00e1 a su disposici\u00f3n si necesita ayuda.<\/p>\n<p data-start=\"4516\" data-end=\"4590\">\u2714 <strong data-start=\"4518\" data-end=\"4538\">Software de confianza<\/strong> - Activar la versi\u00f3n oficial de Microsoft Visio.<\/p>\n<hr data-start=\"4592\" data-end=\"4595\" \/>\n<h1 data-section-id=\"tdp9n3\" data-start=\"4597\" data-end=\"4618\">Requisitos del sistema<\/h1>\n<p data-start=\"4620\" data-end=\"4833\">Sistema operativo: Windows 10 \/ Windows 11<br data-start=\"4661\" data-end=\"4664\" \/>Procesador: 1,6 GHz o superior<br data-start=\"4702\" data-end=\"4705\" \/>RAM: M\u00ednimo 4 GB (se recomiendan 8 GB)<br data-start=\"4741\" data-end=\"4744\" \/>Almacenamiento: M\u00ednimo 4 GB de espacio disponible en disco<br data-start=\"4786\" data-end=\"4789\" \/>Se requiere conexi\u00f3n a Internet para la activaci\u00f3n.<\/p>\n<hr data-start=\"4835\" data-end=\"4838\" \/>\n<h1 data-section-id=\"15qw8x\" data-start=\"4840\" data-end=\"4861\">Informaci\u00f3n sobre el producto<\/h1>\n<p data-start=\"4863\" data-end=\"5062\">Nombre del producto: <strong data-start=\"4877\" data-end=\"4914\">Microsoft Visio Professional 2019<\/strong><br data-start=\"4914\" data-end=\"4917\" \/>Tipo de licencia: Licencia de por vida<br data-start=\"4947\" data-end=\"4950\" \/>M\u00e9todo de activaci\u00f3n: Clave de activaci\u00f3n<br data-start=\"4983\" data-end=\"4986\" \/>Plataforma: Windows PC<br data-start=\"5006\" data-end=\"5009\" \/>Entrega: Entrega digital<br data-start=\"5035\" data-end=\"5038\" \/>Idioma: Multiling\u00fce<\/p>\n<hr data-start=\"5064\" data-end=\"5067\" \/>\n<h1 data-section-id=\"85kjbu\" data-start=\"5069\" data-end=\"5079\">Entrega<\/h1>\n<p data-start=\"5081\" data-end=\"5249\">Tras la compra, su <strong data-start=\"5102\" data-end=\"5154\">Clave de activaci\u00f3n de Microsoft Visio Professional 2019<\/strong> se enviar\u00e1 digitalmente por correo electr\u00f3nico junto con las instrucciones para su instalaci\u00f3n y activaci\u00f3n.<\/p>\n<p data-start=\"5251\" data-end=\"5287\">No se enviar\u00e1 ning\u00fan producto f\u00edsico.<\/p>\n<hr data-start=\"5289\" data-end=\"5292\" \/>\n<h1 data-section-id=\"8ukl95\" data-start=\"5294\" data-end=\"5319\">Instrucciones de activaci\u00f3n<\/h1>\n<ol data-start=\"5321\" data-end=\"5576\">\n<li data-section-id=\"1h7zkda\" data-start=\"5321\" data-end=\"5405\">\n<p data-start=\"5324\" data-end=\"5405\">Descarga Microsoft Visio Professional 2019 desde la p\u00e1gina oficial de Microsoft.<\/p>\n<\/li>\n<li data-section-id=\"f3yz13\" data-start=\"5406\" data-end=\"5449\">\n<p data-start=\"5409\" data-end=\"5449\">Instale el software en su ordenador.<\/p>\n<\/li>\n<li data-section-id=\"alppj0\" data-start=\"5450\" data-end=\"5504\">\n<p data-start=\"5453\" data-end=\"5504\">Introduzca la clave de activaci\u00f3n proporcionada tras la compra.<\/p>\n<\/li>\n<li data-section-id=\"16gkgbz\" data-start=\"5505\" data-end=\"5576\">\n<p data-start=\"5508\" data-end=\"5576\">Empieza a crear diagramas con <strong data-start=\"5538\" data-end=\"5575\">Microsoft Visio Professional 2019<\/strong>.<\/p>\n<\/li>\n<\/ol>\n<hr data-start=\"5578\" data-end=\"5581\" \/>\n<h1 data-section-id=\"hkd5a4\" data-start=\"5583\" data-end=\"5611\">Preguntas frecuentes<\/h1>\n<p data-start=\"5613\" data-end=\"5720\"><strong data-start=\"5613\" data-end=\"5654\">\u00bfC\u00f3mo recibir\u00e9 mi clave de activaci\u00f3n?<\/strong><br data-start=\"5654\" data-end=\"5657\" \/>Su clave de activaci\u00f3n se entregar\u00e1 digitalmente despu\u00e9s de la compra.<\/p>\n<p data-start=\"5722\" data-end=\"5789\"><strong data-start=\"5722\" data-end=\"5753\">\u00bfEs una licencia vitalicia?<\/strong><br data-start=\"5753\" data-end=\"5756\" \/>S\u00ed, la licencia no caduca.<\/p>\n<p data-start=\"5791\" data-end=\"5886\"><strong data-start=\"5791\" data-end=\"5833\">\u00bfPuedo volver a instalar Microsoft Visio m\u00e1s adelante?<\/strong><br data-start=\"5833\" data-end=\"5836\" \/>S\u00ed, el software puede reinstalarse si es necesario.<\/p>\n<\/div>\n<\/div>\n<\/div>\n<\/div>\n<\/div>\n<\/section>","protected":false},"excerpt":{"rendered":"<p data-start=\"605\" data-end=\"901\"><strong data-start=\"605\" data-end=\"657\">Clave de activaci\u00f3n de Microsoft Visio Professional 2019<\/strong> desbloquea la versi\u00f3n completa del potente software de diagramas y visualizaci\u00f3n de Microsoft. Crea diagramas de flujo profesionales, organigramas, diagramas t\u00e9cnicos y mapas de procesos empresariales con herramientas avanzadas dise\u00f1adas para profesionales y equipos.<\/p>\n<p data-start=\"903\" data-end=\"1041\">\u2714 Licencia de por vida<br data-start=\"921\" data-end=\"924\" \/>\u2714 Entrega digital r\u00e1pida<br data-start=\"950\" data-end=\"953\" \/>\u2714 Herramientas profesionales de diagramas y organigramas<br data-start=\"993\" data-end=\"996\" \/>\u2714 Perfecto para empresas y profesionales de TI<\/p>","protected":false},"featured_media":11323,"comment_status":"open","ping_status":"closed","template":"","meta":[],"product_brand":[],"product_cat":[142,135],"product_tag":[348],"class_list":{"0":"post-11322","1":"product","2":"type-product","3":"status-publish","4":"has-post-thumbnail","6":"product_cat-office-for-pc","7":"product_cat-microsoft-office","8":"product_tag-visio-professional-2019","10":"first","11":"instock","12":"virtual","13":"purchasable","14":"product-type-simple"},"jetpack_sharing_enabled":true,"_links":{"self":[{"href":"https:\/\/keyzy.net\/es\/wp-json\/wp\/v2\/product\/11322","targetHints":{"allow":["GET"]}}],"collection":[{"href":"https:\/\/keyzy.net\/es\/wp-json\/wp\/v2\/product"}],"about":[{"href":"https:\/\/keyzy.net\/es\/wp-json\/wp\/v2\/types\/product"}],"replies":[{"embeddable":true,"href":"https:\/\/keyzy.net\/es\/wp-json\/wp\/v2\/comments?post=11322"}],"version-history":[{"count":3,"href":"https:\/\/keyzy.net\/es\/wp-json\/wp\/v2\/product\/11322\/revisions"}],"predecessor-version":[{"id":11791,"href":"https:\/\/keyzy.net\/es\/wp-json\/wp\/v2\/product\/11322\/revisions\/11791"}],"wp:featuredmedia":[{"embeddable":true,"href":"https:\/\/keyzy.net\/es\/wp-json\/wp\/v2\/media\/11323"}],"wp:attachment":[{"href":"https:\/\/keyzy.net\/es\/wp-json\/wp\/v2\/media?parent=11322"}],"wp:term":[{"taxonomy":"product_brand","embeddable":true,"href":"https:\/\/keyzy.net\/es\/wp-json\/wp\/v2\/product_brand?post=11322"},{"taxonomy":"product_cat","embeddable":true,"href":"https:\/\/keyzy.net\/es\/wp-json\/wp\/v2\/product_cat?post=11322"},{"taxonomy":"product_tag","embeddable":true,"href":"https:\/\/keyzy.net\/es\/wp-json\/wp\/v2\/product_tag?post=11322"}],"curies":[{"name":"wp","href":"https:\/\/api.w.org\/{rel}","templated":true}]}}