{"id":11319,"date":"2026-03-13T17:53:35","date_gmt":"2026-03-13T17:53:35","guid":{"rendered":"https:\/\/keyzy.net\/?post_type=product&#038;p=11319"},"modified":"2026-04-16T11:20:03","modified_gmt":"2026-04-16T11:20:03","slug":"clave-de-activacion-microsoft-office-2024-home-business","status":"publish","type":"product","link":"https:\/\/keyzy.net\/es\/product\/microsoft-office-2024-home-business-activation-key\/","title":{"rendered":"Clave de activaci\u00f3n de Microsoft Office 2024 Hogar y Empresa - Licencia de por vida - Windows \/ Mac"},"content":{"rendered":"<p data-section-id=\"u0ybrq\" data-start=\"1100\" data-end=\"1114\">Microsoft Office 2024 Home &amp; Business Activation Key \u2013 Lifetime License \u2013 Windows \/ Mac<\/p>\n<h2 data-section-id=\"u0ybrq\" data-start=\"1100\" data-end=\"1114\">Caracter\u00edsticas principales<\/h2>\n<p data-start=\"1116\" data-end=\"1448\">- Incluye Word, Excel, PowerPoint, Outlook y OneNote<br data-start=\"1172\" data-end=\"1175\" \/>- Dise\u00f1ado para profesionales y peque\u00f1as empresas<br data-start=\"1224\" data-end=\"1227\" \/>- Herramientas avanzadas para documentos, hojas de c\u00e1lculo y presentaciones<br data-start=\"1290\" data-end=\"1293\" \/>- Rendimiento optimizado para Windows y macOS<br data-start=\"1338\" data-end=\"1341\" \/>- Interfaz moderna y funciones de productividad mejoradas<br data-start=\"1394\" data-end=\"1397\" \/>- Compra \u00fanica sin necesidad de suscripci\u00f3n<\/p>\n<hr data-start=\"1450\" data-end=\"1453\" \/>\n<h2 data-section-id=\"g7i1d1\" data-start=\"1455\" data-end=\"1465\">Visi\u00f3n general<\/h2>\n<p data-start=\"1467\" data-end=\"1632\"><strong data-start=\"1467\" data-end=\"1523\">Clave de activaci\u00f3n de Microsoft Office 2024 Hogar y Empresa<\/strong> desbloquea la versi\u00f3n completa de la \u00faltima suite de productividad de Microsoft dise\u00f1ada para profesionales y empresas.<\/p>\n<p data-start=\"1634\" data-end=\"1854\"><strong data-start=\"1634\" data-end=\"1675\">Microsoft Office 2024 Hogar y empresa<\/strong> incluye potentes aplicaciones que permiten a los usuarios crear documentos profesionales, analizar datos complejos, dise\u00f1ar presentaciones, gestionar correos electr\u00f3nicos y organizar la informaci\u00f3n de forma eficaz.<\/p>\n<p data-start=\"1856\" data-end=\"2022\">El paquete incluye <strong data-start=\"1875\" data-end=\"1924\">Word, Excel, PowerPoint, Outlook y OneNote<\/strong>, que proporciona un conjunto completo de herramientas de productividad que apoyan tanto el trabajo personal como el profesional.<\/p>\n<p data-start=\"2024\" data-end=\"2184\">Dise\u00f1ado para funcionar sin problemas en <strong data-start=\"2055\" data-end=\"2076\">Windows y macOS<\/strong>, Esta versi\u00f3n de Office garantiza una compatibilidad excelente y un rendimiento optimizado en diferentes dispositivos.<\/p>\n<p data-start=\"2186\" data-end=\"2345\">Con su moderna interfaz y sus potentes funciones, <strong data-start=\"2235\" data-end=\"2276\">Microsoft Office 2024 Hogar y empresa<\/strong> ayuda a los usuarios a trabajar de forma m\u00e1s eficiente y a gestionar las tareas con mayor eficacia.<\/p>\n<hr data-start=\"2347\" data-end=\"2350\" \/>\n<h3 data-section-id=\"19h94m9\" data-start=\"2352\" data-end=\"2391\">Aplicaciones de productividad esenciales<\/h3>\n<p data-start=\"2393\" data-end=\"2518\"><strong data-start=\"2393\" data-end=\"2434\">Microsoft Office 2024 Hogar y empresa<\/strong> incluye varias potentes aplicaciones que cubren todas las necesidades esenciales de productividad:<\/p>\n<p data-start=\"2520\" data-end=\"2956\">\u2022 <strong data-start=\"2522\" data-end=\"2540\">Microsoft Word<\/strong> - Cree y edite documentos profesionales con herramientas de formato avanzadas<br data-start=\"2612\" data-end=\"2615\" \/>\u2022 <strong data-start=\"2617\" data-end=\"2636\">Microsoft Excel<\/strong> - Realizaci\u00f3n de c\u00e1lculos avanzados y an\u00e1lisis de conjuntos de datos complejos<br data-start=\"2697\" data-end=\"2700\" \/>\u2022 <strong data-start=\"2702\" data-end=\"2726\">Microsoft PowerPoint<\/strong> - Dise\u00f1e presentaciones atractivas con efectos visuales modernos<br data-start=\"2785\" data-end=\"2788\" \/>\u2022 <strong data-start=\"2790\" data-end=\"2811\">Microsoft Outlook<\/strong> - Gestione correos electr\u00f3nicos, contactos y calendarios en un solo lugar<br data-start=\"2865\" data-end=\"2868\" \/>\u2022 <strong data-start=\"2870\" data-end=\"2891\">Microsoft OneNote<\/strong> - Organizar notas, ideas e informaci\u00f3n en un cuaderno digital<\/p>\n<p data-start=\"2958\" data-end=\"3049\">Estas herramientas permiten a profesionales y empresas gestionar su trabajo diario de forma m\u00e1s eficaz.<\/p>\n<hr data-start=\"3051\" data-end=\"3054\" \/>\n<h3 data-section-id=\"gusaef\" data-start=\"3056\" data-end=\"3091\">Optimizado para Windows y macOS<\/h3>\n<p data-start=\"3093\" data-end=\"3202\"><strong data-start=\"3093\" data-end=\"3134\">Microsoft Office 2024 Hogar y empresa<\/strong> est\u00e1 optimizado para funcionar sin problemas tanto en <strong data-start=\"3172\" data-end=\"3193\">Windows y macOS<\/strong> sistemas.<\/p>\n<p data-start=\"3204\" data-end=\"3324\">El software aprovecha el rendimiento del hardware moderno para ofrecer tiempos de carga m\u00e1s r\u00e1pidos y una capacidad de respuesta mejorada.<\/p>\n<p data-start=\"3326\" data-end=\"3437\">Los usuarios se benefician de una interfaz familiar y de una compatibilidad perfecta con los formatos de documentos de Office utilizados en todo el mundo.<\/p>\n<p data-start=\"3439\" data-end=\"3555\">Esto convierte a Office 2024 en una excelente opci\u00f3n para los profesionales que trabajan con varios dispositivos y sistemas operativos.<\/p>\n<hr data-start=\"3557\" data-end=\"3560\" \/>\n<h2 data-section-id=\"136hq9m\" data-start=\"3562\" data-end=\"3585\">Lo que recibir\u00e1<\/h2>\n<p data-start=\"3587\" data-end=\"3733\">\u2714 <strong data-start=\"3589\" data-end=\"3645\">Clave de activaci\u00f3n de Microsoft Office 2024 Hogar y Empresa<\/strong><br data-start=\"3645\" data-end=\"3648\" \/>\u2714 Enlace de descarga oficial de Microsoft<br data-start=\"3682\" data-end=\"3685\" \/>\u2714 Licencia de por vida<br data-start=\"3703\" data-end=\"3706\" \/>\u2714 Instrucciones de activaci\u00f3n<\/p>\n<p data-start=\"3735\" data-end=\"3880\">Tras completar su compra, recibir\u00e1 su clave de activaci\u00f3n en formato digital para que pueda descargar y activar el software de forma r\u00e1pida y sencilla.<\/p>\n<hr data-start=\"3882\" data-end=\"3885\" \/>\n<h2 data-section-id=\"15uen7i\" data-start=\"3887\" data-end=\"3904\">Por qu\u00e9 comprarnos<\/h2>\n<p data-start=\"3906\" data-end=\"3992\">\u2714 <strong data-start=\"3908\" data-end=\"3936\">Entrega digital r\u00e1pida<\/strong> - Reciba su clave de activaci\u00f3n r\u00e1pidamente despu\u00e9s de la compra.<\/p>\n<p data-start=\"3994\" data-end=\"4063\">\u2714 <strong data-start=\"3996\" data-end=\"4016\">Licencia de por vida<\/strong> - Compra \u00fanica sin fecha de caducidad.<\/p>\n<p data-start=\"4065\" data-end=\"4126\">\u2714 <strong data-start=\"4067\" data-end=\"4085\">Pago seguro<\/strong> - Proceso de pago seguro y protegido.<\/p>\n<p data-start=\"4128\" data-end=\"4212\">\u2714 <strong data-start=\"4130\" data-end=\"4154\">Apoyo profesional<\/strong> - Nuestro equipo de asistencia est\u00e1 a su disposici\u00f3n si necesita ayuda.<\/p>\n<p data-start=\"4214\" data-end=\"4289\">\u2714 <strong data-start=\"4216\" data-end=\"4236\">Software de confianza<\/strong> - Activar la versi\u00f3n oficial de Microsoft Office.<\/p>\n<hr data-start=\"4291\" data-end=\"4294\" \/>\n<h2 data-section-id=\"tdp9n3\" data-start=\"4296\" data-end=\"4317\">Requisitos del sistema<\/h2>\n<p data-start=\"4319\" data-end=\"4542\">Sistema operativo: Windows 10 \/ Windows 11 o macOS<br data-start=\"4369\" data-end=\"4372\" \/>Procesador: 1,6 GHz o superior<br data-start=\"4410\" data-end=\"4413\" \/>RAM: M\u00ednimo 4 GB (se recomiendan 8 GB)<br data-start=\"4449\" data-end=\"4452\" \/>Almacenamiento: M\u00ednimo 10 GB de espacio disponible en disco<br data-start=\"4495\" data-end=\"4498\" \/>Se requiere conexi\u00f3n a Internet para la activaci\u00f3n.<\/p>\n<hr data-start=\"4544\" data-end=\"4547\" \/>\n<h2 data-section-id=\"15qw8x\" data-start=\"4549\" data-end=\"4570\">Informaci\u00f3n sobre el producto<\/h2>\n<p data-start=\"4572\" data-end=\"4780\">Nombre del producto: <strong data-start=\"4586\" data-end=\"4627\">Microsoft Office 2024 Hogar y empresa<\/strong><br data-start=\"4627\" data-end=\"4630\" \/>Tipo de licencia: Licencia de por vida<br data-start=\"4660\" data-end=\"4663\" \/>M\u00e9todo de activaci\u00f3n: Clave de activaci\u00f3n<br data-start=\"4696\" data-end=\"4699\" \/>Plataforma: Windows \/ macOS<br data-start=\"4724\" data-end=\"4727\" \/>Entrega: Entrega digital<br data-start=\"4753\" data-end=\"4756\" \/>Idioma: Multiling\u00fce<\/p>\n<hr data-start=\"4782\" data-end=\"4785\" \/>\n<h2 data-section-id=\"85kjbu\" data-start=\"4787\" data-end=\"4797\">Entrega<\/h2>\n<p data-start=\"4799\" data-end=\"4971\">Tras la compra, su <strong data-start=\"4820\" data-end=\"4876\">Clave de activaci\u00f3n de Microsoft Office 2024 Hogar y Empresa<\/strong> se enviar\u00e1 digitalmente por correo electr\u00f3nico junto con las instrucciones para su instalaci\u00f3n y activaci\u00f3n.<\/p>\n<p data-start=\"4973\" data-end=\"5009\">No se enviar\u00e1 ning\u00fan producto f\u00edsico.<\/p>\n<hr data-start=\"5011\" data-end=\"5014\" \/>\n<h2 data-section-id=\"8ukl95\" data-start=\"5016\" data-end=\"5041\">Instrucciones de activaci\u00f3n<\/h2>\n<ol data-start=\"5043\" data-end=\"5288\">\n<li data-section-id=\"1r3ob1a\" data-start=\"5043\" data-end=\"5131\">\n<p data-start=\"5046\" data-end=\"5131\">Descargue Microsoft Office 2024 Home &amp; Business desde el sitio web oficial de Microsoft.<\/p>\n<\/li>\n<li data-section-id=\"f3yz13\" data-start=\"5132\" data-end=\"5175\">\n<p data-start=\"5135\" data-end=\"5175\">Instale el software en su ordenador.<\/p>\n<\/li>\n<li data-section-id=\"alppj0\" data-start=\"5176\" data-end=\"5230\">\n<p data-start=\"5179\" data-end=\"5230\">Introduzca la clave de activaci\u00f3n proporcionada tras la compra.<\/p>\n<\/li>\n<li data-section-id=\"1tsit7s\" data-start=\"5231\" data-end=\"5288\">\n<p data-start=\"5234\" data-end=\"5288\">Empezar a utilizar <strong data-start=\"5246\" data-end=\"5287\">Microsoft Office 2024 Hogar y empresa<\/strong>.<\/p>\n<\/li>\n<\/ol>\n<hr data-start=\"5290\" data-end=\"5293\" \/>\n<h2 data-section-id=\"hkd5a4\" data-start=\"5295\" data-end=\"5323\">Preguntas frecuentes<\/h2>\n<p data-start=\"5325\" data-end=\"5432\"><strong data-start=\"5325\" data-end=\"5366\">\u00bfC\u00f3mo recibir\u00e9 mi clave de activaci\u00f3n?<\/strong><br data-start=\"5366\" data-end=\"5369\" \/>Su clave de activaci\u00f3n se entregar\u00e1 digitalmente despu\u00e9s de la compra.<\/p>\n<p data-start=\"5434\" data-end=\"5501\"><strong data-start=\"5434\" data-end=\"5465\">\u00bfEs una licencia vitalicia?<\/strong><br data-start=\"5465\" data-end=\"5468\" \/>S\u00ed, la licencia no caduca.<\/p>\n<p data-start=\"5503\" data-end=\"5599\"><strong data-start=\"5503\" data-end=\"5546\">\u00bfPuedo volver a instalar Microsoft Office m\u00e1s adelante?<\/strong><br data-start=\"5546\" data-end=\"5549\" \/>S\u00ed, el software puede reinstalarse si es necesario.<\/p>","protected":false},"excerpt":{"rendered":"<p data-start=\"630\" data-end=\"958\"><strong data-start=\"630\" data-end=\"686\">Clave de activaci\u00f3n de Microsoft Office 2024 Hogar y Empresa<\/strong> le da acceso a la \u00faltima suite de productividad de Microsoft dise\u00f1ada para profesionales, aut\u00f3nomos y peque\u00f1as empresas. Incluye Word, Excel, PowerPoint, Outlook y OneNote, que proporcionan potentes herramientas para gestionar documentos, datos, presentaciones y comunicaciones.<\/p>\n<p data-start=\"960\" data-end=\"1093\">\u2714 Licencia de por vida<br data-start=\"978\" data-end=\"981\" \/>\u2714 Entrega digital r\u00e1pida<br data-start=\"1007\" data-end=\"1010\" \/>\u2714 Compatible con Windows y macOS<br data-start=\"1045\" data-end=\"1048\" \/>\u2714 Perfecto para uso profesional y empresarial<\/p>","protected":false},"featured_media":11320,"comment_status":"open","ping_status":"closed","template":"","meta":[],"product_brand":[],"product_cat":[135,136,142],"product_tag":[347],"class_list":{"0":"post-11319","1":"product","2":"type-product","3":"status-publish","4":"has-post-thumbnail","6":"product_cat-microsoft-office","7":"product_cat-office-for-mac","8":"product_cat-office-for-pc","9":"product_tag-microsoft-office-2024-home-business-for-mac-and-windows","11":"first","12":"instock","13":"virtual","14":"purchasable","15":"product-type-simple"},"jetpack_sharing_enabled":true,"_links":{"self":[{"href":"https:\/\/keyzy.net\/es\/wp-json\/wp\/v2\/product\/11319","targetHints":{"allow":["GET"]}}],"collection":[{"href":"https:\/\/keyzy.net\/es\/wp-json\/wp\/v2\/product"}],"about":[{"href":"https:\/\/keyzy.net\/es\/wp-json\/wp\/v2\/types\/product"}],"replies":[{"embeddable":true,"href":"https:\/\/keyzy.net\/es\/wp-json\/wp\/v2\/comments?post=11319"}],"version-history":[{"count":4,"href":"https:\/\/keyzy.net\/es\/wp-json\/wp\/v2\/product\/11319\/revisions"}],"predecessor-version":[{"id":11793,"href":"https:\/\/keyzy.net\/es\/wp-json\/wp\/v2\/product\/11319\/revisions\/11793"}],"wp:featuredmedia":[{"embeddable":true,"href":"https:\/\/keyzy.net\/es\/wp-json\/wp\/v2\/media\/11320"}],"wp:attachment":[{"href":"https:\/\/keyzy.net\/es\/wp-json\/wp\/v2\/media?parent=11319"}],"wp:term":[{"taxonomy":"product_brand","embeddable":true,"href":"https:\/\/keyzy.net\/es\/wp-json\/wp\/v2\/product_brand?post=11319"},{"taxonomy":"product_cat","embeddable":true,"href":"https:\/\/keyzy.net\/es\/wp-json\/wp\/v2\/product_cat?post=11319"},{"taxonomy":"product_tag","embeddable":true,"href":"https:\/\/keyzy.net\/es\/wp-json\/wp\/v2\/product_tag?post=11319"}],"curies":[{"name":"wp","href":"https:\/\/api.w.org\/{rel}","templated":true}]}}