{"id":11316,"date":"2026-03-13T17:49:16","date_gmt":"2026-03-13T17:49:16","guid":{"rendered":"https:\/\/keyzy.net\/?post_type=product&#038;p=11316"},"modified":"2026-04-16T11:22:20","modified_gmt":"2026-04-16T11:22:20","slug":"clave-de-activacion-estandar-de-microsoft-office-2019","status":"publish","type":"product","link":"https:\/\/keyzy.net\/es\/product\/microsoft-office-2019-standard-activation-key\/","title":{"rendered":"Clave de activaci\u00f3n est\u00e1ndar de Microsoft Office 2019 - Licencia de por vida - Windows - Descarga digital"},"content":{"rendered":"<h2 data-section-id=\"u0ybrq\" data-start=\"1060\" data-end=\"1074\">Caracter\u00edsticas principales<\/h2>\n<p data-start=\"1076\" data-end=\"1399\">- Incluye Word, Excel, PowerPoint, Outlook y Publisher<br data-start=\"1134\" data-end=\"1137\" \/>- Potentes herramientas para documentos, hojas de c\u00e1lculo y presentaciones<br data-start=\"1200\" data-end=\"1203\" \/>- Gesti\u00f3n inteligente del correo electr\u00f3nico con Outlook<br data-start=\"1240\" data-end=\"1243\" \/>- Funciones de seguridad mejoradas con Data Loss Prevention<br data-start=\"1297\" data-end=\"1300\" \/>- Herramientas de publicaci\u00f3n profesionales con Publisher<br data-start=\"1346\" data-end=\"1349\" \/>- Compatible con los formatos modernos de documentos de Office<\/p>\n<hr data-start=\"1401\" data-end=\"1404\" \/>\n<h2 data-section-id=\"g7i1d1\" data-start=\"1406\" data-end=\"1416\">Visi\u00f3n general<\/h2>\n<p data-start=\"1418\" data-end=\"1584\"><strong data-start=\"1418\" data-end=\"1467\">Clave de activaci\u00f3n est\u00e1ndar de Microsoft Office 2019<\/strong> desbloquea la versi\u00f3n completa de la fiable suite de productividad de Microsoft, dise\u00f1ada para las tareas empresariales y ofim\u00e1ticas cotidianas.<\/p>\n<p data-start=\"1586\" data-end=\"1781\"><strong data-start=\"1586\" data-end=\"1620\">Microsoft Office 2019 Est\u00e1ndar<\/strong> provides a complete set of tools for creating documents, analyzing data, designing presentations, managing emails, and producing professional publications.<\/p>\n<p data-start=\"1783\" data-end=\"1980\">El paquete incluye aplicaciones esenciales como <strong data-start=\"1833\" data-end=\"1884\">Word, Excel, PowerPoint, Outlook y Publisher<\/strong>, por lo que es una soluci\u00f3n ideal para oficinas dom\u00e9sticas, peque\u00f1as empresas y entornos profesionales.<\/p>\n<p data-start=\"1982\" data-end=\"2153\">Con su moderna interfaz y sus potentes herramientas de productividad, Office 2019 ayuda a los usuarios a completar las tareas con mayor rapidez, manteniendo la compatibilidad con los formatos de documentos m\u00e1s utilizados.<\/p>\n<hr data-start=\"2155\" data-end=\"2158\" \/>\n<h3 data-section-id=\"mcj969\" data-start=\"2160\" data-end=\"2193\">Aplicaciones ofim\u00e1ticas esenciales<\/h3>\n<p data-start=\"2195\" data-end=\"2282\"><strong data-start=\"2195\" data-end=\"2229\">Microsoft Office 2019 Est\u00e1ndar<\/strong> incluye varias potentes aplicaciones de productividad:<\/p>\n<p data-start=\"2284\" data-end=\"2694\">\u2022 <strong data-start=\"2286\" data-end=\"2309\">Microsoft Word 2019<\/strong> - Crear y editar documentos e informes profesionales<br data-start=\"2362\" data-end=\"2365\" \/>\u2022 <strong data-start=\"2367\" data-end=\"2391\">Microsoft Excel 2019<\/strong> - Analizar datos y gestionar hojas de c\u00e1lculo con eficacia<br data-start=\"2442\" data-end=\"2445\" \/>\u2022 <strong data-start=\"2447\" data-end=\"2476\">Microsoft PowerPoint 2019<\/strong> - Cree presentaciones atractivas con efectos visuales<br data-start=\"2528\" data-end=\"2531\" \/>\u2022 <strong data-start=\"2533\" data-end=\"2559\">Microsoft Outlook 2019<\/strong> - Gestionar correos electr\u00f3nicos, contactos y calendarios<br data-start=\"2600\" data-end=\"2603\" \/>\u2022 <strong data-start=\"2605\" data-end=\"2633\">Microsoft Publisher 2019<\/strong> - Dise\u00f1o de publicaciones profesionales y materiales de marketing<\/p>\n<p data-start=\"2696\" data-end=\"2786\">Estas aplicaciones proporcionan un entorno de trabajo completo para gestionar las tareas cotidianas de la oficina.<\/p>\n<hr data-start=\"2788\" data-end=\"2791\" \/>\n<h3 data-section-id=\"119yuwb\" data-start=\"2793\" data-end=\"2832\">Gesti\u00f3n inteligente del correo electr\u00f3nico con Outlook<\/h3>\n<p data-start=\"2834\" data-end=\"2923\"><strong data-start=\"2834\" data-end=\"2860\">Microsoft Outlook 2019<\/strong> ayuda a los usuarios a gestionar su comunicaci\u00f3n por correo electr\u00f3nico de forma m\u00e1s eficaz.<\/p>\n<p data-start=\"2925\" data-end=\"3046\">El sistema mejorado de gesti\u00f3n del correo electr\u00f3nico detecta autom\u00e1ticamente los mensajes irrelevantes y organiza tu bandeja de entrada de forma m\u00e1s eficaz.<\/p>\n<p data-start=\"3048\" data-end=\"3171\">Esto permite a los usuarios centrarse en los mensajes y tareas importantes, mejorando la productividad y reduciendo el tiempo dedicado a gestionar el correo electr\u00f3nico.<\/p>\n<hr data-start=\"3173\" data-end=\"3176\" \/>\n<h3 data-section-id=\"yl66bq\" data-start=\"3178\" data-end=\"3219\">Mayor seguridad y protecci\u00f3n de datos<\/h3>\n<p data-start=\"3221\" data-end=\"3334\"><strong data-start=\"3221\" data-end=\"3255\">Microsoft Office 2019 Est\u00e1ndar<\/strong> introduce funciones de seguridad mejoradas que ayudan a proteger la informaci\u00f3n sensible.<\/p>\n<p data-start=\"3336\" data-end=\"3479\">En <strong data-start=\"3340\" data-end=\"3364\">Prevenci\u00f3n de la p\u00e9rdida de datos<\/strong> permite a los administradores y usuarios controlar qu\u00e9 informaci\u00f3n puede compartirse o transmitirse a trav\u00e9s de los documentos.<\/p>\n<p data-start=\"3481\" data-end=\"3578\">Tambi\u00e9n se notifica a los usuarios cuando se detectan riesgos potenciales, lo que ayuda a evitar fugas accidentales de datos.<\/p>\n<p data-start=\"3580\" data-end=\"3741\">Adem\u00e1s, la integraci\u00f3n con servicios en la nube como <strong data-start=\"3633\" data-end=\"3645\">OneDrive<\/strong> permite a los usuarios acceder a los documentos y editarlos desde cualquier lugar, manteniendo al mismo tiempo una copia de seguridad de los archivos.<\/p>\n<hr data-start=\"3743\" data-end=\"3746\" \/>\n<h2 data-section-id=\"136hq9m\" data-start=\"3748\" data-end=\"3771\">Lo que recibir\u00e1<\/h2>\n<p data-start=\"3773\" data-end=\"3912\">\u2714 <strong data-start=\"3775\" data-end=\"3824\">Clave de activaci\u00f3n est\u00e1ndar de Microsoft Office 2019<\/strong><br data-start=\"3824\" data-end=\"3827\" \/>\u2714 Enlace de descarga oficial de Microsoft<br data-start=\"3861\" data-end=\"3864\" \/>\u2714 Licencia de por vida<br data-start=\"3882\" data-end=\"3885\" \/>\u2714 Instrucciones de activaci\u00f3n<\/p>\n<p data-start=\"3914\" data-end=\"4059\">After completing your purchase, your activation key will be delivered digitally, allowing you to download and activate the software quickly and easily.<\/p>\n<hr data-start=\"4061\" data-end=\"4064\" \/>\n<h2 data-section-id=\"15uen7i\" data-start=\"4066\" data-end=\"4083\">Por qu\u00e9 comprarnos<\/h2>\n<p data-start=\"4085\" data-end=\"4171\">\u2714 <strong data-start=\"4087\" data-end=\"4115\">Fast Digital Delivery<\/strong> - Reciba su clave de activaci\u00f3n r\u00e1pidamente despu\u00e9s de la compra.<\/p>\n<p data-start=\"4173\" data-end=\"4242\">\u2714 <strong data-start=\"4175\" data-end=\"4195\">Licencia de por vida<\/strong> - Compra \u00fanica sin fecha de caducidad.<\/p>\n<p data-start=\"4244\" data-end=\"4305\">\u2714 <strong data-start=\"4246\" data-end=\"4264\">Pago seguro<\/strong> - Proceso de pago seguro y protegido.<\/p>\n<p data-start=\"4307\" data-end=\"4391\">\u2714 <strong data-start=\"4309\" data-end=\"4333\">Apoyo profesional<\/strong> - Nuestro equipo de asistencia est\u00e1 a su disposici\u00f3n si necesita ayuda.<\/p>\n<p data-start=\"4393\" data-end=\"4468\">\u2714 <strong data-start=\"4395\" data-end=\"4415\">Software de confianza<\/strong> - Activar la versi\u00f3n oficial de Microsoft Office.<\/p>\n<hr data-start=\"4470\" data-end=\"4473\" \/>\n<h2 data-section-id=\"tdp9n3\" data-start=\"4475\" data-end=\"4496\">Requisitos del sistema<\/h2>\n<p data-start=\"4498\" data-end=\"4851\">Sistema operativo: Windows 10 \/ Windows 11<br data-start=\"4539\" data-end=\"4542\" \/>Procesador: 1,6 GHz o superior<br data-start=\"4580\" data-end=\"4583\" \/>RAM: 2 GB de RAM como m\u00ednimo<br data-start=\"4604\" data-end=\"4607\" \/>Almacenamiento: M\u00ednimo 3 GB de espacio disponible en disco<br data-start=\"4649\" data-end=\"4652\" \/>Pantalla: 1024 \u00d7 768 de resoluci\u00f3n<br data-start=\"4682\" data-end=\"4685\" \/>Gr\u00e1ficos: Tarjeta gr\u00e1fica compatible con DirectX 10<br data-start=\"4730\" data-end=\"4733\" \/>Browser: Latest version of Chrome, Edge, Firefox, Safari, or Internet Explorer<br data-start=\"4810\" data-end=\"4813\" \/>.NET Framework: Versi\u00f3n 3.5 o posterior<\/p>\n<hr data-start=\"4853\" data-end=\"4856\" \/>\n<h2 data-section-id=\"15qw8x\" data-start=\"4858\" data-end=\"4879\">Informaci\u00f3n sobre el producto<\/h2>\n<p data-start=\"4881\" data-end=\"5077\">Nombre del producto: <strong data-start=\"4895\" data-end=\"4929\">Microsoft Office 2019 Est\u00e1ndar<\/strong><br data-start=\"4929\" data-end=\"4932\" \/>Tipo de licencia: Licencia de por vida<br data-start=\"4962\" data-end=\"4965\" \/>M\u00e9todo de activaci\u00f3n: Clave de activaci\u00f3n<br data-start=\"4998\" data-end=\"5001\" \/>Plataforma: Windows PC<br data-start=\"5021\" data-end=\"5024\" \/>Entrega: Entrega digital<br data-start=\"5050\" data-end=\"5053\" \/>Idioma: Multiling\u00fce<\/p>\n<hr data-start=\"5079\" data-end=\"5082\" \/>\n<h2 data-section-id=\"85kjbu\" data-start=\"5084\" data-end=\"5094\">Entrega<\/h2>\n<p data-start=\"5096\" data-end=\"5261\">Tras la compra, su <strong data-start=\"5117\" data-end=\"5166\">Clave de activaci\u00f3n est\u00e1ndar de Microsoft Office 2019<\/strong> se enviar\u00e1 digitalmente por correo electr\u00f3nico junto con las instrucciones para su instalaci\u00f3n y activaci\u00f3n.<\/p>\n<p data-start=\"5263\" data-end=\"5299\">No se enviar\u00e1 ning\u00fan producto f\u00edsico.<\/p>\n<hr data-start=\"5301\" data-end=\"5304\" \/>\n<h2 data-section-id=\"8ukl95\" data-start=\"5306\" data-end=\"5331\">Instrucciones de activaci\u00f3n<\/h2>\n<ol data-start=\"5333\" data-end=\"5564\">\n<li data-section-id=\"1pk8qzo\" data-start=\"5333\" data-end=\"5414\">\n<p data-start=\"5336\" data-end=\"5414\">Descarga Microsoft Office 2019 Standard desde la web oficial de Microsoft.<\/p>\n<\/li>\n<li data-section-id=\"f3yz13\" data-start=\"5415\" data-end=\"5458\">\n<p data-start=\"5418\" data-end=\"5458\">Instale el software en su ordenador.<\/p>\n<\/li>\n<li data-section-id=\"alppj0\" data-start=\"5459\" data-end=\"5513\">\n<p data-start=\"5462\" data-end=\"5513\">Introduzca la clave de activaci\u00f3n proporcionada tras la compra.<\/p>\n<\/li>\n<li data-section-id=\"hqqcmq\" data-start=\"5514\" data-end=\"5564\">\n<p data-start=\"5517\" data-end=\"5564\">Empezar a utilizar <strong data-start=\"5529\" data-end=\"5563\">Microsoft Office 2019 Est\u00e1ndar<\/strong>.<\/p>\n<\/li>\n<\/ol>\n<hr data-start=\"5566\" data-end=\"5569\" \/>\n<h2 data-section-id=\"hkd5a4\" data-start=\"5571\" data-end=\"5599\">Preguntas frecuentes<\/h2>\n<p data-start=\"5601\" data-end=\"5708\"><strong data-start=\"5601\" data-end=\"5642\">\u00bfC\u00f3mo recibir\u00e9 mi clave de activaci\u00f3n?<\/strong><br data-start=\"5642\" data-end=\"5645\" \/>Su clave de activaci\u00f3n se entregar\u00e1 digitalmente despu\u00e9s de la compra.<\/p>\n<p data-start=\"5710\" data-end=\"5777\"><strong data-start=\"5710\" data-end=\"5741\">\u00bfEs una licencia vitalicia?<\/strong><br data-start=\"5741\" data-end=\"5744\" \/>S\u00ed, la licencia no caduca.<\/p>\n<p data-start=\"5779\" data-end=\"5875\"><strong data-start=\"5779\" data-end=\"5822\">\u00bfPuedo volver a instalar Microsoft Office m\u00e1s adelante?<\/strong><br data-start=\"5822\" data-end=\"5825\" \/>S\u00ed, el software puede reinstalarse si es necesario.<\/p>","protected":false},"excerpt":{"rendered":"<p data-start=\"606\" data-end=\"923\"><strong data-start=\"606\" data-end=\"655\">Clave de activaci\u00f3n est\u00e1ndar de Microsoft Office 2019<\/strong> le da acceso a la suite de productividad cl\u00e1sica de Microsoft dise\u00f1ada para usuarios dom\u00e9sticos, peque\u00f1as empresas y entornos profesionales. Incluye Word, Excel, PowerPoint, Outlook y Publisher para ayudarle a gestionar documentos, datos, correos electr\u00f3nicos y presentaciones de forma eficaz.<\/p>\n<p data-start=\"925\" data-end=\"1053\">\u2714 Licencia de por vida<br data-start=\"943\" data-end=\"946\" \/>\u2714 Fast Digital Delivery<br data-start=\"972\" data-end=\"975\" \/>\u2714 Aplicaciones ofim\u00e1ticas profesionales<br data-start=\"1009\" data-end=\"1012\" \/>\u2714 Ideal para uso dom\u00e9stico y peque\u00f1as empresas<\/p>","protected":false},"featured_media":11317,"comment_status":"open","ping_status":"closed","template":"","meta":[],"product_cat":[135,142],"product_tag":[346],"class_list":{"0":"post-11316","1":"product","2":"type-product","3":"status-publish","4":"has-post-thumbnail","6":"product_cat-microsoft-office","7":"product_cat-office-for-pc","8":"product_tag-microsoft-office-2019-standard","10":"first","11":"instock","12":"virtual","13":"purchasable","14":"product-type-simple"},"jetpack_sharing_enabled":true,"_links":{"self":[{"href":"https:\/\/keyzy.net\/es\/wp-json\/wp\/v2\/product\/11316"}],"collection":[{"href":"https:\/\/keyzy.net\/es\/wp-json\/wp\/v2\/product"}],"about":[{"href":"https:\/\/keyzy.net\/es\/wp-json\/wp\/v2\/types\/product"}],"replies":[{"embeddable":true,"href":"https:\/\/keyzy.net\/es\/wp-json\/wp\/v2\/comments?post=11316"}],"version-history":[{"count":3,"href":"https:\/\/keyzy.net\/es\/wp-json\/wp\/v2\/product\/11316\/revisions"}],"predecessor-version":[{"id":11794,"href":"https:\/\/keyzy.net\/es\/wp-json\/wp\/v2\/product\/11316\/revisions\/11794"}],"wp:featuredmedia":[{"embeddable":true,"href":"https:\/\/keyzy.net\/es\/wp-json\/wp\/v2\/media\/11317"}],"wp:attachment":[{"href":"https:\/\/keyzy.net\/es\/wp-json\/wp\/v2\/media?parent=11316"}],"wp:term":[{"taxonomy":"product_cat","embeddable":true,"href":"https:\/\/keyzy.net\/es\/wp-json\/wp\/v2\/product_cat?post=11316"},{"taxonomy":"product_tag","embeddable":true,"href":"https:\/\/keyzy.net\/es\/wp-json\/wp\/v2\/product_tag?post=11316"}],"curies":[{"name":"wp","href":"https:\/\/api.w.org\/{rel}","templated":true}]}}