{"id":11313,"date":"2026-03-13T17:43:02","date_gmt":"2026-03-13T17:43:02","guid":{"rendered":"https:\/\/keyzy.net\/?post_type=product&#038;p=11313"},"modified":"2026-04-16T11:48:37","modified_gmt":"2026-04-16T11:48:37","slug":"microsoft-office-2013-professional-plus-activation-key","status":"publish","type":"product","link":"https:\/\/keyzy.net\/es\/product\/microsoft-office-2013-professional-plus-activation-key\/","title":{"rendered":"Clave de activaci\u00f3n de Microsoft Office 2013 Professional Plus - Licencia de por vida - Windows - Descarga digital"},"content":{"rendered":"<div class=\"elementor-element elementor-element-20d1250a wd-single-title text-left elementor-widget elementor-widget-wd_single_product_title\" data-id=\"20d1250a\" data-element_type=\"widget\" data-e-type=\"widget\" data-widget_type=\"wd_single_product_title.default\">\n<div class=\"elementor-widget-container\">\n<h1 data-section-id=\"u0ybrq\" data-start=\"1134\" data-end=\"1148\">Clave de activaci\u00f3n de Microsoft Office 2013 Professional Plus<\/h1>\n<h2 data-section-id=\"u0ybrq\" data-start=\"1134\" data-end=\"1148\">Caracter\u00edsticas principales<\/h2>\n<p data-start=\"1150\" data-end=\"1529\">- Incluye Word, Excel, PowerPoint, Outlook, Access, Publisher, OneNote y Skype Empresarial.<br data-start=\"1245\" data-end=\"1248\" \/>- Herramientas profesionales para documentos, hojas de c\u00e1lculo, presentaciones y comunicaci\u00f3n<br data-start=\"1330\" data-end=\"1333\" \/>- Rendimiento ligero apto para PC antiguos<br data-start=\"1381\" data-end=\"1384\" \/>- Interfaz moderna y f\u00e1cil de usar<br data-start=\"1418\" data-end=\"1421\" \/>- Herramientas avanzadas de an\u00e1lisis de datos y gesti\u00f3n de bases de datos<br data-start=\"1475\" data-end=\"1478\" \/>- Compra \u00fanica sin necesidad de suscripci\u00f3n<\/p>\n<hr data-start=\"1531\" data-end=\"1534\" \/>\n<h2 data-section-id=\"g7i1d1\" data-start=\"1536\" data-end=\"1546\">Visi\u00f3n general<\/h2>\n<p data-start=\"1548\" data-end=\"1732\"><strong data-start=\"1548\" data-end=\"1606\">Clave de activaci\u00f3n de Microsoft Office 2013 Professional Plus<\/strong> desbloquea la versi\u00f3n completa de la completa suite de productividad de Microsoft dise\u00f1ada para entornos profesionales y empresariales.<\/p>\n<p data-start=\"1734\" data-end=\"1903\"><strong data-start=\"1734\" data-end=\"1777\">Microsoft Office 2013 Professional Plus<\/strong> ofrece un completo conjunto de herramientas para la creaci\u00f3n de documentos, el an\u00e1lisis de datos, las presentaciones, la comunicaci\u00f3n y la gesti\u00f3n de bases de datos.<\/p>\n<p data-start=\"1905\" data-end=\"2106\">El paquete incluye potentes aplicaciones como <strong data-start=\"1954\" data-end=\"2042\">Word, Excel, PowerPoint, Outlook, Access, Publisher, OneNote y Skype Empresarial.<\/strong>, que ofrece todo lo necesario para gestionar eficazmente las tareas de oficina.<\/p>\n<p data-start=\"2108\" data-end=\"2282\">Con su interfaz intuitiva y su rendimiento optimizado, Office 2013 permite a los usuarios trabajar de forma r\u00e1pida y eficiente, manteniendo la compatibilidad con los formatos de documentos modernos.<\/p>\n<hr data-start=\"2284\" data-end=\"2287\" \/>\n<h3 data-section-id=\"18961k6\" data-start=\"2289\" data-end=\"2321\">Aplicaciones de oficina completas<\/h3>\n<p data-start=\"2323\" data-end=\"2416\"><strong data-start=\"2323\" data-end=\"2366\">Microsoft Office 2013 Professional Plus<\/strong> incluye una completa colecci\u00f3n de herramientas de productividad:<\/p>\n<p data-start=\"2418\" data-end=\"3049\">\u2022 <strong data-start=\"2420\" data-end=\"2443\">Microsoft Word 2013<\/strong> - Crear y editar documentos profesionales<br data-start=\"2484\" data-end=\"2487\" \/>\u2022 <strong data-start=\"2489\" data-end=\"2513\">Microsoft Excel 2013<\/strong> - Realizar c\u00e1lculos avanzados y analizar datos<br data-start=\"2562\" data-end=\"2565\" \/>\u2022 <strong data-start=\"2567\" data-end=\"2596\">Microsoft PowerPoint 2013<\/strong> - Dise\u00f1ar presentaciones e informes visuales modernos<br data-start=\"2645\" data-end=\"2648\" \/>\u2022 <strong data-start=\"2650\" data-end=\"2676\">Microsoft Outlook 2013<\/strong> - Gestionar correos electr\u00f3nicos, contactos, tareas y calendarios<br data-start=\"2724\" data-end=\"2727\" \/>\u2022 <strong data-start=\"2729\" data-end=\"2754\">Microsoft Access 2013<\/strong> - Crear y gestionar bases de datos profesionales<br data-start=\"2797\" data-end=\"2800\" \/>\u2022 <strong data-start=\"2802\" data-end=\"2830\">Microsoft Publisher 2013<\/strong> - Dise\u00f1o de folletos, volantes y material de marketing<br data-start=\"2882\" data-end=\"2885\" \/>\u2022 <strong data-start=\"2887\" data-end=\"2913\">Microsoft OneNote 2013<\/strong> - Organizar notas e ideas en un cuaderno digital<br data-start=\"2962\" data-end=\"2965\" \/>\u2022 <strong data-start=\"2967\" data-end=\"2996\">Skype para empresas (Lync)<\/strong> - Mejorar la comunicaci\u00f3n y la colaboraci\u00f3n empresarial<\/p>\n<p data-start=\"3051\" data-end=\"3160\">Estas aplicaciones proporcionan un potente entorno para gestionar tareas empresariales, documentos y comunicaciones.<\/p>\n<hr data-start=\"3162\" data-end=\"3165\" \/>\n<h3 data-section-id=\"1k51odv\" data-start=\"3167\" data-end=\"3207\">Ligereza y fiabilidad<\/h3>\n<p data-start=\"3209\" data-end=\"3306\"><strong data-start=\"3209\" data-end=\"3252\">Microsoft Office 2013 Professional Plus<\/strong> es conocida por su estabilidad y rendimiento eficaz.<\/p>\n<p data-start=\"3308\" data-end=\"3509\">El software est\u00e1 optimizado para funcionar sin problemas incluso en ordenadores antiguos, lo que lo convierte en una opci\u00f3n pr\u00e1ctica para empresas y usuarios que necesitan herramientas de productividad fiables sin requisitos de hardware exigentes.<\/p>\n<p data-start=\"3511\" data-end=\"3616\">La moderna interfaz tambi\u00e9n mejora la usabilidad y hace que la navegaci\u00f3n entre aplicaciones sea m\u00e1s r\u00e1pida y sencilla.<\/p>\n<hr data-start=\"3618\" data-end=\"3621\" \/>\n<h3 data-section-id=\"1lmdxl7\" data-start=\"3623\" data-end=\"3668\">Perfecto para uso profesional y empresarial<\/h3>\n<p data-start=\"3670\" data-end=\"3813\"><strong data-start=\"3670\" data-end=\"3713\">Microsoft Office 2013 Professional Plus<\/strong> es ideal para oficinas, escuelas, aut\u00f3nomos y empresas que necesitan una suite de productividad completa.<\/p>\n<p data-start=\"3815\" data-end=\"3955\">Los usuarios pueden crear documentos profesionales, analizar datos, gestionar comunicaciones y dise\u00f1ar materiales de marketing desde un \u00fanico paquete de software.<\/p>\n<p data-start=\"3957\" data-end=\"4037\">Esto convierte a Office 2013 en una soluci\u00f3n rentable y fiable para el trabajo diario.<\/p>\n<hr data-start=\"4039\" data-end=\"4042\" \/>\n<h2 data-section-id=\"136hq9m\" data-start=\"4044\" data-end=\"4067\">Lo que recibir\u00e1<\/h2>\n<p data-start=\"4069\" data-end=\"4217\">\u2714 <strong data-start=\"4071\" data-end=\"4129\">Clave de activaci\u00f3n de Microsoft Office 2013 Professional Plus<\/strong><br data-start=\"4129\" data-end=\"4132\" \/>\u2714 Enlace de descarga oficial de Microsoft<br data-start=\"4166\" data-end=\"4169\" \/>\u2714 Licencia de por vida<br data-start=\"4187\" data-end=\"4190\" \/>\u2714 Instrucciones de activaci\u00f3n<\/p>\n<p data-start=\"4219\" data-end=\"4364\">Tras completar su compra, recibir\u00e1 su clave de activaci\u00f3n en formato digital para que pueda descargar y activar el software de forma r\u00e1pida y sencilla.<\/p>\n<hr data-start=\"4366\" data-end=\"4369\" \/>\n<h2 data-section-id=\"15uen7i\" data-start=\"4371\" data-end=\"4388\">Por qu\u00e9 comprarnos<\/h2>\n<p data-start=\"4390\" data-end=\"4476\">\u2714 <strong data-start=\"4392\" data-end=\"4420\">Fast Digital Delivery<\/strong> - Reciba su clave de activaci\u00f3n r\u00e1pidamente despu\u00e9s de la compra.<\/p>\n<p data-start=\"4478\" data-end=\"4547\">\u2714 <strong data-start=\"4480\" data-end=\"4500\">Licencia de por vida<\/strong> - Compra \u00fanica sin fecha de caducidad.<\/p>\n<p data-start=\"4549\" data-end=\"4610\">\u2714 <strong data-start=\"4551\" data-end=\"4569\">Pago seguro<\/strong> - Proceso de pago seguro y protegido.<\/p>\n<p data-start=\"4612\" data-end=\"4696\">\u2714 <strong data-start=\"4614\" data-end=\"4638\">Apoyo profesional<\/strong> - Nuestro equipo de asistencia est\u00e1 a su disposici\u00f3n si necesita ayuda.<\/p>\n<p data-start=\"4698\" data-end=\"4773\">\u2714 <strong data-start=\"4700\" data-end=\"4720\">Software de confianza<\/strong> - Activar la versi\u00f3n oficial de Microsoft Office.<\/p>\n<hr data-start=\"4775\" data-end=\"4778\" \/>\n<h2 data-section-id=\"tdp9n3\" data-start=\"4780\" data-end=\"4801\">Requisitos del sistema<\/h2>\n<p data-start=\"4803\" data-end=\"5070\">Sistema operativo: Windows 7 \/ Windows 8 \/ Windows 8.1 \/ Windows 10 \/ Windows 11<br data-start=\"4882\" data-end=\"4885\" \/>Procesador: 1 GHz o superior<br data-start=\"4921\" data-end=\"4924\" \/>RAM: 2 GB de RAM como m\u00ednimo<br data-start=\"4945\" data-end=\"4948\" \/>Almacenamiento: M\u00ednimo 3 GB de espacio disponible en disco<br data-start=\"4990\" data-end=\"4993\" \/>Pantalla: 1024 \u00d7 768 de resoluci\u00f3n<br data-start=\"5023\" data-end=\"5026\" \/>Se requiere conexi\u00f3n a Internet para la activaci\u00f3n.<\/p>\n<hr data-start=\"5072\" data-end=\"5075\" \/>\n<h2 data-section-id=\"15qw8x\" data-start=\"5077\" data-end=\"5098\">Informaci\u00f3n sobre el producto<\/h2>\n<p data-start=\"5100\" data-end=\"5305\">Nombre del producto: <strong data-start=\"5114\" data-end=\"5157\">Microsoft Office 2013 Professional Plus<\/strong><br data-start=\"5157\" data-end=\"5160\" \/>Tipo de licencia: Licencia de por vida<br data-start=\"5190\" data-end=\"5193\" \/>M\u00e9todo de activaci\u00f3n: Clave de activaci\u00f3n<br data-start=\"5226\" data-end=\"5229\" \/>Plataforma: Windows PC<br data-start=\"5249\" data-end=\"5252\" \/>Entrega: Entrega digital<br data-start=\"5278\" data-end=\"5281\" \/>Idioma: Multiling\u00fce<\/p>\n<hr data-start=\"5307\" data-end=\"5310\" \/>\n<h2 data-section-id=\"85kjbu\" data-start=\"5312\" data-end=\"5322\">Entrega<\/h2>\n<p data-start=\"5324\" data-end=\"5498\">Tras la compra, su <strong data-start=\"5345\" data-end=\"5403\">Clave de activaci\u00f3n de Microsoft Office 2013 Professional Plus<\/strong> se enviar\u00e1 digitalmente por correo electr\u00f3nico junto con las instrucciones para su instalaci\u00f3n y activaci\u00f3n.<\/p>\n<p data-start=\"5500\" data-end=\"5536\">No se enviar\u00e1 ning\u00fan producto f\u00edsico.<\/p>\n<hr data-start=\"5538\" data-end=\"5541\" \/>\n<h2 data-section-id=\"8ukl95\" data-start=\"5543\" data-end=\"5568\">Instrucciones de activaci\u00f3n<\/h2>\n<ol data-start=\"5570\" data-end=\"5819\">\n<li data-section-id=\"1j9xxz8\" data-start=\"5570\" data-end=\"5660\">\n<p data-start=\"5573\" data-end=\"5660\">Descarga Microsoft Office 2013 Professional Plus desde el sitio web oficial de Microsoft.<\/p>\n<\/li>\n<li data-section-id=\"f3yz13\" data-start=\"5661\" data-end=\"5704\">\n<p data-start=\"5664\" data-end=\"5704\">Instale el software en su ordenador.<\/p>\n<\/li>\n<li data-section-id=\"alppj0\" data-start=\"5705\" data-end=\"5759\">\n<p data-start=\"5708\" data-end=\"5759\">Introduzca la clave de activaci\u00f3n proporcionada tras la compra.<\/p>\n<\/li>\n<li data-section-id=\"13a7qpe\" data-start=\"5760\" data-end=\"5819\">\n<p data-start=\"5763\" data-end=\"5819\">Empezar a utilizar <strong data-start=\"5775\" data-end=\"5818\">Microsoft Office 2013 Professional Plus<\/strong>.<\/p>\n<\/li>\n<\/ol>\n<hr data-start=\"5821\" data-end=\"5824\" \/>\n<h2 data-section-id=\"hkd5a4\" data-start=\"5826\" data-end=\"5854\">Preguntas frecuentes<\/h2>\n<p data-start=\"5856\" data-end=\"5963\"><strong data-start=\"5856\" data-end=\"5897\">\u00bfC\u00f3mo recibir\u00e9 mi clave de activaci\u00f3n?<\/strong><br data-start=\"5897\" data-end=\"5900\" \/>Su clave de activaci\u00f3n se entregar\u00e1 digitalmente despu\u00e9s de la compra.<\/p>\n<p data-start=\"5965\" data-end=\"6032\"><strong data-start=\"5965\" data-end=\"5996\">\u00bfEs una licencia vitalicia?<\/strong><br data-start=\"5996\" data-end=\"5999\" \/>S\u00ed, la licencia no caduca.<\/p>\n<p data-start=\"6034\" data-end=\"6130\"><strong data-start=\"6034\" data-end=\"6077\">\u00bfPuedo volver a instalar Microsoft Office m\u00e1s adelante?<\/strong><br data-start=\"6077\" data-end=\"6080\" \/>S\u00ed, el software puede reinstalarse si es necesario.<\/p>\n<\/div>\n<\/div>","protected":false},"excerpt":{"rendered":"<p data-start=\"643\" data-end=\"996\"><strong data-start=\"643\" data-end=\"701\">Clave de activaci\u00f3n de Microsoft Office 2013 Professional Plus<\/strong> le da acceso al paquete completo de Microsoft Office dise\u00f1ado para profesionales, empresas y la productividad diaria. Esta versi\u00f3n incluye Word, Excel, PowerPoint, Outlook, Access, Publisher, OneNote y Skype Empresarial, proporcionando todas las herramientas esenciales necesarias para el trabajo profesional.<\/p>\n<p data-start=\"998\" data-end=\"1127\">\u2714 Licencia de por vida<br data-start=\"1016\" data-end=\"1019\" \/>\u2714 Fast Digital Delivery<br data-start=\"1045\" data-end=\"1048\" \/>\u2714 Paquete completo de Microsoft Office<br data-start=\"1081\" data-end=\"1084\" \/>Compatible con Windows 7 \/ 8 \/ 10 \/ 11<\/p>","protected":false},"featured_media":11314,"comment_status":"open","ping_status":"closed","template":"","meta":[],"product_cat":[142,135],"product_tag":[345],"class_list":{"0":"post-11313","1":"product","2":"type-product","3":"status-publish","4":"has-post-thumbnail","6":"product_cat-office-for-pc","7":"product_cat-microsoft-office","8":"product_tag-microsoft-office-2013-professional-plus","10":"first","11":"instock","12":"virtual","13":"purchasable","14":"product-type-simple"},"jetpack_sharing_enabled":true,"_links":{"self":[{"href":"https:\/\/keyzy.net\/es\/wp-json\/wp\/v2\/product\/11313"}],"collection":[{"href":"https:\/\/keyzy.net\/es\/wp-json\/wp\/v2\/product"}],"about":[{"href":"https:\/\/keyzy.net\/es\/wp-json\/wp\/v2\/types\/product"}],"replies":[{"embeddable":true,"href":"https:\/\/keyzy.net\/es\/wp-json\/wp\/v2\/comments?post=11313"}],"version-history":[{"count":3,"href":"https:\/\/keyzy.net\/es\/wp-json\/wp\/v2\/product\/11313\/revisions"}],"predecessor-version":[{"id":11795,"href":"https:\/\/keyzy.net\/es\/wp-json\/wp\/v2\/product\/11313\/revisions\/11795"}],"wp:featuredmedia":[{"embeddable":true,"href":"https:\/\/keyzy.net\/es\/wp-json\/wp\/v2\/media\/11314"}],"wp:attachment":[{"href":"https:\/\/keyzy.net\/es\/wp-json\/wp\/v2\/media?parent=11313"}],"wp:term":[{"taxonomy":"product_cat","embeddable":true,"href":"https:\/\/keyzy.net\/es\/wp-json\/wp\/v2\/product_cat?post=11313"},{"taxonomy":"product_tag","embeddable":true,"href":"https:\/\/keyzy.net\/es\/wp-json\/wp\/v2\/product_tag?post=11313"}],"curies":[{"name":"wp","href":"https:\/\/api.w.org\/{rel}","templated":true}]}}