{"id":11309,"date":"2026-03-13T17:32:46","date_gmt":"2026-03-13T17:32:46","guid":{"rendered":"https:\/\/keyzy.net\/?post_type=product&#038;p=11309"},"modified":"2026-04-16T11:52:03","modified_gmt":"2026-04-16T11:52:03","slug":"microsoft-office-365-familia-1-ano-de-suscripcion-clave","status":"publish","type":"product","link":"https:\/\/keyzy.net\/es\/product\/microsoft-office-365-family-1-year-subscription-key\/","title":{"rendered":"Clave de suscripci\u00f3n de 1 a\u00f1o a Microsoft Office 365 para la familia - 6 usuarios - EU Only - Windows \/ Mac \/ iOS \/ Android"},"content":{"rendered":"<h2 data-section-id=\"u0ybrq\" data-start=\"1069\" data-end=\"1083\">Caracter\u00edsticas principales<\/h2>\n<p data-start=\"1085\" data-end=\"1401\">- \u00daltimas versiones de Word, Excel, PowerPoint y Outlook<br data-start=\"1142\" data-end=\"1145\" \/>- Soportes <strong data-start=\"1156\" data-end=\"1173\">hasta 6 usuarios<\/strong> por suscripci\u00f3n<br data-start=\"1190\" data-end=\"1193\" \/>\u2022 <strong data-start=\"1195\" data-end=\"1226\">1 TB de almacenamiento en la nube OneDrive<\/strong> para cada usuario<br data-start=\"1240\" data-end=\"1243\" \/>- Instale Office hasta en <strong data-start=\"1269\" data-end=\"1291\">5 dispositivos por usuario<\/strong><br data-start=\"1291\" data-end=\"1294\" \/>- Actualizaciones autom\u00e1ticas con las funciones m\u00e1s recientes de Office<br data-start=\"1345\" data-end=\"1348\" \/>- Colaboraci\u00f3n en tiempo real y sincronizaci\u00f3n en la nube<\/p>\n<hr data-start=\"1403\" data-end=\"1406\" \/>\n<h2 data-section-id=\"chgfsl\" data-start=\"1408\" data-end=\"1433\"><span style=\"color: #ff0000;\">Restricciones de activaci\u00f3n<\/span><\/h2>\n<p data-start=\"1435\" data-end=\"1527\">\u26a0 <strong data-start=\"1437\" data-end=\"1453\">Bloqueo regional:<\/strong> Este producto s\u00f3lo puede activarse en <strong data-start=\"1492\" data-end=\"1526\">Pa\u00edses europeos (regi\u00f3n de la UE)<\/strong>.<\/p>\n<p data-start=\"1529\" data-end=\"1624\">\u2714 Si se encuentra fuera de Europa, la activaci\u00f3n puede requerir el uso de un <strong data-start=\"1589\" data-end=\"1623\">VPN conectada a un pa\u00eds de la UE<\/strong>.<\/p>\n<p data-start=\"1626\" data-end=\"1715\">\u2714 Despu\u00e9s de la activaci\u00f3n, la suscripci\u00f3n se puede utilizar normalmente en los dispositivos compatibles en todo el mundo.<\/p>\n<hr data-start=\"1717\" data-end=\"1720\" \/>\n<h2 data-section-id=\"g7i1d1\" data-start=\"1722\" data-end=\"1732\">Visi\u00f3n general<\/h2>\n<p data-start=\"1734\" data-end=\"1915\"><strong data-start=\"1734\" data-end=\"1789\">Clave de suscripci\u00f3n de 1 a\u00f1o a Microsoft Office 365 para la familia<\/strong> ofrece una completa soluci\u00f3n de productividad para familias y grupos peque\u00f1os que desean acceder a las \u00faltimas herramientas de Microsoft Office.<\/p>\n<p data-start=\"1917\" data-end=\"2078\">Con una sola suscripci\u00f3n, hasta <strong data-start=\"1951\" data-end=\"1964\">seis usuarios<\/strong> puede disfrutar de acceso completo a las aplicaciones premium de Office, incluyendo <strong data-start=\"2028\" data-end=\"2077\">Word, Excel, PowerPoint, Outlook y OneNote<\/strong>.<\/p>\n<p data-start=\"2080\" data-end=\"2227\">Cada usuario recibe <strong data-start=\"2099\" data-end=\"2140\">1 TB de almacenamiento seguro en la nube OneDrive<\/strong>, Permite almacenar documentos, fotos y archivos de forma segura y acceder a ellos desde cualquier lugar.<\/p>\n<p data-start=\"2229\" data-end=\"2394\">La suscripci\u00f3n garantiza que los usuarios dispongan siempre de <strong data-start=\"2276\" data-end=\"2338\">\u00faltimas funciones, actualizaciones y mejoras de seguridad de Office<\/strong>, y se convierte en una potente soluci\u00f3n para la productividad moderna.<\/p>\n<hr data-start=\"2396\" data-end=\"2399\" \/>\n<h3 data-section-id=\"1tfx1nn\" data-start=\"2401\" data-end=\"2439\">Productividad para toda la familia<\/h3>\n<p data-start=\"2441\" data-end=\"2567\"><strong data-start=\"2441\" data-end=\"2472\">Familia Microsoft Office 365<\/strong> est\u00e1 dise\u00f1ado para ayudar a familias y equipos que necesitan herramientas de productividad en varios dispositivos.<\/p>\n<p data-start=\"2569\" data-end=\"2640\">Each user can install Office applications on several devices, including:<\/p>\n<p data-start=\"2642\" data-end=\"2731\">- PC con Windows<br data-start=\"2655\" data-end=\"2658\" \/>- Ordenadores Mac<br data-start=\"2673\" data-end=\"2676\" \/>- Smartphones y tabletas Android<br data-start=\"2709\" data-end=\"2712\" \/>- iPhone y iPad<\/p>\n<p data-start=\"2733\" data-end=\"2838\">Esta flexibilidad permite a los usuarios trabajar en documentos, hojas de c\u00e1lculo y presentaciones en cualquier momento y lugar.<\/p>\n<hr data-start=\"2840\" data-end=\"2843\" \/>\n<h3 data-section-id=\"llharp\" data-start=\"2845\" data-end=\"2887\">Almacenamiento en la nube y colaboraci\u00f3n en l\u00ednea<\/h3>\n<p data-start=\"2889\" data-end=\"3022\">Con <strong data-start=\"2894\" data-end=\"2931\">1 TB de almacenamiento OneDrive por usuario<\/strong>, La familia Microsoft Office 365 permite el almacenamiento seguro en la nube de documentos, fotos y archivos.<\/p>\n<p data-start=\"3024\" data-end=\"3143\">Los usuarios pueden compartir f\u00e1cilmente documentos con sus familiares y colaborar en tiempo real en archivos de Word, Excel y PowerPoint.<\/p>\n<p data-start=\"3145\" data-end=\"3252\">Las actualizaciones autom\u00e1ticas garantizan que todo el mundo tenga siempre la <strong data-start=\"3199\" data-end=\"3251\">\u00faltimas funciones de Office y mejoras de seguridad<\/strong>.<\/p>\n<hr data-start=\"3254\" data-end=\"3257\" \/>\n<h2 data-section-id=\"136hq9m\" data-start=\"3259\" data-end=\"3282\">Lo que recibir\u00e1<\/h2>\n<p data-start=\"3284\" data-end=\"3439\">\u2714 <strong data-start=\"3286\" data-end=\"3341\">Clave de suscripci\u00f3n de 1 a\u00f1o a Microsoft Office 365 para la familia<\/strong><br data-start=\"3341\" data-end=\"3344\" \/>\u2714 Enlace oficial de activaci\u00f3n de Microsoft<br data-start=\"3380\" data-end=\"3383\" \/>\u2714 Instrucciones de activaci\u00f3n<br data-start=\"3408\" data-end=\"3411\" \/>\u2714 Acceso para hasta 6 usuarios<\/p>\n<p data-start=\"3441\" data-end=\"3555\">After purchase, your activation key will be delivered digitally, allowing you to activate your subscription immediately.<\/p>\n<hr data-start=\"3557\" data-end=\"3560\" \/>\n<h2 data-section-id=\"15uen7i\" data-start=\"3562\" data-end=\"3579\">Por qu\u00e9 comprarnos<\/h2>\n<p data-start=\"3581\" data-end=\"3667\">\u2714 <strong data-start=\"3583\" data-end=\"3611\">Entrega digital r\u00e1pida<\/strong> - Reciba su clave de activaci\u00f3n r\u00e1pidamente despu\u00e9s de la compra.<\/p>\n<p data-start=\"3669\" data-end=\"3730\">\u2714 <strong data-start=\"3671\" data-end=\"3689\">Pago seguro<\/strong> - Proceso de pago seguro y protegido.<\/p>\n<p data-start=\"3732\" data-end=\"3816\">\u2714 <strong data-start=\"3734\" data-end=\"3758\">Apoyo profesional<\/strong> - Nuestro equipo de asistencia est\u00e1 a su disposici\u00f3n si necesita ayuda.<\/p>\n<p data-start=\"3818\" data-end=\"3893\">\u2714 <strong data-start=\"3820\" data-end=\"3840\">Software de confianza<\/strong> - Activar la versi\u00f3n oficial de Microsoft Office.<\/p>\n<hr data-start=\"3895\" data-end=\"3898\" \/>\n<h2 data-section-id=\"tdp9n3\" data-start=\"3900\" data-end=\"3921\">Requisitos del sistema<\/h2>\n<p data-start=\"3923\" data-end=\"4068\">Sistema operativo: Windows 10 \/ Windows 11 o macOS<br data-start=\"3973\" data-end=\"3976\" \/>Plataformas m\u00f3viles: Android e iOS<br data-start=\"4009\" data-end=\"4012\" \/>An internet connection is required for activation and updates.<\/p>\n<hr data-start=\"4070\" data-end=\"4073\" \/>\n<h2 data-section-id=\"15qw8x\" data-start=\"4075\" data-end=\"4096\">Informaci\u00f3n sobre el producto<\/h2>\n<p data-start=\"4098\" data-end=\"4390\">Nombre del producto: <strong data-start=\"4112\" data-end=\"4143\">Familia Microsoft Office 365<\/strong><br data-start=\"4143\" data-end=\"4146\" \/>Tipo de licencia: <strong data-start=\"4160\" data-end=\"4183\">Suscripci\u00f3n anual<\/strong><br data-start=\"4183\" data-end=\"4186\" \/>M\u00e9todo de activaci\u00f3n: <strong data-start=\"4205\" data-end=\"4237\">Activaci\u00f3n de cuentas Microsoft<\/strong><br data-start=\"4237\" data-end=\"4240\" \/>Usuarios: <strong data-start=\"4247\" data-end=\"4264\">Hasta 6 usuarios<\/strong><br data-start=\"4264\" data-end=\"4267\" \/>Plataforma: Windows \/ macOS \/ Android \/ iOS<br data-start=\"4308\" data-end=\"4311\" \/>Regi\u00f3n: <strong data-start=\"4319\" data-end=\"4334\">S\u00f3lo Europa<\/strong><br data-start=\"4334\" data-end=\"4337\" \/>Entrega: Entrega digital<br data-start=\"4363\" data-end=\"4366\" \/>Idioma: Multiling\u00fce<\/p>\n<hr data-start=\"4392\" data-end=\"4395\" \/>\n<h2 data-section-id=\"85kjbu\" data-start=\"4397\" data-end=\"4407\">Entrega<\/h2>\n<p data-start=\"4409\" data-end=\"4559\">Tras la compra, su <strong data-start=\"4430\" data-end=\"4485\">Clave de suscripci\u00f3n de 1 a\u00f1o a Microsoft Office 365 para la familia<\/strong> se enviar\u00e1 digitalmente por correo electr\u00f3nico junto con las instrucciones de activaci\u00f3n.<\/p>\n<p data-start=\"4561\" data-end=\"4597\">No se enviar\u00e1 ning\u00fan producto f\u00edsico.<\/p>\n<hr data-start=\"4599\" data-end=\"4602\" \/>\n<h2 data-section-id=\"8ukl95\" data-start=\"4604\" data-end=\"4629\">Instrucciones de activaci\u00f3n<\/h2>\n<ol data-start=\"4631\" data-end=\"4863\">\n<li data-section-id=\"yxpesx\" data-start=\"4631\" data-end=\"4698\">\n<p data-start=\"4634\" data-end=\"4698\">Vaya a la p\u00e1gina oficial de activaci\u00f3n:<br data-start=\"4669\" data-end=\"4672\" \/><a class=\"decorated-link\" href=\"https:\/\/setup.office.com\" target=\"_new\" rel=\"noopener\" data-start=\"4672\" data-end=\"4696\">https:\/\/setup.office.com<\/a><\/p>\n<\/li>\n<li data-section-id=\"1r7y4md\" data-start=\"4700\" data-end=\"4741\">\n<p data-start=\"4703\" data-end=\"4741\">Inicia sesi\u00f3n con tu cuenta Microsoft.<\/p>\n<\/li>\n<li data-section-id=\"vdemjw\" data-start=\"4743\" data-end=\"4801\">\n<p data-start=\"4746\" data-end=\"4801\">Introduzca la clave de suscripci\u00f3n de 25 caracteres que ha recibido.<\/p>\n<\/li>\n<li data-section-id=\"1frfqv1\" data-start=\"4803\" data-end=\"4863\">\n<p data-start=\"4806\" data-end=\"4863\">Descarga e instala aplicaciones de Office en tus dispositivos.<\/p>\n<\/li>\n<\/ol>\n<hr data-start=\"4865\" data-end=\"4868\" \/>\n<h2 data-section-id=\"hkd5a4\" data-start=\"4870\" data-end=\"4898\">Preguntas frecuentes<\/h2>\n<p data-start=\"4900\" data-end=\"4993\"><strong data-start=\"4900\" data-end=\"4945\">\u00bfCu\u00e1ntos usuarios pueden utilizar esta suscripci\u00f3n?<\/strong><br data-start=\"4945\" data-end=\"4948\" \/>Esta suscripci\u00f3n admite hasta <strong data-start=\"4981\" data-end=\"4992\">6 usuarios<\/strong>.<\/p>\n<p data-start=\"4995\" data-end=\"5085\"><strong data-start=\"4995\" data-end=\"5034\">\u00bfCu\u00e1nto almacenamiento en la nube est\u00e1 incluido?<\/strong><br data-start=\"5034\" data-end=\"5037\" \/>Cada usuario recibe <strong data-start=\"5056\" data-end=\"5084\">1 TB de almacenamiento en OneDrive<\/strong>.<\/p>\n<p data-start=\"5087\" data-end=\"5195\"><strong data-start=\"5087\" data-end=\"5135\">\u00bfSe puede instalar Office en varios dispositivos?<\/strong><br data-start=\"5135\" data-end=\"5138\" \/>S\u00ed, cada usuario puede instalar Office hasta en <strong data-start=\"5181\" data-end=\"5194\">5 dispositivos<\/strong>.<\/p>\n<p data-start=\"5197\" data-end=\"5345\"><strong data-start=\"5197\" data-end=\"5242\">\u00bfPuede activarse esta llave fuera de Europa?<\/strong><br data-start=\"5242\" data-end=\"5245\" \/>La clave es\u00a0<span style=\"box-sizing: border-box; margin: 0px; padding: 0px;\"><strong>EU-region-locked<\/strong>, pero la activaci\u00f3n puede funcionar con<\/span>\u00a0a <strong data-start=\"5310\" data-end=\"5344\">VPN conectada a un pa\u00eds de la UE<\/strong>.<\/p>","protected":false},"excerpt":{"rendered":"<p data-start=\"611\" data-end=\"943\"><strong data-start=\"611\" data-end=\"666\">Clave de suscripci\u00f3n de 1 a\u00f1o a Microsoft Office 365 para la familia<\/strong> proporciona acceso a las aplicaciones m\u00e1s recientes de Microsoft Office, como Word, Excel, PowerPoint y Outlook, para un m\u00e1ximo de <strong data-start=\"784\" data-end=\"795\">6 usuarios<\/strong>. Cada usuario recibe <strong data-start=\"816\" data-end=\"850\">1 TB de almacenamiento en la nube OneDrive<\/strong> y puede instalar Office en varios dispositivos, como Windows, Mac, tel\u00e9fonos inteligentes y tabletas.<\/p>\n<p data-start=\"611\" data-end=\"943\">La clave es <strong data-start=\"5256\" data-end=\"5276\">UE\u00a0<\/strong><span style=\"box-sizing: border-box; margin: 0px; padding: 0px;\"><strong>bloqueo regional<\/strong>, pero la activaci\u00f3n puede funcionar con<\/span>\u00a0a <strong data-start=\"5310\" data-end=\"5344\">VPN conectada a un pa\u00eds de la UE<\/strong>.<\/p>\n<p data-start=\"945\" data-end=\"1062\">\u2714 Suscripci\u00f3n de 1 a\u00f1o<br data-start=\"966\" data-end=\"969\" \/>\u2714 Hasta 6 usuarios<br data-start=\"984\" data-end=\"987\" \/>\u2714 1 TB de almacenamiento OneDrive por usuario.<br data-start=\"1019\" data-end=\"1022\" \/>\u2714 Funciona en Windows, Mac, Android e iOS.<\/p>","protected":false},"featured_media":11310,"comment_status":"open","ping_status":"closed","template":"","meta":[],"product_brand":[],"product_cat":[135,142],"product_tag":[344],"class_list":{"0":"post-11309","1":"product","2":"type-product","3":"status-publish","4":"has-post-thumbnail","6":"product_cat-microsoft-office","7":"product_cat-office-for-pc","8":"product_tag-microsoft-office-365-family","10":"first","11":"instock","12":"virtual","13":"purchasable","14":"product-type-simple"},"jetpack_sharing_enabled":true,"_links":{"self":[{"href":"https:\/\/keyzy.net\/es\/wp-json\/wp\/v2\/product\/11309","targetHints":{"allow":["GET"]}}],"collection":[{"href":"https:\/\/keyzy.net\/es\/wp-json\/wp\/v2\/product"}],"about":[{"href":"https:\/\/keyzy.net\/es\/wp-json\/wp\/v2\/types\/product"}],"replies":[{"embeddable":true,"href":"https:\/\/keyzy.net\/es\/wp-json\/wp\/v2\/comments?post=11309"}],"version-history":[{"count":5,"href":"https:\/\/keyzy.net\/es\/wp-json\/wp\/v2\/product\/11309\/revisions"}],"predecessor-version":[{"id":11796,"href":"https:\/\/keyzy.net\/es\/wp-json\/wp\/v2\/product\/11309\/revisions\/11796"}],"wp:featuredmedia":[{"embeddable":true,"href":"https:\/\/keyzy.net\/es\/wp-json\/wp\/v2\/media\/11310"}],"wp:attachment":[{"href":"https:\/\/keyzy.net\/es\/wp-json\/wp\/v2\/media?parent=11309"}],"wp:term":[{"taxonomy":"product_brand","embeddable":true,"href":"https:\/\/keyzy.net\/es\/wp-json\/wp\/v2\/product_brand?post=11309"},{"taxonomy":"product_cat","embeddable":true,"href":"https:\/\/keyzy.net\/es\/wp-json\/wp\/v2\/product_cat?post=11309"},{"taxonomy":"product_tag","embeddable":true,"href":"https:\/\/keyzy.net\/es\/wp-json\/wp\/v2\/product_tag?post=11309"}],"curies":[{"name":"wp","href":"https:\/\/api.w.org\/{rel}","templated":true}]}}