{"id":11297,"date":"2026-03-13T16:34:42","date_gmt":"2026-03-13T16:34:42","guid":{"rendered":"https:\/\/keyzy.net\/?post_type=product&#038;p=11297"},"modified":"2026-03-16T19:15:08","modified_gmt":"2026-03-16T19:15:08","slug":"microsoft-office-365-personal-1-year-subscription-key","status":"publish","type":"product","link":"https:\/\/keyzy.net\/es\/product\/microsoft-office-365-personal-1-year-subscription-key\/","title":{"rendered":"Clave de suscripci\u00f3n de 1 a\u00f1o a Microsoft Office 365 Personal - 1 usuario - Windows \/ Mac \/ iOS \/ Android"},"content":{"rendered":"<h2 data-section-id=\"u0ybrq\" data-start=\"1208\" data-end=\"1222\">Caracter\u00edsticas principales<\/h2>\n<p data-start=\"1224\" data-end=\"1577\">\u2022 Access to the latest versions of Word, Excel, PowerPoint, and Outlook<br data-start=\"1295\" data-end=\"1298\" \/>\u2022 <strong data-start=\"1300\" data-end=\"1331\">1 TB de almacenamiento en la nube OneDrive<\/strong> for secure file backup<br data-start=\"1354\" data-end=\"1357\" \/>\u2022 Install Office on multiple devices for one user<br data-start=\"1406\" data-end=\"1409\" \/>- Actualizaciones autom\u00e1ticas con las funciones m\u00e1s recientes de Office<br data-start=\"1460\" data-end=\"1463\" \/>- Colaboraci\u00f3n en tiempo real y sincronizaci\u00f3n en la nube<br data-start=\"1514\" data-end=\"1517\" \/>\u2022 Compatible with Windows, macOS, Android, and iOS devices<\/p>\n<hr data-start=\"1579\" data-end=\"1582\" \/>\n<h2 data-section-id=\"s1dfyl\" data-start=\"1584\" data-end=\"1603\">Activation Method<\/h2>\n<p data-start=\"1605\" data-end=\"1640\">\ud83d\udd11 <strong data-start=\"1608\" data-end=\"1640\">Activaci\u00f3n de cuentas Microsoft<\/strong><\/p>\n<p data-start=\"1642\" data-end=\"1707\">This product must be activated on the official Microsoft website:<\/p>\n<p data-start=\"1709\" data-end=\"1733\"><a class=\"decorated-link\" href=\"https:\/\/setup.office.com\" target=\"_new\" rel=\"noopener\" data-start=\"1709\" data-end=\"1733\">https:\/\/setup.office.com<\/a><\/p>\n<p data-start=\"1735\" data-end=\"1863\">\u2714 Sign in with your Microsoft account<br data-start=\"1772\" data-end=\"1775\" \/>\u2714 Enter the 25-character subscription key<br data-start=\"1816\" data-end=\"1819\" \/>\u2714 Download and install Office applications<\/p>\n<hr data-start=\"1865\" data-end=\"1868\" \/>\n<h2 data-section-id=\"g7i1d1\" data-start=\"1870\" data-end=\"1880\">Visi\u00f3n general<\/h2>\n<p data-start=\"1882\" data-end=\"2060\"><strong data-start=\"1882\" data-end=\"1939\">Clave de suscripci\u00f3n de 1 a\u00f1o a Microsoft Office 365 Personal<\/strong> provides a complete productivity solution designed for individuals who want access to the latest Microsoft Office tools.<\/p>\n<p data-start=\"2062\" data-end=\"2296\">With a single subscription, users can enjoy powerful applications such as <strong data-start=\"2136\" data-end=\"2185\">Word, Excel, PowerPoint, Outlook y OneNote<\/strong>, allowing them to create documents, analyze data, manage communications, and organize information efficiently.<\/p>\n<p data-start=\"2298\" data-end=\"2478\">The subscription ensures that users always have access to <strong data-start=\"2356\" data-end=\"2422\">the latest Office features, updates, and security improvements<\/strong>, making it a flexible and modern productivity solution.<\/p>\n<hr data-start=\"2480\" data-end=\"2483\" \/>\n<h3 data-section-id=\"1lgl9ea\" data-start=\"2485\" data-end=\"2527\">Complete Microsoft Office Applications<\/h3>\n<p data-start=\"2529\" data-end=\"2635\"><strong data-start=\"2529\" data-end=\"2562\">Microsoft Office 365 Personal<\/strong> includes several powerful applications designed to improve productivity:<\/p>\n<p data-start=\"2637\" data-end=\"2978\">\u2022 <strong data-start=\"2639\" data-end=\"2657\">Microsoft Word<\/strong> - Crear y editar documentos profesionales<br data-start=\"2698\" data-end=\"2701\" \/>\u2022 <strong data-start=\"2703\" data-end=\"2722\">Microsoft Excel<\/strong> \u2013 Analyze data with powerful spreadsheet tools<br data-start=\"2769\" data-end=\"2772\" \/>\u2022 <strong data-start=\"2774\" data-end=\"2798\">Microsoft PowerPoint<\/strong> \u2013 Design professional presentations<br data-start=\"2834\" data-end=\"2837\" \/>\u2022 <strong data-start=\"2839\" data-end=\"2860\">Microsoft Outlook<\/strong> - Gestionar correos electr\u00f3nicos, contactos y calendarios<br data-start=\"2901\" data-end=\"2904\" \/>\u2022 <strong data-start=\"2906\" data-end=\"2927\">Microsoft OneNote<\/strong> - Organizar notas e ideas en un cuaderno digital<\/p>\n<p data-start=\"2980\" data-end=\"3020\">Additional PC-only applications include:<\/p>\n<p data-start=\"3022\" data-end=\"3163\">\u2022 <strong data-start=\"3024\" data-end=\"3044\">Microsoft Access<\/strong> \u2013 Create and manage databases<br data-start=\"3074\" data-end=\"3077\" \/>\u2022 <strong data-start=\"3079\" data-end=\"3102\">Microsoft Publisher<\/strong> - Dise\u00f1o de publicaciones profesionales y materiales de marketing<\/p>\n<hr data-start=\"3165\" data-end=\"3168\" \/>\n<h3 data-section-id=\"16pji6b\" data-start=\"3170\" data-end=\"3206\">1 TB Cloud Storage with OneDrive<\/h3>\n<p data-start=\"3208\" data-end=\"3330\">One of the most valuable features of <strong data-start=\"3245\" data-end=\"3278\">Microsoft Office 365 Personal<\/strong> is the included <strong data-start=\"3295\" data-end=\"3329\">1 TB de almacenamiento en la nube OneDrive<\/strong>.<\/p>\n<p data-start=\"3332\" data-end=\"3431\">Users can store documents, photos, and files securely in the cloud and access them from any device.<\/p>\n<p data-start=\"3433\" data-end=\"3521\">This allows seamless productivity whether working from home, school, or while travelling.<\/p>\n<p data-start=\"3523\" data-end=\"3588\">Files can also be shared easily with colleagues or collaborators.<\/p>\n<hr data-start=\"3590\" data-end=\"3593\" \/>\n<h2 data-section-id=\"1fyq8qk\" data-start=\"3595\" data-end=\"3612\">Work Anywhere<\/h2>\n<p data-start=\"3614\" data-end=\"3722\">Con <strong data-start=\"3619\" data-end=\"3652\">Microsoft Office 365 Personal<\/strong>, users can install Office applications on multiple devices, including:<\/p>\n<p data-start=\"3724\" data-end=\"3813\">- PC con Windows<br data-start=\"3737\" data-end=\"3740\" \/>- Ordenadores Mac<br data-start=\"3755\" data-end=\"3758\" \/>- Smartphones y tabletas Android<br data-start=\"3791\" data-end=\"3794\" \/>- iPhone y iPad<\/p>\n<p data-start=\"3815\" data-end=\"3876\">This flexibility ensures users can work anytime and anywhere.<\/p>\n<hr data-start=\"3878\" data-end=\"3881\" \/>\n<h2 data-section-id=\"136hq9m\" data-start=\"3883\" data-end=\"3906\">Lo que recibir\u00e1<\/h2>\n<p data-start=\"3908\" data-end=\"4058\">\u2714 <strong data-start=\"3910\" data-end=\"3967\">Clave de suscripci\u00f3n de 1 a\u00f1o a Microsoft Office 365 Personal<\/strong><br data-start=\"3967\" data-end=\"3970\" \/>\u2714 Enlace oficial de activaci\u00f3n de Microsoft<br data-start=\"4006\" data-end=\"4009\" \/>\u2714 Instrucciones de activaci\u00f3n<br data-start=\"4034\" data-end=\"4037\" \/>\u2714 Access for 1 User<\/p>\n<p data-start=\"4060\" data-end=\"4174\">Tras la compra, recibir\u00e1 su clave de activaci\u00f3n en formato digital para que pueda activar su suscripci\u00f3n inmediatamente.<\/p>\n<hr data-start=\"4176\" data-end=\"4179\" \/>\n<h2 data-section-id=\"15uen7i\" data-start=\"4181\" data-end=\"4198\">Por qu\u00e9 comprarnos<\/h2>\n<p data-start=\"4200\" data-end=\"4286\">\u2714 <strong data-start=\"4202\" data-end=\"4230\">Entrega digital instant\u00e1nea<\/strong> - Reciba su clave de activaci\u00f3n r\u00e1pidamente despu\u00e9s de la compra.<\/p>\n<p data-start=\"4288\" data-end=\"4349\">\u2714 <strong data-start=\"4290\" data-end=\"4308\">Pago seguro<\/strong> - Proceso de pago seguro y protegido.<\/p>\n<p data-start=\"4351\" data-end=\"4435\">\u2714 <strong data-start=\"4353\" data-end=\"4377\">Apoyo profesional<\/strong> - Nuestro equipo de asistencia est\u00e1 a su disposici\u00f3n si necesita ayuda.<\/p>\n<p data-start=\"4437\" data-end=\"4512\">\u2714 <strong data-start=\"4439\" data-end=\"4459\">Software de confianza<\/strong> - Activar la versi\u00f3n oficial de Microsoft Office.<\/p>\n<hr data-start=\"4514\" data-end=\"4517\" \/>\n<h2 data-section-id=\"tdp9n3\" data-start=\"4519\" data-end=\"4540\">Requisitos del sistema<\/h2>\n<p data-start=\"4542\" data-end=\"4646\">PC: Windows 10 or later<br data-start=\"4565\" data-end=\"4568\" \/>Mac: macOS Sierra or later<br data-start=\"4594\" data-end=\"4597\" \/>Mobile Devices: Compatible with Android and iOS<\/p>\n<p data-start=\"4648\" data-end=\"4704\">Se requiere conexi\u00f3n a Internet para la activaci\u00f3n y las actualizaciones.<\/p>\n<hr data-start=\"4706\" data-end=\"4709\" \/>\n<h2 data-section-id=\"15qw8x\" data-start=\"4711\" data-end=\"4732\">Informaci\u00f3n sobre el producto<\/h2>\n<p data-start=\"4734\" data-end=\"5035\">Nombre del producto: <strong data-start=\"4748\" data-end=\"4781\">Microsoft Office 365 Personal<\/strong><br data-start=\"4781\" data-end=\"4784\" \/>Tipo de licencia: <strong data-start=\"4798\" data-end=\"4821\">Suscripci\u00f3n anual<\/strong><br data-start=\"4821\" data-end=\"4824\" \/>Usuarios: <strong data-start=\"4831\" data-end=\"4841\">1 User<\/strong><br data-start=\"4841\" data-end=\"4844\" \/>M\u00e9todo de activaci\u00f3n: <strong data-start=\"4863\" data-end=\"4903\">Microsoft Account (setup.office.com)<\/strong><br data-start=\"4903\" data-end=\"4906\" \/>Plataforma: Windows \/ macOS \/ Android \/ iOS<br data-start=\"4947\" data-end=\"4950\" \/>Regi\u00f3n: <strong data-start=\"4958\" data-end=\"4979\">Activaci\u00f3n mundial<\/strong><br data-start=\"4979\" data-end=\"4982\" \/>Entrega: Entrega digital<br data-start=\"5008\" data-end=\"5011\" \/>Idioma: Multiling\u00fce<\/p>\n<hr data-start=\"5037\" data-end=\"5040\" \/>\n<h2 data-section-id=\"85kjbu\" data-start=\"5042\" data-end=\"5052\">Entrega<\/h2>\n<p data-start=\"5054\" data-end=\"5206\">Tras la compra, su <strong data-start=\"5075\" data-end=\"5132\">Clave de suscripci\u00f3n de 1 a\u00f1o a Microsoft Office 365 Personal<\/strong> se enviar\u00e1 digitalmente por correo electr\u00f3nico junto con las instrucciones de activaci\u00f3n.<\/p>\n<p data-start=\"5208\" data-end=\"5244\">No se enviar\u00e1 ning\u00fan producto f\u00edsico.<\/p>\n<hr data-start=\"5246\" data-end=\"5249\" \/>\n<h2 data-section-id=\"8ukl95\" data-start=\"5251\" data-end=\"5276\">Instrucciones de activaci\u00f3n<\/h2>\n<ol data-start=\"5278\" data-end=\"5481\">\n<li data-section-id=\"yxpesx\" data-start=\"5278\" data-end=\"5345\">\n<p data-start=\"5281\" data-end=\"5345\">Vaya a la p\u00e1gina oficial de activaci\u00f3n:<br data-start=\"5316\" data-end=\"5319\" \/><a class=\"decorated-link\" href=\"https:\/\/setup.office.com\" target=\"_new\" rel=\"noopener\" data-start=\"5319\" data-end=\"5343\">https:\/\/setup.office.com<\/a><\/p>\n<\/li>\n<li data-section-id=\"1r7y4md\" data-start=\"5347\" data-end=\"5388\">\n<p data-start=\"5350\" data-end=\"5388\">Inicia sesi\u00f3n con tu cuenta Microsoft.<\/p>\n<\/li>\n<li data-section-id=\"6tpyzk\" data-start=\"5390\" data-end=\"5435\">\n<p data-start=\"5393\" data-end=\"5435\">Enter the 25-character subscription key.<\/p>\n<\/li>\n<li data-section-id=\"1wja92e\" data-start=\"5437\" data-end=\"5481\">\n<p data-start=\"5440\" data-end=\"5481\">Download and install Office applications.<\/p>\n<\/li>\n<\/ol>\n<hr data-start=\"5483\" data-end=\"5486\" \/>\n<h2 data-section-id=\"hkd5a4\" data-start=\"5488\" data-end=\"5516\">Preguntas frecuentes<\/h2>\n<p data-start=\"5518\" data-end=\"5613\"><strong data-start=\"5518\" data-end=\"5563\">\u00bfCu\u00e1ntos usuarios pueden utilizar esta suscripci\u00f3n?<\/strong><br data-start=\"5563\" data-end=\"5566\" \/>This subscription is valid for <strong data-start=\"5597\" data-end=\"5612\">1 user only<\/strong>.<\/p>\n<p data-start=\"5615\" data-end=\"5712\"><strong data-start=\"5615\" data-end=\"5654\">\u00bfCu\u00e1nto almacenamiento en la nube est\u00e1 incluido?<\/strong><br data-start=\"5654\" data-end=\"5657\" \/>The subscription includes <strong data-start=\"5683\" data-end=\"5711\">1 TB de almacenamiento en OneDrive<\/strong>.<\/p>\n<p data-start=\"5714\" data-end=\"5818\"><strong data-start=\"5714\" data-end=\"5762\">\u00bfSe puede instalar Office en varios dispositivos?<\/strong><br data-start=\"5762\" data-end=\"5765\" \/>Yes, one user can install Office on multiple devices.<\/p>","protected":false},"excerpt":{"rendered":"<p data-start=\"787\" data-end=\"1084\"><strong data-start=\"787\" data-end=\"844\">Clave de suscripci\u00f3n de 1 a\u00f1o a Microsoft Office 365 Personal<\/strong> provides one user with access to the latest Microsoft Office applications including Word, Excel, PowerPoint, Outlook, and more. Enjoy <strong data-start=\"979\" data-end=\"1013\">1 TB de almacenamiento en la nube OneDrive<\/strong>, automatic updates, and seamless productivity across multiple devices.<\/p>\n<p data-start=\"1086\" data-end=\"1201\">\u2714 Suscripci\u00f3n de 1 a\u00f1o<br data-start=\"1107\" data-end=\"1110\" \/>\u2714 1 User License<br data-start=\"1126\" data-end=\"1129\" \/>\u2714 1 TB OneDrive Cloud Storage<br data-start=\"1158\" data-end=\"1161\" \/>\u2714 Funciona en Windows, Mac, Android e iOS.<\/p>","protected":false},"featured_media":11298,"comment_status":"open","ping_status":"closed","template":"","meta":[],"product_cat":[136,135,142],"product_tag":[340],"class_list":{"0":"post-11297","1":"product","2":"type-product","3":"status-publish","4":"has-post-thumbnail","6":"product_cat-office-for-mac","7":"product_cat-microsoft-office","8":"product_cat-office-for-pc","9":"product_tag-microsoft-office-365-personal","11":"first","12":"instock","13":"virtual","14":"purchasable","15":"product-type-simple"},"jetpack_sharing_enabled":true,"_links":{"self":[{"href":"https:\/\/keyzy.net\/es\/wp-json\/wp\/v2\/product\/11297"}],"collection":[{"href":"https:\/\/keyzy.net\/es\/wp-json\/wp\/v2\/product"}],"about":[{"href":"https:\/\/keyzy.net\/es\/wp-json\/wp\/v2\/types\/product"}],"replies":[{"embeddable":true,"href":"https:\/\/keyzy.net\/es\/wp-json\/wp\/v2\/comments?post=11297"}],"version-history":[{"count":3,"href":"https:\/\/keyzy.net\/es\/wp-json\/wp\/v2\/product\/11297\/revisions"}],"predecessor-version":[{"id":11420,"href":"https:\/\/keyzy.net\/es\/wp-json\/wp\/v2\/product\/11297\/revisions\/11420"}],"wp:featuredmedia":[{"embeddable":true,"href":"https:\/\/keyzy.net\/es\/wp-json\/wp\/v2\/media\/11298"}],"wp:attachment":[{"href":"https:\/\/keyzy.net\/es\/wp-json\/wp\/v2\/media?parent=11297"}],"wp:term":[{"taxonomy":"product_cat","embeddable":true,"href":"https:\/\/keyzy.net\/es\/wp-json\/wp\/v2\/product_cat?post=11297"},{"taxonomy":"product_tag","embeddable":true,"href":"https:\/\/keyzy.net\/es\/wp-json\/wp\/v2\/product_tag?post=11297"}],"curies":[{"name":"wp","href":"https:\/\/api.w.org\/{rel}","templated":true}]}}