{"id":11293,"date":"2026-03-13T16:26:26","date_gmt":"2026-03-13T16:26:26","guid":{"rendered":"https:\/\/keyzy.net\/?post_type=product&#038;p=11293"},"modified":"2026-04-16T12:01:26","modified_gmt":"2026-04-16T12:01:26","slug":"microsoft-excel-word-2024-clave-de-activacion","status":"publish","type":"product","link":"https:\/\/keyzy.net\/es\/product\/microsoft-excel-word-2024-activation-key\/","title":{"rendered":"Clave de activaci\u00f3n de Microsoft Excel + Word 2024 - Licencia de por vida - Windows"},"content":{"rendered":"<h2 data-section-id=\"u0ybrq\" data-start=\"1085\" data-end=\"1099\">Caracter\u00edsticas principales<\/h2>\n<p data-start=\"1101\" data-end=\"1453\">- Incluye <strong data-start=\"1112\" data-end=\"1135\">Microsoft Word 2024<\/strong> y <strong data-start=\"1140\" data-end=\"1164\">Microsoft Excel 2024<\/strong><br data-start=\"1164\" data-end=\"1167\" \/>- Crear documentos, informes y cartas profesionales con Word<br data-start=\"1230\" data-end=\"1233\" \/>- Gestionar datos, f\u00f3rmulas, gr\u00e1ficos y hojas de c\u00e1lculo con Excel<br data-start=\"1293\" data-end=\"1296\" \/>- Interfaz moderna e intuitiva para mejorar la productividad<br data-start=\"1352\" data-end=\"1355\" \/>- Compatible con los formatos de archivo modernos de Office<br data-start=\"1399\" data-end=\"1402\" \/>- Compra \u00fanica sin necesidad de suscripci\u00f3n<\/p>\n<hr data-start=\"1455\" data-end=\"1458\" \/>\n<h2 data-section-id=\"1hwdguv\" data-start=\"1460\" data-end=\"1483\">Aplicaciones incluidas<\/h2>\n<p data-start=\"1485\" data-end=\"1534\">Esta licencia incluye las siguientes aplicaciones:<\/p>\n<p data-start=\"1536\" data-end=\"1561\">\u2714 <strong data-start=\"1538\" data-end=\"1561\">Microsoft Word 2024<\/strong><\/p>\n<p data-start=\"1563\" data-end=\"1754\">Crea y edita documentos profesionales, informes, curr\u00edculos, cartas y trabajos acad\u00e9micos. Word incluye potentes herramientas de formato, plantillas y compatibilidad con todos los formatos de documento habituales.<\/p>\n<p data-start=\"1756\" data-end=\"1782\">\u2714 <strong data-start=\"1758\" data-end=\"1782\">Microsoft Excel 2024<\/strong><\/p>\n<p data-start=\"1784\" data-end=\"1957\">Gestione datos de forma eficaz con herramientas avanzadas de hoja de c\u00e1lculo. Cree tablas, f\u00f3rmulas, gr\u00e1ficos y automatice c\u00e1lculos para an\u00e1lisis empresariales, contabilidad y proyectos personales.<\/p>\n<hr data-start=\"1959\" data-end=\"1962\" \/>\n<h2 data-section-id=\"g7i1d1\" data-start=\"1964\" data-end=\"1974\">Visi\u00f3n general<\/h2>\n<p data-start=\"1976\" data-end=\"2121\"><strong data-start=\"1976\" data-end=\"2022\">Clave de activaci\u00f3n de Microsoft Excel + Word 2024<\/strong> proporciona dos de las herramientas de productividad m\u00e1s esenciales utilizadas por millones de personas en todo el mundo.<\/p>\n<p data-start=\"2123\" data-end=\"2356\">Con <strong data-start=\"2128\" data-end=\"2151\">Microsoft Word 2024<\/strong>, Los usuarios pueden crear f\u00e1cilmente documentos profesionales para uso empresarial, escolar o personal. El software incluye herramientas avanzadas de formateo, plantillas integradas y compatibilidad con los formatos de documento m\u00e1s populares.<\/p>\n<p data-start=\"2358\" data-end=\"2534\"><strong data-start=\"2358\" data-end=\"2382\">Microsoft Excel 2024<\/strong> proporciona potentes funciones de hoja de c\u00e1lculo que permiten a los usuarios organizar datos, realizar c\u00e1lculos complejos y crear gr\u00e1ficos e informes profesionales.<\/p>\n<p data-start=\"2536\" data-end=\"2640\">Juntas, estas aplicaciones ofrecen una soluci\u00f3n de productividad potente pero ligera para el trabajo diario.<\/p>\n<hr data-start=\"2642\" data-end=\"2645\" \/>\n<h3 data-section-id=\"14giqej\" data-start=\"2647\" data-end=\"2677\">Perfecto para trabajar y estudiar<\/h3>\n<p data-start=\"2679\" data-end=\"2751\">La combinaci\u00f3n de <strong data-start=\"2698\" data-end=\"2721\">Word y Excel 2024<\/strong> hace que esta licencia sea ideal para:<\/p>\n<p data-start=\"2753\" data-end=\"2969\">- Estudiantes que preparan trabajos e informes<br data-start=\"2797\" data-end=\"2800\" \/>- Profesionales que crean documentos y presentaciones<br data-start=\"2852\" data-end=\"2855\" \/>- Empresas que gestionan hojas de c\u00e1lculo y datos financieros<br data-start=\"2908\" data-end=\"2911\" \/>- Aut\u00f3nomos que organizan proyectos e informaci\u00f3n sobre clientes<\/p>\n<p data-start=\"2971\" data-end=\"3050\">Estas aplicaciones ayudan a los usuarios a mantenerse organizados y productivos en cualquier entorno.<\/p>\n<hr data-start=\"3052\" data-end=\"3055\" \/>\n<h2 data-section-id=\"136hq9m\" data-start=\"3057\" data-end=\"3080\">Lo que recibir\u00e1<\/h2>\n<p data-start=\"3082\" data-end=\"3229\">\u2714 <strong data-start=\"3084\" data-end=\"3130\">Clave de activaci\u00f3n de Microsoft Excel + Word 2024<\/strong><br data-start=\"3130\" data-end=\"3133\" \/>\u2714 Enlaces de descarga oficiales de Microsoft<br data-start=\"3168\" data-end=\"3171\" \/>\u2714 Gu\u00eda de instalaci\u00f3n y activaci\u00f3n<br data-start=\"3206\" data-end=\"3209\" \/>\u2714 Licencia de por vida<\/p>\n<p data-start=\"3231\" data-end=\"3353\">After purchase, your activation key will be delivered digitally, allowing you to download and activate the software immediately.<\/p>\n<hr data-start=\"3355\" data-end=\"3358\" \/>\n<h2 data-section-id=\"15uen7i\" data-start=\"3360\" data-end=\"3377\">Por qu\u00e9 comprarnos<\/h2>\n<p data-start=\"3379\" data-end=\"3465\">\u2714 <strong data-start=\"3381\" data-end=\"3409\">Fast Digital Delivery<\/strong> - Reciba su clave de activaci\u00f3n r\u00e1pidamente despu\u00e9s de la compra.<\/p>\n<p data-start=\"3467\" data-end=\"3536\">\u2714 <strong data-start=\"3469\" data-end=\"3489\">Licencia de por vida<\/strong> - Compra \u00fanica sin fecha de caducidad.<\/p>\n<p data-start=\"3538\" data-end=\"3599\">\u2714 <strong data-start=\"3540\" data-end=\"3558\">Pago seguro<\/strong> - Proceso de pago seguro y protegido.<\/p>\n<p data-start=\"3601\" data-end=\"3683\">\u2714 <strong data-start=\"3603\" data-end=\"3627\">Apoyo profesional<\/strong> - Nuestro equipo de asistencia est\u00e1 a su disposici\u00f3n si necesita ayuda.<\/p>\n<hr data-start=\"3685\" data-end=\"3688\" \/>\n<h2 data-section-id=\"tdp9n3\" data-start=\"3690\" data-end=\"3711\">Requisitos del sistema<\/h2>\n<p data-start=\"3713\" data-end=\"3911\">Sistema operativo: Windows 10 \/ Windows 11<br data-start=\"3754\" data-end=\"3757\" \/>Procesador: 1,6 GHz o superior<br data-start=\"3795\" data-end=\"3798\" \/>RAM: M\u00ednimo 4 GB RAM<br data-start=\"3819\" data-end=\"3822\" \/>Almacenamiento: M\u00ednimo 4 GB de espacio disponible en disco<br data-start=\"3864\" data-end=\"3867\" \/>Se requiere conexi\u00f3n a Internet para la activaci\u00f3n.<\/p>\n<hr data-start=\"3913\" data-end=\"3916\" \/>\n<h2 data-section-id=\"15qw8x\" data-start=\"3918\" data-end=\"3939\">Informaci\u00f3n sobre el producto<\/h2>\n<p data-start=\"3941\" data-end=\"4213\">Nombre del producto: <strong data-start=\"3955\" data-end=\"3986\">Microsoft Excel + Word 2024<\/strong><br data-start=\"3986\" data-end=\"3989\" \/>Tipo de licencia: Licencia de por vida<br data-start=\"4019\" data-end=\"4022\" \/>M\u00e9todo de activaci\u00f3n: Clave de activaci\u00f3n<br data-start=\"4055\" data-end=\"4058\" \/>Plataforma: Windows PC<br data-start=\"4078\" data-end=\"4081\" \/>Aplicaciones incluidas: Word 2024, Excel 2024<br data-start=\"4125\" data-end=\"4128\" \/>Regi\u00f3n: <strong data-start=\"4136\" data-end=\"4157\">Activaci\u00f3n mundial<\/strong><br data-start=\"4157\" data-end=\"4160\" \/>Entrega: Entrega digital<br data-start=\"4186\" data-end=\"4189\" \/>Idioma: Multiling\u00fce<\/p>\n<hr data-start=\"4215\" data-end=\"4218\" \/>\n<h2 data-section-id=\"85kjbu\" data-start=\"4220\" data-end=\"4230\">Entrega<\/h2>\n<p data-start=\"4232\" data-end=\"4394\">Tras la compra, su <strong data-start=\"4253\" data-end=\"4299\">Clave de activaci\u00f3n de Microsoft Excel + Word 2024<\/strong> se enviar\u00e1 digitalmente por correo electr\u00f3nico junto con las instrucciones para su instalaci\u00f3n y activaci\u00f3n.<\/p>\n<p data-start=\"4396\" data-end=\"4432\">No se enviar\u00e1 ning\u00fan producto f\u00edsico.<\/p>\n<hr data-start=\"4434\" data-end=\"4437\" \/>\n<h2 data-section-id=\"8ukl95\" data-start=\"4439\" data-end=\"4464\">Instrucciones de activaci\u00f3n<\/h2>\n<ol data-start=\"4466\" data-end=\"4695\">\n<li data-section-id=\"p1qn43\" data-start=\"4466\" data-end=\"4546\">\n<p data-start=\"4469\" data-end=\"4546\">Descargue Microsoft Word y Excel 2024 desde el sitio web oficial de Microsoft.<\/p>\n<\/li>\n<li data-section-id=\"f3yz13\" data-start=\"4547\" data-end=\"4590\">\n<p data-start=\"4550\" data-end=\"4590\">Instale el software en su ordenador.<\/p>\n<\/li>\n<li data-section-id=\"alppj0\" data-start=\"4591\" data-end=\"4645\">\n<p data-start=\"4594\" data-end=\"4645\">Introduzca la clave de activaci\u00f3n proporcionada tras la compra.<\/p>\n<\/li>\n<li data-section-id=\"167lgfp\" data-start=\"4646\" data-end=\"4695\">\n<p data-start=\"4649\" data-end=\"4695\">Empezar a utilizar <strong data-start=\"4661\" data-end=\"4694\">Microsoft Word y Excel 2024<\/strong>.<\/p>\n<\/li>\n<\/ol>\n<hr data-start=\"4697\" data-end=\"4700\" \/>\n<h2 data-section-id=\"hkd5a4\" data-start=\"4702\" data-end=\"4730\">Preguntas frecuentes<\/h2>\n<p data-start=\"4732\" data-end=\"4857\"><strong data-start=\"4732\" data-end=\"4794\">\u00bfIncluye esta licencia el paquete completo de Microsoft Office?<\/strong><br data-start=\"4794\" data-end=\"4797\" \/>No, esta licencia incluye <b>only Word 2024 and Excel 2024<\/b>.<\/p>\n<p data-start=\"4859\" data-end=\"4926\"><strong data-start=\"4859\" data-end=\"4890\">\u00bfEs una licencia vitalicia?<\/strong><br data-start=\"4890\" data-end=\"4893\" \/>S\u00ed, la licencia no caduca.<\/p>\n<p data-start=\"4928\" data-end=\"5020\"><strong data-start=\"4928\" data-end=\"4967\">\u00bfPuedo reinstalar el software m\u00e1s tarde?<\/strong><br data-start=\"4967\" data-end=\"4970\" \/>S\u00ed, el software puede reinstalarse si es necesario.<\/p>","protected":false},"excerpt":{"rendered":"<p data-start=\"710\" data-end=\"947\"><strong data-start=\"710\" data-end=\"756\">Clave de activaci\u00f3n de Microsoft Excel + Word 2024<\/strong> le ofrece acceso de por vida a dos de las aplicaciones de productividad m\u00e1s potentes de Microsoft. Cree documentos profesionales con Word y analice datos eficazmente con Excel en su PC con Windows.<\/p>\n<p data-start=\"949\" data-end=\"1078\">\u2714 Licencia de por vida<br data-start=\"967\" data-end=\"970\" \/>\u2714 Fast Digital Delivery<br data-start=\"996\" data-end=\"999\" \/>Incluye Word 2024 y Excel 2024<br data-start=\"1032\" data-end=\"1035\" \/>Compatible con Windows 10 y Windows 11<\/p>","protected":false},"featured_media":11295,"comment_status":"open","ping_status":"closed","template":"","meta":{"rs_blank_template":"","rs_page_bg_color":"","slide_template_v7":""},"product_brand":[],"product_cat":[135,142],"product_tag":[339],"class_list":{"0":"post-11293","1":"product","2":"type-product","3":"status-publish","4":"has-post-thumbnail","6":"product_cat-microsoft-office","7":"product_cat-office-for-pc","8":"product_tag-microsoft-excel-word-2024","10":"first","11":"instock","12":"virtual","13":"purchasable","14":"product-type-simple"},"jetpack_sharing_enabled":true,"_links":{"self":[{"href":"https:\/\/keyzy.net\/es\/wp-json\/wp\/v2\/product\/11293","targetHints":{"allow":["GET"]}}],"collection":[{"href":"https:\/\/keyzy.net\/es\/wp-json\/wp\/v2\/product"}],"about":[{"href":"https:\/\/keyzy.net\/es\/wp-json\/wp\/v2\/types\/product"}],"replies":[{"embeddable":true,"href":"https:\/\/keyzy.net\/es\/wp-json\/wp\/v2\/comments?post=11293"}],"version-history":[{"count":3,"href":"https:\/\/keyzy.net\/es\/wp-json\/wp\/v2\/product\/11293\/revisions"}],"predecessor-version":[{"id":11801,"href":"https:\/\/keyzy.net\/es\/wp-json\/wp\/v2\/product\/11293\/revisions\/11801"}],"wp:featuredmedia":[{"embeddable":true,"href":"https:\/\/keyzy.net\/es\/wp-json\/wp\/v2\/media\/11295"}],"wp:attachment":[{"href":"https:\/\/keyzy.net\/es\/wp-json\/wp\/v2\/media?parent=11293"}],"wp:term":[{"taxonomy":"product_brand","embeddable":true,"href":"https:\/\/keyzy.net\/es\/wp-json\/wp\/v2\/product_brand?post=11293"},{"taxonomy":"product_cat","embeddable":true,"href":"https:\/\/keyzy.net\/es\/wp-json\/wp\/v2\/product_cat?post=11293"},{"taxonomy":"product_tag","embeddable":true,"href":"https:\/\/keyzy.net\/es\/wp-json\/wp\/v2\/product_tag?post=11293"}],"curies":[{"name":"wp","href":"https:\/\/api.w.org\/{rel}","templated":true}]}}