{"id":11290,"date":"2026-03-13T16:16:19","date_gmt":"2026-03-13T16:16:19","guid":{"rendered":"https:\/\/keyzy.net\/?post_type=product&#038;p=11290"},"modified":"2026-04-16T12:04:39","modified_gmt":"2026-04-16T12:04:39","slug":"clave-de-activacion-de-microsoft-office-2024-standard-ltsc","status":"publish","type":"product","link":"https:\/\/keyzy.net\/es\/product\/microsoft-office-2024-standard-ltsc-activation-key\/","title":{"rendered":"Clave de activaci\u00f3n de Microsoft Office 2024 Standard LTSC - Licencia de por vida - Windows"},"content":{"rendered":"<h1 class=\"product_title entry-title wd-entities-title\">Clave de activaci\u00f3n de Microsoft Office 2024 Standard LTSC - Licencia de por vida - Windows<\/h1>\n<h2 data-section-id=\"u0ybrq\" data-start=\"1200\" data-end=\"1214\">Caracter\u00edsticas principales<\/h2>\n<p data-start=\"1216\" data-end=\"1524\">- Incluye Word, Excel, PowerPoint, Outlook y Access<br data-start=\"1271\" data-end=\"1274\" \/>- Versi\u00f3n LTSC dise\u00f1ada para una estabilidad a largo plazo<br data-start=\"1321\" data-end=\"1324\" \/>- Sin cuotas de suscripci\u00f3n ni cuotas peri\u00f3dicas<br data-start=\"1359\" data-end=\"1362\" \/>- Optimizado para entornos empresariales<br data-start=\"1414\" data-end=\"1417\" \/>- Interfaz Office cl\u00e1sica con un rendimiento fiable<br data-start=\"1469\" data-end=\"1472\" \/>- Dise\u00f1ado para entornos fuera de l\u00ednea y controlados<\/p>\n<hr data-start=\"1526\" data-end=\"1529\" \/>\n<h2 data-section-id=\"1o8omvi\" data-start=\"1531\" data-end=\"1560\">Aviso importante de activaci\u00f3n<\/h2>\n<p data-start=\"1562\" data-end=\"1636\">\u26a0 <strong data-start=\"1564\" data-end=\"1578\">Importante:<\/strong> Este producto <strong data-start=\"1592\" data-end=\"1636\">no se puede activar a trav\u00e9s de setup.office.com<\/strong><\/p>\n<p data-start=\"1638\" data-end=\"1798\">\u2714 Este es un <strong data-start=\"1651\" data-end=\"1684\">Versi\u00f3n LTSC (licencia por volumen)<\/strong><br data-start=\"1684\" data-end=\"1687\" \/>\u2714 La activaci\u00f3n requiere un <strong data-start=\"1711\" data-end=\"1742\">proceso de instalaci\u00f3n manual<\/strong><br data-start=\"1742\" data-end=\"1745\" \/>\u2714 Recibir\u00e1 un <strong data-start=\"1766\" data-end=\"1798\">gu\u00eda de instalaci\u00f3n espec\u00edfica<\/strong><\/p>\n<hr data-start=\"1800\" data-end=\"1803\" \/>\n<h2 data-section-id=\"3hwwd3\" data-start=\"1805\" data-end=\"1832\">Requisitos de compatibilidad<\/h2>\n<p data-start=\"1834\" data-end=\"1860\">\u26a0 <strong data-start=\"1836\" data-end=\"1860\">Antes de la instalaci\u00f3n:<\/strong><\/p>\n<p data-start=\"1862\" data-end=\"2028\">\u2714 Debe <strong data-start=\"1873\" data-end=\"1914\">desinstalar cualquier versi\u00f3n existente de Office<\/strong><br data-start=\"1914\" data-end=\"1917\" \/>\u2714 Las versiones LTSC no pueden ejecutarse junto con las versiones minoristas<br data-start=\"1969\" data-end=\"1972\" \/>\u2714 Aseg\u00farese de que su sistema admite la instalaci\u00f3n de Office LTSC.<\/p>\n<hr data-start=\"2030\" data-end=\"2033\" \/>\n<h2 data-section-id=\"g7i1d1\" data-start=\"2035\" data-end=\"2045\">Visi\u00f3n general<\/h2>\n<p data-start=\"2047\" data-end=\"2225\"><strong data-start=\"2047\" data-end=\"2101\">Clave de activaci\u00f3n de Microsoft Office 2024 Standard LTSC<\/strong> desbloquea una versi\u00f3n profesional de Microsoft Office dise\u00f1ada para organizaciones que requieren estabilidad y soporte a largo plazo.<\/p>\n<p data-start=\"2227\" data-end=\"2451\"><strong data-start=\"2227\" data-end=\"2266\">Microsoft Office 2024 Est\u00e1ndar LTSC<\/strong> proporciona herramientas de productividad esenciales como <strong data-start=\"2313\" data-end=\"2361\">Word, Excel, PowerPoint, Outlook y Access<\/strong>, que permite a los usuarios gestionar documentos, datos, presentaciones y comunicaciones de forma eficaz.<\/p>\n<p data-start=\"2453\" data-end=\"2629\">A diferencia de las versiones por suscripci\u00f3n, la versi\u00f3n LTSC se centra en <strong data-start=\"2517\" data-end=\"2542\">fiabilidad a largo plazo<\/strong> en lugar de actualizaciones frecuentes de funciones, lo que la hace ideal para empresas e instituciones.<\/p>\n<hr data-start=\"2631\" data-end=\"2634\" \/>\n<h3 data-section-id=\"lq1zw1\" data-start=\"2636\" data-end=\"2666\">LTSC - Estabilidad a largo plazo<\/h3>\n<p data-start=\"2668\" data-end=\"2804\">En <strong data-start=\"2672\" data-end=\"2710\">LTSC (Canal de Servicios a Largo Plazo)<\/strong> est\u00e1 dise\u00f1ada para entornos en los que la estabilidad es m\u00e1s importante que las actualizaciones frecuentes.<\/p>\n<p data-start=\"2806\" data-end=\"2817\">Es decir:<\/p>\n<p data-start=\"2819\" data-end=\"2932\">- Sin cambios constantes de funciones<br data-start=\"2848\" data-end=\"2851\" \/>- Rendimiento constante a lo largo del tiempo<br data-start=\"2885\" data-end=\"2888\" \/>- Ideal para entornos seguros o fuera de l\u00ednea<\/p>\n<p data-start=\"2934\" data-end=\"3037\">Esto hace que <strong data-start=\"2945\" data-end=\"2965\">Oficina 2024 LTSC<\/strong> perfecto para empresas, instituciones gubernamentales y sistemas gestionados por TI.<\/p>\n<hr data-start=\"3039\" data-end=\"3042\" \/>\n<h3 data-section-id=\"mcj969\" data-start=\"3044\" data-end=\"3077\">Aplicaciones ofim\u00e1ticas esenciales<\/h3>\n<p data-start=\"3079\" data-end=\"3128\"><strong data-start=\"3079\" data-end=\"3118\">Microsoft Office 2024 Est\u00e1ndar LTSC<\/strong> incluye:<\/p>\n<p data-start=\"3130\" data-end=\"3397\">\u2022 <strong data-start=\"3132\" data-end=\"3150\">Microsoft Word<\/strong> - Creaci\u00f3n y edici\u00f3n de documentos<br data-start=\"3182\" data-end=\"3185\" \/>\u2022 <strong data-start=\"3187\" data-end=\"3206\">Microsoft Excel<\/strong> - An\u00e1lisis de datos y hojas de c\u00e1lculo<br data-start=\"3239\" data-end=\"3242\" \/>\u2022 <strong data-start=\"3244\" data-end=\"3268\">Microsoft PowerPoint<\/strong> - Dise\u00f1o de la presentaci\u00f3n<br data-start=\"3290\" data-end=\"3293\" \/>\u2022 <strong data-start=\"3295\" data-end=\"3316\">Microsoft Outlook<\/strong> - Gesti\u00f3n de correo electr\u00f3nico y calendario<br data-start=\"3348\" data-end=\"3351\" \/>\u2022 <strong data-start=\"3353\" data-end=\"3373\">Microsoft Access<\/strong> - Gesti\u00f3n de bases de datos<\/p>\n<p data-start=\"3399\" data-end=\"3467\">Estas herramientas proporcionan todo lo necesario para la productividad profesional.<\/p>\n<hr data-start=\"3469\" data-end=\"3472\" \/>\n<h2 data-section-id=\"136hq9m\" data-start=\"3474\" data-end=\"3497\">Lo que recibir\u00e1<\/h2>\n<p data-start=\"3499\" data-end=\"3643\">\u2714 <strong data-start=\"3501\" data-end=\"3555\">Clave de activaci\u00f3n de Microsoft Office 2024 Standard LTSC<\/strong><br data-start=\"3555\" data-end=\"3558\" \/>\u2714 Enlace de descarga oficial<br data-start=\"3582\" data-end=\"3585\" \/>\u2714 Gu\u00eda de instalaci\u00f3n y activaci\u00f3n<br data-start=\"3620\" data-end=\"3623\" \/>\u2714 Licencia de por vida<\/p>\n<p data-start=\"3645\" data-end=\"3741\">Tras la compra, recibir\u00e1 todas las instrucciones necesarias para instalar y activar el software.<\/p>\n<hr data-start=\"3743\" data-end=\"3746\" \/>\n<h2 data-section-id=\"15uen7i\" data-start=\"3748\" data-end=\"3765\">Por qu\u00e9 comprarnos<\/h2>\n<p data-start=\"3767\" data-end=\"3853\">\u2714 <strong>Fast\u00a0Digital Delivery<\/strong> - Reciba su clave de activaci\u00f3n r\u00e1pidamente despu\u00e9s de la compra.<\/p>\n<p data-start=\"3855\" data-end=\"3924\">\u2714 <strong data-start=\"3857\" data-end=\"3877\">Licencia de por vida<\/strong> - Compra \u00fanica sin fecha de caducidad.<\/p>\n<p data-start=\"3926\" data-end=\"3987\">\u2714 <strong data-start=\"3928\" data-end=\"3946\">Pago seguro<\/strong> - Proceso de pago seguro y protegido.<\/p>\n<p data-start=\"3989\" data-end=\"4071\">\u2714 <strong data-start=\"3991\" data-end=\"4015\">Apoyo profesional<\/strong> - Asistencia disponible para la instalaci\u00f3n y activaci\u00f3n.<\/p>\n<hr data-start=\"4073\" data-end=\"4076\" \/>\n<h2 data-section-id=\"tdp9n3\" data-start=\"4078\" data-end=\"4099\">Requisitos del sistema<\/h2>\n<p data-start=\"4101\" data-end=\"4284\">Sistema operativo: Windows 10 \/ Windows 11<br data-start=\"4142\" data-end=\"4145\" \/>Procesador: 1,6 GHz o superior<br data-start=\"4173\" data-end=\"4176\" \/>RAM: M\u00ednimo 4 GB<br data-start=\"4193\" data-end=\"4196\" \/>Almacenamiento: M\u00ednimo 4 GB de espacio disponible<br data-start=\"4233\" data-end=\"4236\" \/>Internet necesario para la activaci\u00f3n (si procede)<\/p>\n<hr data-start=\"4286\" data-end=\"4289\" \/>\n<h2 data-section-id=\"15qw8x\" data-start=\"4291\" data-end=\"4312\">Informaci\u00f3n sobre el producto<\/h2>\n<p data-start=\"4314\" data-end=\"4592\">Nombre del producto: <strong data-start=\"4328\" data-end=\"4367\">Microsoft Office 2024 Est\u00e1ndar LTSC<\/strong><br data-start=\"4367\" data-end=\"4370\" \/>Tipo de licencia: Licencia de por vida<br data-start=\"4400\" data-end=\"4403\" \/>M\u00e9todo de activaci\u00f3n: <strong data-start=\"4422\" data-end=\"4474\">Activaci\u00f3n de licencias por volumen (No setup.office.com)<\/strong><br data-start=\"4474\" data-end=\"4477\" \/>Plataforma: Windows PC<br data-start=\"4497\" data-end=\"4500\" \/>Compatibilidad: S\u00f3lo entorno LTSC<br data-start=\"4536\" data-end=\"4539\" \/>Entrega: Entrega digital<br data-start=\"4565\" data-end=\"4568\" \/>Idioma: Multiling\u00fce<\/p>\n<hr data-start=\"4594\" data-end=\"4597\" \/>\n<h2 data-section-id=\"85kjbu\" data-start=\"4599\" data-end=\"4609\">Entrega<\/h2>\n<p data-start=\"4611\" data-end=\"4762\">Tras la compra, su <strong data-start=\"4632\" data-end=\"4686\">Clave de activaci\u00f3n de Microsoft Office 2024 Standard LTSC<\/strong> se enviar\u00e1 digitalmente por correo electr\u00f3nico junto con las instrucciones de instalaci\u00f3n.<\/p>\n<p data-start=\"4764\" data-end=\"4800\">No se enviar\u00e1 ning\u00fan producto f\u00edsico.<\/p>\n<hr data-start=\"4802\" data-end=\"4805\" \/>\n<h2 data-section-id=\"8ukl95\" data-start=\"4807\" data-end=\"4832\">Instrucciones de activaci\u00f3n<\/h2>\n<ol data-start=\"4834\" data-end=\"5028\">\n<li data-section-id=\"w071m9\" data-start=\"4834\" data-end=\"4877\">\n<p data-start=\"4837\" data-end=\"4877\">Desinstalar cualquier versi\u00f3n de Office existente.<\/p>\n<\/li>\n<li data-section-id=\"1qw6ums\" data-start=\"4878\" data-end=\"4922\">\n<p data-start=\"4881\" data-end=\"4922\">Descargue el paquete de instalaci\u00f3n del LTSC.<\/p>\n<\/li>\n<li data-section-id=\"14060s4\" data-start=\"4923\" data-end=\"4975\">\n<p data-start=\"4926\" data-end=\"4975\">Instale Office siguiendo las instrucciones proporcionadas.<\/p>\n<\/li>\n<li data-section-id=\"151evw5\" data-start=\"4976\" data-end=\"5028\">\n<p data-start=\"4979\" data-end=\"5028\">Introduzca la clave de activaci\u00f3n y complete la activaci\u00f3n.<\/p>\n<\/li>\n<\/ol>\n<hr data-start=\"5030\" data-end=\"5033\" \/>\n<h2 data-section-id=\"hkd5a4\" data-start=\"5035\" data-end=\"5063\">Preguntas frecuentes<\/h2>\n<p data-start=\"5065\" data-end=\"5173\"><strong data-start=\"5065\" data-end=\"5109\">\u00bfPuedo activarlo en setup.office.com?<\/strong><br data-start=\"5109\" data-end=\"5112\" \/>No, LTSC versions do not support activation via setup.office.com.<\/p>\n<p data-start=\"5175\" data-end=\"5243\"><strong data-start=\"5175\" data-end=\"5206\">\u00bfEs una licencia vitalicia?<\/strong><br data-start=\"5206\" data-end=\"5209\" \/>S\u00ed, esta licencia no caduca.<\/p>\n<p data-start=\"5245\" data-end=\"5363\"><strong data-start=\"5245\" data-end=\"5283\">\u00bfPuedo utilizarlo con Microsoft 365?<\/strong><br data-start=\"5283\" data-end=\"5286\" \/>No, las versiones LTSC son independientes de Microsoft 365 y de las versiones comerciales de Office.<\/p>","protected":false},"excerpt":{"rendered":"<p data-start=\"797\" data-end=\"1072\"><strong data-start=\"797\" data-end=\"851\">Clave de activaci\u00f3n de Microsoft Office 2024 Standard LTSC<\/strong> provides a stable and long-term version of Microsoft Office designed for businesses and professional environments. This LTSC version includes essential applications, a lifetime license, and no subscription requirements.<\/p>\n<p data-start=\"1074\" data-end=\"1193\">\u2714 Licencia de por vida<br data-start=\"1092\" data-end=\"1095\" \/>\u2714 Versi\u00f3n LTSC Enterprise<br data-start=\"1120\" data-end=\"1123\" \/>\u2714 Fast Digital Delivery<br data-start=\"1149\" data-end=\"1152\" \/>\u2714 Ideal para uso profesional y empresarial<\/p>","protected":false},"featured_media":11291,"comment_status":"open","ping_status":"closed","template":"","meta":[],"product_cat":[135,142],"product_tag":[338],"class_list":{"0":"post-11290","1":"product","2":"type-product","3":"status-publish","4":"has-post-thumbnail","6":"product_cat-microsoft-office","7":"product_cat-office-for-pc","8":"product_tag-microsoft-office-2024-standard","10":"first","11":"instock","12":"virtual","13":"purchasable","14":"product-type-simple"},"jetpack_sharing_enabled":true,"_links":{"self":[{"href":"https:\/\/keyzy.net\/es\/wp-json\/wp\/v2\/product\/11290"}],"collection":[{"href":"https:\/\/keyzy.net\/es\/wp-json\/wp\/v2\/product"}],"about":[{"href":"https:\/\/keyzy.net\/es\/wp-json\/wp\/v2\/types\/product"}],"replies":[{"embeddable":true,"href":"https:\/\/keyzy.net\/es\/wp-json\/wp\/v2\/comments?post=11290"}],"version-history":[{"count":4,"href":"https:\/\/keyzy.net\/es\/wp-json\/wp\/v2\/product\/11290\/revisions"}],"predecessor-version":[{"id":11802,"href":"https:\/\/keyzy.net\/es\/wp-json\/wp\/v2\/product\/11290\/revisions\/11802"}],"wp:featuredmedia":[{"embeddable":true,"href":"https:\/\/keyzy.net\/es\/wp-json\/wp\/v2\/media\/11291"}],"wp:attachment":[{"href":"https:\/\/keyzy.net\/es\/wp-json\/wp\/v2\/media?parent=11290"}],"wp:term":[{"taxonomy":"product_cat","embeddable":true,"href":"https:\/\/keyzy.net\/es\/wp-json\/wp\/v2\/product_cat?post=11290"},{"taxonomy":"product_tag","embeddable":true,"href":"https:\/\/keyzy.net\/es\/wp-json\/wp\/v2\/product_tag?post=11290"}],"curies":[{"name":"wp","href":"https:\/\/api.w.org\/{rel}","templated":true}]}}