{"id":11140,"date":"2026-03-10T18:30:09","date_gmt":"2026-03-10T18:30:09","guid":{"rendered":"https:\/\/keyzy.net\/?post_type=product&#038;p=11140"},"modified":"2026-03-18T11:26:42","modified_gmt":"2026-03-18T11:26:42","slug":"hma-vpn-dispositivos-ilimitados-1-ano","status":"publish","type":"product","link":"https:\/\/keyzy.net\/es\/product\/hma-vpn-unlimited-devices-1-year\/","title":{"rendered":"HMA VPN Dispositivos ilimitados - Suscripci\u00f3n de 1 a\u00f1o VPN segura"},"content":{"rendered":"<h2>HMA VPN - Suscripci\u00f3n de 1 a\u00f1o, dispositivos ilimitados - VPN segura y r\u00e1pida<\/h2>\n<p><strong>HMA VPN Dispositivos ilimitados<\/strong> es una potente soluci\u00f3n VPN que protege tu privacidad y te permite conectar de forma segura un n\u00famero ilimitado de dispositivos.<\/p>\n<h3>Caracter\u00edsticas principales<\/h3>\n<ul>\n<li>Conexi\u00f3n ilimitada de dispositivos<\/li>\n<li>Ocultar la direcci\u00f3n IP y proteger la privacidad en l\u00ednea<\/li>\n<li>Acceda a contenidos globales sin restricciones<\/li>\n<li>Servidores VPN r\u00e1pidos y estables en todo el mundo<\/li>\n<li>Encriptaci\u00f3n robusta para una navegaci\u00f3n segura<\/li>\n<li>Compatible con m\u00faltiples plataformas<\/li>\n<\/ul>\n<h3>Aviso importante sobre el producto<\/h3>\n<ul>\n<li>\u2714 Suscripci\u00f3n v\u00e1lida durante 1 a\u00f1o<\/li>\n<li>\u2714 Admite un n\u00famero ilimitado de dispositivos<\/li>\n<li>\u2714 Entregado como detalles de activaci\u00f3n + enlace de descarga.<\/li>\n<li>\u2714 Se requiere conexi\u00f3n a Internet<\/li>\n<\/ul>\n<h3>Visi\u00f3n general<\/h3>\n<p><strong>HMA VPN<\/strong> es una potente soluci\u00f3n de red privada virtual dise\u00f1ada para proteger su privacidad en l\u00ednea y ofrecerle acceso sin restricciones a contenidos globales.<\/p>\n<p>Con compatibilidad para un n\u00famero ilimitado de dispositivos, puede proteger todos sus smartphones, ordenadores y tabletas con una sola suscripci\u00f3n.<\/p>\n<p>Esta VPN garantiza una navegaci\u00f3n segura, conexiones r\u00e1pidas y total anonimato en l\u00ednea.<\/p>\n<p>Es ideal para los usuarios que quieren privacidad, libertad y rendimiento en una sola soluci\u00f3n.<\/p>\n<h4>Protecci\u00f3n avanzada de la intimidad<\/h4>\n<p>Mantenga sus datos personales seguros y an\u00f3nimos.<\/p>\n<ul>\n<li>Oculta tu direcci\u00f3n IP real<\/li>\n<li>Cifrar el tr\u00e1fico de Internet<\/li>\n<li>Protecci\u00f3n contra hackers y rastreadores<\/li>\n<\/ul>\n<h4>Acceso ilimitado<\/h4>\n<p>Navega por Internet sin restricciones.<\/p>\n<ul>\n<li>Evita los contenidos geobloqueados<\/li>\n<li>Acceda a plataformas mundiales de streaming<\/li>\n<li>Desbloquear sitios web en cualquier parte del mundo<\/li>\n<\/ul>\n<h4>Dispositivos ilimitados<\/h4>\n<p>Proteja todos sus dispositivos con una sola suscripci\u00f3n.<\/p>\n<ul>\n<li>Uso en smartphones, tabletas y PC<\/li>\n<li>Proteja a toda su familia o equipo<\/li>\n<li>Sin l\u00edmite de dispositivos<\/li>\n<\/ul>\n<h4>Rendimiento de alta velocidad<\/h4>\n<p>Disfruta de una experiencia de Internet fluida y r\u00e1pida.<\/p>\n<ul>\n<li>Servidores optimizados en todo el mundo<\/li>\n<li>Conexi\u00f3n estable para streaming<\/li>\n<li>Descargas y navegaci\u00f3n r\u00e1pidas<\/li>\n<\/ul>\n<h4>Red mundial de servidores<\/h4>\n<p>Con\u00e9ctate desde cualquier lugar con facilidad.<\/p>\n<ul>\n<li>M\u00e1s de 1000 servidores en todo el mundo<\/li>\n<li>Cobertura en m\u00e1s de 190 pa\u00edses<\/li>\n<li>Conexiones fiables y estables<\/li>\n<\/ul>\n<h4>Interfaz f\u00e1cil de usar<\/h4>\n<p>F\u00e1cil configuraci\u00f3n y controles sencillos.<\/p>\n<ul>\n<li>Instalaci\u00f3n r\u00e1pida<\/li>\n<li>Conexi\u00f3n con un solo clic<\/li>\n<li>Adecuado para usuarios principiantes y avanzados<\/li>\n<\/ul>\n<h3>Compatibilidad del sistema<\/h3>\n<ul>\n<li>Windows<\/li>\n<li>macOS<\/li>\n<li>Android<\/li>\n<li>iOS<\/li>\n<li>Otros dispositivos compatibles<\/li>\n<\/ul>\n<h3>Lo que recibir\u00e1<\/h3>\n<ul>\n<li>Detalles de activaci\u00f3n de la VPN de HMA<\/li>\n<li>Enlace oficial de descarga<\/li>\n<li>Instrucciones de instalaci\u00f3n<\/li>\n<li>Suscripci\u00f3n de 1 a\u00f1o para un n\u00famero ilimitado de dispositivos<\/li>\n<\/ul>\n<h3>Por qu\u00e9 comprarnos<\/h3>\n<ul>\n<li>Entrega en un plazo de 1 a 24 horas<\/li>\n<li>M\u00e9todos de pago seguros<\/li>\n<li>Atenci\u00f3n al cliente fiable<\/li>\n<li>Mejor precio garantizado<\/li>\n<\/ul>\n<h3>Informaci\u00f3n sobre el producto<\/h3>\n<ul>\n<li><strong>Nombre del producto:<\/strong> HMA VPN<\/li>\n<li><strong>Tipo de licencia:<\/strong> Suscripci\u00f3n de 1 a\u00f1o<\/li>\n<li><strong>Dispositivos:<\/strong> Dispositivos ilimitados<\/li>\n<li><strong>Plataforma:<\/strong> Multiplataforma<\/li>\n<li><strong>Activaci\u00f3n:<\/strong> Cuenta \/ Detalles de activaci\u00f3n<\/li>\n<li><strong>Entrega:<\/strong> Entrega digital<\/li>\n<\/ul>\n<h3>Entrega<\/h3>\n<p>Los datos de activaci\u00f3n se enviar\u00e1n por correo electr\u00f3nico entre 1 y 24 horas despu\u00e9s de la compra.<\/p>\n<h3>Instrucciones de activaci\u00f3n<\/h3>\n<ol>\n<li>Descargar HMA VPN desde el sitio web oficial<\/li>\n<li>Instala la aplicaci\u00f3n en tu dispositivo<\/li>\n<li>Inicie sesi\u00f3n con los datos facilitados<\/li>\n<li>Con\u00e9ctate y empieza a navegar con seguridad<\/li>\n<\/ol>\n<h3>Preguntas frecuentes<\/h3>\n<p><strong>\u00bfCu\u00e1ntos dispositivos puedo utilizar?<\/strong><br \/>\nPuedes utilizar esta VPN en un n\u00famero ilimitado de dispositivos.<\/p>\n<p><strong>\u00bfEs una licencia vitalicia?<\/strong><br \/>\nNo, se trata de una suscripci\u00f3n de 1 a\u00f1o.<\/p>\n<p><strong>\u00bfEsconde mi IP?<\/strong><br \/>\nS\u00ed, oculta tu IP y encripta tu conexi\u00f3n.<\/p>","protected":false},"excerpt":{"rendered":"<p data-start=\"139\" data-end=\"331\"><strong data-start=\"139\" data-end=\"150\">HMA VPN<\/strong> proporciona acceso seguro y privado a Internet con una suscripci\u00f3n de 1 a\u00f1o para un n\u00famero ilimitado de dispositivos. Navega de forma an\u00f3nima, protege tus datos y accede a contenidos globales sin restricciones.<\/p>\n<p data-start=\"333\" data-end=\"418\">\u2714 Suscripci\u00f3n de 1 a\u00f1o<br data-start=\"354\" data-end=\"357\" \/>\u2714 Dispositivos ilimitados<br data-start=\"376\" data-end=\"379\" \/>\u2714 VPN r\u00e1pida y segura<br data-start=\"398\" data-end=\"401\" \/>\u2714 Acceso global<\/p>","protected":false},"featured_media":11142,"comment_status":"open","ping_status":"closed","template":"","meta":[],"product_brand":[],"product_cat":[273,264],"product_tag":[299],"class_list":{"0":"post-11140","1":"product","2":"type-product","3":"status-publish","4":"has-post-thumbnail","6":"product_cat-vpn","7":"product_cat-miscellaneous","8":"product_tag-hma-vpn","10":"first","11":"instock","12":"virtual","13":"purchasable","14":"product-type-simple"},"jetpack_sharing_enabled":true,"_links":{"self":[{"href":"https:\/\/keyzy.net\/es\/wp-json\/wp\/v2\/product\/11140","targetHints":{"allow":["GET"]}}],"collection":[{"href":"https:\/\/keyzy.net\/es\/wp-json\/wp\/v2\/product"}],"about":[{"href":"https:\/\/keyzy.net\/es\/wp-json\/wp\/v2\/types\/product"}],"replies":[{"embeddable":true,"href":"https:\/\/keyzy.net\/es\/wp-json\/wp\/v2\/comments?post=11140"}],"version-history":[{"count":2,"href":"https:\/\/keyzy.net\/es\/wp-json\/wp\/v2\/product\/11140\/revisions"}],"predecessor-version":[{"id":11482,"href":"https:\/\/keyzy.net\/es\/wp-json\/wp\/v2\/product\/11140\/revisions\/11482"}],"wp:featuredmedia":[{"embeddable":true,"href":"https:\/\/keyzy.net\/es\/wp-json\/wp\/v2\/media\/11142"}],"wp:attachment":[{"href":"https:\/\/keyzy.net\/es\/wp-json\/wp\/v2\/media?parent=11140"}],"wp:term":[{"taxonomy":"product_brand","embeddable":true,"href":"https:\/\/keyzy.net\/es\/wp-json\/wp\/v2\/product_brand?post=11140"},{"taxonomy":"product_cat","embeddable":true,"href":"https:\/\/keyzy.net\/es\/wp-json\/wp\/v2\/product_cat?post=11140"},{"taxonomy":"product_tag","embeddable":true,"href":"https:\/\/keyzy.net\/es\/wp-json\/wp\/v2\/product_tag?post=11140"}],"curies":[{"name":"wp","href":"https:\/\/api.w.org\/{rel}","templated":true}]}}