{"id":11723,"date":"2026-04-15T13:25:28","date_gmt":"2026-04-15T13:25:28","guid":{"rendered":"https:\/\/keyzy.net\/?page_id=11723"},"modified":"2026-04-15T14:16:19","modified_gmt":"2026-04-15T14:16:19","slug":"politica-de-cookies","status":"publish","type":"page","link":"https:\/\/keyzy.net\/es\/cookies-policy\/","title":{"rendered":"Pol\u00edtica de cookies"},"content":{"rendered":"<h4 class=\"wp-block-heading\">\u00daltima actualizaci\u00f3n: 15-04-2026<\/h4>\n\n\n\n<p>Esta Pol\u00edtica de Cookies explica c\u00f3mo <strong>Keyzy<\/strong> (\u201cnosotros\u201d, \u201cnuestro\u201d o \u201cnos\u201d) utiliza cookies y tecnolog\u00edas similares cuando usted visita nuestro sitio web <a href=\"https:\/\/keyzy.net\/es\/\">https:\/\/keyzy.net\/<\/a>.<\/p>\n\n\n\n<p>Esta pol\u00edtica est\u00e1 dise\u00f1ada para cumplir <strong>GDPR<\/strong> y los requisitos de <strong>Anuncios Google<\/strong> y <strong>Meta Anuncios<\/strong>.<\/p>\n\n\n\n<hr class=\"wp-block-separator has-alpha-channel-opacity\"\/>\n\n\n\n<h2 class=\"wp-block-heading\">1. \u00bfQu\u00e9 son las cookies?<\/h2>\n\n\n\n<p>Las cookies son peque\u00f1os archivos de texto que se almacenan en su dispositivo (ordenador, smartphone o tableta) cuando visita un sitio web.<\/p>\n\n\n\n<p>Ayudan a que los sitios web funcionen correctamente, mejoran la experiencia del usuario y proporcionan datos anal\u00edticos y publicitarios.<\/p>\n\n\n\n<hr class=\"wp-block-separator has-alpha-channel-opacity\"\/>\n\n\n\n<h2 class=\"wp-block-heading\">2. Tipos de cookies que utilizamos<\/h2>\n\n\n\n<h3 class=\"wp-block-heading\">2.1 Cookies esenciales<\/h3>\n\n\n\n<p>Estas cookies son necesarias para que el sitio web funcione correctamente.<\/p>\n\n\n\n<p>Permiten funciones b\u00e1sicas como:<\/p>\n\n\n\n<ul class=\"wp-block-list\">\n<li>Acceso seguro<\/li>\n\n\n\n<li>Proceso de pago<\/li>\n\n\n\n<li>Navegaci\u00f3n por la p\u00e1gina<\/li>\n<\/ul>\n\n\n\n<p>Sin estas cookies, WebsWebsite no puede funcionar correctamente.<\/p>\n\n\n\n<hr class=\"wp-block-separator has-alpha-channel-opacity\"\/>\n\n\n\n<h3 class=\"wp-block-heading\">2.2 Cookies anal\u00edticas<\/h3>\n\n\n\n<p>Estas cookies nos ayudan a entender c\u00f3mo interact\u00faan los visitantes con nuestro Sitio Web, recopilando informaci\u00f3n como:<\/p>\n\n\n\n<ul class=\"wp-block-list\">\n<li>P\u00e1ginas visitadas<\/li>\n\n\n\n<li>Tiempo de permanencia en las p\u00e1ginas<\/li>\n\n\n\n<li>Fuentes de tr\u00e1fico<\/li>\n<\/ul>\n\n\n\n<p>Estos datos nos ayudan a mejorar WebsWebsite y sus servicios.<\/p>\n\n\n\n<hr class=\"wp-block-separator has-alpha-channel-opacity\"\/>\n\n\n\n<h3 class=\"wp-block-heading\">2.3 Cookies de marketing y publicidad<\/h3>\n\n\n\n<p>Estas cookies se utilizan para:<\/p>\n\n\n\n<ul class=\"wp-block-list\">\n<li>Ofrezca anuncios relevantes<\/li>\n\n\n\n<li>Medir la eficacia de las campa\u00f1as publicitarias<\/li>\n\n\n\n<li>Activar el remarketing y el retargeting<\/li>\n<\/ul>\n\n\n\n<p>Podemos utilizar cookies de servicios de terceros como:<\/p>\n\n\n\n<ul class=\"wp-block-list\">\n<li>Anuncios Google<\/li>\n\n\n\n<li>Meta anuncios (Facebook\/Instagram)<\/li>\n<\/ul>\n\n\n\n<hr class=\"wp-block-separator has-alpha-channel-opacity\"\/>\n\n\n\n<h2 class=\"wp-block-heading\">3. Cookies de terceros<\/h2>\n\n\n\n<p>Podemos permitir que servicios de terceros coloquen cookies en su dispositivo, incluyendo:<\/p>\n\n\n\n<ul class=\"wp-block-list\">\n<li>Proveedores de an\u00e1lisis<\/li>\n\n\n\n<li>Plataformas publicitarias<\/li>\n\n\n\n<li>Procesadores de pagos<\/li>\n<\/ul>\n\n\n\n<p>Estos terceros pueden recoger y tratar sus datos de acuerdo con sus propias pol\u00edticas de privacidad.<\/p>\n\n\n\n<hr class=\"wp-block-separator has-alpha-channel-opacity\"\/>\n\n\n\n<h2 class=\"wp-block-heading\">4. C\u00f3mo utilizamos las cookies<\/h2>\n\n\n\n<p>Utilizamos cookies para:<\/p>\n\n\n\n<ul class=\"wp-block-list\">\n<li>Garantizar el correcto funcionamiento del sitio web<\/li>\n\n\n\n<li>Analizar el rendimiento del sitio web<\/li>\n\n\n\n<li>Mejorar la experiencia del usuario<\/li>\n\n\n\n<li>Personalizar contenidos y anuncios<\/li>\n<\/ul>\n\n\n\n<hr class=\"wp-block-separator has-alpha-channel-opacity\"\/>\n\n\n\n<h2 class=\"wp-block-heading\">5. Gesti\u00f3n de cookies<\/h2>\n\n\n\n<p>Puede controlar o desactivar las cookies en cualquier momento a trav\u00e9s de la configuraci\u00f3n de su navegador.<\/p>\n\n\n\n<p>Tenga en cuenta que desactivar determinadas cookies puede afectar al funcionamiento del sitio web.<\/p>\n\n\n\n<p>Tambi\u00e9n puede gestionar sus preferencias publicitarias a trav\u00e9s de:<\/p>\n\n\n\n<ul class=\"wp-block-list\">\n<li>Configuraci\u00f3n de anuncios de Google<\/li>\n\n\n\n<li>Preferencias de anuncios en Facebook<\/li>\n<\/ul>\n\n\n\n<hr class=\"wp-block-separator has-alpha-channel-opacity\"\/>\n\n\n\n<h2 class=\"wp-block-heading\">6. Consentimiento para el uso de cookies<\/h2>\n\n\n\n<p>Al utilizar nuestro sitio web, usted acepta el uso de cookies de acuerdo con esta pol\u00edtica.<\/p>\n\n\n\n<p>Cuando lo exija la ley, solicitaremos su consentimiento antes de colocar cookies no esenciales.<\/p>\n\n\n\n<hr class=\"wp-block-separator has-alpha-channel-opacity\"\/>\n\n\n\n<h2 class=\"wp-block-heading\">7. Actualizaciones de esta pol\u00edtica<\/h2>\n\n\n\n<p>Podemos actualizar esta Pol\u00edtica de Cookies en cualquier momento.<\/p>\n\n\n\n<p>Los cambios se publicar\u00e1n en esta p\u00e1gina con una fecha actualizada.<\/p>\n\n\n\n<hr class=\"wp-block-separator has-alpha-channel-opacity\"\/>\n\n\n\n<h2 class=\"wp-block-heading\">8. 8. Informaci\u00f3n de contacto<\/h2>\n\n\n\n<p>Si tiene alguna pregunta sobre el uso que hacemos de las cookies, p\u00f3ngase en contacto con nosotros:<\/p>\n\n\n\n<ul class=\"wp-block-list\">\n<li>\ud83d\udce7 Correo electr\u00f3nico: <a href=\"mailto:support@keyzy.net\">support@keyzy.net<\/a><\/li>\n\n\n\n<li>\ud83c\udf10 P\u00e1gina web: <a href=\"https:\/\/keyzy.net\/es\/\">https:\/\/keyzy.net<\/a><\/li>\n<\/ul>\n\n\n\n<hr class=\"wp-block-separator has-alpha-channel-opacity\"\/>\n\n\n\n<p><strong>Keyzy - Soluciones digitales seguras en las que puede confiar<\/strong><\/p>","protected":false},"excerpt":{"rendered":"<p>Last updated: 15-04-2026 This Cookies Policy explains how Keyzy (&#8220;we&#8221;, &#8220;our&#8221;, or &#8220;us&#8221;) uses cookies and similar technologies when you<\/p>","protected":false},"author":4,"featured_media":0,"parent":0,"menu_order":0,"comment_status":"closed","ping_status":"closed","template":"","meta":{"footnotes":""},"class_list":["post-11723","page","type-page","status-publish","hentry"],"jetpack_sharing_enabled":true,"_links":{"self":[{"href":"https:\/\/keyzy.net\/es\/wp-json\/wp\/v2\/pages\/11723","targetHints":{"allow":["GET"]}}],"collection":[{"href":"https:\/\/keyzy.net\/es\/wp-json\/wp\/v2\/pages"}],"about":[{"href":"https:\/\/keyzy.net\/es\/wp-json\/wp\/v2\/types\/page"}],"author":[{"embeddable":true,"href":"https:\/\/keyzy.net\/es\/wp-json\/wp\/v2\/users\/4"}],"replies":[{"embeddable":true,"href":"https:\/\/keyzy.net\/es\/wp-json\/wp\/v2\/comments?post=11723"}],"version-history":[{"count":4,"href":"https:\/\/keyzy.net\/es\/wp-json\/wp\/v2\/pages\/11723\/revisions"}],"predecessor-version":[{"id":11741,"href":"https:\/\/keyzy.net\/es\/wp-json\/wp\/v2\/pages\/11723\/revisions\/11741"}],"wp:attachment":[{"href":"https:\/\/keyzy.net\/es\/wp-json\/wp\/v2\/media?parent=11723"}],"curies":[{"name":"wp","href":"https:\/\/api.w.org\/{rel}","templated":true}]}}