{"id":11346,"date":"2026-03-14T14:18:55","date_gmt":"2026-03-14T14:18:55","guid":{"rendered":"https:\/\/keyzy.net\/?post_type=product&#038;p=11346"},"modified":"2026-04-16T10:40:45","modified_gmt":"2026-04-16T10:40:45","slug":"microsoft-excel-2021-aktivierungsschlussel-lebenslange-lizenz-pc-digitaler-download","status":"publish","type":"product","link":"https:\/\/keyzy.net\/de\/product\/microsoft-excel-2021-activation-key-lifetime-license-pc-digital-download\/","title":{"rendered":"Microsoft Excel 2021 Aktivierungsschl\u00fcssel - Lizenz auf Lebenszeit - PC - Digitaler Download"},"content":{"rendered":"<h1 data-section-id=\"u0ybrq\" data-start=\"922\" data-end=\"936\">Wesentliche Merkmale<\/h1>\n<p data-start=\"938\" data-end=\"1212\">- Leistungsstarke Tabellenkalkulations- und Datenanalysetools<br data-start=\"984\" data-end=\"987\" \/>- Neue Funktionen wie <strong data-start=\"1013\" data-end=\"1024\">XLOOKUP<\/strong> und <strong data-start=\"1029\" data-end=\"1036\">LET<\/strong><br data-start=\"1036\" data-end=\"1039\" \/>- Moderne Diagramme und professionelle Dashboards<br data-start=\"1082\" data-end=\"1085\" \/>- Optimierte Leistung f\u00fcr gro\u00dfe Datens\u00e4tze<br data-start=\"1127\" data-end=\"1130\" \/>- Verbesserte Zusammenarbeit und gemeinsame Nutzung von Dateien<br data-start=\"1171\" data-end=\"1174\" \/>- Saubere und intuitive Benutzeroberfl\u00e4che<\/p>\n<hr data-start=\"1029\" data-end=\"1032\" \/>\n<h1 data-section-id=\"g7i1d1\" data-start=\"1219\" data-end=\"1229\">\u00dcbersicht<\/h1>\n<p data-start=\"1231\" data-end=\"1378\"><strong data-start=\"1231\" data-end=\"1270\">Microsoft Excel 2021 Aktivierungsschl\u00fcssel<\/strong> erm\u00f6glicht es Ihnen, die Vollversion einer der weltweit am h\u00e4ufigsten verwendeten Tabellenkalkulationsanwendungen freizuschalten.<\/p>\n<p data-start=\"1380\" data-end=\"1711\"><strong data-start=\"1380\" data-end=\"1404\">Microsoft Excel 2021<\/strong> wurde f\u00fcr Fachleute und Einzelpersonen entwickelt, die leistungsstarke Werkzeuge ben\u00f6tigen, um Daten effizient zu organisieren, zu analysieren und zu visualisieren. Ganz gleich, ob Sie Finanzberichte verwalten, Unternehmens-Dashboards erstellen oder mit komplexen Datens\u00e4tzen arbeiten, Excel bietet die erforderlichen Werkzeuge, um Rohdaten in wertvolle Erkenntnisse zu verwandeln.<\/p>\n<p data-start=\"1713\" data-end=\"2007\">Die Software bietet eine verbesserte Leistung und fortschrittliche Funktionen, mit denen die Benutzer gr\u00f6\u00dfere Datenmengen effizienter bearbeiten k\u00f6nnen. Mit erweiterten Berechnungsfunktionen und modernen Tools zur Datenvisualisierung, <strong data-start=\"1914\" data-end=\"1938\">Microsoft Excel 2021<\/strong> hilft Anwendern, professionelle Tabellenkalkulationen schnell und pr\u00e4zise zu erstellen.<\/p>\n<hr data-start=\"1764\" data-end=\"1767\" \/>\n<h3 data-section-id=\"5jcvcf\" data-start=\"2014\" data-end=\"2046\">Leistungsstarke Datenanalyse-Tools<\/h3>\n<p data-start=\"2048\" data-end=\"2147\">Einer der gr\u00f6\u00dften Vorteile von <strong data-start=\"2079\" data-end=\"2103\">Microsoft Excel 2021<\/strong> sind seine leistungsstarken Datenanalysefunktionen.<\/p>\n<p data-start=\"2149\" data-end=\"2309\">Die neueste Version enth\u00e4lt neue Funktionen wie <strong data-start=\"2201\" data-end=\"2212\">XLOOKUP<\/strong> und <strong data-start=\"2217\" data-end=\"2224\">LET<\/strong>, die komplexe Formeln vereinfachen und die Datenverarbeitung schneller und effizienter machen.<\/p>\n<p data-start=\"2311\" data-end=\"2433\">Die Benutzer k\u00f6nnen Berechnungen automatisieren, fortgeschrittene Formeln erstellen und gro\u00dfe Datens\u00e4tze mit verbesserter Geschwindigkeit und Zuverl\u00e4ssigkeit analysieren.<\/p>\n<p data-start=\"2435\" data-end=\"2520\">Die optimierte Performance-Engine sorgt daf\u00fcr, dass auch komplexe Tabellenkalkulationen reibungslos funktionieren.<\/p>\n<hr data-start=\"2285\" data-end=\"2288\" \/>\n<h3 data-section-id=\"1ecrpxq\" data-start=\"2527\" data-end=\"2565\">Professionelle Diagramme und Dashboards<\/h3>\n<p data-start=\"2567\" data-end=\"2714\"><strong data-start=\"2567\" data-end=\"2591\">Microsoft Excel 2021<\/strong> enth\u00e4lt moderne Diagramm- und Visualisierungswerkzeuge, mit denen sich Daten \u00fcbersichtlich und professionell darstellen lassen.<\/p>\n<p data-start=\"2716\" data-end=\"2864\">Mit verbesserten Dashboards und dynamischen Diagrammen k\u00f6nnen Benutzer Leistungsindikatoren \u00fcberwachen, Finanzdaten verfolgen und aufschlussreiche Berichte erstellen.<\/p>\n<p data-start=\"2866\" data-end=\"2973\">Diese Funktionen machen Excel zu einem unverzichtbaren Werkzeug f\u00fcr Unternehmen, Buchhalter, Ingenieure, Analysten und Studenten.<\/p>\n<hr data-start=\"2730\" data-end=\"2733\" \/>\n<h2 data-section-id=\"136hq9m\" data-start=\"2980\" data-end=\"3003\">Was Sie erhalten werden<\/h2>\n<p data-start=\"3005\" data-end=\"3134\">\u2714 <strong data-start=\"3007\" data-end=\"3046\">Microsoft Excel 2021 Aktivierungsschl\u00fcssel<\/strong><br data-start=\"3046\" data-end=\"3049\" \/>\u2714 Offizieller Microsoft Download Link<br data-start=\"3083\" data-end=\"3086\" \/>\u2714 Lizenz auf Lebenszeit<br data-start=\"3104\" data-end=\"3107\" \/>\u2714 Aktivierungsanweisungen<\/p>\n<p data-start=\"3136\" data-end=\"3280\">Nach Abschluss des Kaufs wird Ihnen der Aktivierungsschl\u00fcssel digital zugestellt, so dass Sie die Software schnell und einfach herunterladen und aktivieren k\u00f6nnen.<\/p>\n<hr data-start=\"3037\" data-end=\"3040\" \/>\n<h2 data-section-id=\"15uen7i\" data-start=\"3287\" data-end=\"3304\">Warum bei uns kaufen<\/h2>\n<p data-start=\"3306\" data-end=\"3392\">\u2714 <strong data-start=\"3308\" data-end=\"3336\">Schnelle digitale Lieferung<\/strong> - Sie erhalten Ihren Aktivierungsschl\u00fcssel schnell nach dem Kauf.<\/p>\n<p data-start=\"3394\" data-end=\"3463\">\u2714 <strong data-start=\"3396\" data-end=\"3416\">Lizenz auf Lebenszeit<\/strong> - Einmaliger Kauf ohne Verfallsdatum.<\/p>\n<p data-start=\"3465\" data-end=\"3526\">\u2714 <strong data-start=\"3467\" data-end=\"3485\">Sichere Bezahlung<\/strong> - Sicherer und gesch\u00fctzter Checkout-Prozess.<\/p>\n<p data-start=\"3528\" data-end=\"3612\">\u2714 <strong data-start=\"3530\" data-end=\"3554\">Professionelle Unterst\u00fctzung<\/strong> - Unser Support-Team ist f\u00fcr Sie da, wenn Sie Hilfe ben\u00f6tigen.<\/p>\n<p data-start=\"3614\" data-end=\"3685\">\u2714 <strong data-start=\"3616\" data-end=\"3636\">Zuverl\u00e4ssige Software<\/strong> - Aktivieren Sie die offizielle Version.<\/p>\n<hr data-start=\"3442\" data-end=\"3445\" \/>\n<h2 data-section-id=\"tdp9n3\" data-start=\"3692\" data-end=\"3713\">Systemanforderungen<\/h2>\n<p data-start=\"3715\" data-end=\"3928\">Betriebssystem: Windows 10 \/ Windows 11<br data-start=\"3756\" data-end=\"3759\" \/>Prozessor: 1,6 GHz oder schnellerer Prozessor<br data-start=\"3797\" data-end=\"3800\" \/>ARBEITSSPEICHER: Mindestens 4 GB (8 GB empfohlen)<br data-start=\"3836\" data-end=\"3839\" \/>Speicherplatz: Mindestens 4 GB verf\u00fcgbarer Festplattenspeicher<br data-start=\"3881\" data-end=\"3884\" \/>F\u00fcr die Aktivierung ist eine Internetverbindung erforderlich.<\/p>\n<hr data-start=\"3685\" data-end=\"3688\" \/>\n<h2 data-section-id=\"15qw8x\" data-start=\"3935\" data-end=\"3956\">Informationen zum Produkt<\/h2>\n<p data-start=\"3958\" data-end=\"4144\">Produktname: <strong data-start=\"3972\" data-end=\"3996\">Microsoft Excel 2021<\/strong><br data-start=\"3996\" data-end=\"3999\" \/>Lizenztyp: Lizenz auf Lebenszeit<br data-start=\"4029\" data-end=\"4032\" \/>Aktivierungsmethode: Aktivierungsschl\u00fcssel<br data-start=\"4065\" data-end=\"4068\" \/>Plattform: Windows-PC<br data-start=\"4088\" data-end=\"4091\" \/>Lieferung: Digitale Zustellung<br data-start=\"4117\" data-end=\"4120\" \/>Sprache: Mehrsprachig<\/p>\n<hr data-start=\"3901\" data-end=\"3904\" \/>\n<h2 data-section-id=\"85kjbu\" data-start=\"4151\" data-end=\"4161\">Lieferung<\/h2>\n<p data-start=\"4163\" data-end=\"4308\">Nach dem Kauf wird Ihr <strong data-start=\"4184\" data-end=\"4223\">Microsoft Excel 2021 Aktivierungsschl\u00fcssel<\/strong> wird in digitaler Form zusammen mit einer Anleitung zur Installation und Aktivierung geliefert.<\/p>\n<p data-start=\"4310\" data-end=\"4346\">Es wird kein physisches Produkt verschickt.<\/p>\n<hr data-start=\"4078\" data-end=\"4081\" \/>\n<h1 data-section-id=\"8ukl95\" data-start=\"4353\" data-end=\"4378\">Anweisungen zur Aktivierung<\/h1>\n<ol data-start=\"4380\" data-end=\"4591\">\n<li data-section-id=\"114nukj\" data-start=\"4380\" data-end=\"4451\">\n<p data-start=\"4383\" data-end=\"4451\">Laden Sie Microsoft Excel 2021 von der offiziellen Microsoft-Website herunter.<\/p>\n<\/li>\n<li data-section-id=\"f3yz13\" data-start=\"4452\" data-end=\"4495\">\n<p data-start=\"4455\" data-end=\"4495\">Installieren Sie die Software auf Ihrem Computer.<\/p>\n<\/li>\n<li data-section-id=\"alppj0\" data-start=\"4496\" data-end=\"4550\">\n<p data-start=\"4499\" data-end=\"4550\">Geben Sie den nach dem Kauf erhaltenen Aktivierungsschl\u00fcssel ein.<\/p>\n<\/li>\n<li data-section-id=\"19uyr2t\" data-start=\"4551\" data-end=\"4591\">\n<p data-start=\"4554\" data-end=\"4591\">Beginn der Nutzung <strong data-start=\"4566\" data-end=\"4590\">Microsoft Excel 2021<\/strong>.<\/p>\n<\/li>\n<\/ol>\n<hr data-start=\"4302\" data-end=\"4305\" \/>\n<h1 data-section-id=\"hkd5a4\" data-start=\"4598\" data-end=\"4626\">H\u00e4ufig gestellte Fragen<\/h1>\n<p data-start=\"4628\" data-end=\"4756\"><strong data-start=\"4628\" data-end=\"4669\">Wie erhalte ich meinen Aktivierungsschl\u00fcssel?<\/strong><br data-start=\"4669\" data-end=\"4672\" \/>Ihr Microsoft Excel 2021 Aktivierungsschl\u00fcssel wird Ihnen nach dem Kauf digital zugestellt.<\/p>\n<p data-start=\"4758\" data-end=\"4825\"><strong data-start=\"4758\" data-end=\"4789\">Ist dies eine Lizenz auf Lebenszeit?<\/strong><br data-start=\"4789\" data-end=\"4792\" \/>Ja, die Lizenz l\u00e4uft nicht ab.<\/p>\n<p data-start=\"4827\" data-end=\"4927\"><strong data-start=\"4827\" data-end=\"4874\">Kann ich Microsoft Excel 2021 sp\u00e4ter neu installieren?<\/strong><br data-start=\"4874\" data-end=\"4877\" \/>Ja, die Software kann bei Bedarf neu installiert werden.<\/p>","protected":false},"excerpt":{"rendered":"<p data-start=\"458\" data-end=\"782\"><strong data-start=\"458\" data-end=\"497\">Microsoft Excel 2021 Aktivierungsschl\u00fcssel<\/strong> erm\u00f6glicht Ihnen den Zugriff auf eine der leistungsst\u00e4rksten Tabellenkalkulationsanwendungen f\u00fcr Datenanalyse, Finanzmanagement und professionelle Berichterstellung. Excel 2021 bietet eine verbesserte Leistung, moderne Diagramme und erweiterte Funktionen f\u00fcr Gesch\u00e4ftsleute, Studenten und Datenanalysten.<\/p>\n<p data-start=\"784\" data-end=\"915\">\u2714 Lizenz auf Lebenszeit<br data-start=\"802\" data-end=\"805\" \/>\u2714 Schnelle digitale Lieferung<br data-start=\"831\" data-end=\"834\" \/>\u2714 Erweiterte Datenanalyse-Tools<br data-start=\"864\" data-end=\"867\" \/>\u2714 Perfekt f\u00fcr Business, Finanzen und Bildung<\/p>","protected":false},"featured_media":11347,"comment_status":"open","ping_status":"closed","template":"","meta":{"rs_blank_template":"","rs_page_bg_color":"","slide_template_v7":""},"product_brand":[],"product_cat":[142,135],"product_tag":[356],"class_list":{"0":"post-11346","1":"product","2":"type-product","3":"status-publish","4":"has-post-thumbnail","6":"product_cat-office-for-pc","7":"product_cat-microsoft-office","8":"product_tag-microsoft-excel-2021","10":"first","11":"instock","12":"virtual","13":"purchasable","14":"product-type-simple"},"jetpack_sharing_enabled":true,"_links":{"self":[{"href":"https:\/\/keyzy.net\/de\/wp-json\/wp\/v2\/product\/11346","targetHints":{"allow":["GET"]}}],"collection":[{"href":"https:\/\/keyzy.net\/de\/wp-json\/wp\/v2\/product"}],"about":[{"href":"https:\/\/keyzy.net\/de\/wp-json\/wp\/v2\/types\/product"}],"replies":[{"embeddable":true,"href":"https:\/\/keyzy.net\/de\/wp-json\/wp\/v2\/comments?post=11346"}],"version-history":[{"count":5,"href":"https:\/\/keyzy.net\/de\/wp-json\/wp\/v2\/product\/11346\/revisions"}],"predecessor-version":[{"id":11782,"href":"https:\/\/keyzy.net\/de\/wp-json\/wp\/v2\/product\/11346\/revisions\/11782"}],"wp:featuredmedia":[{"embeddable":true,"href":"https:\/\/keyzy.net\/de\/wp-json\/wp\/v2\/media\/11347"}],"wp:attachment":[{"href":"https:\/\/keyzy.net\/de\/wp-json\/wp\/v2\/media?parent=11346"}],"wp:term":[{"taxonomy":"product_brand","embeddable":true,"href":"https:\/\/keyzy.net\/de\/wp-json\/wp\/v2\/product_brand?post=11346"},{"taxonomy":"product_cat","embeddable":true,"href":"https:\/\/keyzy.net\/de\/wp-json\/wp\/v2\/product_cat?post=11346"},{"taxonomy":"product_tag","embeddable":true,"href":"https:\/\/keyzy.net\/de\/wp-json\/wp\/v2\/product_tag?post=11346"}],"curies":[{"name":"wp","href":"https:\/\/api.w.org\/{rel}","templated":true}]}}