{"id":11316,"date":"2026-03-13T17:49:16","date_gmt":"2026-03-13T17:49:16","guid":{"rendered":"https:\/\/keyzy.net\/?post_type=product&#038;p=11316"},"modified":"2026-04-18T16:36:47","modified_gmt":"2026-04-18T16:36:47","slug":"microsoft-office-2019-standard-aktivierungsschlussel","status":"publish","type":"product","link":"https:\/\/keyzy.net\/de\/product\/microsoft-office-2019-standard-activation-key\/","title":{"rendered":"Microsoft Office 2019 Standard Aktivierungsschl\u00fcssel - Lizenz auf Lebenszeit - Windows - Digitaler Download"},"content":{"rendered":"<h2 data-section-id=\"u0ybrq\" data-start=\"1060\" data-end=\"1074\">Wesentliche Merkmale<\/h2>\n<p data-start=\"1076\" data-end=\"1399\">- Enth\u00e4lt Word, Excel, PowerPoint, Outlook und Publisher<br data-start=\"1134\" data-end=\"1137\" \/>- Leistungsstarke Werkzeuge f\u00fcr Dokumente, Tabellenkalkulationen und Pr\u00e4sentationen<br data-start=\"1200\" data-end=\"1203\" \/>- Intelligente E-Mail-Verwaltung mit Outlook<br data-start=\"1240\" data-end=\"1243\" \/>- Verbesserte Sicherheitsfunktionen mit Data Loss Prevention<br data-start=\"1297\" data-end=\"1300\" \/>- Professionelle Ver\u00f6ffentlichungswerkzeuge mit Publisher<br data-start=\"1346\" data-end=\"1349\" \/>- Kompatibel mit modernen Office-Dokumentenformaten<\/p>\n<hr data-start=\"1401\" data-end=\"1404\" \/>\n<h2 data-section-id=\"g7i1d1\" data-start=\"1406\" data-end=\"1416\">\u00dcbersicht<\/h2>\n<p data-start=\"1418\" data-end=\"1584\"><strong data-start=\"1418\" data-end=\"1467\">Microsoft Office 2019 Standard Aktivierungsschl\u00fcssel<\/strong> schaltet die Vollversion von Microsofts zuverl\u00e4ssiger Produktivit\u00e4tssuite frei, die f\u00fcr allt\u00e4gliche Gesch\u00e4fts- und B\u00fcroaufgaben entwickelt wurde.<\/p>\n<p data-start=\"1586\" data-end=\"1781\"><strong data-start=\"1586\" data-end=\"1620\">Microsoft Office 2019 Standard<\/strong> bietet ein komplettes Set von Werkzeugen zum Erstellen von Dokumenten, Analysieren von Daten, Entwerfen von Pr\u00e4sentationen, Verwalten von E-Mails und Erstellen professioneller Publikationen.<\/p>\n<p data-start=\"1783\" data-end=\"1980\">Die Suite umfasst wichtige Anwendungen wie <strong data-start=\"1833\" data-end=\"1884\">Word, Excel, PowerPoint, Outlook und Publisher<\/strong>, Damit ist er die ideale L\u00f6sung f\u00fcr Heimb\u00fcros, kleine Unternehmen und professionelle Umgebungen.<\/p>\n<p data-start=\"1982\" data-end=\"2153\">Mit seiner modernen Oberfl\u00e4che und den leistungsstarken Produktivit\u00e4tswerkzeugen hilft Office 2019 Anwendern, Aufgaben schneller zu erledigen und gleichzeitig die Kompatibilit\u00e4t mit weit verbreiteten Dokumentenformaten zu wahren.<\/p>\n<hr data-start=\"2155\" data-end=\"2158\" \/>\n<h3 data-section-id=\"mcj969\" data-start=\"2160\" data-end=\"2193\">Wesentliche Office-Anwendungen<\/h3>\n<p data-start=\"2195\" data-end=\"2282\"><strong data-start=\"2195\" data-end=\"2229\">Microsoft Office 2019 Standard<\/strong> enth\u00e4lt mehrere leistungsstarke Produktivit\u00e4tsanwendungen:<\/p>\n<p data-start=\"2284\" data-end=\"2694\">\u2022 <strong data-start=\"2286\" data-end=\"2309\">Microsoft Word 2019<\/strong> - Erstellen und Bearbeiten professioneller Dokumente und Berichte<br data-start=\"2362\" data-end=\"2365\" \/>\u2022 <strong data-start=\"2367\" data-end=\"2391\">Microsoft Excel 2019<\/strong> - Daten analysieren und Tabellenkalkulationen effizient verwalten<br data-start=\"2442\" data-end=\"2445\" \/>\u2022 <strong data-start=\"2447\" data-end=\"2476\">Microsoft PowerPoint 2019<\/strong> - Erstellen Sie ansprechende Pr\u00e4sentationen mit visuellen Effekten<br data-start=\"2528\" data-end=\"2531\" \/>\u2022 <strong data-start=\"2533\" data-end=\"2559\">Microsoft Outlook 2019<\/strong> - Verwalten von E-Mails, Kontakten und Kalendern<br data-start=\"2600\" data-end=\"2603\" \/>\u2022 <strong data-start=\"2605\" data-end=\"2633\">Microsoft Publisher 2019<\/strong> - Gestaltung professioneller Ver\u00f6ffentlichungen und Marketingmaterialien<\/p>\n<p data-start=\"2696\" data-end=\"2786\">Diese Anwendungen bieten eine vollst\u00e4ndige Arbeitsumgebung f\u00fcr die Verwaltung der t\u00e4glichen B\u00fcroaufgaben.<\/p>\n<hr data-start=\"2788\" data-end=\"2791\" \/>\n<h3 data-section-id=\"119yuwb\" data-start=\"2793\" data-end=\"2832\">Intelligentes E-Mail-Management mit Outlook<\/h3>\n<p data-start=\"2834\" data-end=\"2923\"><strong data-start=\"2834\" data-end=\"2860\">Microsoft Outlook 2019<\/strong> hilft den Benutzern, ihre E-Mail-Kommunikation effizienter zu verwalten.<\/p>\n<p data-start=\"2925\" data-end=\"3046\">Das verbesserte E-Mail-Management-System erkennt automatisch irrelevante Nachrichten und organisiert Ihren Posteingang effektiver.<\/p>\n<p data-start=\"3048\" data-end=\"3171\">So k\u00f6nnen sich die Benutzer auf wichtige Nachrichten und Aufgaben konzentrieren, was die Produktivit\u00e4t erh\u00f6ht und den Zeitaufwand f\u00fcr die Verwaltung von E-Mails verringert.<\/p>\n<hr data-start=\"3173\" data-end=\"3176\" \/>\n<h3 data-section-id=\"yl66bq\" data-start=\"3178\" data-end=\"3219\">Verbesserte Sicherheit und verbesserter Datenschutz<\/h3>\n<p data-start=\"3221\" data-end=\"3334\"><strong data-start=\"3221\" data-end=\"3255\">Microsoft Office 2019 Standard<\/strong> f\u00fchrt verbesserte Sicherheitsfunktionen ein, die zum Schutz sensibler Informationen beitragen.<\/p>\n<p data-start=\"3336\" data-end=\"3479\">Die <strong data-start=\"3340\" data-end=\"3364\">Pr\u00e4vention von Datenverlusten<\/strong> System erm\u00f6glicht es Administratoren und Nutzern zu kontrollieren, welche Informationen \u00fcber Dokumente ausgetauscht oder \u00fcbertragen werden k\u00f6nnen.<\/p>\n<p data-start=\"3481\" data-end=\"3578\">Die Benutzer werden auch benachrichtigt, wenn potenzielle Risiken erkannt werden, was dazu beitr\u00e4gt, versehentliche Datenlecks zu verhindern.<\/p>\n<p data-start=\"3580\" data-end=\"3741\">Dar\u00fcber hinaus ist die Integration mit Cloud-Diensten wie <strong data-start=\"3633\" data-end=\"3645\">OneDrive<\/strong> erm\u00f6glicht es den Nutzern, von \u00fcberall aus auf Dokumente zuzugreifen und diese zu bearbeiten, w\u00e4hrend die Dateien gleichzeitig sicher gesichert werden.<\/p>\n<hr data-start=\"3743\" data-end=\"3746\" \/>\n<h2 data-section-id=\"136hq9m\" data-start=\"3748\" data-end=\"3771\">Was Sie erhalten werden<\/h2>\n<p data-start=\"3773\" data-end=\"3912\">\u2714 <strong data-start=\"3775\" data-end=\"3824\">Microsoft Office 2019 Standard Aktivierungsschl\u00fcssel<\/strong><br data-start=\"3824\" data-end=\"3827\" \/>\u2714 Offizieller Microsoft Download Link<br data-start=\"3861\" data-end=\"3864\" \/>\u2714 Lizenz auf Lebenszeit<br data-start=\"3882\" data-end=\"3885\" \/>\u2714 Aktivierungsanweisungen<\/p>\n<p data-start=\"3914\" data-end=\"4059\">Nach Abschluss des Kaufs wird Ihnen Ihr Aktivierungsschl\u00fcssel digital zugestellt, so dass Sie die Software schnell und einfach herunterladen und aktivieren k\u00f6nnen.<\/p>\n<hr data-start=\"4061\" data-end=\"4064\" \/>\n<h2 data-section-id=\"15uen7i\" data-start=\"4066\" data-end=\"4083\">Warum bei uns kaufen<\/h2>\n<p data-start=\"4085\" data-end=\"4171\">\u2714 <strong data-start=\"4087\" data-end=\"4115\">Schnelle digitale Lieferung<\/strong> - Sie erhalten Ihren Aktivierungsschl\u00fcssel schnell nach dem Kauf.<\/p>\n<p data-start=\"4173\" data-end=\"4242\">\u2714 <strong data-start=\"4175\" data-end=\"4195\">Lizenz auf Lebenszeit<\/strong> - Einmaliger Kauf ohne Verfallsdatum.<\/p>\n<p data-start=\"4244\" data-end=\"4305\">\u2714 <strong data-start=\"4246\" data-end=\"4264\">Sichere Bezahlung<\/strong> - Sicherer und gesch\u00fctzter Checkout-Prozess.<\/p>\n<p data-start=\"4307\" data-end=\"4391\">\u2714 <strong data-start=\"4309\" data-end=\"4333\">Professionelle Unterst\u00fctzung<\/strong> - Unser Support-Team ist f\u00fcr Sie da, wenn Sie Hilfe ben\u00f6tigen.<\/p>\n<p data-start=\"4393\" data-end=\"4468\">\u2714 <strong data-start=\"4395\" data-end=\"4415\">Zuverl\u00e4ssige Software<\/strong> - Aktivieren Sie die offizielle Version von Microsoft Office.<\/p>\n<hr data-start=\"4470\" data-end=\"4473\" \/>\n<h2 data-section-id=\"tdp9n3\" data-start=\"4475\" data-end=\"4496\">Systemanforderungen<\/h2>\n<p data-start=\"4498\" data-end=\"4851\">Betriebssystem: Windows 10 \/ Windows 11<br data-start=\"4539\" data-end=\"4542\" \/>Prozessor: 1,6 GHz oder schnellerer Prozessor<br data-start=\"4580\" data-end=\"4583\" \/>ARBEITSSPEICHER: Mindestens 2 GB RAM<br data-start=\"4604\" data-end=\"4607\" \/>Speicherplatz: Mindestens 3 GB verf\u00fcgbarer Festplattenspeicher<br data-start=\"4649\" data-end=\"4652\" \/>Anzeige: Aufl\u00f6sung 1024 \u00d7 768<br data-start=\"4682\" data-end=\"4685\" \/>Grafik: DirectX 10-kompatible Grafikkarte<br data-start=\"4730\" data-end=\"4733\" \/>Browser: Neueste Version von Chrome, Edge, Firefox, Safari oder Internet Explorer<br data-start=\"4810\" data-end=\"4813\" \/>.NET Framework: Version 3.5 oder h\u00f6her<\/p>\n<hr data-start=\"4853\" data-end=\"4856\" \/>\n<h2 data-section-id=\"15qw8x\" data-start=\"4858\" data-end=\"4879\">Informationen zum Produkt<\/h2>\n<p data-start=\"4881\" data-end=\"5077\">Produktname: <strong data-start=\"4895\" data-end=\"4929\">Microsoft Office 2019 Standard<\/strong><br data-start=\"4929\" data-end=\"4932\" \/>Lizenztyp: Lizenz auf Lebenszeit<br data-start=\"4962\" data-end=\"4965\" \/>Aktivierungsmethode: Aktivierungsschl\u00fcssel<br data-start=\"4998\" data-end=\"5001\" \/>Plattform: Windows-PC<br data-start=\"5021\" data-end=\"5024\" \/>Lieferung: Digitale Zustellung<br data-start=\"5050\" data-end=\"5053\" \/>Sprache: Mehrsprachig<\/p>\n<hr data-start=\"5079\" data-end=\"5082\" \/>\n<h2 data-section-id=\"85kjbu\" data-start=\"5084\" data-end=\"5094\">Lieferung<\/h2>\n<p data-start=\"5096\" data-end=\"5261\">Nach dem Kauf wird Ihr <strong data-start=\"5117\" data-end=\"5166\">Microsoft Office 2019 Standard Aktivierungsschl\u00fcssel<\/strong> wird in digitaler Form per E-Mail zusammen mit einer Anleitung zur Installation und Aktivierung geliefert.<\/p>\n<p data-start=\"5263\" data-end=\"5299\">Es wird kein physisches Produkt verschickt.<\/p>\n<hr data-start=\"5301\" data-end=\"5304\" \/>\n<h2 data-section-id=\"8ukl95\" data-start=\"5306\" data-end=\"5331\">Anweisungen zur Aktivierung<\/h2>\n<ol data-start=\"5333\" data-end=\"5564\">\n<li data-section-id=\"1pk8qzo\" data-start=\"5333\" data-end=\"5414\">\n<p data-start=\"5336\" data-end=\"5414\">Laden Sie Microsoft Office 2019 Standard von der offiziellen Microsoft-Website herunter.<\/p>\n<\/li>\n<li data-section-id=\"f3yz13\" data-start=\"5415\" data-end=\"5458\">\n<p data-start=\"5418\" data-end=\"5458\">Installieren Sie die Software auf Ihrem Computer.<\/p>\n<\/li>\n<li data-section-id=\"alppj0\" data-start=\"5459\" data-end=\"5513\">\n<p data-start=\"5462\" data-end=\"5513\">Geben Sie den nach dem Kauf erhaltenen Aktivierungsschl\u00fcssel ein.<\/p>\n<\/li>\n<li data-section-id=\"hqqcmq\" data-start=\"5514\" data-end=\"5564\">\n<p data-start=\"5517\" data-end=\"5564\">Beginn der Nutzung <strong data-start=\"5529\" data-end=\"5563\">Microsoft Office 2019 Standard<\/strong>.<\/p>\n<\/li>\n<\/ol>\n<hr data-start=\"5566\" data-end=\"5569\" \/>\n<h2 data-section-id=\"hkd5a4\" data-start=\"5571\" data-end=\"5599\">H\u00e4ufig gestellte Fragen<\/h2>\n<p data-start=\"5601\" data-end=\"5708\"><strong data-start=\"5601\" data-end=\"5642\">Wie erhalte ich meinen Aktivierungsschl\u00fcssel?<\/strong><br data-start=\"5642\" data-end=\"5645\" \/>Ihr Aktivierungsschl\u00fcssel wird Ihnen nach dem Kauf in digitaler Form zugestellt.<\/p>\n<p data-start=\"5710\" data-end=\"5777\"><strong data-start=\"5710\" data-end=\"5741\">Ist dies eine Lizenz auf Lebenszeit?<\/strong><br data-start=\"5741\" data-end=\"5744\" \/>Ja, die Lizenz l\u00e4uft nicht ab.<\/p>\n<p data-start=\"5779\" data-end=\"5875\"><strong data-start=\"5779\" data-end=\"5822\">Kann ich Microsoft Office sp\u00e4ter neu installieren?<\/strong><br data-start=\"5822\" data-end=\"5825\" \/>Ja, die Software kann bei Bedarf neu installiert werden.<\/p>","protected":false},"excerpt":{"rendered":"<p data-start=\"606\" data-end=\"923\"><strong data-start=\"606\" data-end=\"655\">Microsoft Office 2019 Standard Aktivierungsschl\u00fcssel<\/strong> bietet Ihnen Zugang zu Microsofts klassischer Produktivit\u00e4tssuite, die f\u00fcr Privatanwender, kleine Unternehmen und professionelle Umgebungen entwickelt wurde. Sie umfasst Word, Excel, PowerPoint, Outlook und Publisher, mit denen Sie Dokumente, Daten, E-Mails und Pr\u00e4sentationen effizient verwalten k\u00f6nnen.<\/p>\n<p data-start=\"925\" data-end=\"1053\">\u2714 Lizenz auf Lebenszeit<br data-start=\"943\" data-end=\"946\" \/>\u2714 Schnelle digitale Lieferung<br data-start=\"972\" data-end=\"975\" \/>\u2714 Professionelle B\u00fcroanwendungen<br data-start=\"1009\" data-end=\"1012\" \/>\u2714 Ideal f\u00fcr den Einsatz zu Hause und in kleinen Unternehmen<\/p>","protected":false},"featured_media":11876,"comment_status":"open","ping_status":"closed","template":"","meta":{"rs_blank_template":"","rs_page_bg_color":"","slide_template_v7":""},"product_brand":[],"product_cat":[135,142],"product_tag":[346],"class_list":{"0":"post-11316","1":"product","2":"type-product","3":"status-publish","4":"has-post-thumbnail","6":"product_cat-microsoft-office","7":"product_cat-office-for-pc","8":"product_tag-microsoft-office-2019-standard","10":"first","11":"instock","12":"virtual","13":"purchasable","14":"product-type-simple"},"jetpack_sharing_enabled":true,"_links":{"self":[{"href":"https:\/\/keyzy.net\/de\/wp-json\/wp\/v2\/product\/11316","targetHints":{"allow":["GET"]}}],"collection":[{"href":"https:\/\/keyzy.net\/de\/wp-json\/wp\/v2\/product"}],"about":[{"href":"https:\/\/keyzy.net\/de\/wp-json\/wp\/v2\/types\/product"}],"replies":[{"embeddable":true,"href":"https:\/\/keyzy.net\/de\/wp-json\/wp\/v2\/comments?post=11316"}],"version-history":[{"count":3,"href":"https:\/\/keyzy.net\/de\/wp-json\/wp\/v2\/product\/11316\/revisions"}],"predecessor-version":[{"id":11794,"href":"https:\/\/keyzy.net\/de\/wp-json\/wp\/v2\/product\/11316\/revisions\/11794"}],"wp:featuredmedia":[{"embeddable":true,"href":"https:\/\/keyzy.net\/de\/wp-json\/wp\/v2\/media\/11876"}],"wp:attachment":[{"href":"https:\/\/keyzy.net\/de\/wp-json\/wp\/v2\/media?parent=11316"}],"wp:term":[{"taxonomy":"product_brand","embeddable":true,"href":"https:\/\/keyzy.net\/de\/wp-json\/wp\/v2\/product_brand?post=11316"},{"taxonomy":"product_cat","embeddable":true,"href":"https:\/\/keyzy.net\/de\/wp-json\/wp\/v2\/product_cat?post=11316"},{"taxonomy":"product_tag","embeddable":true,"href":"https:\/\/keyzy.net\/de\/wp-json\/wp\/v2\/product_tag?post=11316"}],"curies":[{"name":"wp","href":"https:\/\/api.w.org\/{rel}","templated":true}]}}