{"id":11719,"date":"2026-04-15T13:13:24","date_gmt":"2026-04-15T13:13:24","guid":{"rendered":"https:\/\/keyzy.net\/?page_id=11719"},"modified":"2026-04-15T13:19:54","modified_gmt":"2026-04-15T13:19:54","slug":"bedingungen-und-konditionen","status":"publish","type":"page","link":"https:\/\/keyzy.net\/de\/terms-and-conditions\/","title":{"rendered":"Bedingungen und Konditionen"},"content":{"rendered":"<h4 class=\"wp-block-heading\">Zuletzt aktualisiert: 15-04-2026<\/h4>\n\n\n\n<p>Willkommen bei <strong>Keyzy<\/strong> (\u201cwir\u201d, \u201cunser\u201d, oder \u201cuns\u201d).<br>Diese Allgemeinen Gesch\u00e4ftsbedingungen regeln Ihre Nutzung unserer Website <a href=\"https:\/\/keyzy.net\/de\/\">https:\/\/keyzy.net\/<\/a> und den Kauf unserer Produkte.<\/p>\n\n\n\n<p>Indem Sie auf unsere Website zugreifen oder sie nutzen, erkl\u00e4ren Sie sich mit den vorliegenden Bedingungen einverstanden.<\/p>\n\n\n\n<hr class=\"wp-block-separator has-alpha-channel-opacity\"\/>\n\n\n\n<h2 class=\"wp-block-heading\">1. Nutzung der Website<\/h2>\n\n\n\n<p>Durch die Nutzung dieser Website best\u00e4tigen Sie, dass:<\/p>\n\n\n\n<ul class=\"wp-block-list\">\n<li>Sie sind mindestens 18 Jahre alt<\/li>\n\n\n\n<li>Sie werden die Website nicht f\u00fcr illegale oder unbefugte Zwecke nutzen.<\/li>\n\n\n\n<li>Sie verpflichten sich, alle geltenden Gesetze und Vorschriften einzuhalten<\/li>\n<\/ul>\n\n\n\n<p>Wir behalten uns das Recht vor, den Dienst jederzeit zu verweigern.<\/p>\n\n\n\n<hr class=\"wp-block-separator has-alpha-channel-opacity\"\/>\n\n\n\n<h2 class=\"wp-block-heading\">2. Produkte &amp; Dienstleistungen<\/h2>\n\n\n\n<p>Keyzy bietet <strong>digitale Produkte<\/strong>, einschlie\u00dflich Softwarelizenzen und Aktivierungsschl\u00fcssel.<\/p>\n\n\n\n<ul class=\"wp-block-list\">\n<li>Alle Produkte werden elektronisch geliefert<\/li>\n\n\n\n<li>Die Produktbeschreibungen werden so genau wie m\u00f6glich angegeben.<\/li>\n\n\n\n<li>Wir \u00fcbernehmen keine Garantie f\u00fcr die Kompatibilit\u00e4t mit allen Systemen, es sei denn, dies ist angegeben.<\/li>\n<\/ul>\n\n\n\n<hr class=\"wp-block-separator has-alpha-channel-opacity\"\/>\n\n\n\n<h2 class=\"wp-block-heading\">3. Bestellungen &amp; Bezahlung<\/h2>\n\n\n\n<ul class=\"wp-block-list\">\n<li>Alle Preise sind auf der Website aufgef\u00fchrt und k\u00f6nnen sich jederzeit \u00e4ndern.<\/li>\n\n\n\n<li>Die Zahlungen werden sicher \u00fcber Drittanbieter wie Stripe oder PayPal abgewickelt.<\/li>\n\n\n\n<li>Sie verpflichten sich, korrekte Rechnungs- und Kontaktinformationen anzugeben.<\/li>\n<\/ul>\n\n\n\n<p>Wir behalten uns das Recht vor, jede Bestellung aus beliebigen Gr\u00fcnden zu stornieren oder abzulehnen, auch bei Betrugsverdacht.<\/p>\n\n\n\n<hr class=\"wp-block-separator has-alpha-channel-opacity\"\/>\n\n\n\n<h2 class=\"wp-block-heading\">4. Lieferung<\/h2>\n\n\n\n<ul class=\"wp-block-list\">\n<li>Die Produkte werden innerhalb von <strong>1 Stunde bis 24 Stunden (maximal)<\/strong> nach erfolgreicher Zahlung<\/li>\n\n\n\n<li>Die Zustellung erfolgt per E-Mail oder \u00fcber einen Zugang vor Ort.<\/li>\n\n\n\n<li>Es kann zu Verz\u00f6gerungen aufgrund von \u00dcberpr\u00fcfungen oder aus technischen Gr\u00fcnden kommen.<\/li>\n<\/ul>\n\n\n\n<p>Es liegt in Ihrer Verantwortung sicherzustellen, dass Ihre Kontaktdaten korrekt sind.<\/p>\n\n\n\n<hr class=\"wp-block-separator has-alpha-channel-opacity\"\/>\n\n\n\n<h2 class=\"wp-block-heading\">5. Erstattungspolitik<\/h2>\n\n\n\n<p>Wenn Sie einen Kauf t\u00e4tigen, erkl\u00e4ren Sie sich mit unseren R\u00fcckerstattungs- und R\u00fcckgabebestimmungen einverstanden.<\/p>\n\n\n\n<ul class=\"wp-block-list\">\n<li>Erstattungen werden nur unter bestimmten Bedingungen gew\u00e4hrt<\/li>\n\n\n\n<li>Nach erfolgreicher Aktivierung digitaler Produkte werden keine R\u00fcckerstattungen gew\u00e4hrt.<\/li>\n<\/ul>\n\n\n\n<p>Bitte lesen Sie unsere R\u00fcckerstattungsrichtlinien f\u00fcr weitere Details.<\/p>\n\n\n\n<hr class=\"wp-block-separator has-alpha-channel-opacity\"\/>\n\n\n\n<h2 class=\"wp-block-heading\">6. Verantwortlichkeiten der Benutzer<\/h2>\n\n\n\n<p>Sie sind einverstanden:<\/p>\n\n\n\n<ul class=\"wp-block-list\">\n<li>kein gekauftes Produkt weiterzuverkaufen, zu teilen oder zu missbrauchen<\/li>\n\n\n\n<li>nicht zu versuchen, unser Erstattungssystem auszunutzen oder zu missbrauchen<\/li>\n\n\n\n<li>sich nicht an betr\u00fcgerischen oder verd\u00e4chtigen Aktivit\u00e4ten zu beteiligen<\/li>\n<\/ul>\n\n\n\n<p>Ein Versto\u00df gegen diese Bedingungen kann zur Sperrung oder K\u00fcndigung des Kontos f\u00fchren.<\/p>\n\n\n\n<hr class=\"wp-block-separator has-alpha-channel-opacity\"\/>\n\n\n\n<h2 class=\"wp-block-heading\">7. Geistiges Eigentum<\/h2>\n\n\n\n<p>Der gesamte Inhalt dieser Website, einschlie\u00dflich der Texte, Grafiken, Logos und digitalen Produkte, ist das Eigentum von <strong>Keyzy<\/strong> oder seine Lizenzgeber.<\/p>\n\n\n\n<p>Es ist nicht gestattet, Inhalte ohne vorherige schriftliche Genehmigung zu kopieren, zu verbreiten oder zu verwenden.<\/p>\n\n\n\n<hr class=\"wp-block-separator has-alpha-channel-opacity\"\/>\n\n\n\n<h2 class=\"wp-block-heading\">8. Ausschluss von Garantien<\/h2>\n\n\n\n<p>Alle Produkte und Dienstleistungen werden angeboten <strong>\u201cwie besehen\u201d<\/strong> und <strong>\u201cwie verf\u00fcgbar\u201d<\/strong> ohne Gew\u00e4hrleistungen jeglicher Art.<\/p>\n\n\n\n<p>Wir \u00fcbernehmen keine Garantie:<\/p>\n\n\n\n<ul class=\"wp-block-list\">\n<li>dass die Website ununterbrochen und fehlerfrei zur Verf\u00fcgung stehen wird<\/li>\n\n\n\n<li>dass die Produkte alle Erwartungen der Nutzer erf\u00fcllen<\/li>\n\n\n\n<li>Kompatibilit\u00e4t \u00fcber das hinaus, was ausdr\u00fccklich angegeben ist<\/li>\n<\/ul>\n\n\n\n<hr class=\"wp-block-separator has-alpha-channel-opacity\"\/>\n\n\n\n<h2 class=\"wp-block-heading\">9. Begrenzung der Haftung<\/h2>\n\n\n\n<p>Im gr\u00f6\u00dftm\u00f6glichen gesetzlich zul\u00e4ssigen Umfang, <strong>Keyzy<\/strong> haftet nicht f\u00fcr:<\/p>\n\n\n\n<ul class=\"wp-block-list\">\n<li>alle indirekten, zuf\u00e4lligen oder Folgesch\u00e4den<\/li>\n\n\n\n<li>Verlust von Daten, Einnahmen oder Gesch\u00e4ften<\/li>\n\n\n\n<li>Probleme, die sich aus der missbr\u00e4uchlichen Verwendung von Produkten ergeben<\/li>\n<\/ul>\n\n\n\n<p>Die Nutzung der Website und der Produkte erfolgt auf Ihr eigenes Risiko.<\/p>\n\n\n\n<hr class=\"wp-block-separator has-alpha-channel-opacity\"\/>\n\n\n\n<h2 class=\"wp-block-heading\">10. Dienstleistungen von Drittanbietern<\/h2>\n\n\n\n<p>Wir k\u00f6nnen Dienste von Drittanbietern in Anspruch nehmen, wie zum Beispiel:<\/p>\n\n\n\n<ul class=\"wp-block-list\">\n<li>Zahlungsabwickler (Stripe, PayPal)<\/li>\n\n\n\n<li>Analyse-Tools<\/li>\n\n\n\n<li>Werbeplattformen<\/li>\n<\/ul>\n\n\n\n<p>Wir sind nicht verantwortlich f\u00fcr die Praktiken oder Richtlinien von Drittanbietern.<\/p>\n\n\n\n<hr class=\"wp-block-separator has-alpha-channel-opacity\"\/>\n\n\n\n<h2 class=\"wp-block-heading\">11. Kontosperrung und -k\u00fcndigung<\/h2>\n\n\n\n<p>Wir behalten uns das Recht vor:<\/p>\n\n\n\n<ul class=\"wp-block-list\">\n<li>Konten sperren oder aufl\u00f6sen<\/li>\n\n\n\n<li>Auftr\u00e4ge stornieren<\/li>\n\n\n\n<li>Zuk\u00fcnftigen Dienst ablehnen<\/li>\n<\/ul>\n\n\n\n<p>In F\u00e4llen von Betrug, Missbrauch oder Versto\u00df gegen diese Bedingungen.<\/p>\n\n\n\n<hr class=\"wp-block-separator has-alpha-channel-opacity\"\/>\n\n\n\n<h2 class=\"wp-block-heading\">12. Geltendes Recht<\/h2>\n\n\n\n<p>Diese Bedingungen werden in \u00dcbereinstimmung mit dem anwendbaren internationalen Recht geregelt und ausgelegt.<\/p>\n\n\n\n<hr class=\"wp-block-separator has-alpha-channel-opacity\"\/>\n\n\n\n<h2 class=\"wp-block-heading\">13. \u00c4nderungen der Bedingungen<\/h2>\n\n\n\n<p>Wir behalten uns das Recht vor, diese Bedingungen jederzeit zu aktualisieren oder zu \u00e4ndern.<\/p>\n\n\n\n<p>\u00c4nderungen werden sofort nach Ver\u00f6ffentlichung auf dieser Seite wirksam.<\/p>\n\n\n\n<hr class=\"wp-block-separator has-alpha-channel-opacity\"\/>\n\n\n\n<h2 class=\"wp-block-heading\">14. Kontaktinformationen<\/h2>\n\n\n\n<p>Wenn Sie Fragen zu diesen Bedingungen haben, wenden Sie sich bitte an uns:<\/p>\n\n\n\n<ul class=\"wp-block-list\">\n<li>\ud83d\udce7 E-Mail: <a href=\"mailto:support@keyzy.net\">support@keyzy.net<\/a><\/li>\n\n\n\n<li>\ud83c\udf10 Website: <a href=\"https:\/\/keyzy.net\/de\/\">https:\/\/keyzy.net<\/a><\/li>\n<\/ul>\n\n\n\n<hr class=\"wp-block-separator has-alpha-channel-opacity\"\/>\n\n\n\n<h2 class=\"wp-block-heading\">15. Vereinbarung<\/h2>\n\n\n\n<p>Indem Sie diese Website nutzen oder einen Kauf t\u00e4tigen, best\u00e4tigen Sie, dass Sie diese Allgemeinen Gesch\u00e4ftsbedingungen gelesen und verstanden haben und ihnen zustimmen.<\/p>\n\n\n\n<hr class=\"wp-block-separator has-alpha-channel-opacity\"\/>\n\n\n\n<p><strong>Keyzy - Sichere digitale L\u00f6sungen, denen Sie vertrauen k\u00f6nnen<\/strong><\/p>","protected":false},"excerpt":{"rendered":"<p>Last updated: 15-04-2026 Welcome to Keyzy (&#8220;we&#8221;, &#8220;our&#8221;, or &#8220;us&#8221;).These Terms &amp; Conditions govern your use of our website https:\/\/keyzy.net\/<\/p>","protected":false},"author":4,"featured_media":0,"parent":0,"menu_order":0,"comment_status":"closed","ping_status":"closed","template":"","meta":{"footnotes":""},"class_list":["post-11719","page","type-page","status-publish","hentry"],"jetpack_sharing_enabled":true,"_links":{"self":[{"href":"https:\/\/keyzy.net\/de\/wp-json\/wp\/v2\/pages\/11719","targetHints":{"allow":["GET"]}}],"collection":[{"href":"https:\/\/keyzy.net\/de\/wp-json\/wp\/v2\/pages"}],"about":[{"href":"https:\/\/keyzy.net\/de\/wp-json\/wp\/v2\/types\/page"}],"author":[{"embeddable":true,"href":"https:\/\/keyzy.net\/de\/wp-json\/wp\/v2\/users\/4"}],"replies":[{"embeddable":true,"href":"https:\/\/keyzy.net\/de\/wp-json\/wp\/v2\/comments?post=11719"}],"version-history":[{"count":2,"href":"https:\/\/keyzy.net\/de\/wp-json\/wp\/v2\/pages\/11719\/revisions"}],"predecessor-version":[{"id":11722,"href":"https:\/\/keyzy.net\/de\/wp-json\/wp\/v2\/pages\/11719\/revisions\/11722"}],"wp:attachment":[{"href":"https:\/\/keyzy.net\/de\/wp-json\/wp\/v2\/media?parent=11719"}],"curies":[{"name":"wp","href":"https:\/\/api.w.org\/{rel}","templated":true}]}}