{"id":10630,"date":"2026-03-03T17:27:20","date_gmt":"2026-03-03T17:27:20","guid":{"rendered":"https:\/\/keyzy.net\/?page_id=10630"},"modified":"2026-04-14T11:33:49","modified_gmt":"2026-04-14T11:33:49","slug":"uber-uns","status":"publish","type":"page","link":"https:\/\/keyzy.net\/de\/about-us\/","title":{"rendered":"\u00dcber uns"},"content":{"rendered":"<h1 class=\"wp-block-heading\"><strong>Erschlie\u00dfen Sie Ihr Potenzial mit echten Schl\u00fcsseln - beste Preise, nahtlose Aktivierung.<\/strong><\/h1>\n\n\n\n<p>Wir bieten echte Software-Schl\u00fcssel zu unschlagbaren Preisen an, die Ihnen mehrere entscheidende Vorteile bieten:<\/p>\n\n\n\n<p><strong>Authentizit\u00e4t<\/strong>: Unsere Schl\u00fcssel sind 100%-Originale und werden direkt von vertrauensw\u00fcrdigen Anbietern bezogen. Dies stellt sicher, dass Sie echte Software erhalten, die zuverl\u00e4ssig funktioniert und alle Lizenzanforderungen erf\u00fcllt.<\/p>\n\n\n\n<p><strong>Bestpreis-Garantie<\/strong>: Wir sind bestrebt, die besten Preise auf dem Markt anzubieten. Dank unserer effizienten Beschaffung und Gro\u00dfeink\u00e4ufen k\u00f6nnen wir erhebliche Einsparungen an Sie weitergeben, ohne Kompromisse bei der Qualit\u00e4t einzugehen.<\/p>\n\n\n\n<p><strong>Nahtlose Aktivierung<\/strong>: Genie\u00dfen Sie eine problemlose Erfahrung mit einer einfachen Aktivierung. Unsere Schl\u00fcssel funktionieren garantiert einwandfrei und geben Ihnen sofortigen Zugriff auf Ihre Software und alle ihre Funktionen.<\/p>\n\n\n\n<p><strong>Kundenbetreuung<\/strong>: Unser engagiertes Support-Team steht Ihnen bei allen Problemen und Fragen zur Seite und sorgt f\u00fcr einen reibungslosen und zufriedenstellenden Ablauf Ihres Einkaufs.<\/p>","protected":false},"excerpt":{"rendered":"<p>Unlock Your Potential with Genuine Keys\u2014Best Prices, Seamless Activation. We offer genuine software keys at unbeatable prices, providing you with<\/p>","protected":false},"author":4,"featured_media":0,"parent":0,"menu_order":0,"comment_status":"closed","ping_status":"closed","template":"","meta":{"footnotes":""},"class_list":["post-10630","page","type-page","status-publish","hentry"],"jetpack_sharing_enabled":true,"_links":{"self":[{"href":"https:\/\/keyzy.net\/de\/wp-json\/wp\/v2\/pages\/10630","targetHints":{"allow":["GET"]}}],"collection":[{"href":"https:\/\/keyzy.net\/de\/wp-json\/wp\/v2\/pages"}],"about":[{"href":"https:\/\/keyzy.net\/de\/wp-json\/wp\/v2\/types\/page"}],"author":[{"embeddable":true,"href":"https:\/\/keyzy.net\/de\/wp-json\/wp\/v2\/users\/4"}],"replies":[{"embeddable":true,"href":"https:\/\/keyzy.net\/de\/wp-json\/wp\/v2\/comments?post=10630"}],"version-history":[{"count":2,"href":"https:\/\/keyzy.net\/de\/wp-json\/wp\/v2\/pages\/10630\/revisions"}],"predecessor-version":[{"id":11696,"href":"https:\/\/keyzy.net\/de\/wp-json\/wp\/v2\/pages\/10630\/revisions\/11696"}],"wp:attachment":[{"href":"https:\/\/keyzy.net\/de\/wp-json\/wp\/v2\/media?parent=10630"}],"curies":[{"name":"wp","href":"https:\/\/api.w.org\/{rel}","templated":true}]}}